{"id":11103,"date":"2023-02-12T00:04:23","date_gmt":"2023-02-12T00:04:23","guid":{"rendered":"https:\/\/amina.is\/?post_type=product&#038;p=11103"},"modified":"2026-03-05T08:56:57","modified_gmt":"2026-03-05T08:56:57","slug":"master-series-perky-pair-d-cup-wearable-silicone-breasts","status":"publish","type":"product","link":"https:\/\/amina.is\/en\/verslun\/fatnadur\/dragg\/master-series-perky-pair-d-cup-wearable-silicone-breasts\/","title":{"rendered":"Master Series &#8211; Perky Pair D-Cup Wearable Silicone Breasts"},"content":{"rendered":"<h5>Brj\u00f3st \u00ed sk\u00e1last\u00e6r\u00f0 D. \u00deau eru stinn og raunveruleg \u00ed \u00fatliti og vi\u00f0komu. Framleidd \u00far h\u00e1g\u00e6\u00f0a phthalate fr\u00edu s\u00edl\u00edkoni. \u00deau vega 2,9kg. og passa einstaklingum me\u00f0 brj\u00f3stkassaumm\u00e1l fr\u00e1 76 &#8211; 152cm. \u00devoi\u00f0 me\u00f0 volgu vatni og <a href=\"https:\/\/amina.is\/en\/verslun\/smur-verjur\/thrif\/anti-bacterial-toy-cleaner\/\">&#8222;Toy Cleaner&#8220;<\/a> eftir hverja notkun og \u00feerri\u00f0 vel. \u00deegar \u00feau eru ekki \u00ed notkun skal halda \u00feeim fr\u00e1 beinu s\u00f3larlj\u00f3si og \u00f6\u00f0rum s\u00edl\u00edkonv\u00f6rum.<\/h5>","protected":false},"excerpt":{"rendered":"<p>Brj\u00f3st \u00ed sk\u00e1last\u00e6r\u00f0 D. \u00deau eru stinn og raunveruleg \u00ed \u00fatliti og vi\u00f0komu.<\/p>","protected":false},"featured_media":11105,"template":"","meta":{"inline_featured_image":false},"product_brand":[],"product_cat":[338,196,37],"product_tag":[820,821,822,823,274,310,275],"class_list":{"0":"post-11103","1":"product","2":"type-product","3":"status-publish","4":"has-post-thumbnail","6":"product_cat-dragg","7":"product_cat-fatnadur","8":"product_cat-kynvitund","9":"product_tag-breasts","10":"product_tag-brjost","11":"product_tag-d-cup","12":"product_tag-dragg","13":"product_tag-kynvitund","14":"product_tag-master-series","15":"product_tag-trans","17":"first","18":"outofstock","19":"shipping-taxable","20":"purchasable","21":"product-type-simple"},"yoast_head":"<!-- This site is optimized with the Yoast SEO Premium plugin v21.6 (Yoast SEO v27.4) - https:\/\/yoast.com\/product\/yoast-seo-premium-wordpress\/ -->\n<title>Master Series - Perky Pair D-Cup Wearable Silicone Breasts &#8211; Amina<\/title>\n<meta name=\"description\" content=\"Brj\u00f3st \u00ed sk\u00e1last\u00e6r\u00f0 D. \u00deau eru stinn og raunveruleg \u00ed \u00fatliti og vi\u00f0komu.\" \/>\n<meta name=\"robots\" content=\"index, follow, max-snippet:-1, max-image-preview:large, max-video-preview:-1\" \/>\n<link rel=\"canonical\" href=\"https:\/\/amina.is\/en\/verslun\/fatnadur\/dragg\/master-series-perky-pair-d-cup-wearable-silicone-breasts\/\" \/>\n<meta property=\"og:locale\" content=\"en_US\" \/>\n<meta property=\"og:type\" content=\"article\" \/>\n<meta property=\"og:title\" content=\"Master Series - Perky Pair D-Cup Wearable Silicone Breasts\" \/>\n<meta property=\"og:description\" content=\"Brj\u00f3st \u00ed sk\u00e1last\u00e6r\u00f0 D. \u00deau eru stinn og raunveruleg \u00ed \u00fatliti og vi\u00f0komu.\" \/>\n<meta property=\"og:url\" content=\"https:\/\/amina.is\/en\/verslun\/fatnadur\/dragg\/master-series-perky-pair-d-cup-wearable-silicone-breasts\/\" \/>\n<meta property=\"og:site_name\" content=\"Amina\" \/>\n<meta property=\"article:publisher\" content=\"https:\/\/m.facebook.com\/AMINA-100767148840241\/\" \/>\n<meta property=\"article:modified_time\" content=\"2026-03-05T08:56:57+00:00\" \/>\n<meta property=\"og:image\" content=\"https:\/\/amina.is\/wp-content\/uploads\/2023\/02\/ah075-bulk-002-floating_540x540.jpg\" \/>\n\t<meta property=\"og:image:width\" content=\"540\" \/>\n\t<meta property=\"og:image:height\" content=\"540\" \/>\n\t<meta property=\"og:image:type\" content=\"image\/jpeg\" \/>\n<meta name=\"twitter:card\" content=\"summary_large_image\" \/>\n<meta name=\"twitter:label1\" content=\"Est. reading time\" \/>\n\t<meta name=\"twitter:data1\" content=\"1 minute\" \/>\n<script type=\"application\/ld+json\" class=\"yoast-schema-graph\">{\"@context\":\"https:\\\/\\\/schema.org\",\"@graph\":[{\"@type\":\"WebPage\",\"@id\":\"https:\\\/\\\/amina.is\\\/verslun\\\/fatnadur\\\/dragg\\\/master-series-perky-pair-d-cup-wearable-silicone-breasts\\\/\",\"url\":\"https:\\\/\\\/amina.is\\\/verslun\\\/fatnadur\\\/dragg\\\/master-series-perky-pair-d-cup-wearable-silicone-breasts\\\/\",\"name\":\"Master Series - Perky Pair D-Cup Wearable Silicone Breasts &#8211; Amina\",\"isPartOf\":{\"@id\":\"https:\\\/\\\/amina.is\\\/#website\"},\"primaryImageOfPage\":{\"@id\":\"https:\\\/\\\/amina.is\\\/verslun\\\/fatnadur\\\/dragg\\\/master-series-perky-pair-d-cup-wearable-silicone-breasts\\\/#primaryimage\"},\"image\":{\"@id\":\"https:\\\/\\\/amina.is\\\/verslun\\\/fatnadur\\\/dragg\\\/master-series-perky-pair-d-cup-wearable-silicone-breasts\\\/#primaryimage\"},\"thumbnailUrl\":\"https:\\\/\\\/amina.is\\\/wp-content\\\/uploads\\\/2023\\\/02\\\/ah075-bulk-002-floating_540x540.jpg\",\"datePublished\":\"2023-02-12T00:04:23+00:00\",\"dateModified\":\"2026-03-05T08:56:57+00:00\",\"description\":\"Brj\u00f3st \u00ed sk\u00e1last\u00e6r\u00f0 D. \u00deau eru stinn og raunveruleg \u00ed \u00fatliti og vi\u00f0komu.\",\"breadcrumb\":{\"@id\":\"https:\\\/\\\/amina.is\\\/verslun\\\/fatnadur\\\/dragg\\\/master-series-perky-pair-d-cup-wearable-silicone-breasts\\\/#breadcrumb\"},\"inLanguage\":\"en-US\",\"potentialAction\":[{\"@type\":\"ReadAction\",\"target\":[\"https:\\\/\\\/amina.is\\\/verslun\\\/fatnadur\\\/dragg\\\/master-series-perky-pair-d-cup-wearable-silicone-breasts\\\/\"]}]},{\"@type\":\"ImageObject\",\"inLanguage\":\"en-US\",\"@id\":\"https:\\\/\\\/amina.is\\\/verslun\\\/fatnadur\\\/dragg\\\/master-series-perky-pair-d-cup-wearable-silicone-breasts\\\/#primaryimage\",\"url\":\"https:\\\/\\\/amina.is\\\/wp-content\\\/uploads\\\/2023\\\/02\\\/ah075-bulk-002-floating_540x540.jpg\",\"contentUrl\":\"https:\\\/\\\/amina.is\\\/wp-content\\\/uploads\\\/2023\\\/02\\\/ah075-bulk-002-floating_540x540.jpg\",\"width\":540,\"height\":540},{\"@type\":\"BreadcrumbList\",\"@id\":\"https:\\\/\\\/amina.is\\\/verslun\\\/fatnadur\\\/dragg\\\/master-series-perky-pair-d-cup-wearable-silicone-breasts\\\/#breadcrumb\",\"itemListElement\":[{\"@type\":\"ListItem\",\"position\":1,\"name\":\"Home\",\"item\":\"https:\\\/\\\/amina.is\\\/\"},{\"@type\":\"ListItem\",\"position\":2,\"name\":\"Verslun\",\"item\":\"https:\\\/\\\/amina.is\\\/verslun\\\/\"},{\"@type\":\"ListItem\",\"position\":3,\"name\":\"Master Series &#8211; Perky Pair D-Cup Wearable Silicone Breasts\"}]},{\"@type\":\"WebSite\",\"@id\":\"https:\\\/\\\/amina.is\\\/#website\",\"url\":\"https:\\\/\\\/amina.is\\\/\",\"name\":\"Amina\",\"description\":\"Feeling is everything - Una\u00f0sv\u00f6rur fyrir alla\",\"publisher\":{\"@id\":\"https:\\\/\\\/amina.is\\\/#organization\"},\"potentialAction\":[{\"@type\":\"SearchAction\",\"target\":{\"@type\":\"EntryPoint\",\"urlTemplate\":\"https:\\\/\\\/amina.is\\\/?s={search_term_string}\"},\"query-input\":{\"@type\":\"PropertyValueSpecification\",\"valueRequired\":true,\"valueName\":\"search_term_string\"}}],\"inLanguage\":\"en-US\"},{\"@type\":\"Organization\",\"@id\":\"https:\\\/\\\/amina.is\\\/#organization\",\"name\":\"Amina\",\"url\":\"https:\\\/\\\/amina.is\\\/\",\"logo\":{\"@type\":\"ImageObject\",\"inLanguage\":\"en-US\",\"@id\":\"https:\\\/\\\/amina.is\\\/#\\\/schema\\\/logo\\\/image\\\/\",\"url\":\"https:\\\/\\\/amina.is\\\/wp-content\\\/uploads\\\/2021\\\/09\\\/logo.png\",\"contentUrl\":\"https:\\\/\\\/amina.is\\\/wp-content\\\/uploads\\\/2021\\\/09\\\/logo.png\",\"width\":1790,\"height\":464,\"caption\":\"Amina\"},\"image\":{\"@id\":\"https:\\\/\\\/amina.is\\\/#\\\/schema\\\/logo\\\/image\\\/\"},\"sameAs\":[\"https:\\\/\\\/m.facebook.com\\\/AMINA-100767148840241\\\/\",\"https:\\\/\\\/www.instagram.com\\\/aminaverslun\\\/\"]}]}<\/script>\n<!-- \/ Yoast SEO Premium plugin. -->","yoast_head_json":{"title":"Master Series - Perky Pair D-Cup Wearable Silicone Breasts &#8211; Amina","description":"Brj\u00f3st \u00ed sk\u00e1last\u00e6r\u00f0 D. \u00deau eru stinn og raunveruleg \u00ed \u00fatliti og vi\u00f0komu.","robots":{"index":"index","follow":"follow","max-snippet":"max-snippet:-1","max-image-preview":"max-image-preview:large","max-video-preview":"max-video-preview:-1"},"canonical":"https:\/\/amina.is\/en\/verslun\/fatnadur\/dragg\/master-series-perky-pair-d-cup-wearable-silicone-breasts\/","og_locale":"en_US","og_type":"article","og_title":"Master Series - Perky Pair D-Cup Wearable Silicone Breasts","og_description":"Brj\u00f3st \u00ed sk\u00e1last\u00e6r\u00f0 D. \u00deau eru stinn og raunveruleg \u00ed \u00fatliti og vi\u00f0komu.","og_url":"https:\/\/amina.is\/en\/verslun\/fatnadur\/dragg\/master-series-perky-pair-d-cup-wearable-silicone-breasts\/","og_site_name":"Amina","article_publisher":"https:\/\/m.facebook.com\/AMINA-100767148840241\/","article_modified_time":"2026-03-05T08:56:57+00:00","og_image":[{"width":540,"height":540,"url":"https:\/\/amina.is\/wp-content\/uploads\/2023\/02\/ah075-bulk-002-floating_540x540.jpg","type":"image\/jpeg"}],"twitter_card":"summary_large_image","twitter_misc":{"Est. reading time":"1 minute"},"schema":{"@context":"https:\/\/schema.org","@graph":[{"@type":"WebPage","@id":"https:\/\/amina.is\/verslun\/fatnadur\/dragg\/master-series-perky-pair-d-cup-wearable-silicone-breasts\/","url":"https:\/\/amina.is\/verslun\/fatnadur\/dragg\/master-series-perky-pair-d-cup-wearable-silicone-breasts\/","name":"Master Series - Perky Pair D-Cup Wearable Silicone Breasts &#8211; Amina","isPartOf":{"@id":"https:\/\/amina.is\/#website"},"primaryImageOfPage":{"@id":"https:\/\/amina.is\/verslun\/fatnadur\/dragg\/master-series-perky-pair-d-cup-wearable-silicone-breasts\/#primaryimage"},"image":{"@id":"https:\/\/amina.is\/verslun\/fatnadur\/dragg\/master-series-perky-pair-d-cup-wearable-silicone-breasts\/#primaryimage"},"thumbnailUrl":"https:\/\/amina.is\/wp-content\/uploads\/2023\/02\/ah075-bulk-002-floating_540x540.jpg","datePublished":"2023-02-12T00:04:23+00:00","dateModified":"2026-03-05T08:56:57+00:00","description":"Brj\u00f3st \u00ed sk\u00e1last\u00e6r\u00f0 D. \u00deau eru stinn og raunveruleg \u00ed \u00fatliti og vi\u00f0komu.","breadcrumb":{"@id":"https:\/\/amina.is\/verslun\/fatnadur\/dragg\/master-series-perky-pair-d-cup-wearable-silicone-breasts\/#breadcrumb"},"inLanguage":"en-US","potentialAction":[{"@type":"ReadAction","target":["https:\/\/amina.is\/verslun\/fatnadur\/dragg\/master-series-perky-pair-d-cup-wearable-silicone-breasts\/"]}]},{"@type":"ImageObject","inLanguage":"en-US","@id":"https:\/\/amina.is\/verslun\/fatnadur\/dragg\/master-series-perky-pair-d-cup-wearable-silicone-breasts\/#primaryimage","url":"https:\/\/amina.is\/wp-content\/uploads\/2023\/02\/ah075-bulk-002-floating_540x540.jpg","contentUrl":"https:\/\/amina.is\/wp-content\/uploads\/2023\/02\/ah075-bulk-002-floating_540x540.jpg","width":540,"height":540},{"@type":"BreadcrumbList","@id":"https:\/\/amina.is\/verslun\/fatnadur\/dragg\/master-series-perky-pair-d-cup-wearable-silicone-breasts\/#breadcrumb","itemListElement":[{"@type":"ListItem","position":1,"name":"Home","item":"https:\/\/amina.is\/"},{"@type":"ListItem","position":2,"name":"Verslun","item":"https:\/\/amina.is\/verslun\/"},{"@type":"ListItem","position":3,"name":"Master Series &#8211; Perky Pair D-Cup Wearable Silicone Breasts"}]},{"@type":"WebSite","@id":"https:\/\/amina.is\/#website","url":"https:\/\/amina.is\/","name":"Amina","description":"Feeling is everything - Una\u00f0sv\u00f6rur fyrir alla","publisher":{"@id":"https:\/\/amina.is\/#organization"},"potentialAction":[{"@type":"SearchAction","target":{"@type":"EntryPoint","urlTemplate":"https:\/\/amina.is\/?s={search_term_string}"},"query-input":{"@type":"PropertyValueSpecification","valueRequired":true,"valueName":"search_term_string"}}],"inLanguage":"en-US"},{"@type":"Organization","@id":"https:\/\/amina.is\/#organization","name":"Amina","url":"https:\/\/amina.is\/","logo":{"@type":"ImageObject","inLanguage":"en-US","@id":"https:\/\/amina.is\/#\/schema\/logo\/image\/","url":"https:\/\/amina.is\/wp-content\/uploads\/2021\/09\/logo.png","contentUrl":"https:\/\/amina.is\/wp-content\/uploads\/2021\/09\/logo.png","width":1790,"height":464,"caption":"Amina"},"image":{"@id":"https:\/\/amina.is\/#\/schema\/logo\/image\/"},"sameAs":["https:\/\/m.facebook.com\/AMINA-100767148840241\/","https:\/\/www.instagram.com\/aminaverslun\/"]}]}},"_links":{"self":[{"href":"https:\/\/amina.is\/en\/wp-json\/wp\/v2\/product\/11103","targetHints":{"allow":["GET"]}}],"collection":[{"href":"https:\/\/amina.is\/en\/wp-json\/wp\/v2\/product"}],"about":[{"href":"https:\/\/amina.is\/en\/wp-json\/wp\/v2\/types\/product"}],"version-history":[{"count":1,"href":"https:\/\/amina.is\/en\/wp-json\/wp\/v2\/product\/11103\/revisions"}],"predecessor-version":[{"id":11109,"href":"https:\/\/amina.is\/en\/wp-json\/wp\/v2\/product\/11103\/revisions\/11109"}],"wp:featuredmedia":[{"embeddable":true,"href":"https:\/\/amina.is\/en\/wp-json\/wp\/v2\/media\/11105"}],"wp:attachment":[{"href":"https:\/\/amina.is\/en\/wp-json\/wp\/v2\/media?parent=11103"}],"wp:term":[{"taxonomy":"product_brand","embeddable":true,"href":"https:\/\/amina.is\/en\/wp-json\/wp\/v2\/product_brand?post=11103"},{"taxonomy":"product_cat","embeddable":true,"href":"https:\/\/amina.is\/en\/wp-json\/wp\/v2\/product_cat?post=11103"},{"taxonomy":"product_tag","embeddable":true,"href":"https:\/\/amina.is\/en\/wp-json\/wp\/v2\/product_tag?post=11103"}],"curies":[{"name":"wp","href":"https:\/\/api.w.org\/{rel}","templated":true}]}}