{"id":11096,"date":"2023-02-11T23:31:14","date_gmt":"2023-02-11T23:31:14","guid":{"rendered":"https:\/\/amina.is\/?post_type=product&#038;p=11096"},"modified":"2023-03-02T19:31:28","modified_gmt":"2023-03-02T19:31:28","slug":"trinity-men-spiral-ball-stretcher","status":"publish","type":"product","link":"https:\/\/amina.is\/en\/verslun\/typpid\/pungurinn\/trinity-men-spiral-ball-stretcher\/","title":{"rendered":"Trinity Men &#8211; Spiral Ball Stretcher"},"content":{"rendered":"<h5>Teygjanlegur punghringur fr\u00e1 Trinity men. Strekkir l\u00e9tt \u00e1 pungnum sem gefur skemmtilega tilfinningu vi\u00f0 sj\u00e1lfsfr\u00f3un e\u00f0a \u00ed leik. Gott r\u00e1\u00f0 er a\u00f0 smyrja \u00f6rlitlu vatnsleysanlegu sleypiefni innan \u00ed hringinn til a\u00f0 au\u00f0velda \u00e1setningu.<\/h5>\n<h5>Lengd: 5,2cm. Innra umm\u00e1l: 2,7cm. (Teygist mun meira) Efni: TPE<\/h5>\n<h5><\/h5>","protected":false},"excerpt":{"rendered":"<p>Teygjanlegur punghringur fr\u00e1 Trinity men. Strekkir l\u00e9tt \u00e1 pungnum sem gefur skemmtilega tilfinningu vi\u00f0 sj\u00e1lfsfr\u00f3un e\u00f0a \u00ed leik.<\/p>","protected":false},"featured_media":11099,"template":"","meta":{"inline_featured_image":false},"product_brand":[],"product_cat":[41,43,881,899,45],"product_tag":[799,283,819,281,818,298],"class_list":{"0":"post-11096","1":"product","2":"type-product","3":"status-publish","4":"has-post-thumbnail","6":"product_cat-fyrir-tha","7":"product_cat-fyrir-thau","8":"product_cat-pungurinn","9":"product_cat-notaahann","10":"product_cat-typpid","11":"product_tag-ball-stretcher","12":"product_tag-balls","13":"product_tag-penise","14":"product_tag-pungur","15":"product_tag-trinity-men","16":"product_tag-typpid","18":"first","19":"instock","20":"shipping-taxable","21":"purchasable","22":"product-type-simple"},"yoast_head":"<!-- This site is optimized with the Yoast SEO Premium plugin v21.6 (Yoast SEO v27.3) - https:\/\/yoast.com\/product\/yoast-seo-premium-wordpress\/ -->\n<title>Trinity Men - Spiral Ball Stretcher &#8211; Amina<\/title>\n<meta name=\"description\" content=\"Teygjanlegur punghringur fr\u00e1 Trinity men. Strekkir l\u00e9tt \u00e1 pungnum sem gefur skemmtilega tilfinningu vi\u00f0 sj\u00e1lfsfr\u00f3un e\u00f0a \u00ed leik.\" \/>\n<meta name=\"robots\" content=\"index, follow, max-snippet:-1, max-image-preview:large, max-video-preview:-1\" \/>\n<link rel=\"canonical\" href=\"https:\/\/amina.is\/en\/verslun\/typpid\/pungurinn\/trinity-men-spiral-ball-stretcher\/\" \/>\n<meta property=\"og:locale\" content=\"en_US\" \/>\n<meta property=\"og:type\" content=\"article\" \/>\n<meta property=\"og:title\" content=\"Trinity Men - Spiral Ball Stretcher\" \/>\n<meta property=\"og:description\" content=\"Teygjanlegur punghringur fr\u00e1 Trinity men. Strekkir l\u00e9tt \u00e1 pungnum sem gefur skemmtilega tilfinningu vi\u00f0 sj\u00e1lfsfr\u00f3un e\u00f0a \u00ed leik.\" \/>\n<meta property=\"og:url\" content=\"https:\/\/amina.is\/en\/verslun\/typpid\/pungurinn\/trinity-men-spiral-ball-stretcher\/\" \/>\n<meta property=\"og:site_name\" content=\"Amina\" \/>\n<meta property=\"article:publisher\" content=\"https:\/\/m.facebook.com\/AMINA-100767148840241\/\" \/>\n<meta property=\"article:modified_time\" content=\"2023-03-02T19:31:28+00:00\" \/>\n<meta property=\"og:image\" content=\"https:\/\/amina.is\/wp-content\/uploads\/2023\/02\/ac759-clear-spiral-ball-stretcher-bulk-original_2_540x540.jpg\" \/>\n\t<meta property=\"og:image:width\" content=\"540\" \/>\n\t<meta property=\"og:image:height\" content=\"540\" \/>\n\t<meta property=\"og:image:type\" content=\"image\/jpeg\" \/>\n<meta name=\"twitter:card\" content=\"summary_large_image\" \/>\n<meta name=\"twitter:label1\" content=\"Est. reading time\" \/>\n\t<meta name=\"twitter:data1\" content=\"1 minute\" \/>\n<script type=\"application\/ld+json\" class=\"yoast-schema-graph\">{\"@context\":\"https:\\\/\\\/schema.org\",\"@graph\":[{\"@type\":\"WebPage\",\"@id\":\"https:\\\/\\\/amina.is\\\/verslun\\\/typpid\\\/pungurinn\\\/trinity-men-spiral-ball-stretcher\\\/\",\"url\":\"https:\\\/\\\/amina.is\\\/verslun\\\/typpid\\\/pungurinn\\\/trinity-men-spiral-ball-stretcher\\\/\",\"name\":\"Trinity Men - Spiral Ball Stretcher &#8211; Amina\",\"isPartOf\":{\"@id\":\"https:\\\/\\\/amina.is\\\/#website\"},\"primaryImageOfPage\":{\"@id\":\"https:\\\/\\\/amina.is\\\/verslun\\\/typpid\\\/pungurinn\\\/trinity-men-spiral-ball-stretcher\\\/#primaryimage\"},\"image\":{\"@id\":\"https:\\\/\\\/amina.is\\\/verslun\\\/typpid\\\/pungurinn\\\/trinity-men-spiral-ball-stretcher\\\/#primaryimage\"},\"thumbnailUrl\":\"https:\\\/\\\/amina.is\\\/wp-content\\\/uploads\\\/2023\\\/02\\\/ac759-clear-spiral-ball-stretcher-bulk-original_2_540x540.jpg\",\"datePublished\":\"2023-02-11T23:31:14+00:00\",\"dateModified\":\"2023-03-02T19:31:28+00:00\",\"description\":\"Teygjanlegur punghringur fr\u00e1 Trinity men. Strekkir l\u00e9tt \u00e1 pungnum sem gefur skemmtilega tilfinningu vi\u00f0 sj\u00e1lfsfr\u00f3un e\u00f0a \u00ed leik.\",\"breadcrumb\":{\"@id\":\"https:\\\/\\\/amina.is\\\/verslun\\\/typpid\\\/pungurinn\\\/trinity-men-spiral-ball-stretcher\\\/#breadcrumb\"},\"inLanguage\":\"en-US\",\"potentialAction\":[{\"@type\":\"ReadAction\",\"target\":[\"https:\\\/\\\/amina.is\\\/verslun\\\/typpid\\\/pungurinn\\\/trinity-men-spiral-ball-stretcher\\\/\"]}]},{\"@type\":\"ImageObject\",\"inLanguage\":\"en-US\",\"@id\":\"https:\\\/\\\/amina.is\\\/verslun\\\/typpid\\\/pungurinn\\\/trinity-men-spiral-ball-stretcher\\\/#primaryimage\",\"url\":\"https:\\\/\\\/amina.is\\\/wp-content\\\/uploads\\\/2023\\\/02\\\/ac759-clear-spiral-ball-stretcher-bulk-original_2_540x540.jpg\",\"contentUrl\":\"https:\\\/\\\/amina.is\\\/wp-content\\\/uploads\\\/2023\\\/02\\\/ac759-clear-spiral-ball-stretcher-bulk-original_2_540x540.jpg\",\"width\":540,\"height\":540},{\"@type\":\"BreadcrumbList\",\"@id\":\"https:\\\/\\\/amina.is\\\/verslun\\\/typpid\\\/pungurinn\\\/trinity-men-spiral-ball-stretcher\\\/#breadcrumb\",\"itemListElement\":[{\"@type\":\"ListItem\",\"position\":1,\"name\":\"Home\",\"item\":\"https:\\\/\\\/amina.is\\\/\"},{\"@type\":\"ListItem\",\"position\":2,\"name\":\"Verslun\",\"item\":\"https:\\\/\\\/amina.is\\\/verslun\\\/\"},{\"@type\":\"ListItem\",\"position\":3,\"name\":\"Trinity Men &#8211; Spiral Ball Stretcher\"}]},{\"@type\":\"WebSite\",\"@id\":\"https:\\\/\\\/amina.is\\\/#website\",\"url\":\"https:\\\/\\\/amina.is\\\/\",\"name\":\"Amina\",\"description\":\"Feeling is everything - Una\u00f0sv\u00f6rur fyrir alla\",\"publisher\":{\"@id\":\"https:\\\/\\\/amina.is\\\/#organization\"},\"potentialAction\":[{\"@type\":\"SearchAction\",\"target\":{\"@type\":\"EntryPoint\",\"urlTemplate\":\"https:\\\/\\\/amina.is\\\/?s={search_term_string}\"},\"query-input\":{\"@type\":\"PropertyValueSpecification\",\"valueRequired\":true,\"valueName\":\"search_term_string\"}}],\"inLanguage\":\"en-US\"},{\"@type\":\"Organization\",\"@id\":\"https:\\\/\\\/amina.is\\\/#organization\",\"name\":\"Amina\",\"url\":\"https:\\\/\\\/amina.is\\\/\",\"logo\":{\"@type\":\"ImageObject\",\"inLanguage\":\"en-US\",\"@id\":\"https:\\\/\\\/amina.is\\\/#\\\/schema\\\/logo\\\/image\\\/\",\"url\":\"https:\\\/\\\/amina.is\\\/wp-content\\\/uploads\\\/2021\\\/09\\\/logo.png\",\"contentUrl\":\"https:\\\/\\\/amina.is\\\/wp-content\\\/uploads\\\/2021\\\/09\\\/logo.png\",\"width\":1790,\"height\":464,\"caption\":\"Amina\"},\"image\":{\"@id\":\"https:\\\/\\\/amina.is\\\/#\\\/schema\\\/logo\\\/image\\\/\"},\"sameAs\":[\"https:\\\/\\\/m.facebook.com\\\/AMINA-100767148840241\\\/\",\"https:\\\/\\\/www.instagram.com\\\/aminaverslun\\\/\"]}]}<\/script>\n<!-- \/ Yoast SEO Premium plugin. -->","yoast_head_json":{"title":"Trinity Men - Spiral Ball Stretcher &#8211; Amina","description":"Teygjanlegur punghringur fr\u00e1 Trinity men. Strekkir l\u00e9tt \u00e1 pungnum sem gefur skemmtilega tilfinningu vi\u00f0 sj\u00e1lfsfr\u00f3un e\u00f0a \u00ed leik.","robots":{"index":"index","follow":"follow","max-snippet":"max-snippet:-1","max-image-preview":"max-image-preview:large","max-video-preview":"max-video-preview:-1"},"canonical":"https:\/\/amina.is\/en\/verslun\/typpid\/pungurinn\/trinity-men-spiral-ball-stretcher\/","og_locale":"en_US","og_type":"article","og_title":"Trinity Men - Spiral Ball Stretcher","og_description":"Teygjanlegur punghringur fr\u00e1 Trinity men. Strekkir l\u00e9tt \u00e1 pungnum sem gefur skemmtilega tilfinningu vi\u00f0 sj\u00e1lfsfr\u00f3un e\u00f0a \u00ed leik.","og_url":"https:\/\/amina.is\/en\/verslun\/typpid\/pungurinn\/trinity-men-spiral-ball-stretcher\/","og_site_name":"Amina","article_publisher":"https:\/\/m.facebook.com\/AMINA-100767148840241\/","article_modified_time":"2023-03-02T19:31:28+00:00","og_image":[{"width":540,"height":540,"url":"https:\/\/amina.is\/wp-content\/uploads\/2023\/02\/ac759-clear-spiral-ball-stretcher-bulk-original_2_540x540.jpg","type":"image\/jpeg"}],"twitter_card":"summary_large_image","twitter_misc":{"Est. reading time":"1 minute"},"schema":{"@context":"https:\/\/schema.org","@graph":[{"@type":"WebPage","@id":"https:\/\/amina.is\/verslun\/typpid\/pungurinn\/trinity-men-spiral-ball-stretcher\/","url":"https:\/\/amina.is\/verslun\/typpid\/pungurinn\/trinity-men-spiral-ball-stretcher\/","name":"Trinity Men - Spiral Ball Stretcher &#8211; Amina","isPartOf":{"@id":"https:\/\/amina.is\/#website"},"primaryImageOfPage":{"@id":"https:\/\/amina.is\/verslun\/typpid\/pungurinn\/trinity-men-spiral-ball-stretcher\/#primaryimage"},"image":{"@id":"https:\/\/amina.is\/verslun\/typpid\/pungurinn\/trinity-men-spiral-ball-stretcher\/#primaryimage"},"thumbnailUrl":"https:\/\/amina.is\/wp-content\/uploads\/2023\/02\/ac759-clear-spiral-ball-stretcher-bulk-original_2_540x540.jpg","datePublished":"2023-02-11T23:31:14+00:00","dateModified":"2023-03-02T19:31:28+00:00","description":"Teygjanlegur punghringur fr\u00e1 Trinity men. Strekkir l\u00e9tt \u00e1 pungnum sem gefur skemmtilega tilfinningu vi\u00f0 sj\u00e1lfsfr\u00f3un e\u00f0a \u00ed leik.","breadcrumb":{"@id":"https:\/\/amina.is\/verslun\/typpid\/pungurinn\/trinity-men-spiral-ball-stretcher\/#breadcrumb"},"inLanguage":"en-US","potentialAction":[{"@type":"ReadAction","target":["https:\/\/amina.is\/verslun\/typpid\/pungurinn\/trinity-men-spiral-ball-stretcher\/"]}]},{"@type":"ImageObject","inLanguage":"en-US","@id":"https:\/\/amina.is\/verslun\/typpid\/pungurinn\/trinity-men-spiral-ball-stretcher\/#primaryimage","url":"https:\/\/amina.is\/wp-content\/uploads\/2023\/02\/ac759-clear-spiral-ball-stretcher-bulk-original_2_540x540.jpg","contentUrl":"https:\/\/amina.is\/wp-content\/uploads\/2023\/02\/ac759-clear-spiral-ball-stretcher-bulk-original_2_540x540.jpg","width":540,"height":540},{"@type":"BreadcrumbList","@id":"https:\/\/amina.is\/verslun\/typpid\/pungurinn\/trinity-men-spiral-ball-stretcher\/#breadcrumb","itemListElement":[{"@type":"ListItem","position":1,"name":"Home","item":"https:\/\/amina.is\/"},{"@type":"ListItem","position":2,"name":"Verslun","item":"https:\/\/amina.is\/verslun\/"},{"@type":"ListItem","position":3,"name":"Trinity Men &#8211; Spiral Ball Stretcher"}]},{"@type":"WebSite","@id":"https:\/\/amina.is\/#website","url":"https:\/\/amina.is\/","name":"Amina","description":"Feeling is everything - Una\u00f0sv\u00f6rur fyrir alla","publisher":{"@id":"https:\/\/amina.is\/#organization"},"potentialAction":[{"@type":"SearchAction","target":{"@type":"EntryPoint","urlTemplate":"https:\/\/amina.is\/?s={search_term_string}"},"query-input":{"@type":"PropertyValueSpecification","valueRequired":true,"valueName":"search_term_string"}}],"inLanguage":"en-US"},{"@type":"Organization","@id":"https:\/\/amina.is\/#organization","name":"Amina","url":"https:\/\/amina.is\/","logo":{"@type":"ImageObject","inLanguage":"en-US","@id":"https:\/\/amina.is\/#\/schema\/logo\/image\/","url":"https:\/\/amina.is\/wp-content\/uploads\/2021\/09\/logo.png","contentUrl":"https:\/\/amina.is\/wp-content\/uploads\/2021\/09\/logo.png","width":1790,"height":464,"caption":"Amina"},"image":{"@id":"https:\/\/amina.is\/#\/schema\/logo\/image\/"},"sameAs":["https:\/\/m.facebook.com\/AMINA-100767148840241\/","https:\/\/www.instagram.com\/aminaverslun\/"]}]}},"_links":{"self":[{"href":"https:\/\/amina.is\/en\/wp-json\/wp\/v2\/product\/11096","targetHints":{"allow":["GET"]}}],"collection":[{"href":"https:\/\/amina.is\/en\/wp-json\/wp\/v2\/product"}],"about":[{"href":"https:\/\/amina.is\/en\/wp-json\/wp\/v2\/types\/product"}],"version-history":[{"count":2,"href":"https:\/\/amina.is\/en\/wp-json\/wp\/v2\/product\/11096\/revisions"}],"predecessor-version":[{"id":11102,"href":"https:\/\/amina.is\/en\/wp-json\/wp\/v2\/product\/11096\/revisions\/11102"}],"wp:featuredmedia":[{"embeddable":true,"href":"https:\/\/amina.is\/en\/wp-json\/wp\/v2\/media\/11099"}],"wp:attachment":[{"href":"https:\/\/amina.is\/en\/wp-json\/wp\/v2\/media?parent=11096"}],"wp:term":[{"taxonomy":"product_brand","embeddable":true,"href":"https:\/\/amina.is\/en\/wp-json\/wp\/v2\/product_brand?post=11096"},{"taxonomy":"product_cat","embeddable":true,"href":"https:\/\/amina.is\/en\/wp-json\/wp\/v2\/product_cat?post=11096"},{"taxonomy":"product_tag","embeddable":true,"href":"https:\/\/amina.is\/en\/wp-json\/wp\/v2\/product_tag?post=11096"}],"curies":[{"name":"wp","href":"https:\/\/api.w.org\/{rel}","templated":true}]}}