{"id":11059,"date":"2023-02-11T22:04:11","date_gmt":"2023-02-11T22:04:11","guid":{"rendered":"https:\/\/amina.is\/?post_type=product&#038;p=11059"},"modified":"2023-02-24T22:19:42","modified_gmt":"2023-02-24T22:19:42","slug":"ovaent-fyrir-pikuna-thu-velur-upphaed","status":"publish","type":"product","link":"https:\/\/amina.is\/en\/verslun\/fyrir-thaer\/ovaent-fyrir-pikuna-thu-velur-upphaed\/","title":{"rendered":"\u00d3v\u00e6nt fyrir P\u00edkuna &#8211; \u00de\u00fa velur upph\u00e6\u00f0"},"content":{"rendered":"<h5>Ekki viss hva\u00f0 \u00fe\u00fa \u00e1tt a\u00f0 velja? \u00de\u00fa velur upph\u00e6\u00f0 og vi\u00f0 veljum eitthva\u00f0 \u00f3v\u00e6nt \u00ed kassa fyrir \u00feig! Andvir\u00f0i boxins er alltaf 10 &#8211; 20% \u00a0h\u00e6rra en upph\u00e6\u00f0in sem \u00fe\u00fa velur. \u00dear sem vi\u00f0 handveljum \u00ed hvert box eftir p\u00f6ntunum \u00fe\u00e1 er ekki sj\u00e1lfgefi\u00f0 a\u00f0 innihald boxins s\u00e9 \u00fea\u00f0 sama \u00fe\u00f3 svo a\u00f0 tveir panti fyrir s\u00f6mu upph\u00e6\u00f0.<\/h5>","protected":false},"excerpt":{"rendered":"<p>Ekki viss hva\u00f0 \u00fe\u00fa \u00e1tt a\u00f0 velja? \u00de\u00fa velur upph\u00e6\u00f0 og vi\u00f0 veljum eitthva\u00f0 \u00f3v\u00e6nt \u00ed kassa fyrir \u00feig!<\/p>","protected":false},"featured_media":11314,"template":"","meta":{"inline_featured_image":false},"product_brand":[],"product_cat":[42,43,44],"product_tag":[810,279,817,56],"class_list":{"0":"post-11059","1":"product","2":"type-product","3":"status-publish","4":"has-post-thumbnail","6":"product_cat-fyrir-thaer","7":"product_cat-fyrir-thau","8":"product_cat-pikan","9":"product_tag-ovaent","10":"product_tag-pikan","11":"product_tag-surprise","12":"product_tag-vagina","14":"first","15":"instock","16":"shipping-taxable","17":"purchasable","18":"product-type-variable"},"yoast_head":"<!-- This site is optimized with the Yoast SEO Premium plugin v21.6 (Yoast SEO v27.3) - https:\/\/yoast.com\/product\/yoast-seo-premium-wordpress\/ -->\n<title>\u00d3v\u00e6nt fyrir P\u00edkuna - \u00de\u00fa velur upph\u00e6\u00f0 &#8211; Amina<\/title>\n<meta name=\"description\" content=\"Ekki viss hva\u00f0 \u00fe\u00fa \u00e1tt a\u00f0 velja? \u00de\u00fa velur upph\u00e6\u00f0 og vi\u00f0 veljum eitthva\u00f0 \u00f3v\u00e6nt \u00ed kassa fyrir \u00feig! Andvir\u00f0i boxins er alltaf 10 - 20% \u00a0h\u00e6rra en upph\u00e6\u00f0in sem \u00fe\u00fa velur.\" \/>\n<meta name=\"robots\" content=\"index, follow, max-snippet:-1, max-image-preview:large, max-video-preview:-1\" \/>\n<link rel=\"canonical\" href=\"https:\/\/amina.is\/en\/verslun\/fyrir-thaer\/ovaent-fyrir-pikuna-thu-velur-upphaed\/\" \/>\n<meta property=\"og:locale\" content=\"en_US\" \/>\n<meta property=\"og:type\" content=\"article\" \/>\n<meta property=\"og:title\" content=\"\u00d3v\u00e6nt fyrir P\u00edkuna - \u00de\u00fa velur upph\u00e6\u00f0\" \/>\n<meta property=\"og:description\" content=\"Ekki viss hva\u00f0 \u00fe\u00fa \u00e1tt a\u00f0 velja? \u00de\u00fa velur upph\u00e6\u00f0 og vi\u00f0 veljum eitthva\u00f0 \u00f3v\u00e6nt \u00ed kassa fyrir \u00feig! Andvir\u00f0i boxins er alltaf 10 - 20% \u00a0h\u00e6rra en upph\u00e6\u00f0in sem \u00fe\u00fa velur.\" \/>\n<meta property=\"og:url\" content=\"https:\/\/amina.is\/en\/verslun\/fyrir-thaer\/ovaent-fyrir-pikuna-thu-velur-upphaed\/\" \/>\n<meta property=\"og:site_name\" content=\"Amina\" \/>\n<meta property=\"article:publisher\" content=\"https:\/\/m.facebook.com\/AMINA-100767148840241\/\" \/>\n<meta property=\"article:modified_time\" content=\"2023-02-24T22:19:42+00:00\" \/>\n<meta property=\"og:image\" content=\"https:\/\/amina.is\/wp-content\/uploads\/2023\/02\/Untitled-design-16.jpg\" \/>\n\t<meta property=\"og:image:width\" content=\"1080\" \/>\n\t<meta property=\"og:image:height\" content=\"1080\" \/>\n\t<meta property=\"og:image:type\" content=\"image\/jpeg\" \/>\n<meta name=\"twitter:card\" content=\"summary_large_image\" \/>\n<meta name=\"twitter:label1\" content=\"Est. reading time\" \/>\n\t<meta name=\"twitter:data1\" content=\"1 minute\" \/>\n<script type=\"application\/ld+json\" class=\"yoast-schema-graph\">{\"@context\":\"https:\\\/\\\/schema.org\",\"@graph\":[{\"@type\":\"WebPage\",\"@id\":\"https:\\\/\\\/amina.is\\\/verslun\\\/fyrir-thaer\\\/ovaent-fyrir-pikuna-thu-velur-upphaed\\\/\",\"url\":\"https:\\\/\\\/amina.is\\\/verslun\\\/fyrir-thaer\\\/ovaent-fyrir-pikuna-thu-velur-upphaed\\\/\",\"name\":\"\u00d3v\u00e6nt fyrir P\u00edkuna - \u00de\u00fa velur upph\u00e6\u00f0 &#8211; Amina\",\"isPartOf\":{\"@id\":\"https:\\\/\\\/amina.is\\\/#website\"},\"primaryImageOfPage\":{\"@id\":\"https:\\\/\\\/amina.is\\\/verslun\\\/fyrir-thaer\\\/ovaent-fyrir-pikuna-thu-velur-upphaed\\\/#primaryimage\"},\"image\":{\"@id\":\"https:\\\/\\\/amina.is\\\/verslun\\\/fyrir-thaer\\\/ovaent-fyrir-pikuna-thu-velur-upphaed\\\/#primaryimage\"},\"thumbnailUrl\":\"https:\\\/\\\/amina.is\\\/wp-content\\\/uploads\\\/2023\\\/02\\\/Untitled-design-16.jpg\",\"datePublished\":\"2023-02-11T22:04:11+00:00\",\"dateModified\":\"2023-02-24T22:19:42+00:00\",\"description\":\"Ekki viss hva\u00f0 \u00fe\u00fa \u00e1tt a\u00f0 velja? \u00de\u00fa velur upph\u00e6\u00f0 og vi\u00f0 veljum eitthva\u00f0 \u00f3v\u00e6nt \u00ed kassa fyrir \u00feig! Andvir\u00f0i boxins er alltaf 10 - 20% \u00a0h\u00e6rra en upph\u00e6\u00f0in sem \u00fe\u00fa velur.\",\"breadcrumb\":{\"@id\":\"https:\\\/\\\/amina.is\\\/verslun\\\/fyrir-thaer\\\/ovaent-fyrir-pikuna-thu-velur-upphaed\\\/#breadcrumb\"},\"inLanguage\":\"en-US\",\"potentialAction\":[{\"@type\":\"ReadAction\",\"target\":[\"https:\\\/\\\/amina.is\\\/verslun\\\/fyrir-thaer\\\/ovaent-fyrir-pikuna-thu-velur-upphaed\\\/\"]}]},{\"@type\":\"ImageObject\",\"inLanguage\":\"en-US\",\"@id\":\"https:\\\/\\\/amina.is\\\/verslun\\\/fyrir-thaer\\\/ovaent-fyrir-pikuna-thu-velur-upphaed\\\/#primaryimage\",\"url\":\"https:\\\/\\\/amina.is\\\/wp-content\\\/uploads\\\/2023\\\/02\\\/Untitled-design-16.jpg\",\"contentUrl\":\"https:\\\/\\\/amina.is\\\/wp-content\\\/uploads\\\/2023\\\/02\\\/Untitled-design-16.jpg\",\"width\":1080,\"height\":1080},{\"@type\":\"BreadcrumbList\",\"@id\":\"https:\\\/\\\/amina.is\\\/verslun\\\/fyrir-thaer\\\/ovaent-fyrir-pikuna-thu-velur-upphaed\\\/#breadcrumb\",\"itemListElement\":[{\"@type\":\"ListItem\",\"position\":1,\"name\":\"Home\",\"item\":\"https:\\\/\\\/amina.is\\\/\"},{\"@type\":\"ListItem\",\"position\":2,\"name\":\"Verslun\",\"item\":\"https:\\\/\\\/amina.is\\\/verslun\\\/\"},{\"@type\":\"ListItem\",\"position\":3,\"name\":\"\u00d3v\u00e6nt fyrir P\u00edkuna &#8211; \u00de\u00fa velur upph\u00e6\u00f0\"}]},{\"@type\":\"WebSite\",\"@id\":\"https:\\\/\\\/amina.is\\\/#website\",\"url\":\"https:\\\/\\\/amina.is\\\/\",\"name\":\"Amina\",\"description\":\"Feeling is everything - Una\u00f0sv\u00f6rur fyrir alla\",\"publisher\":{\"@id\":\"https:\\\/\\\/amina.is\\\/#organization\"},\"potentialAction\":[{\"@type\":\"SearchAction\",\"target\":{\"@type\":\"EntryPoint\",\"urlTemplate\":\"https:\\\/\\\/amina.is\\\/?s={search_term_string}\"},\"query-input\":{\"@type\":\"PropertyValueSpecification\",\"valueRequired\":true,\"valueName\":\"search_term_string\"}}],\"inLanguage\":\"en-US\"},{\"@type\":\"Organization\",\"@id\":\"https:\\\/\\\/amina.is\\\/#organization\",\"name\":\"Amina\",\"url\":\"https:\\\/\\\/amina.is\\\/\",\"logo\":{\"@type\":\"ImageObject\",\"inLanguage\":\"en-US\",\"@id\":\"https:\\\/\\\/amina.is\\\/#\\\/schema\\\/logo\\\/image\\\/\",\"url\":\"https:\\\/\\\/amina.is\\\/wp-content\\\/uploads\\\/2021\\\/09\\\/logo.png\",\"contentUrl\":\"https:\\\/\\\/amina.is\\\/wp-content\\\/uploads\\\/2021\\\/09\\\/logo.png\",\"width\":1790,\"height\":464,\"caption\":\"Amina\"},\"image\":{\"@id\":\"https:\\\/\\\/amina.is\\\/#\\\/schema\\\/logo\\\/image\\\/\"},\"sameAs\":[\"https:\\\/\\\/m.facebook.com\\\/AMINA-100767148840241\\\/\",\"https:\\\/\\\/www.instagram.com\\\/aminaverslun\\\/\"]}]}<\/script>\n<!-- \/ Yoast SEO Premium plugin. -->","yoast_head_json":{"title":"\u00d3v\u00e6nt fyrir P\u00edkuna - \u00de\u00fa velur upph\u00e6\u00f0 &#8211; Amina","description":"Ekki viss hva\u00f0 \u00fe\u00fa \u00e1tt a\u00f0 velja? \u00de\u00fa velur upph\u00e6\u00f0 og vi\u00f0 veljum eitthva\u00f0 \u00f3v\u00e6nt \u00ed kassa fyrir \u00feig! Andvir\u00f0i boxins er alltaf 10 - 20% \u00a0h\u00e6rra en upph\u00e6\u00f0in sem \u00fe\u00fa velur.","robots":{"index":"index","follow":"follow","max-snippet":"max-snippet:-1","max-image-preview":"max-image-preview:large","max-video-preview":"max-video-preview:-1"},"canonical":"https:\/\/amina.is\/en\/verslun\/fyrir-thaer\/ovaent-fyrir-pikuna-thu-velur-upphaed\/","og_locale":"en_US","og_type":"article","og_title":"\u00d3v\u00e6nt fyrir P\u00edkuna - \u00de\u00fa velur upph\u00e6\u00f0","og_description":"Ekki viss hva\u00f0 \u00fe\u00fa \u00e1tt a\u00f0 velja? \u00de\u00fa velur upph\u00e6\u00f0 og vi\u00f0 veljum eitthva\u00f0 \u00f3v\u00e6nt \u00ed kassa fyrir \u00feig! Andvir\u00f0i boxins er alltaf 10 - 20% \u00a0h\u00e6rra en upph\u00e6\u00f0in sem \u00fe\u00fa velur.","og_url":"https:\/\/amina.is\/en\/verslun\/fyrir-thaer\/ovaent-fyrir-pikuna-thu-velur-upphaed\/","og_site_name":"Amina","article_publisher":"https:\/\/m.facebook.com\/AMINA-100767148840241\/","article_modified_time":"2023-02-24T22:19:42+00:00","og_image":[{"width":1080,"height":1080,"url":"https:\/\/amina.is\/wp-content\/uploads\/2023\/02\/Untitled-design-16.jpg","type":"image\/jpeg"}],"twitter_card":"summary_large_image","twitter_misc":{"Est. reading time":"1 minute"},"schema":{"@context":"https:\/\/schema.org","@graph":[{"@type":"WebPage","@id":"https:\/\/amina.is\/verslun\/fyrir-thaer\/ovaent-fyrir-pikuna-thu-velur-upphaed\/","url":"https:\/\/amina.is\/verslun\/fyrir-thaer\/ovaent-fyrir-pikuna-thu-velur-upphaed\/","name":"\u00d3v\u00e6nt fyrir P\u00edkuna - \u00de\u00fa velur upph\u00e6\u00f0 &#8211; Amina","isPartOf":{"@id":"https:\/\/amina.is\/#website"},"primaryImageOfPage":{"@id":"https:\/\/amina.is\/verslun\/fyrir-thaer\/ovaent-fyrir-pikuna-thu-velur-upphaed\/#primaryimage"},"image":{"@id":"https:\/\/amina.is\/verslun\/fyrir-thaer\/ovaent-fyrir-pikuna-thu-velur-upphaed\/#primaryimage"},"thumbnailUrl":"https:\/\/amina.is\/wp-content\/uploads\/2023\/02\/Untitled-design-16.jpg","datePublished":"2023-02-11T22:04:11+00:00","dateModified":"2023-02-24T22:19:42+00:00","description":"Ekki viss hva\u00f0 \u00fe\u00fa \u00e1tt a\u00f0 velja? \u00de\u00fa velur upph\u00e6\u00f0 og vi\u00f0 veljum eitthva\u00f0 \u00f3v\u00e6nt \u00ed kassa fyrir \u00feig! Andvir\u00f0i boxins er alltaf 10 - 20% \u00a0h\u00e6rra en upph\u00e6\u00f0in sem \u00fe\u00fa velur.","breadcrumb":{"@id":"https:\/\/amina.is\/verslun\/fyrir-thaer\/ovaent-fyrir-pikuna-thu-velur-upphaed\/#breadcrumb"},"inLanguage":"en-US","potentialAction":[{"@type":"ReadAction","target":["https:\/\/amina.is\/verslun\/fyrir-thaer\/ovaent-fyrir-pikuna-thu-velur-upphaed\/"]}]},{"@type":"ImageObject","inLanguage":"en-US","@id":"https:\/\/amina.is\/verslun\/fyrir-thaer\/ovaent-fyrir-pikuna-thu-velur-upphaed\/#primaryimage","url":"https:\/\/amina.is\/wp-content\/uploads\/2023\/02\/Untitled-design-16.jpg","contentUrl":"https:\/\/amina.is\/wp-content\/uploads\/2023\/02\/Untitled-design-16.jpg","width":1080,"height":1080},{"@type":"BreadcrumbList","@id":"https:\/\/amina.is\/verslun\/fyrir-thaer\/ovaent-fyrir-pikuna-thu-velur-upphaed\/#breadcrumb","itemListElement":[{"@type":"ListItem","position":1,"name":"Home","item":"https:\/\/amina.is\/"},{"@type":"ListItem","position":2,"name":"Verslun","item":"https:\/\/amina.is\/verslun\/"},{"@type":"ListItem","position":3,"name":"\u00d3v\u00e6nt fyrir P\u00edkuna &#8211; \u00de\u00fa velur upph\u00e6\u00f0"}]},{"@type":"WebSite","@id":"https:\/\/amina.is\/#website","url":"https:\/\/amina.is\/","name":"Amina","description":"Feeling is everything - Una\u00f0sv\u00f6rur fyrir alla","publisher":{"@id":"https:\/\/amina.is\/#organization"},"potentialAction":[{"@type":"SearchAction","target":{"@type":"EntryPoint","urlTemplate":"https:\/\/amina.is\/?s={search_term_string}"},"query-input":{"@type":"PropertyValueSpecification","valueRequired":true,"valueName":"search_term_string"}}],"inLanguage":"en-US"},{"@type":"Organization","@id":"https:\/\/amina.is\/#organization","name":"Amina","url":"https:\/\/amina.is\/","logo":{"@type":"ImageObject","inLanguage":"en-US","@id":"https:\/\/amina.is\/#\/schema\/logo\/image\/","url":"https:\/\/amina.is\/wp-content\/uploads\/2021\/09\/logo.png","contentUrl":"https:\/\/amina.is\/wp-content\/uploads\/2021\/09\/logo.png","width":1790,"height":464,"caption":"Amina"},"image":{"@id":"https:\/\/amina.is\/#\/schema\/logo\/image\/"},"sameAs":["https:\/\/m.facebook.com\/AMINA-100767148840241\/","https:\/\/www.instagram.com\/aminaverslun\/"]}]}},"_links":{"self":[{"href":"https:\/\/amina.is\/en\/wp-json\/wp\/v2\/product\/11059","targetHints":{"allow":["GET"]}}],"collection":[{"href":"https:\/\/amina.is\/en\/wp-json\/wp\/v2\/product"}],"about":[{"href":"https:\/\/amina.is\/en\/wp-json\/wp\/v2\/types\/product"}],"version-history":[{"count":4,"href":"https:\/\/amina.is\/en\/wp-json\/wp\/v2\/product\/11059\/revisions"}],"predecessor-version":[{"id":11087,"href":"https:\/\/amina.is\/en\/wp-json\/wp\/v2\/product\/11059\/revisions\/11087"}],"wp:featuredmedia":[{"embeddable":true,"href":"https:\/\/amina.is\/en\/wp-json\/wp\/v2\/media\/11314"}],"wp:attachment":[{"href":"https:\/\/amina.is\/en\/wp-json\/wp\/v2\/media?parent=11059"}],"wp:term":[{"taxonomy":"product_brand","embeddable":true,"href":"https:\/\/amina.is\/en\/wp-json\/wp\/v2\/product_brand?post=11059"},{"taxonomy":"product_cat","embeddable":true,"href":"https:\/\/amina.is\/en\/wp-json\/wp\/v2\/product_cat?post=11059"},{"taxonomy":"product_tag","embeddable":true,"href":"https:\/\/amina.is\/en\/wp-json\/wp\/v2\/product_tag?post=11059"}],"curies":[{"name":"wp","href":"https:\/\/api.w.org\/{rel}","templated":true}]}}