{"id":11039,"date":"2023-02-19T19:48:05","date_gmt":"2023-02-19T19:48:05","guid":{"rendered":"https:\/\/amina.is\/?post_type=product&#038;p=11039"},"modified":"2023-03-02T19:44:11","modified_gmt":"2023-03-02T19:44:11","slug":"master-series-masters-st-andrews-cross-serpontun","status":"publish","type":"product","link":"https:\/\/amina.is\/en\/verslun\/blaeti\/stangirofl\/master-series-masters-st-andrews-cross-serpontun\/","title":{"rendered":"Master Series &#8211; Masters St. Andrew&#8217;s Cross S\u00c9RP\u00d6NTUN"},"content":{"rendered":"<h5><span style=\"color: #ff0000;\">Athugi\u00f0 a\u00f0 \u00feessi vara er s\u00e9rp\u00f6ntu\u00f0 og g\u00e6ti afhendingart\u00edmi \u00fev\u00ed veri\u00f0 allt a\u00f0 fj\u00f3rar vikur.<\/span><\/h5>\n<h5>Fyrir alla sem eiga e\u00f0a vilja b\u00faa s\u00e9r til alv\u00f6ru leikherbergi. Krossinn er skr\u00fafa\u00f0ur upp \u00e1 vegg og hentar \u00fev\u00ed vel \u00fear sem pl\u00e1ss er af skornum skammti. Ef leikherbergi er ekki til sta\u00f0ar er g\u00f3\u00f0 hugmynd a\u00f0 festa hann \u00e1 vegg \u00e1 bakvi\u00f0 sk\u00e1p e\u00f0a fela hann me\u00f0 gluggatj\u00f6ldum. Hann er b\u00f3lstra\u00f0ur og \u00fev\u00ed mj\u00fakur vi\u00f0komu. \u00c1 krossinum eru kr\u00f3kar og st\u00e1l stangir til a\u00f0 festa og binda vi\u00f0. Krossinn kemur \u00ed 5 hlutum \u00ed fl\u00f6tum pakka. Krossinn er ger\u00f0ur \u00fa timbri, j\u00e1rni og PVC gervile\u00f0ri. \u00dea\u00f0 fylgja me\u00f0 20 boltar og skr\u00fafj\u00e1rn.<\/h5>\n<h5>Saman settur er hann 183cm \u00e1 h\u00e6\u00f0 og 95cm \u00e1 breidd. Handa og f\u00f3tastykki eru 73,6cm \u00e1 h\u00e6\u00f0 og 16,5cm \u00e1 breidd. Mi\u00f0justykki er 48,2cm \u00e1 h\u00e6\u00f0 og 39,4cm \u00e1 breidd.<\/h5>","protected":false},"excerpt":{"rendered":"<p>Fyrir alla sem eiga e\u00f0a vilja b\u00faa s\u00e9r til alv\u00f6ru leikherbergi. Krossinn er skr\u00fafa\u00f0ur upp \u00e1 vegg og hentar \u00fev\u00ed vel \u00fear sem pl\u00e1ss er af skornum skammti.<\/p>","protected":false},"featured_media":11042,"template":"","meta":{"inline_featured_image":false},"product_brand":[],"product_cat":[36,904],"product_tag":[86,324,477,809,310],"class_list":{"0":"post-11039","1":"product","2":"type-product","3":"status-publish","4":"has-post-thumbnail","6":"product_cat-blaeti","7":"product_cat-stangirofl","8":"product_tag-bdsm","9":"product_tag-blaeti","10":"product_tag-bondage","11":"product_tag-cross","12":"product_tag-master-series","14":"first","15":"onbackorder","16":"shipping-taxable","17":"purchasable","18":"product-type-simple"},"yoast_head":"<!-- This site is optimized with the Yoast SEO Premium plugin v21.6 (Yoast SEO v27.3) - https:\/\/yoast.com\/product\/yoast-seo-premium-wordpress\/ -->\n<title>Master Series - Masters St. Andrew&#039;s Cross S\u00c9RP\u00d6NTUN &#8211; Amina<\/title>\n<meta name=\"description\" content=\"Fyrir alla sem eiga e\u00f0a vilja b\u00faa s\u00e9r til alv\u00f6ru leikherbergi. Krossinn er skr\u00fafa\u00f0ur upp \u00e1 vegg og hentar \u00fev\u00ed vel \u00fear sem pl\u00e1ss er af skornum skammti.\" \/>\n<meta name=\"robots\" content=\"index, follow, max-snippet:-1, max-image-preview:large, max-video-preview:-1\" \/>\n<link rel=\"canonical\" href=\"https:\/\/amina.is\/en\/verslun\/blaeti\/stangirofl\/master-series-masters-st-andrews-cross-serpontun\/\" \/>\n<meta property=\"og:locale\" content=\"en_US\" \/>\n<meta property=\"og:type\" content=\"article\" \/>\n<meta property=\"og:title\" content=\"Master Series - Masters St. Andrew&#039;s Cross S\u00c9RP\u00d6NTUN\" \/>\n<meta property=\"og:description\" content=\"Fyrir alla sem eiga e\u00f0a vilja b\u00faa s\u00e9r til alv\u00f6ru leikherbergi. Krossinn er skr\u00fafa\u00f0ur upp \u00e1 vegg og hentar \u00fev\u00ed vel \u00fear sem pl\u00e1ss er af skornum skammti.\" \/>\n<meta property=\"og:url\" content=\"https:\/\/amina.is\/en\/verslun\/blaeti\/stangirofl\/master-series-masters-st-andrews-cross-serpontun\/\" \/>\n<meta property=\"og:site_name\" content=\"Amina\" \/>\n<meta property=\"article:publisher\" content=\"https:\/\/m.facebook.com\/AMINA-100767148840241\/\" \/>\n<meta property=\"article:modified_time\" content=\"2023-03-02T19:44:11+00:00\" \/>\n<meta property=\"og:image\" content=\"https:\/\/amina.is\/wp-content\/uploads\/2023\/02\/ah138-002_540x540.jpg\" \/>\n\t<meta property=\"og:image:width\" content=\"540\" \/>\n\t<meta property=\"og:image:height\" content=\"540\" \/>\n\t<meta property=\"og:image:type\" content=\"image\/jpeg\" \/>\n<meta name=\"twitter:card\" content=\"summary_large_image\" \/>\n<meta name=\"twitter:label1\" content=\"Est. reading time\" \/>\n\t<meta name=\"twitter:data1\" content=\"1 minute\" \/>\n<script type=\"application\/ld+json\" class=\"yoast-schema-graph\">{\"@context\":\"https:\\\/\\\/schema.org\",\"@graph\":[{\"@type\":\"WebPage\",\"@id\":\"https:\\\/\\\/amina.is\\\/verslun\\\/blaeti\\\/stangirofl\\\/master-series-masters-st-andrews-cross-serpontun\\\/\",\"url\":\"https:\\\/\\\/amina.is\\\/verslun\\\/blaeti\\\/stangirofl\\\/master-series-masters-st-andrews-cross-serpontun\\\/\",\"name\":\"Master Series - Masters St. Andrew's Cross S\u00c9RP\u00d6NTUN &#8211; Amina\",\"isPartOf\":{\"@id\":\"https:\\\/\\\/amina.is\\\/#website\"},\"primaryImageOfPage\":{\"@id\":\"https:\\\/\\\/amina.is\\\/verslun\\\/blaeti\\\/stangirofl\\\/master-series-masters-st-andrews-cross-serpontun\\\/#primaryimage\"},\"image\":{\"@id\":\"https:\\\/\\\/amina.is\\\/verslun\\\/blaeti\\\/stangirofl\\\/master-series-masters-st-andrews-cross-serpontun\\\/#primaryimage\"},\"thumbnailUrl\":\"https:\\\/\\\/amina.is\\\/wp-content\\\/uploads\\\/2023\\\/02\\\/ah138-002_540x540.jpg\",\"datePublished\":\"2023-02-19T19:48:05+00:00\",\"dateModified\":\"2023-03-02T19:44:11+00:00\",\"description\":\"Fyrir alla sem eiga e\u00f0a vilja b\u00faa s\u00e9r til alv\u00f6ru leikherbergi. Krossinn er skr\u00fafa\u00f0ur upp \u00e1 vegg og hentar \u00fev\u00ed vel \u00fear sem pl\u00e1ss er af skornum skammti.\",\"breadcrumb\":{\"@id\":\"https:\\\/\\\/amina.is\\\/verslun\\\/blaeti\\\/stangirofl\\\/master-series-masters-st-andrews-cross-serpontun\\\/#breadcrumb\"},\"inLanguage\":\"en-US\",\"potentialAction\":[{\"@type\":\"ReadAction\",\"target\":[\"https:\\\/\\\/amina.is\\\/verslun\\\/blaeti\\\/stangirofl\\\/master-series-masters-st-andrews-cross-serpontun\\\/\"]}]},{\"@type\":\"ImageObject\",\"inLanguage\":\"en-US\",\"@id\":\"https:\\\/\\\/amina.is\\\/verslun\\\/blaeti\\\/stangirofl\\\/master-series-masters-st-andrews-cross-serpontun\\\/#primaryimage\",\"url\":\"https:\\\/\\\/amina.is\\\/wp-content\\\/uploads\\\/2023\\\/02\\\/ah138-002_540x540.jpg\",\"contentUrl\":\"https:\\\/\\\/amina.is\\\/wp-content\\\/uploads\\\/2023\\\/02\\\/ah138-002_540x540.jpg\",\"width\":540,\"height\":540},{\"@type\":\"BreadcrumbList\",\"@id\":\"https:\\\/\\\/amina.is\\\/verslun\\\/blaeti\\\/stangirofl\\\/master-series-masters-st-andrews-cross-serpontun\\\/#breadcrumb\",\"itemListElement\":[{\"@type\":\"ListItem\",\"position\":1,\"name\":\"Home\",\"item\":\"https:\\\/\\\/amina.is\\\/\"},{\"@type\":\"ListItem\",\"position\":2,\"name\":\"Verslun\",\"item\":\"https:\\\/\\\/amina.is\\\/verslun\\\/\"},{\"@type\":\"ListItem\",\"position\":3,\"name\":\"Master Series &#8211; Masters St. Andrew&#8217;s Cross S\u00c9RP\u00d6NTUN\"}]},{\"@type\":\"WebSite\",\"@id\":\"https:\\\/\\\/amina.is\\\/#website\",\"url\":\"https:\\\/\\\/amina.is\\\/\",\"name\":\"Amina\",\"description\":\"Feeling is everything - Una\u00f0sv\u00f6rur fyrir alla\",\"publisher\":{\"@id\":\"https:\\\/\\\/amina.is\\\/#organization\"},\"potentialAction\":[{\"@type\":\"SearchAction\",\"target\":{\"@type\":\"EntryPoint\",\"urlTemplate\":\"https:\\\/\\\/amina.is\\\/?s={search_term_string}\"},\"query-input\":{\"@type\":\"PropertyValueSpecification\",\"valueRequired\":true,\"valueName\":\"search_term_string\"}}],\"inLanguage\":\"en-US\"},{\"@type\":\"Organization\",\"@id\":\"https:\\\/\\\/amina.is\\\/#organization\",\"name\":\"Amina\",\"url\":\"https:\\\/\\\/amina.is\\\/\",\"logo\":{\"@type\":\"ImageObject\",\"inLanguage\":\"en-US\",\"@id\":\"https:\\\/\\\/amina.is\\\/#\\\/schema\\\/logo\\\/image\\\/\",\"url\":\"https:\\\/\\\/amina.is\\\/wp-content\\\/uploads\\\/2021\\\/09\\\/logo.png\",\"contentUrl\":\"https:\\\/\\\/amina.is\\\/wp-content\\\/uploads\\\/2021\\\/09\\\/logo.png\",\"width\":1790,\"height\":464,\"caption\":\"Amina\"},\"image\":{\"@id\":\"https:\\\/\\\/amina.is\\\/#\\\/schema\\\/logo\\\/image\\\/\"},\"sameAs\":[\"https:\\\/\\\/m.facebook.com\\\/AMINA-100767148840241\\\/\",\"https:\\\/\\\/www.instagram.com\\\/aminaverslun\\\/\"]}]}<\/script>\n<!-- \/ Yoast SEO Premium plugin. -->","yoast_head_json":{"title":"Master Series - Masters St. Andrew's Cross S\u00c9RP\u00d6NTUN &#8211; Amina","description":"Fyrir alla sem eiga e\u00f0a vilja b\u00faa s\u00e9r til alv\u00f6ru leikherbergi. Krossinn er skr\u00fafa\u00f0ur upp \u00e1 vegg og hentar \u00fev\u00ed vel \u00fear sem pl\u00e1ss er af skornum skammti.","robots":{"index":"index","follow":"follow","max-snippet":"max-snippet:-1","max-image-preview":"max-image-preview:large","max-video-preview":"max-video-preview:-1"},"canonical":"https:\/\/amina.is\/en\/verslun\/blaeti\/stangirofl\/master-series-masters-st-andrews-cross-serpontun\/","og_locale":"en_US","og_type":"article","og_title":"Master Series - Masters St. Andrew's Cross S\u00c9RP\u00d6NTUN","og_description":"Fyrir alla sem eiga e\u00f0a vilja b\u00faa s\u00e9r til alv\u00f6ru leikherbergi. Krossinn er skr\u00fafa\u00f0ur upp \u00e1 vegg og hentar \u00fev\u00ed vel \u00fear sem pl\u00e1ss er af skornum skammti.","og_url":"https:\/\/amina.is\/en\/verslun\/blaeti\/stangirofl\/master-series-masters-st-andrews-cross-serpontun\/","og_site_name":"Amina","article_publisher":"https:\/\/m.facebook.com\/AMINA-100767148840241\/","article_modified_time":"2023-03-02T19:44:11+00:00","og_image":[{"width":540,"height":540,"url":"https:\/\/amina.is\/wp-content\/uploads\/2023\/02\/ah138-002_540x540.jpg","type":"image\/jpeg"}],"twitter_card":"summary_large_image","twitter_misc":{"Est. reading time":"1 minute"},"schema":{"@context":"https:\/\/schema.org","@graph":[{"@type":"WebPage","@id":"https:\/\/amina.is\/verslun\/blaeti\/stangirofl\/master-series-masters-st-andrews-cross-serpontun\/","url":"https:\/\/amina.is\/verslun\/blaeti\/stangirofl\/master-series-masters-st-andrews-cross-serpontun\/","name":"Master Series - Masters St. Andrew's Cross S\u00c9RP\u00d6NTUN &#8211; Amina","isPartOf":{"@id":"https:\/\/amina.is\/#website"},"primaryImageOfPage":{"@id":"https:\/\/amina.is\/verslun\/blaeti\/stangirofl\/master-series-masters-st-andrews-cross-serpontun\/#primaryimage"},"image":{"@id":"https:\/\/amina.is\/verslun\/blaeti\/stangirofl\/master-series-masters-st-andrews-cross-serpontun\/#primaryimage"},"thumbnailUrl":"https:\/\/amina.is\/wp-content\/uploads\/2023\/02\/ah138-002_540x540.jpg","datePublished":"2023-02-19T19:48:05+00:00","dateModified":"2023-03-02T19:44:11+00:00","description":"Fyrir alla sem eiga e\u00f0a vilja b\u00faa s\u00e9r til alv\u00f6ru leikherbergi. Krossinn er skr\u00fafa\u00f0ur upp \u00e1 vegg og hentar \u00fev\u00ed vel \u00fear sem pl\u00e1ss er af skornum skammti.","breadcrumb":{"@id":"https:\/\/amina.is\/verslun\/blaeti\/stangirofl\/master-series-masters-st-andrews-cross-serpontun\/#breadcrumb"},"inLanguage":"en-US","potentialAction":[{"@type":"ReadAction","target":["https:\/\/amina.is\/verslun\/blaeti\/stangirofl\/master-series-masters-st-andrews-cross-serpontun\/"]}]},{"@type":"ImageObject","inLanguage":"en-US","@id":"https:\/\/amina.is\/verslun\/blaeti\/stangirofl\/master-series-masters-st-andrews-cross-serpontun\/#primaryimage","url":"https:\/\/amina.is\/wp-content\/uploads\/2023\/02\/ah138-002_540x540.jpg","contentUrl":"https:\/\/amina.is\/wp-content\/uploads\/2023\/02\/ah138-002_540x540.jpg","width":540,"height":540},{"@type":"BreadcrumbList","@id":"https:\/\/amina.is\/verslun\/blaeti\/stangirofl\/master-series-masters-st-andrews-cross-serpontun\/#breadcrumb","itemListElement":[{"@type":"ListItem","position":1,"name":"Home","item":"https:\/\/amina.is\/"},{"@type":"ListItem","position":2,"name":"Verslun","item":"https:\/\/amina.is\/verslun\/"},{"@type":"ListItem","position":3,"name":"Master Series &#8211; Masters St. Andrew&#8217;s Cross S\u00c9RP\u00d6NTUN"}]},{"@type":"WebSite","@id":"https:\/\/amina.is\/#website","url":"https:\/\/amina.is\/","name":"Amina","description":"Feeling is everything - Una\u00f0sv\u00f6rur fyrir alla","publisher":{"@id":"https:\/\/amina.is\/#organization"},"potentialAction":[{"@type":"SearchAction","target":{"@type":"EntryPoint","urlTemplate":"https:\/\/amina.is\/?s={search_term_string}"},"query-input":{"@type":"PropertyValueSpecification","valueRequired":true,"valueName":"search_term_string"}}],"inLanguage":"en-US"},{"@type":"Organization","@id":"https:\/\/amina.is\/#organization","name":"Amina","url":"https:\/\/amina.is\/","logo":{"@type":"ImageObject","inLanguage":"en-US","@id":"https:\/\/amina.is\/#\/schema\/logo\/image\/","url":"https:\/\/amina.is\/wp-content\/uploads\/2021\/09\/logo.png","contentUrl":"https:\/\/amina.is\/wp-content\/uploads\/2021\/09\/logo.png","width":1790,"height":464,"caption":"Amina"},"image":{"@id":"https:\/\/amina.is\/#\/schema\/logo\/image\/"},"sameAs":["https:\/\/m.facebook.com\/AMINA-100767148840241\/","https:\/\/www.instagram.com\/aminaverslun\/"]}]}},"_links":{"self":[{"href":"https:\/\/amina.is\/en\/wp-json\/wp\/v2\/product\/11039","targetHints":{"allow":["GET"]}}],"collection":[{"href":"https:\/\/amina.is\/en\/wp-json\/wp\/v2\/product"}],"about":[{"href":"https:\/\/amina.is\/en\/wp-json\/wp\/v2\/types\/product"}],"version-history":[{"count":2,"href":"https:\/\/amina.is\/en\/wp-json\/wp\/v2\/product\/11039\/revisions"}],"predecessor-version":[{"id":11240,"href":"https:\/\/amina.is\/en\/wp-json\/wp\/v2\/product\/11039\/revisions\/11240"}],"wp:featuredmedia":[{"embeddable":true,"href":"https:\/\/amina.is\/en\/wp-json\/wp\/v2\/media\/11042"}],"wp:attachment":[{"href":"https:\/\/amina.is\/en\/wp-json\/wp\/v2\/media?parent=11039"}],"wp:term":[{"taxonomy":"product_brand","embeddable":true,"href":"https:\/\/amina.is\/en\/wp-json\/wp\/v2\/product_brand?post=11039"},{"taxonomy":"product_cat","embeddable":true,"href":"https:\/\/amina.is\/en\/wp-json\/wp\/v2\/product_cat?post=11039"},{"taxonomy":"product_tag","embeddable":true,"href":"https:\/\/amina.is\/en\/wp-json\/wp\/v2\/product_tag?post=11039"}],"curies":[{"name":"wp","href":"https:\/\/api.w.org\/{rel}","templated":true}]}}