{"id":11015,"date":"2023-02-09T23:27:59","date_gmt":"2023-02-09T23:27:59","guid":{"rendered":"https:\/\/amina.is\/?post_type=product&#038;p=11015"},"modified":"2025-03-08T14:18:00","modified_gmt":"2025-03-08T14:18:00","slug":"mistress-double-shot-mouth-and-ass-stroker","status":"publish","type":"product","link":"https:\/\/amina.is\/en\/verslun\/typpid\/muffur\/mistress-double-shot-mouth-and-ass-stroker\/","title":{"rendered":"Mistress &#8211; Double Shot Mouth and Ass Stroker"},"content":{"rendered":"<h5>Handh\u00e6g m\u00faffa sem \u00fe\u00e6gilegt er a\u00f0 fer\u00f0ast me\u00f0 og au\u00f0velt er a\u00f0 \u00fer\u00edfa. B\u00fd\u00f0ur upp \u00e1 tvo enda, munn og rass og er h\u00e6gt a\u00f0 nota hana me\u00f0 opi\u00f0 \u00ed b\u00e1\u00f0a enda e\u00f0a loka\u00f0 \u00f6\u00f0rum megin fyrir meira sog. Mynstru\u00f0 a\u00f0 innan fyrir aukinn una\u00f0. B\u00fain til \u00far mj\u00faku, teygjanlegu efni sem er raunverulegt vi\u00f0komu. Best er a\u00f0 nota vatnsleysanlegt sleipiefni.<\/h5>\n<h5>Efni: TPE, ABS. Heildarlengd: 11,2cm. Breidd: 6,8cm. Innsetjanleg lengd: 10,2cm.<\/h5>","protected":false},"excerpt":{"rendered":"<p>Handh\u00e6g m\u00faffa sem \u00fe\u00e6gilegt er a\u00f0 fer\u00f0ast me\u00f0 og au\u00f0velt er a\u00f0 \u00fer\u00edfa.<\/p>","protected":false},"featured_media":11016,"template":"","meta":{"inline_featured_image":false},"product_brand":[],"product_cat":[41,43,877,899,45],"product_tag":[69,418,352,62,64,63,322,298],"class_list":{"0":"post-11015","1":"product","2":"type-product","3":"status-publish","4":"has-post-thumbnail","6":"product_cat-fyrir-tha","7":"product_cat-fyrir-thau","8":"product_cat-muffur","9":"product_cat-notaahann","10":"product_cat-typpid","11":"product_tag-masturbation","12":"product_tag-masturbator","13":"product_tag-mistress","14":"product_tag-muffa","15":"product_tag-penis","16":"product_tag-sjalfsfroun","17":"product_tag-stroker","18":"product_tag-typpid","20":"first","21":"instock","22":"shipping-taxable","23":"purchasable","24":"product-type-simple"},"yoast_head":"<!-- This site is optimized with the Yoast SEO Premium plugin v21.6 (Yoast SEO v27.3) - https:\/\/yoast.com\/product\/yoast-seo-premium-wordpress\/ -->\n<title>Mistress - Double Shot Mouth and Ass Stroker &#8211; Amina<\/title>\n<meta name=\"description\" content=\"Handh\u00e6g m\u00faffa sem \u00fe\u00e6gilegt er a\u00f0 fer\u00f0ast me\u00f0 og au\u00f0velt er a\u00f0 \u00fer\u00edfa.\" \/>\n<meta name=\"robots\" content=\"index, follow, max-snippet:-1, max-image-preview:large, max-video-preview:-1\" \/>\n<link rel=\"canonical\" href=\"https:\/\/amina.is\/en\/verslun\/typpid\/muffur\/mistress-double-shot-mouth-and-ass-stroker\/\" \/>\n<meta property=\"og:locale\" content=\"en_US\" \/>\n<meta property=\"og:type\" content=\"article\" \/>\n<meta property=\"og:title\" content=\"Mistress - Double Shot Mouth and Ass Stroker\" \/>\n<meta property=\"og:description\" content=\"Handh\u00e6g m\u00faffa sem \u00fe\u00e6gilegt er a\u00f0 fer\u00f0ast me\u00f0 og au\u00f0velt er a\u00f0 \u00fer\u00edfa.\" \/>\n<meta property=\"og:url\" content=\"https:\/\/amina.is\/en\/verslun\/typpid\/muffur\/mistress-double-shot-mouth-and-ass-stroker\/\" \/>\n<meta property=\"og:site_name\" content=\"Amina\" \/>\n<meta property=\"article:publisher\" content=\"https:\/\/m.facebook.com\/AMINA-100767148840241\/\" \/>\n<meta property=\"article:modified_time\" content=\"2025-03-08T14:18:00+00:00\" \/>\n<meta property=\"og:image\" content=\"https:\/\/amina.is\/wp-content\/uploads\/2023\/02\/cn-07-0581-10-001_540x540.jpg\" \/>\n\t<meta property=\"og:image:width\" content=\"540\" \/>\n\t<meta property=\"og:image:height\" content=\"540\" \/>\n\t<meta property=\"og:image:type\" content=\"image\/jpeg\" \/>\n<meta name=\"twitter:card\" content=\"summary_large_image\" \/>\n<meta name=\"twitter:label1\" content=\"Est. reading time\" \/>\n\t<meta name=\"twitter:data1\" content=\"1 minute\" \/>\n<script type=\"application\/ld+json\" class=\"yoast-schema-graph\">{\"@context\":\"https:\\\/\\\/schema.org\",\"@graph\":[{\"@type\":\"WebPage\",\"@id\":\"https:\\\/\\\/amina.is\\\/verslun\\\/typpid\\\/muffur\\\/mistress-double-shot-mouth-and-ass-stroker\\\/\",\"url\":\"https:\\\/\\\/amina.is\\\/verslun\\\/typpid\\\/muffur\\\/mistress-double-shot-mouth-and-ass-stroker\\\/\",\"name\":\"Mistress - Double Shot Mouth and Ass Stroker &#8211; Amina\",\"isPartOf\":{\"@id\":\"https:\\\/\\\/amina.is\\\/#website\"},\"primaryImageOfPage\":{\"@id\":\"https:\\\/\\\/amina.is\\\/verslun\\\/typpid\\\/muffur\\\/mistress-double-shot-mouth-and-ass-stroker\\\/#primaryimage\"},\"image\":{\"@id\":\"https:\\\/\\\/amina.is\\\/verslun\\\/typpid\\\/muffur\\\/mistress-double-shot-mouth-and-ass-stroker\\\/#primaryimage\"},\"thumbnailUrl\":\"https:\\\/\\\/amina.is\\\/wp-content\\\/uploads\\\/2023\\\/02\\\/cn-07-0581-10-001_540x540.jpg\",\"datePublished\":\"2023-02-09T23:27:59+00:00\",\"dateModified\":\"2025-03-08T14:18:00+00:00\",\"description\":\"Handh\u00e6g m\u00faffa sem \u00fe\u00e6gilegt er a\u00f0 fer\u00f0ast me\u00f0 og au\u00f0velt er a\u00f0 \u00fer\u00edfa.\",\"breadcrumb\":{\"@id\":\"https:\\\/\\\/amina.is\\\/verslun\\\/typpid\\\/muffur\\\/mistress-double-shot-mouth-and-ass-stroker\\\/#breadcrumb\"},\"inLanguage\":\"en-US\",\"potentialAction\":[{\"@type\":\"ReadAction\",\"target\":[\"https:\\\/\\\/amina.is\\\/verslun\\\/typpid\\\/muffur\\\/mistress-double-shot-mouth-and-ass-stroker\\\/\"]}]},{\"@type\":\"ImageObject\",\"inLanguage\":\"en-US\",\"@id\":\"https:\\\/\\\/amina.is\\\/verslun\\\/typpid\\\/muffur\\\/mistress-double-shot-mouth-and-ass-stroker\\\/#primaryimage\",\"url\":\"https:\\\/\\\/amina.is\\\/wp-content\\\/uploads\\\/2023\\\/02\\\/cn-07-0581-10-001_540x540.jpg\",\"contentUrl\":\"https:\\\/\\\/amina.is\\\/wp-content\\\/uploads\\\/2023\\\/02\\\/cn-07-0581-10-001_540x540.jpg\",\"width\":540,\"height\":540},{\"@type\":\"BreadcrumbList\",\"@id\":\"https:\\\/\\\/amina.is\\\/verslun\\\/typpid\\\/muffur\\\/mistress-double-shot-mouth-and-ass-stroker\\\/#breadcrumb\",\"itemListElement\":[{\"@type\":\"ListItem\",\"position\":1,\"name\":\"Home\",\"item\":\"https:\\\/\\\/amina.is\\\/\"},{\"@type\":\"ListItem\",\"position\":2,\"name\":\"Verslun\",\"item\":\"https:\\\/\\\/amina.is\\\/verslun\\\/\"},{\"@type\":\"ListItem\",\"position\":3,\"name\":\"Mistress &#8211; Double Shot Mouth and Ass Stroker\"}]},{\"@type\":\"WebSite\",\"@id\":\"https:\\\/\\\/amina.is\\\/#website\",\"url\":\"https:\\\/\\\/amina.is\\\/\",\"name\":\"Amina\",\"description\":\"Feeling is everything - Una\u00f0sv\u00f6rur fyrir alla\",\"publisher\":{\"@id\":\"https:\\\/\\\/amina.is\\\/#organization\"},\"potentialAction\":[{\"@type\":\"SearchAction\",\"target\":{\"@type\":\"EntryPoint\",\"urlTemplate\":\"https:\\\/\\\/amina.is\\\/?s={search_term_string}\"},\"query-input\":{\"@type\":\"PropertyValueSpecification\",\"valueRequired\":true,\"valueName\":\"search_term_string\"}}],\"inLanguage\":\"en-US\"},{\"@type\":\"Organization\",\"@id\":\"https:\\\/\\\/amina.is\\\/#organization\",\"name\":\"Amina\",\"url\":\"https:\\\/\\\/amina.is\\\/\",\"logo\":{\"@type\":\"ImageObject\",\"inLanguage\":\"en-US\",\"@id\":\"https:\\\/\\\/amina.is\\\/#\\\/schema\\\/logo\\\/image\\\/\",\"url\":\"https:\\\/\\\/amina.is\\\/wp-content\\\/uploads\\\/2021\\\/09\\\/logo.png\",\"contentUrl\":\"https:\\\/\\\/amina.is\\\/wp-content\\\/uploads\\\/2021\\\/09\\\/logo.png\",\"width\":1790,\"height\":464,\"caption\":\"Amina\"},\"image\":{\"@id\":\"https:\\\/\\\/amina.is\\\/#\\\/schema\\\/logo\\\/image\\\/\"},\"sameAs\":[\"https:\\\/\\\/m.facebook.com\\\/AMINA-100767148840241\\\/\",\"https:\\\/\\\/www.instagram.com\\\/aminaverslun\\\/\"]}]}<\/script>\n<!-- \/ Yoast SEO Premium plugin. -->","yoast_head_json":{"title":"Mistress - Double Shot Mouth and Ass Stroker &#8211; Amina","description":"Handh\u00e6g m\u00faffa sem \u00fe\u00e6gilegt er a\u00f0 fer\u00f0ast me\u00f0 og au\u00f0velt er a\u00f0 \u00fer\u00edfa.","robots":{"index":"index","follow":"follow","max-snippet":"max-snippet:-1","max-image-preview":"max-image-preview:large","max-video-preview":"max-video-preview:-1"},"canonical":"https:\/\/amina.is\/en\/verslun\/typpid\/muffur\/mistress-double-shot-mouth-and-ass-stroker\/","og_locale":"en_US","og_type":"article","og_title":"Mistress - Double Shot Mouth and Ass Stroker","og_description":"Handh\u00e6g m\u00faffa sem \u00fe\u00e6gilegt er a\u00f0 fer\u00f0ast me\u00f0 og au\u00f0velt er a\u00f0 \u00fer\u00edfa.","og_url":"https:\/\/amina.is\/en\/verslun\/typpid\/muffur\/mistress-double-shot-mouth-and-ass-stroker\/","og_site_name":"Amina","article_publisher":"https:\/\/m.facebook.com\/AMINA-100767148840241\/","article_modified_time":"2025-03-08T14:18:00+00:00","og_image":[{"width":540,"height":540,"url":"https:\/\/amina.is\/wp-content\/uploads\/2023\/02\/cn-07-0581-10-001_540x540.jpg","type":"image\/jpeg"}],"twitter_card":"summary_large_image","twitter_misc":{"Est. reading time":"1 minute"},"schema":{"@context":"https:\/\/schema.org","@graph":[{"@type":"WebPage","@id":"https:\/\/amina.is\/verslun\/typpid\/muffur\/mistress-double-shot-mouth-and-ass-stroker\/","url":"https:\/\/amina.is\/verslun\/typpid\/muffur\/mistress-double-shot-mouth-and-ass-stroker\/","name":"Mistress - Double Shot Mouth and Ass Stroker &#8211; Amina","isPartOf":{"@id":"https:\/\/amina.is\/#website"},"primaryImageOfPage":{"@id":"https:\/\/amina.is\/verslun\/typpid\/muffur\/mistress-double-shot-mouth-and-ass-stroker\/#primaryimage"},"image":{"@id":"https:\/\/amina.is\/verslun\/typpid\/muffur\/mistress-double-shot-mouth-and-ass-stroker\/#primaryimage"},"thumbnailUrl":"https:\/\/amina.is\/wp-content\/uploads\/2023\/02\/cn-07-0581-10-001_540x540.jpg","datePublished":"2023-02-09T23:27:59+00:00","dateModified":"2025-03-08T14:18:00+00:00","description":"Handh\u00e6g m\u00faffa sem \u00fe\u00e6gilegt er a\u00f0 fer\u00f0ast me\u00f0 og au\u00f0velt er a\u00f0 \u00fer\u00edfa.","breadcrumb":{"@id":"https:\/\/amina.is\/verslun\/typpid\/muffur\/mistress-double-shot-mouth-and-ass-stroker\/#breadcrumb"},"inLanguage":"en-US","potentialAction":[{"@type":"ReadAction","target":["https:\/\/amina.is\/verslun\/typpid\/muffur\/mistress-double-shot-mouth-and-ass-stroker\/"]}]},{"@type":"ImageObject","inLanguage":"en-US","@id":"https:\/\/amina.is\/verslun\/typpid\/muffur\/mistress-double-shot-mouth-and-ass-stroker\/#primaryimage","url":"https:\/\/amina.is\/wp-content\/uploads\/2023\/02\/cn-07-0581-10-001_540x540.jpg","contentUrl":"https:\/\/amina.is\/wp-content\/uploads\/2023\/02\/cn-07-0581-10-001_540x540.jpg","width":540,"height":540},{"@type":"BreadcrumbList","@id":"https:\/\/amina.is\/verslun\/typpid\/muffur\/mistress-double-shot-mouth-and-ass-stroker\/#breadcrumb","itemListElement":[{"@type":"ListItem","position":1,"name":"Home","item":"https:\/\/amina.is\/"},{"@type":"ListItem","position":2,"name":"Verslun","item":"https:\/\/amina.is\/verslun\/"},{"@type":"ListItem","position":3,"name":"Mistress &#8211; Double Shot Mouth and Ass Stroker"}]},{"@type":"WebSite","@id":"https:\/\/amina.is\/#website","url":"https:\/\/amina.is\/","name":"Amina","description":"Feeling is everything - Una\u00f0sv\u00f6rur fyrir alla","publisher":{"@id":"https:\/\/amina.is\/#organization"},"potentialAction":[{"@type":"SearchAction","target":{"@type":"EntryPoint","urlTemplate":"https:\/\/amina.is\/?s={search_term_string}"},"query-input":{"@type":"PropertyValueSpecification","valueRequired":true,"valueName":"search_term_string"}}],"inLanguage":"en-US"},{"@type":"Organization","@id":"https:\/\/amina.is\/#organization","name":"Amina","url":"https:\/\/amina.is\/","logo":{"@type":"ImageObject","inLanguage":"en-US","@id":"https:\/\/amina.is\/#\/schema\/logo\/image\/","url":"https:\/\/amina.is\/wp-content\/uploads\/2021\/09\/logo.png","contentUrl":"https:\/\/amina.is\/wp-content\/uploads\/2021\/09\/logo.png","width":1790,"height":464,"caption":"Amina"},"image":{"@id":"https:\/\/amina.is\/#\/schema\/logo\/image\/"},"sameAs":["https:\/\/m.facebook.com\/AMINA-100767148840241\/","https:\/\/www.instagram.com\/aminaverslun\/"]}]}},"_links":{"self":[{"href":"https:\/\/amina.is\/en\/wp-json\/wp\/v2\/product\/11015","targetHints":{"allow":["GET"]}}],"collection":[{"href":"https:\/\/amina.is\/en\/wp-json\/wp\/v2\/product"}],"about":[{"href":"https:\/\/amina.is\/en\/wp-json\/wp\/v2\/types\/product"}],"version-history":[{"count":1,"href":"https:\/\/amina.is\/en\/wp-json\/wp\/v2\/product\/11015\/revisions"}],"predecessor-version":[{"id":11023,"href":"https:\/\/amina.is\/en\/wp-json\/wp\/v2\/product\/11015\/revisions\/11023"}],"wp:featuredmedia":[{"embeddable":true,"href":"https:\/\/amina.is\/en\/wp-json\/wp\/v2\/media\/11016"}],"wp:attachment":[{"href":"https:\/\/amina.is\/en\/wp-json\/wp\/v2\/media?parent=11015"}],"wp:term":[{"taxonomy":"product_brand","embeddable":true,"href":"https:\/\/amina.is\/en\/wp-json\/wp\/v2\/product_brand?post=11015"},{"taxonomy":"product_cat","embeddable":true,"href":"https:\/\/amina.is\/en\/wp-json\/wp\/v2\/product_cat?post=11015"},{"taxonomy":"product_tag","embeddable":true,"href":"https:\/\/amina.is\/en\/wp-json\/wp\/v2\/product_tag?post=11015"}],"curies":[{"name":"wp","href":"https:\/\/api.w.org\/{rel}","templated":true}]}}