{"id":11009,"date":"2023-02-09T23:04:06","date_gmt":"2023-02-09T23:04:06","guid":{"rendered":"https:\/\/amina.is\/?post_type=product&#038;p=11009"},"modified":"2023-09-14T21:10:46","modified_gmt":"2023-09-14T21:10:46","slug":"tom-of-finland-head-to-head-vibrating-sleeve","status":"publish","type":"product","link":"https:\/\/amina.is\/en\/verslun\/typpid\/anndtyppid\/tom-of-finland-head-to-head-vibrating-sleeve\/","title":{"rendered":"Tom of Finland &#8211; Head to Head Vibrating Sleeve"},"content":{"rendered":"<div class=\"column whole large-seven-twelfths medium-half product-information--description\">\n<h5>V\u00f6rurnar fr\u00e1 Tom of Finland klikka seint. M\u00faffa fyrir tvo me\u00f0 titring. Fr\u00e1b\u00e6rt t\u00e6ki fyrir par e\u00f0a vini sem vilja leika s\u00e9r saman.<\/h5>\n<h5>Efni: TPR, ABS. Heildarlengd: 26,6cm. Umm\u00e1l: 3,8cm. Notar 2 AAA rafhl\u00f6\u00f0ur. (Ekki innifaldar) &#8222;Dog tag&#8220; og Tom of Finland p\u00f3stkort fylgir me\u00f0.<\/h5>\n<\/div>","protected":false},"excerpt":{"rendered":"<p>V\u00f6rurnar fr\u00e1 Tom of Finland klikka seint. M\u00faffa fyrir tvo me\u00f0 titring.<\/p>","protected":false},"featured_media":11010,"template":"","meta":{"inline_featured_image":false},"product_brand":[],"product_cat":[882,41,895,345,45],"product_tag":[375,69,63,70,373,808],"class_list":{"0":"post-11009","1":"product","2":"type-product","3":"status-publish","4":"has-post-thumbnail","6":"product_cat-anndtyppid","7":"product_cat-fyrir-tha","8":"product_cat-samanh","9":"product_cat-tom-of-finland","10":"product_cat-typpid","11":"product_tag-gay-interest","12":"product_tag-masturbation","13":"product_tag-sjalfsfroun","14":"product_tag-sleeve","15":"product_tag-tom-of-finland","16":"product_tag-vibrating-sleeve","18":"first","19":"instock","20":"shipping-taxable","21":"purchasable","22":"product-type-simple"},"yoast_head":"<!-- This site is optimized with the Yoast SEO Premium plugin v21.6 (Yoast SEO v27.4) - https:\/\/yoast.com\/product\/yoast-seo-premium-wordpress\/ -->\n<title>Tom of Finland - Head to Head Vibrating Sleeve &#8211; Amina<\/title>\n<meta name=\"description\" content=\"V\u00f6rurnar fr\u00e1 Tom of Finland klikka seint. M\u00faffa fyrir tvo me\u00f0 titring. Fr\u00e1b\u00e6rt t\u00e6ki fyrir par e\u00f0a vini sem vilja leika s\u00e9r saman.\" \/>\n<meta name=\"robots\" content=\"index, follow, max-snippet:-1, max-image-preview:large, max-video-preview:-1\" \/>\n<link rel=\"canonical\" href=\"https:\/\/amina.is\/en\/verslun\/typpid\/anndtyppid\/tom-of-finland-head-to-head-vibrating-sleeve\/\" \/>\n<meta property=\"og:locale\" content=\"en_US\" \/>\n<meta property=\"og:type\" content=\"article\" \/>\n<meta property=\"og:title\" content=\"Tom of Finland - Head to Head Vibrating Sleeve\" \/>\n<meta property=\"og:description\" content=\"V\u00f6rurnar fr\u00e1 Tom of Finland klikka seint. M\u00faffa fyrir tvo me\u00f0 titring. Fr\u00e1b\u00e6rt t\u00e6ki fyrir par e\u00f0a vini sem vilja leika s\u00e9r saman.\" \/>\n<meta property=\"og:url\" content=\"https:\/\/amina.is\/en\/verslun\/typpid\/anndtyppid\/tom-of-finland-head-to-head-vibrating-sleeve\/\" \/>\n<meta property=\"og:site_name\" content=\"Amina\" \/>\n<meta property=\"article:publisher\" content=\"https:\/\/m.facebook.com\/AMINA-100767148840241\/\" \/>\n<meta property=\"article:modified_time\" content=\"2023-09-14T21:10:46+00:00\" \/>\n<meta property=\"og:image\" content=\"https:\/\/amina.is\/wp-content\/uploads\/2023\/02\/tf3910-bulk-full-white_540x540.jpg\" \/>\n\t<meta property=\"og:image:width\" content=\"540\" \/>\n\t<meta property=\"og:image:height\" content=\"540\" \/>\n\t<meta property=\"og:image:type\" content=\"image\/jpeg\" \/>\n<meta name=\"twitter:card\" content=\"summary_large_image\" \/>\n<meta name=\"twitter:label1\" content=\"Est. reading time\" \/>\n\t<meta name=\"twitter:data1\" content=\"1 minute\" \/>\n<script type=\"application\/ld+json\" class=\"yoast-schema-graph\">{\"@context\":\"https:\\\/\\\/schema.org\",\"@graph\":[{\"@type\":\"WebPage\",\"@id\":\"https:\\\/\\\/amina.is\\\/verslun\\\/typpid\\\/anndtyppid\\\/tom-of-finland-head-to-head-vibrating-sleeve\\\/\",\"url\":\"https:\\\/\\\/amina.is\\\/verslun\\\/typpid\\\/anndtyppid\\\/tom-of-finland-head-to-head-vibrating-sleeve\\\/\",\"name\":\"Tom of Finland - Head to Head Vibrating Sleeve &#8211; Amina\",\"isPartOf\":{\"@id\":\"https:\\\/\\\/amina.is\\\/#website\"},\"primaryImageOfPage\":{\"@id\":\"https:\\\/\\\/amina.is\\\/verslun\\\/typpid\\\/anndtyppid\\\/tom-of-finland-head-to-head-vibrating-sleeve\\\/#primaryimage\"},\"image\":{\"@id\":\"https:\\\/\\\/amina.is\\\/verslun\\\/typpid\\\/anndtyppid\\\/tom-of-finland-head-to-head-vibrating-sleeve\\\/#primaryimage\"},\"thumbnailUrl\":\"https:\\\/\\\/amina.is\\\/wp-content\\\/uploads\\\/2023\\\/02\\\/tf3910-bulk-full-white_540x540.jpg\",\"datePublished\":\"2023-02-09T23:04:06+00:00\",\"dateModified\":\"2023-09-14T21:10:46+00:00\",\"description\":\"V\u00f6rurnar fr\u00e1 Tom of Finland klikka seint. M\u00faffa fyrir tvo me\u00f0 titring. Fr\u00e1b\u00e6rt t\u00e6ki fyrir par e\u00f0a vini sem vilja leika s\u00e9r saman.\",\"breadcrumb\":{\"@id\":\"https:\\\/\\\/amina.is\\\/verslun\\\/typpid\\\/anndtyppid\\\/tom-of-finland-head-to-head-vibrating-sleeve\\\/#breadcrumb\"},\"inLanguage\":\"en-US\",\"potentialAction\":[{\"@type\":\"ReadAction\",\"target\":[\"https:\\\/\\\/amina.is\\\/verslun\\\/typpid\\\/anndtyppid\\\/tom-of-finland-head-to-head-vibrating-sleeve\\\/\"]}]},{\"@type\":\"ImageObject\",\"inLanguage\":\"en-US\",\"@id\":\"https:\\\/\\\/amina.is\\\/verslun\\\/typpid\\\/anndtyppid\\\/tom-of-finland-head-to-head-vibrating-sleeve\\\/#primaryimage\",\"url\":\"https:\\\/\\\/amina.is\\\/wp-content\\\/uploads\\\/2023\\\/02\\\/tf3910-bulk-full-white_540x540.jpg\",\"contentUrl\":\"https:\\\/\\\/amina.is\\\/wp-content\\\/uploads\\\/2023\\\/02\\\/tf3910-bulk-full-white_540x540.jpg\",\"width\":540,\"height\":540},{\"@type\":\"BreadcrumbList\",\"@id\":\"https:\\\/\\\/amina.is\\\/verslun\\\/typpid\\\/anndtyppid\\\/tom-of-finland-head-to-head-vibrating-sleeve\\\/#breadcrumb\",\"itemListElement\":[{\"@type\":\"ListItem\",\"position\":1,\"name\":\"Home\",\"item\":\"https:\\\/\\\/amina.is\\\/\"},{\"@type\":\"ListItem\",\"position\":2,\"name\":\"Verslun\",\"item\":\"https:\\\/\\\/amina.is\\\/verslun\\\/\"},{\"@type\":\"ListItem\",\"position\":3,\"name\":\"Tom of Finland &#8211; Head to Head Vibrating Sleeve\"}]},{\"@type\":\"WebSite\",\"@id\":\"https:\\\/\\\/amina.is\\\/#website\",\"url\":\"https:\\\/\\\/amina.is\\\/\",\"name\":\"Amina\",\"description\":\"Feeling is everything - Una\u00f0sv\u00f6rur fyrir alla\",\"publisher\":{\"@id\":\"https:\\\/\\\/amina.is\\\/#organization\"},\"potentialAction\":[{\"@type\":\"SearchAction\",\"target\":{\"@type\":\"EntryPoint\",\"urlTemplate\":\"https:\\\/\\\/amina.is\\\/?s={search_term_string}\"},\"query-input\":{\"@type\":\"PropertyValueSpecification\",\"valueRequired\":true,\"valueName\":\"search_term_string\"}}],\"inLanguage\":\"en-US\"},{\"@type\":\"Organization\",\"@id\":\"https:\\\/\\\/amina.is\\\/#organization\",\"name\":\"Amina\",\"url\":\"https:\\\/\\\/amina.is\\\/\",\"logo\":{\"@type\":\"ImageObject\",\"inLanguage\":\"en-US\",\"@id\":\"https:\\\/\\\/amina.is\\\/#\\\/schema\\\/logo\\\/image\\\/\",\"url\":\"https:\\\/\\\/amina.is\\\/wp-content\\\/uploads\\\/2021\\\/09\\\/logo.png\",\"contentUrl\":\"https:\\\/\\\/amina.is\\\/wp-content\\\/uploads\\\/2021\\\/09\\\/logo.png\",\"width\":1790,\"height\":464,\"caption\":\"Amina\"},\"image\":{\"@id\":\"https:\\\/\\\/amina.is\\\/#\\\/schema\\\/logo\\\/image\\\/\"},\"sameAs\":[\"https:\\\/\\\/m.facebook.com\\\/AMINA-100767148840241\\\/\",\"https:\\\/\\\/www.instagram.com\\\/aminaverslun\\\/\"]}]}<\/script>\n<!-- \/ Yoast SEO Premium plugin. -->","yoast_head_json":{"title":"Tom of Finland - Head to Head Vibrating Sleeve &#8211; Amina","description":"V\u00f6rurnar fr\u00e1 Tom of Finland klikka seint. M\u00faffa fyrir tvo me\u00f0 titring. Fr\u00e1b\u00e6rt t\u00e6ki fyrir par e\u00f0a vini sem vilja leika s\u00e9r saman.","robots":{"index":"index","follow":"follow","max-snippet":"max-snippet:-1","max-image-preview":"max-image-preview:large","max-video-preview":"max-video-preview:-1"},"canonical":"https:\/\/amina.is\/en\/verslun\/typpid\/anndtyppid\/tom-of-finland-head-to-head-vibrating-sleeve\/","og_locale":"en_US","og_type":"article","og_title":"Tom of Finland - Head to Head Vibrating Sleeve","og_description":"V\u00f6rurnar fr\u00e1 Tom of Finland klikka seint. M\u00faffa fyrir tvo me\u00f0 titring. Fr\u00e1b\u00e6rt t\u00e6ki fyrir par e\u00f0a vini sem vilja leika s\u00e9r saman.","og_url":"https:\/\/amina.is\/en\/verslun\/typpid\/anndtyppid\/tom-of-finland-head-to-head-vibrating-sleeve\/","og_site_name":"Amina","article_publisher":"https:\/\/m.facebook.com\/AMINA-100767148840241\/","article_modified_time":"2023-09-14T21:10:46+00:00","og_image":[{"width":540,"height":540,"url":"https:\/\/amina.is\/wp-content\/uploads\/2023\/02\/tf3910-bulk-full-white_540x540.jpg","type":"image\/jpeg"}],"twitter_card":"summary_large_image","twitter_misc":{"Est. reading time":"1 minute"},"schema":{"@context":"https:\/\/schema.org","@graph":[{"@type":"WebPage","@id":"https:\/\/amina.is\/verslun\/typpid\/anndtyppid\/tom-of-finland-head-to-head-vibrating-sleeve\/","url":"https:\/\/amina.is\/verslun\/typpid\/anndtyppid\/tom-of-finland-head-to-head-vibrating-sleeve\/","name":"Tom of Finland - Head to Head Vibrating Sleeve &#8211; Amina","isPartOf":{"@id":"https:\/\/amina.is\/#website"},"primaryImageOfPage":{"@id":"https:\/\/amina.is\/verslun\/typpid\/anndtyppid\/tom-of-finland-head-to-head-vibrating-sleeve\/#primaryimage"},"image":{"@id":"https:\/\/amina.is\/verslun\/typpid\/anndtyppid\/tom-of-finland-head-to-head-vibrating-sleeve\/#primaryimage"},"thumbnailUrl":"https:\/\/amina.is\/wp-content\/uploads\/2023\/02\/tf3910-bulk-full-white_540x540.jpg","datePublished":"2023-02-09T23:04:06+00:00","dateModified":"2023-09-14T21:10:46+00:00","description":"V\u00f6rurnar fr\u00e1 Tom of Finland klikka seint. M\u00faffa fyrir tvo me\u00f0 titring. Fr\u00e1b\u00e6rt t\u00e6ki fyrir par e\u00f0a vini sem vilja leika s\u00e9r saman.","breadcrumb":{"@id":"https:\/\/amina.is\/verslun\/typpid\/anndtyppid\/tom-of-finland-head-to-head-vibrating-sleeve\/#breadcrumb"},"inLanguage":"en-US","potentialAction":[{"@type":"ReadAction","target":["https:\/\/amina.is\/verslun\/typpid\/anndtyppid\/tom-of-finland-head-to-head-vibrating-sleeve\/"]}]},{"@type":"ImageObject","inLanguage":"en-US","@id":"https:\/\/amina.is\/verslun\/typpid\/anndtyppid\/tom-of-finland-head-to-head-vibrating-sleeve\/#primaryimage","url":"https:\/\/amina.is\/wp-content\/uploads\/2023\/02\/tf3910-bulk-full-white_540x540.jpg","contentUrl":"https:\/\/amina.is\/wp-content\/uploads\/2023\/02\/tf3910-bulk-full-white_540x540.jpg","width":540,"height":540},{"@type":"BreadcrumbList","@id":"https:\/\/amina.is\/verslun\/typpid\/anndtyppid\/tom-of-finland-head-to-head-vibrating-sleeve\/#breadcrumb","itemListElement":[{"@type":"ListItem","position":1,"name":"Home","item":"https:\/\/amina.is\/"},{"@type":"ListItem","position":2,"name":"Verslun","item":"https:\/\/amina.is\/verslun\/"},{"@type":"ListItem","position":3,"name":"Tom of Finland &#8211; Head to Head Vibrating Sleeve"}]},{"@type":"WebSite","@id":"https:\/\/amina.is\/#website","url":"https:\/\/amina.is\/","name":"Amina","description":"Feeling is everything - Una\u00f0sv\u00f6rur fyrir alla","publisher":{"@id":"https:\/\/amina.is\/#organization"},"potentialAction":[{"@type":"SearchAction","target":{"@type":"EntryPoint","urlTemplate":"https:\/\/amina.is\/?s={search_term_string}"},"query-input":{"@type":"PropertyValueSpecification","valueRequired":true,"valueName":"search_term_string"}}],"inLanguage":"en-US"},{"@type":"Organization","@id":"https:\/\/amina.is\/#organization","name":"Amina","url":"https:\/\/amina.is\/","logo":{"@type":"ImageObject","inLanguage":"en-US","@id":"https:\/\/amina.is\/#\/schema\/logo\/image\/","url":"https:\/\/amina.is\/wp-content\/uploads\/2021\/09\/logo.png","contentUrl":"https:\/\/amina.is\/wp-content\/uploads\/2021\/09\/logo.png","width":1790,"height":464,"caption":"Amina"},"image":{"@id":"https:\/\/amina.is\/#\/schema\/logo\/image\/"},"sameAs":["https:\/\/m.facebook.com\/AMINA-100767148840241\/","https:\/\/www.instagram.com\/aminaverslun\/"]}]}},"_links":{"self":[{"href":"https:\/\/amina.is\/en\/wp-json\/wp\/v2\/product\/11009","targetHints":{"allow":["GET"]}}],"collection":[{"href":"https:\/\/amina.is\/en\/wp-json\/wp\/v2\/product"}],"about":[{"href":"https:\/\/amina.is\/en\/wp-json\/wp\/v2\/types\/product"}],"version-history":[{"count":1,"href":"https:\/\/amina.is\/en\/wp-json\/wp\/v2\/product\/11009\/revisions"}],"predecessor-version":[{"id":11014,"href":"https:\/\/amina.is\/en\/wp-json\/wp\/v2\/product\/11009\/revisions\/11014"}],"wp:featuredmedia":[{"embeddable":true,"href":"https:\/\/amina.is\/en\/wp-json\/wp\/v2\/media\/11010"}],"wp:attachment":[{"href":"https:\/\/amina.is\/en\/wp-json\/wp\/v2\/media?parent=11009"}],"wp:term":[{"taxonomy":"product_brand","embeddable":true,"href":"https:\/\/amina.is\/en\/wp-json\/wp\/v2\/product_brand?post=11009"},{"taxonomy":"product_cat","embeddable":true,"href":"https:\/\/amina.is\/en\/wp-json\/wp\/v2\/product_cat?post=11009"},{"taxonomy":"product_tag","embeddable":true,"href":"https:\/\/amina.is\/en\/wp-json\/wp\/v2\/product_tag?post=11009"}],"curies":[{"name":"wp","href":"https:\/\/api.w.org\/{rel}","templated":true}]}}