{"id":11005,"date":"2023-02-09T22:40:31","date_gmt":"2023-02-09T22:40:31","guid":{"rendered":"https:\/\/amina.is\/?post_type=product&#038;p=11005"},"modified":"2026-03-10T14:04:13","modified_gmt":"2026-03-10T14:04:13","slug":"lollicock-6-inch-slim-dildo-with-balls-cherry-ice","status":"publish","type":"product","link":"https:\/\/amina.is\/en\/verslun\/outlet\/lollicock-6-inch-slim-dildo-with-balls-cherry-ice\/","title":{"rendered":"Lollicock &#8211; 15,8cm Slim Dildo with Balls, Cherry Ice (12,7cm usable)"},"content":{"rendered":"<h5>A.T.H. \u00deessi vara kemur ekki \u00ed neytendapakkningu, a\u00f0eins p\u00f6kku\u00f0 \u00ed innri umb\u00fa\u00f0ir.<\/h5>\n<h5>G\u00f3\u00f0ur og nettur gervilimur \u00ed fallegum lit. Hann er me\u00f0 sogsk\u00e1l fyrir handfrj\u00e1lsa skemmtun og passar \u00ed flest strap on harnes. Ger\u00f0ur \u00far PVC efni \u00e1n Phthalate efna. Framleiddur \u00ed U.S.A.<\/h5>\n<h5>Heildarlengd: 15,8cm. Innsetjanleg lengd: 12,7cm. Umm\u00e1l: 3,2cm.<\/h5>","protected":false},"excerpt":{"rendered":"<p>G\u00f3\u00f0ur og nettur gervilimur \u00ed fallegum lit.<\/p>","protected":false},"featured_media":10996,"template":"","meta":{"inline_featured_image":false},"product_brand":[],"product_cat":[93],"product_tag":[362,805,69,297,63,807,806],"class_list":{"0":"post-11005","1":"product","2":"type-product","3":"status-publish","4":"has-post-thumbnail","6":"product_cat-outlet","7":"product_tag-dildo","8":"product_tag-lollicock","9":"product_tag-masturbation","10":"product_tag-outlet","11":"product_tag-sjalfsfroun","12":"product_tag-sogskal","13":"product_tag-suction-cup","15":"first","16":"outofstock","17":"sale","18":"shipping-taxable","19":"purchasable","20":"product-type-simple"},"yoast_head":"<!-- This site is optimized with the Yoast SEO Premium plugin v21.6 (Yoast SEO v27.3) - https:\/\/yoast.com\/product\/yoast-seo-premium-wordpress\/ -->\n<title>Lollicock - 15,8cm Slim Dildo with Balls, Cherry Ice (12,7cm usable) &#8211; Amina<\/title>\n<meta name=\"description\" content=\"G\u00f3\u00f0ur og nettur gervilimur \u00ed fallegum lit. Hann er me\u00f0 sogsk\u00e1l fyrir handfrj\u00e1lsa skemmtun og passar \u00ed flest harnes. Ger\u00f0ur \u00far PVC efni \u00e1n Phthalate efna. Framleiddur \u00ed U.S.A.\" \/>\n<meta name=\"robots\" content=\"index, follow, max-snippet:-1, max-image-preview:large, max-video-preview:-1\" \/>\n<link rel=\"canonical\" href=\"https:\/\/amina.is\/en\/verslun\/outlet\/lollicock-6-inch-slim-dildo-with-balls-cherry-ice\/\" \/>\n<meta property=\"og:locale\" content=\"en_US\" \/>\n<meta property=\"og:type\" content=\"article\" \/>\n<meta property=\"og:title\" content=\"Lollicock - 15,8cm Slim Dildo with Balls, Cherry Ice (12,7cm usable)\" \/>\n<meta property=\"og:description\" content=\"G\u00f3\u00f0ur og nettur gervilimur \u00ed fallegum lit. Hann er me\u00f0 sogsk\u00e1l fyrir handfrj\u00e1lsa skemmtun og passar \u00ed flest harnes. Ger\u00f0ur \u00far PVC efni \u00e1n Phthalate efna. Framleiddur \u00ed U.S.A.\" \/>\n<meta property=\"og:url\" content=\"https:\/\/amina.is\/en\/verslun\/outlet\/lollicock-6-inch-slim-dildo-with-balls-cherry-ice\/\" \/>\n<meta property=\"og:site_name\" content=\"Amina\" \/>\n<meta property=\"article:publisher\" content=\"https:\/\/m.facebook.com\/AMINA-100767148840241\/\" \/>\n<meta property=\"article:modified_time\" content=\"2026-03-10T14:04:13+00:00\" \/>\n<meta property=\"og:image\" content=\"https:\/\/amina.is\/wp-content\/uploads\/2023\/02\/af801-cherry-bulk_540x540-e1675982506476.jpg\" \/>\n\t<meta property=\"og:image:width\" content=\"540\" \/>\n\t<meta property=\"og:image:height\" content=\"540\" \/>\n\t<meta property=\"og:image:type\" content=\"image\/jpeg\" \/>\n<meta name=\"twitter:card\" content=\"summary_large_image\" \/>\n<meta name=\"twitter:label1\" content=\"Est. reading time\" \/>\n\t<meta name=\"twitter:data1\" content=\"1 minute\" \/>\n<script type=\"application\/ld+json\" class=\"yoast-schema-graph\">{\"@context\":\"https:\\\/\\\/schema.org\",\"@graph\":[{\"@type\":\"WebPage\",\"@id\":\"https:\\\/\\\/amina.is\\\/verslun\\\/outlet\\\/lollicock-6-inch-slim-dildo-with-balls-cherry-ice\\\/\",\"url\":\"https:\\\/\\\/amina.is\\\/verslun\\\/outlet\\\/lollicock-6-inch-slim-dildo-with-balls-cherry-ice\\\/\",\"name\":\"Lollicock - 15,8cm Slim Dildo with Balls, Cherry Ice (12,7cm usable) &#8211; Amina\",\"isPartOf\":{\"@id\":\"https:\\\/\\\/amina.is\\\/#website\"},\"primaryImageOfPage\":{\"@id\":\"https:\\\/\\\/amina.is\\\/verslun\\\/outlet\\\/lollicock-6-inch-slim-dildo-with-balls-cherry-ice\\\/#primaryimage\"},\"image\":{\"@id\":\"https:\\\/\\\/amina.is\\\/verslun\\\/outlet\\\/lollicock-6-inch-slim-dildo-with-balls-cherry-ice\\\/#primaryimage\"},\"thumbnailUrl\":\"https:\\\/\\\/amina.is\\\/wp-content\\\/uploads\\\/2023\\\/02\\\/af801-cherry-bulk_540x540-e1675982506476.jpg\",\"datePublished\":\"2023-02-09T22:40:31+00:00\",\"dateModified\":\"2026-03-10T14:04:13+00:00\",\"description\":\"G\u00f3\u00f0ur og nettur gervilimur \u00ed fallegum lit. Hann er me\u00f0 sogsk\u00e1l fyrir handfrj\u00e1lsa skemmtun og passar \u00ed flest harnes. Ger\u00f0ur \u00far PVC efni \u00e1n Phthalate efna. Framleiddur \u00ed U.S.A.\",\"breadcrumb\":{\"@id\":\"https:\\\/\\\/amina.is\\\/verslun\\\/outlet\\\/lollicock-6-inch-slim-dildo-with-balls-cherry-ice\\\/#breadcrumb\"},\"inLanguage\":\"en-US\",\"potentialAction\":[{\"@type\":\"ReadAction\",\"target\":[\"https:\\\/\\\/amina.is\\\/verslun\\\/outlet\\\/lollicock-6-inch-slim-dildo-with-balls-cherry-ice\\\/\"]}]},{\"@type\":\"ImageObject\",\"inLanguage\":\"en-US\",\"@id\":\"https:\\\/\\\/amina.is\\\/verslun\\\/outlet\\\/lollicock-6-inch-slim-dildo-with-balls-cherry-ice\\\/#primaryimage\",\"url\":\"https:\\\/\\\/amina.is\\\/wp-content\\\/uploads\\\/2023\\\/02\\\/af801-cherry-bulk_540x540-e1675982506476.jpg\",\"contentUrl\":\"https:\\\/\\\/amina.is\\\/wp-content\\\/uploads\\\/2023\\\/02\\\/af801-cherry-bulk_540x540-e1675982506476.jpg\",\"width\":540,\"height\":540},{\"@type\":\"BreadcrumbList\",\"@id\":\"https:\\\/\\\/amina.is\\\/verslun\\\/outlet\\\/lollicock-6-inch-slim-dildo-with-balls-cherry-ice\\\/#breadcrumb\",\"itemListElement\":[{\"@type\":\"ListItem\",\"position\":1,\"name\":\"Home\",\"item\":\"https:\\\/\\\/amina.is\\\/\"},{\"@type\":\"ListItem\",\"position\":2,\"name\":\"Verslun\",\"item\":\"https:\\\/\\\/amina.is\\\/verslun\\\/\"},{\"@type\":\"ListItem\",\"position\":3,\"name\":\"Lollicock &#8211; 15,8cm Slim Dildo with Balls, Cherry Ice (12,7cm usable)\"}]},{\"@type\":\"WebSite\",\"@id\":\"https:\\\/\\\/amina.is\\\/#website\",\"url\":\"https:\\\/\\\/amina.is\\\/\",\"name\":\"Amina\",\"description\":\"Feeling is everything - Una\u00f0sv\u00f6rur fyrir alla\",\"publisher\":{\"@id\":\"https:\\\/\\\/amina.is\\\/#organization\"},\"potentialAction\":[{\"@type\":\"SearchAction\",\"target\":{\"@type\":\"EntryPoint\",\"urlTemplate\":\"https:\\\/\\\/amina.is\\\/?s={search_term_string}\"},\"query-input\":{\"@type\":\"PropertyValueSpecification\",\"valueRequired\":true,\"valueName\":\"search_term_string\"}}],\"inLanguage\":\"en-US\"},{\"@type\":\"Organization\",\"@id\":\"https:\\\/\\\/amina.is\\\/#organization\",\"name\":\"Amina\",\"url\":\"https:\\\/\\\/amina.is\\\/\",\"logo\":{\"@type\":\"ImageObject\",\"inLanguage\":\"en-US\",\"@id\":\"https:\\\/\\\/amina.is\\\/#\\\/schema\\\/logo\\\/image\\\/\",\"url\":\"https:\\\/\\\/amina.is\\\/wp-content\\\/uploads\\\/2021\\\/09\\\/logo.png\",\"contentUrl\":\"https:\\\/\\\/amina.is\\\/wp-content\\\/uploads\\\/2021\\\/09\\\/logo.png\",\"width\":1790,\"height\":464,\"caption\":\"Amina\"},\"image\":{\"@id\":\"https:\\\/\\\/amina.is\\\/#\\\/schema\\\/logo\\\/image\\\/\"},\"sameAs\":[\"https:\\\/\\\/m.facebook.com\\\/AMINA-100767148840241\\\/\",\"https:\\\/\\\/www.instagram.com\\\/aminaverslun\\\/\"]}]}<\/script>\n<!-- \/ Yoast SEO Premium plugin. -->","yoast_head_json":{"title":"Lollicock - 15,8cm Slim Dildo with Balls, Cherry Ice (12,7cm usable) &#8211; Amina","description":"G\u00f3\u00f0ur og nettur gervilimur \u00ed fallegum lit. Hann er me\u00f0 sogsk\u00e1l fyrir handfrj\u00e1lsa skemmtun og passar \u00ed flest harnes. Ger\u00f0ur \u00far PVC efni \u00e1n Phthalate efna. Framleiddur \u00ed U.S.A.","robots":{"index":"index","follow":"follow","max-snippet":"max-snippet:-1","max-image-preview":"max-image-preview:large","max-video-preview":"max-video-preview:-1"},"canonical":"https:\/\/amina.is\/en\/verslun\/outlet\/lollicock-6-inch-slim-dildo-with-balls-cherry-ice\/","og_locale":"en_US","og_type":"article","og_title":"Lollicock - 15,8cm Slim Dildo with Balls, Cherry Ice (12,7cm usable)","og_description":"G\u00f3\u00f0ur og nettur gervilimur \u00ed fallegum lit. Hann er me\u00f0 sogsk\u00e1l fyrir handfrj\u00e1lsa skemmtun og passar \u00ed flest harnes. Ger\u00f0ur \u00far PVC efni \u00e1n Phthalate efna. Framleiddur \u00ed U.S.A.","og_url":"https:\/\/amina.is\/en\/verslun\/outlet\/lollicock-6-inch-slim-dildo-with-balls-cherry-ice\/","og_site_name":"Amina","article_publisher":"https:\/\/m.facebook.com\/AMINA-100767148840241\/","article_modified_time":"2026-03-10T14:04:13+00:00","og_image":[{"width":540,"height":540,"url":"https:\/\/amina.is\/wp-content\/uploads\/2023\/02\/af801-cherry-bulk_540x540-e1675982506476.jpg","type":"image\/jpeg"}],"twitter_card":"summary_large_image","twitter_misc":{"Est. reading time":"1 minute"},"schema":{"@context":"https:\/\/schema.org","@graph":[{"@type":"WebPage","@id":"https:\/\/amina.is\/verslun\/outlet\/lollicock-6-inch-slim-dildo-with-balls-cherry-ice\/","url":"https:\/\/amina.is\/verslun\/outlet\/lollicock-6-inch-slim-dildo-with-balls-cherry-ice\/","name":"Lollicock - 15,8cm Slim Dildo with Balls, Cherry Ice (12,7cm usable) &#8211; Amina","isPartOf":{"@id":"https:\/\/amina.is\/#website"},"primaryImageOfPage":{"@id":"https:\/\/amina.is\/verslun\/outlet\/lollicock-6-inch-slim-dildo-with-balls-cherry-ice\/#primaryimage"},"image":{"@id":"https:\/\/amina.is\/verslun\/outlet\/lollicock-6-inch-slim-dildo-with-balls-cherry-ice\/#primaryimage"},"thumbnailUrl":"https:\/\/amina.is\/wp-content\/uploads\/2023\/02\/af801-cherry-bulk_540x540-e1675982506476.jpg","datePublished":"2023-02-09T22:40:31+00:00","dateModified":"2026-03-10T14:04:13+00:00","description":"G\u00f3\u00f0ur og nettur gervilimur \u00ed fallegum lit. Hann er me\u00f0 sogsk\u00e1l fyrir handfrj\u00e1lsa skemmtun og passar \u00ed flest harnes. Ger\u00f0ur \u00far PVC efni \u00e1n Phthalate efna. Framleiddur \u00ed U.S.A.","breadcrumb":{"@id":"https:\/\/amina.is\/verslun\/outlet\/lollicock-6-inch-slim-dildo-with-balls-cherry-ice\/#breadcrumb"},"inLanguage":"en-US","potentialAction":[{"@type":"ReadAction","target":["https:\/\/amina.is\/verslun\/outlet\/lollicock-6-inch-slim-dildo-with-balls-cherry-ice\/"]}]},{"@type":"ImageObject","inLanguage":"en-US","@id":"https:\/\/amina.is\/verslun\/outlet\/lollicock-6-inch-slim-dildo-with-balls-cherry-ice\/#primaryimage","url":"https:\/\/amina.is\/wp-content\/uploads\/2023\/02\/af801-cherry-bulk_540x540-e1675982506476.jpg","contentUrl":"https:\/\/amina.is\/wp-content\/uploads\/2023\/02\/af801-cherry-bulk_540x540-e1675982506476.jpg","width":540,"height":540},{"@type":"BreadcrumbList","@id":"https:\/\/amina.is\/verslun\/outlet\/lollicock-6-inch-slim-dildo-with-balls-cherry-ice\/#breadcrumb","itemListElement":[{"@type":"ListItem","position":1,"name":"Home","item":"https:\/\/amina.is\/"},{"@type":"ListItem","position":2,"name":"Verslun","item":"https:\/\/amina.is\/verslun\/"},{"@type":"ListItem","position":3,"name":"Lollicock &#8211; 15,8cm Slim Dildo with Balls, Cherry Ice (12,7cm usable)"}]},{"@type":"WebSite","@id":"https:\/\/amina.is\/#website","url":"https:\/\/amina.is\/","name":"Amina","description":"Feeling is everything - Una\u00f0sv\u00f6rur fyrir alla","publisher":{"@id":"https:\/\/amina.is\/#organization"},"potentialAction":[{"@type":"SearchAction","target":{"@type":"EntryPoint","urlTemplate":"https:\/\/amina.is\/?s={search_term_string}"},"query-input":{"@type":"PropertyValueSpecification","valueRequired":true,"valueName":"search_term_string"}}],"inLanguage":"en-US"},{"@type":"Organization","@id":"https:\/\/amina.is\/#organization","name":"Amina","url":"https:\/\/amina.is\/","logo":{"@type":"ImageObject","inLanguage":"en-US","@id":"https:\/\/amina.is\/#\/schema\/logo\/image\/","url":"https:\/\/amina.is\/wp-content\/uploads\/2021\/09\/logo.png","contentUrl":"https:\/\/amina.is\/wp-content\/uploads\/2021\/09\/logo.png","width":1790,"height":464,"caption":"Amina"},"image":{"@id":"https:\/\/amina.is\/#\/schema\/logo\/image\/"},"sameAs":["https:\/\/m.facebook.com\/AMINA-100767148840241\/","https:\/\/www.instagram.com\/aminaverslun\/"]}]}},"_links":{"self":[{"href":"https:\/\/amina.is\/en\/wp-json\/wp\/v2\/product\/11005","targetHints":{"allow":["GET"]}}],"collection":[{"href":"https:\/\/amina.is\/en\/wp-json\/wp\/v2\/product"}],"about":[{"href":"https:\/\/amina.is\/en\/wp-json\/wp\/v2\/types\/product"}],"version-history":[{"count":6,"href":"https:\/\/amina.is\/en\/wp-json\/wp\/v2\/product\/11005\/revisions"}],"predecessor-version":[{"id":11863,"href":"https:\/\/amina.is\/en\/wp-json\/wp\/v2\/product\/11005\/revisions\/11863"}],"wp:featuredmedia":[{"embeddable":true,"href":"https:\/\/amina.is\/en\/wp-json\/wp\/v2\/media\/10996"}],"wp:attachment":[{"href":"https:\/\/amina.is\/en\/wp-json\/wp\/v2\/media?parent=11005"}],"wp:term":[{"taxonomy":"product_brand","embeddable":true,"href":"https:\/\/amina.is\/en\/wp-json\/wp\/v2\/product_brand?post=11005"},{"taxonomy":"product_cat","embeddable":true,"href":"https:\/\/amina.is\/en\/wp-json\/wp\/v2\/product_cat?post=11005"},{"taxonomy":"product_tag","embeddable":true,"href":"https:\/\/amina.is\/en\/wp-json\/wp\/v2\/product_tag?post=11005"}],"curies":[{"name":"wp","href":"https:\/\/api.w.org\/{rel}","templated":true}]}}