{"id":10979,"date":"2023-02-09T21:23:34","date_gmt":"2023-02-09T21:23:34","guid":{"rendered":"https:\/\/amina.is\/?post_type=product&#038;p=10979"},"modified":"2026-02-12T17:22:37","modified_gmt":"2026-02-12T17:22:37","slug":"greygasms-leather-blindfold","status":"publish","type":"product","link":"https:\/\/amina.is\/en\/verslun\/fatnadur\/naerfot-domu-fatnadur\/annadd\/greygasms-leather-blindfold\/","title":{"rendered":"Greygasms &#8211; Leather Blindfold"},"content":{"rendered":"<h5>Augngr\u00edma \u00far le\u00f0ri. \u00a0Tilvalin til a\u00f0 nota me\u00f0 bindisetti fyrir aukna spennu.<\/h5>\n<h5>Efni: Le\u00f0ur, Neoprene og Velcro. Heildarlengd me\u00f0 b\u00f6ndum 65cm. H\u00e6\u00f0 5,7cm.<\/h5>\n<p>&nbsp;<\/p>","protected":false},"excerpt":{"rendered":"<p>Augngr\u00edma sem skapar spennandi andr\u00famsloft \u00ed svefnherberginu.<\/p>","protected":false},"featured_media":10980,"template":"","meta":{"inline_featured_image":false},"product_brand":[],"product_cat":[891,890,508,36,196,41,42,43,903,340,895,897,898],"product_tag":[673,672,802,374,483],"class_list":{"0":"post-10979","1":"product","2":"type-product","3":"status-publish","4":"has-post-thumbnail","6":"product_cat-annadd","7":"product_cat-annadh","8":"product_cat-aukahlutir","9":"product_cat-blaeti","10":"product_cat-fatnadur","11":"product_cat-fyrir-tha","12":"product_cat-fyrir-thaer","13":"product_cat-fyrir-thau","14":"product_cat-grimurosvfrv","15":"product_cat-naerfot-herra","16":"product_cat-samanh","17":"product_cat-samand","18":"product_cat-samanth","19":"product_tag-augngrima","20":"product_tag-blindfold","21":"product_tag-greygasm","22":"product_tag-leather","23":"product_tag-ledur","25":"first","26":"instock","27":"shipping-taxable","28":"purchasable","29":"product-type-simple"},"yoast_head":"<!-- This site is optimized with the Yoast SEO Premium plugin v21.6 (Yoast SEO v27.4) - https:\/\/yoast.com\/product\/yoast-seo-premium-wordpress\/ -->\n<title>Greygasms - Leather Blindfold &#8211; Amina<\/title>\n<meta name=\"description\" content=\"Augngr\u00edma \u00far le\u00f0ri. \u00a0Tilvalin til a\u00f0 nota me\u00f0 bindisetti fyrir aukna spennu.\" \/>\n<meta name=\"robots\" content=\"index, follow, max-snippet:-1, max-image-preview:large, max-video-preview:-1\" \/>\n<link rel=\"canonical\" href=\"https:\/\/amina.is\/en\/verslun\/fatnadur\/naerfot-domu-fatnadur\/annadd\/greygasms-leather-blindfold\/\" \/>\n<meta property=\"og:locale\" content=\"en_US\" \/>\n<meta property=\"og:type\" content=\"article\" \/>\n<meta property=\"og:title\" content=\"Greygasms - Leather Blindfold\" \/>\n<meta property=\"og:description\" content=\"Augngr\u00edma \u00far le\u00f0ri. \u00a0Tilvalin til a\u00f0 nota me\u00f0 bindisetti fyrir aukna spennu.\" \/>\n<meta property=\"og:url\" content=\"https:\/\/amina.is\/en\/verslun\/fatnadur\/naerfot-domu-fatnadur\/annadd\/greygasms-leather-blindfold\/\" \/>\n<meta property=\"og:site_name\" content=\"Amina\" \/>\n<meta property=\"article:publisher\" content=\"https:\/\/m.facebook.com\/AMINA-100767148840241\/\" \/>\n<meta property=\"article:modified_time\" content=\"2026-02-12T17:22:37+00:00\" \/>\n<meta property=\"og:image\" content=\"https:\/\/amina.is\/wp-content\/uploads\/2023\/02\/ad110-bulk_2_540x540-2.jpg\" \/>\n\t<meta property=\"og:image:width\" content=\"540\" \/>\n\t<meta property=\"og:image:height\" content=\"540\" \/>\n\t<meta property=\"og:image:type\" content=\"image\/jpeg\" \/>\n<meta name=\"twitter:card\" content=\"summary_large_image\" \/>\n<meta name=\"twitter:label1\" content=\"Est. reading time\" \/>\n\t<meta name=\"twitter:data1\" content=\"1 minute\" \/>\n<script type=\"application\/ld+json\" class=\"yoast-schema-graph\">{\"@context\":\"https:\\\/\\\/schema.org\",\"@graph\":[{\"@type\":\"WebPage\",\"@id\":\"https:\\\/\\\/amina.is\\\/verslun\\\/fatnadur\\\/naerfot-domu-fatnadur\\\/annadd\\\/greygasms-leather-blindfold\\\/\",\"url\":\"https:\\\/\\\/amina.is\\\/verslun\\\/fatnadur\\\/naerfot-domu-fatnadur\\\/annadd\\\/greygasms-leather-blindfold\\\/\",\"name\":\"Greygasms - Leather Blindfold &#8211; Amina\",\"isPartOf\":{\"@id\":\"https:\\\/\\\/amina.is\\\/#website\"},\"primaryImageOfPage\":{\"@id\":\"https:\\\/\\\/amina.is\\\/verslun\\\/fatnadur\\\/naerfot-domu-fatnadur\\\/annadd\\\/greygasms-leather-blindfold\\\/#primaryimage\"},\"image\":{\"@id\":\"https:\\\/\\\/amina.is\\\/verslun\\\/fatnadur\\\/naerfot-domu-fatnadur\\\/annadd\\\/greygasms-leather-blindfold\\\/#primaryimage\"},\"thumbnailUrl\":\"https:\\\/\\\/amina.is\\\/wp-content\\\/uploads\\\/2023\\\/02\\\/ad110-bulk_2_540x540-2.jpg\",\"datePublished\":\"2023-02-09T21:23:34+00:00\",\"dateModified\":\"2026-02-12T17:22:37+00:00\",\"description\":\"Augngr\u00edma \u00far le\u00f0ri. \u00a0Tilvalin til a\u00f0 nota me\u00f0 bindisetti fyrir aukna spennu.\",\"breadcrumb\":{\"@id\":\"https:\\\/\\\/amina.is\\\/verslun\\\/fatnadur\\\/naerfot-domu-fatnadur\\\/annadd\\\/greygasms-leather-blindfold\\\/#breadcrumb\"},\"inLanguage\":\"en-US\",\"potentialAction\":[{\"@type\":\"ReadAction\",\"target\":[\"https:\\\/\\\/amina.is\\\/verslun\\\/fatnadur\\\/naerfot-domu-fatnadur\\\/annadd\\\/greygasms-leather-blindfold\\\/\"]}]},{\"@type\":\"ImageObject\",\"inLanguage\":\"en-US\",\"@id\":\"https:\\\/\\\/amina.is\\\/verslun\\\/fatnadur\\\/naerfot-domu-fatnadur\\\/annadd\\\/greygasms-leather-blindfold\\\/#primaryimage\",\"url\":\"https:\\\/\\\/amina.is\\\/wp-content\\\/uploads\\\/2023\\\/02\\\/ad110-bulk_2_540x540-2.jpg\",\"contentUrl\":\"https:\\\/\\\/amina.is\\\/wp-content\\\/uploads\\\/2023\\\/02\\\/ad110-bulk_2_540x540-2.jpg\",\"width\":540,\"height\":540},{\"@type\":\"BreadcrumbList\",\"@id\":\"https:\\\/\\\/amina.is\\\/verslun\\\/fatnadur\\\/naerfot-domu-fatnadur\\\/annadd\\\/greygasms-leather-blindfold\\\/#breadcrumb\",\"itemListElement\":[{\"@type\":\"ListItem\",\"position\":1,\"name\":\"Home\",\"item\":\"https:\\\/\\\/amina.is\\\/\"},{\"@type\":\"ListItem\",\"position\":2,\"name\":\"Verslun\",\"item\":\"https:\\\/\\\/amina.is\\\/verslun\\\/\"},{\"@type\":\"ListItem\",\"position\":3,\"name\":\"Greygasms &#8211; Leather Blindfold\"}]},{\"@type\":\"WebSite\",\"@id\":\"https:\\\/\\\/amina.is\\\/#website\",\"url\":\"https:\\\/\\\/amina.is\\\/\",\"name\":\"Amina\",\"description\":\"Feeling is everything - Una\u00f0sv\u00f6rur fyrir alla\",\"publisher\":{\"@id\":\"https:\\\/\\\/amina.is\\\/#organization\"},\"potentialAction\":[{\"@type\":\"SearchAction\",\"target\":{\"@type\":\"EntryPoint\",\"urlTemplate\":\"https:\\\/\\\/amina.is\\\/?s={search_term_string}\"},\"query-input\":{\"@type\":\"PropertyValueSpecification\",\"valueRequired\":true,\"valueName\":\"search_term_string\"}}],\"inLanguage\":\"en-US\"},{\"@type\":\"Organization\",\"@id\":\"https:\\\/\\\/amina.is\\\/#organization\",\"name\":\"Amina\",\"url\":\"https:\\\/\\\/amina.is\\\/\",\"logo\":{\"@type\":\"ImageObject\",\"inLanguage\":\"en-US\",\"@id\":\"https:\\\/\\\/amina.is\\\/#\\\/schema\\\/logo\\\/image\\\/\",\"url\":\"https:\\\/\\\/amina.is\\\/wp-content\\\/uploads\\\/2021\\\/09\\\/logo.png\",\"contentUrl\":\"https:\\\/\\\/amina.is\\\/wp-content\\\/uploads\\\/2021\\\/09\\\/logo.png\",\"width\":1790,\"height\":464,\"caption\":\"Amina\"},\"image\":{\"@id\":\"https:\\\/\\\/amina.is\\\/#\\\/schema\\\/logo\\\/image\\\/\"},\"sameAs\":[\"https:\\\/\\\/m.facebook.com\\\/AMINA-100767148840241\\\/\",\"https:\\\/\\\/www.instagram.com\\\/aminaverslun\\\/\"]}]}<\/script>\n<!-- \/ Yoast SEO Premium plugin. -->","yoast_head_json":{"title":"Greygasms - Leather Blindfold &#8211; Amina","description":"Augngr\u00edma \u00far le\u00f0ri. \u00a0Tilvalin til a\u00f0 nota me\u00f0 bindisetti fyrir aukna spennu.","robots":{"index":"index","follow":"follow","max-snippet":"max-snippet:-1","max-image-preview":"max-image-preview:large","max-video-preview":"max-video-preview:-1"},"canonical":"https:\/\/amina.is\/en\/verslun\/fatnadur\/naerfot-domu-fatnadur\/annadd\/greygasms-leather-blindfold\/","og_locale":"en_US","og_type":"article","og_title":"Greygasms - Leather Blindfold","og_description":"Augngr\u00edma \u00far le\u00f0ri. \u00a0Tilvalin til a\u00f0 nota me\u00f0 bindisetti fyrir aukna spennu.","og_url":"https:\/\/amina.is\/en\/verslun\/fatnadur\/naerfot-domu-fatnadur\/annadd\/greygasms-leather-blindfold\/","og_site_name":"Amina","article_publisher":"https:\/\/m.facebook.com\/AMINA-100767148840241\/","article_modified_time":"2026-02-12T17:22:37+00:00","og_image":[{"width":540,"height":540,"url":"https:\/\/amina.is\/wp-content\/uploads\/2023\/02\/ad110-bulk_2_540x540-2.jpg","type":"image\/jpeg"}],"twitter_card":"summary_large_image","twitter_misc":{"Est. reading time":"1 minute"},"schema":{"@context":"https:\/\/schema.org","@graph":[{"@type":"WebPage","@id":"https:\/\/amina.is\/verslun\/fatnadur\/naerfot-domu-fatnadur\/annadd\/greygasms-leather-blindfold\/","url":"https:\/\/amina.is\/verslun\/fatnadur\/naerfot-domu-fatnadur\/annadd\/greygasms-leather-blindfold\/","name":"Greygasms - Leather Blindfold &#8211; Amina","isPartOf":{"@id":"https:\/\/amina.is\/#website"},"primaryImageOfPage":{"@id":"https:\/\/amina.is\/verslun\/fatnadur\/naerfot-domu-fatnadur\/annadd\/greygasms-leather-blindfold\/#primaryimage"},"image":{"@id":"https:\/\/amina.is\/verslun\/fatnadur\/naerfot-domu-fatnadur\/annadd\/greygasms-leather-blindfold\/#primaryimage"},"thumbnailUrl":"https:\/\/amina.is\/wp-content\/uploads\/2023\/02\/ad110-bulk_2_540x540-2.jpg","datePublished":"2023-02-09T21:23:34+00:00","dateModified":"2026-02-12T17:22:37+00:00","description":"Augngr\u00edma \u00far le\u00f0ri. \u00a0Tilvalin til a\u00f0 nota me\u00f0 bindisetti fyrir aukna spennu.","breadcrumb":{"@id":"https:\/\/amina.is\/verslun\/fatnadur\/naerfot-domu-fatnadur\/annadd\/greygasms-leather-blindfold\/#breadcrumb"},"inLanguage":"en-US","potentialAction":[{"@type":"ReadAction","target":["https:\/\/amina.is\/verslun\/fatnadur\/naerfot-domu-fatnadur\/annadd\/greygasms-leather-blindfold\/"]}]},{"@type":"ImageObject","inLanguage":"en-US","@id":"https:\/\/amina.is\/verslun\/fatnadur\/naerfot-domu-fatnadur\/annadd\/greygasms-leather-blindfold\/#primaryimage","url":"https:\/\/amina.is\/wp-content\/uploads\/2023\/02\/ad110-bulk_2_540x540-2.jpg","contentUrl":"https:\/\/amina.is\/wp-content\/uploads\/2023\/02\/ad110-bulk_2_540x540-2.jpg","width":540,"height":540},{"@type":"BreadcrumbList","@id":"https:\/\/amina.is\/verslun\/fatnadur\/naerfot-domu-fatnadur\/annadd\/greygasms-leather-blindfold\/#breadcrumb","itemListElement":[{"@type":"ListItem","position":1,"name":"Home","item":"https:\/\/amina.is\/"},{"@type":"ListItem","position":2,"name":"Verslun","item":"https:\/\/amina.is\/verslun\/"},{"@type":"ListItem","position":3,"name":"Greygasms &#8211; Leather Blindfold"}]},{"@type":"WebSite","@id":"https:\/\/amina.is\/#website","url":"https:\/\/amina.is\/","name":"Amina","description":"Feeling is everything - Una\u00f0sv\u00f6rur fyrir alla","publisher":{"@id":"https:\/\/amina.is\/#organization"},"potentialAction":[{"@type":"SearchAction","target":{"@type":"EntryPoint","urlTemplate":"https:\/\/amina.is\/?s={search_term_string}"},"query-input":{"@type":"PropertyValueSpecification","valueRequired":true,"valueName":"search_term_string"}}],"inLanguage":"en-US"},{"@type":"Organization","@id":"https:\/\/amina.is\/#organization","name":"Amina","url":"https:\/\/amina.is\/","logo":{"@type":"ImageObject","inLanguage":"en-US","@id":"https:\/\/amina.is\/#\/schema\/logo\/image\/","url":"https:\/\/amina.is\/wp-content\/uploads\/2021\/09\/logo.png","contentUrl":"https:\/\/amina.is\/wp-content\/uploads\/2021\/09\/logo.png","width":1790,"height":464,"caption":"Amina"},"image":{"@id":"https:\/\/amina.is\/#\/schema\/logo\/image\/"},"sameAs":["https:\/\/m.facebook.com\/AMINA-100767148840241\/","https:\/\/www.instagram.com\/aminaverslun\/"]}]}},"_links":{"self":[{"href":"https:\/\/amina.is\/en\/wp-json\/wp\/v2\/product\/10979","targetHints":{"allow":["GET"]}}],"collection":[{"href":"https:\/\/amina.is\/en\/wp-json\/wp\/v2\/product"}],"about":[{"href":"https:\/\/amina.is\/en\/wp-json\/wp\/v2\/types\/product"}],"version-history":[{"count":1,"href":"https:\/\/amina.is\/en\/wp-json\/wp\/v2\/product\/10979\/revisions"}],"predecessor-version":[{"id":10983,"href":"https:\/\/amina.is\/en\/wp-json\/wp\/v2\/product\/10979\/revisions\/10983"}],"wp:featuredmedia":[{"embeddable":true,"href":"https:\/\/amina.is\/en\/wp-json\/wp\/v2\/media\/10980"}],"wp:attachment":[{"href":"https:\/\/amina.is\/en\/wp-json\/wp\/v2\/media?parent=10979"}],"wp:term":[{"taxonomy":"product_brand","embeddable":true,"href":"https:\/\/amina.is\/en\/wp-json\/wp\/v2\/product_brand?post=10979"},{"taxonomy":"product_cat","embeddable":true,"href":"https:\/\/amina.is\/en\/wp-json\/wp\/v2\/product_cat?post=10979"},{"taxonomy":"product_tag","embeddable":true,"href":"https:\/\/amina.is\/en\/wp-json\/wp\/v2\/product_tag?post=10979"}],"curies":[{"name":"wp","href":"https:\/\/api.w.org\/{rel}","templated":true}]}}