{"id":10960,"date":"2023-02-09T21:05:55","date_gmt":"2023-02-09T21:05:55","guid":{"rendered":"https:\/\/amina.is\/?post_type=product&#038;p=10960"},"modified":"2025-12-09T14:02:25","modified_gmt":"2025-12-09T14:02:25","slug":"heavy-hitters-premium-silicone-weighted-anal-plug-s-xl","status":"publish","type":"product","link":"https:\/\/amina.is\/en\/verslun\/blaeti\/rassinn-hollow-plugs-ofl\/heavy-hitters-premium-silicone-weighted-anal-plug-s-xl\/","title":{"rendered":"Heavy Hitters &#8211; Premium Silicone Weighted Anal Plug S &#8211; XL"},"content":{"rendered":"<h5>Small, Medium, Large e\u00f0a XL buttpluggar me\u00f0 \u00feyngingu. Komdu honum fyrir me\u00f0 n\u00e6gu af vatnsleysanlegu sleypiefni og gef\u00f0u \u00fe\u00e9r sm\u00e1 t\u00edma til \u00feess a\u00f0 venjast honum. Finndu fyrir \u00fev\u00ed hvernig hann hreyfist inni \u00ed \u00fe\u00e9r \u00e1 me\u00f0an \u00fe\u00fa hreyfir \u00feig e\u00f0a skiptir um stellingar. G\u00f3\u00f0ur plug til \u00feess a\u00f0 \u00e6fa hringv\u00f6\u00f0vann, \u00feyngingin \u00fer\u00fdstir l\u00e9tt \u00e1 sem l\u00e6tur \u00feig kreppa v\u00f6\u00f0vann til \u00feess a\u00f0 halda honum inni. Eftir notkun er hann \u00ferifinn me\u00f0 volgu vatni og mildri s\u00e1pu, m\u00e6lt er me\u00f0 a\u00f0 s\u00f3tthreinsa me\u00f0\u00a0<a href=\"https:\/\/amina.is\/en\/verslun\/smur-verjur\/thrif\/anti-bacterial-toy-cleaner\/\">&#8222;toy cleaner&#8220;.<\/a><\/h5>\n<h5>Efni: S\u00edl\u00edkon og j\u00e1rn.<\/h5>\n<p>&nbsp;<\/p>","protected":false},"excerpt":{"rendered":"<p>Small, Medium, Large e\u00f0a XL buttpluggar me\u00f0 \u00feyngingu.<\/p>","protected":false},"featured_media":10968,"template":"","meta":{"inline_featured_image":false},"product_brand":[],"product_cat":[907,36,41,42,43,35,913],"product_tag":[445,801,800,262,263],"class_list":{"0":"post-10960","1":"product","2":"type-product","3":"status-publish","4":"has-post-thumbnail","6":"product_cat-buttplugs-og-titrarar","7":"product_cat-blaeti","8":"product_cat-fyrir-tha","9":"product_cat-fyrir-thaer","10":"product_cat-fyrir-thau","11":"product_cat-rassinn","12":"product_cat-rassinn-hollow-plugs-ofl","13":"product_tag-anal-plug","14":"product_tag-butplug","15":"product_tag-heavy-hitters","16":"product_tag-plug","17":"product_tag-rassinn","19":"first","20":"instock","21":"shipping-taxable","22":"purchasable","23":"product-type-variable"},"yoast_head":"<!-- This site is optimized with the Yoast SEO Premium plugin v21.6 (Yoast SEO v27.3) - https:\/\/yoast.com\/product\/yoast-seo-premium-wordpress\/ -->\n<title>Heavy Hitters - Premium Silicone Weighted Anal Plug S - XL &#8211; Amina<\/title>\n<meta name=\"description\" content=\"Small, Medium, Large e\u00f0a XL buttpluggar me\u00f0 \u00feyngingu. \u00feyngingin \u00fer\u00fdstir l\u00e9tt ni\u00f0ur og veitir aukin una\u00f0 \u00e1 me\u00f0an \u00fe\u00fa gengur um me\u00f0 hann.\" \/>\n<meta name=\"robots\" content=\"index, follow, max-snippet:-1, max-image-preview:large, max-video-preview:-1\" \/>\n<link rel=\"canonical\" href=\"https:\/\/amina.is\/en\/verslun\/blaeti\/rassinn-hollow-plugs-ofl\/heavy-hitters-premium-silicone-weighted-anal-plug-s-xl\/\" \/>\n<meta property=\"og:locale\" content=\"en_US\" \/>\n<meta property=\"og:type\" content=\"article\" \/>\n<meta property=\"og:title\" content=\"Heavy Hitters - Premium Silicone Weighted Anal Plug S - XL\" \/>\n<meta property=\"og:description\" content=\"Small, Medium, Large e\u00f0a XL buttpluggar me\u00f0 \u00feyngingu. \u00feyngingin \u00fer\u00fdstir l\u00e9tt ni\u00f0ur og veitir aukin una\u00f0 \u00e1 me\u00f0an \u00fe\u00fa gengur um me\u00f0 hann.\" \/>\n<meta property=\"og:url\" content=\"https:\/\/amina.is\/en\/verslun\/blaeti\/rassinn-hollow-plugs-ofl\/heavy-hitters-premium-silicone-weighted-anal-plug-s-xl\/\" \/>\n<meta property=\"og:site_name\" content=\"Amina\" \/>\n<meta property=\"article:publisher\" content=\"https:\/\/m.facebook.com\/AMINA-100767148840241\/\" \/>\n<meta property=\"article:modified_time\" content=\"2025-12-09T14:02:25+00:00\" \/>\n<meta property=\"og:image\" content=\"https:\/\/amina.is\/wp-content\/uploads\/2023\/02\/ah073-xl-005_540x540.jpg\" \/>\n\t<meta property=\"og:image:width\" content=\"540\" \/>\n\t<meta property=\"og:image:height\" content=\"540\" \/>\n\t<meta property=\"og:image:type\" content=\"image\/jpeg\" \/>\n<meta name=\"twitter:card\" content=\"summary_large_image\" \/>\n<meta name=\"twitter:label1\" content=\"Est. reading time\" \/>\n\t<meta name=\"twitter:data1\" content=\"1 minute\" \/>\n<script type=\"application\/ld+json\" class=\"yoast-schema-graph\">{\"@context\":\"https:\\\/\\\/schema.org\",\"@graph\":[{\"@type\":\"WebPage\",\"@id\":\"https:\\\/\\\/amina.is\\\/verslun\\\/blaeti\\\/rassinn-hollow-plugs-ofl\\\/heavy-hitters-premium-silicone-weighted-anal-plug-s-xl\\\/\",\"url\":\"https:\\\/\\\/amina.is\\\/verslun\\\/blaeti\\\/rassinn-hollow-plugs-ofl\\\/heavy-hitters-premium-silicone-weighted-anal-plug-s-xl\\\/\",\"name\":\"Heavy Hitters - Premium Silicone Weighted Anal Plug S - XL &#8211; Amina\",\"isPartOf\":{\"@id\":\"https:\\\/\\\/amina.is\\\/#website\"},\"primaryImageOfPage\":{\"@id\":\"https:\\\/\\\/amina.is\\\/verslun\\\/blaeti\\\/rassinn-hollow-plugs-ofl\\\/heavy-hitters-premium-silicone-weighted-anal-plug-s-xl\\\/#primaryimage\"},\"image\":{\"@id\":\"https:\\\/\\\/amina.is\\\/verslun\\\/blaeti\\\/rassinn-hollow-plugs-ofl\\\/heavy-hitters-premium-silicone-weighted-anal-plug-s-xl\\\/#primaryimage\"},\"thumbnailUrl\":\"https:\\\/\\\/amina.is\\\/wp-content\\\/uploads\\\/2023\\\/02\\\/ah073-xl-005_540x540.jpg\",\"datePublished\":\"2023-02-09T21:05:55+00:00\",\"dateModified\":\"2025-12-09T14:02:25+00:00\",\"description\":\"Small, Medium, Large e\u00f0a XL buttpluggar me\u00f0 \u00feyngingu. \u00feyngingin \u00fer\u00fdstir l\u00e9tt ni\u00f0ur og veitir aukin una\u00f0 \u00e1 me\u00f0an \u00fe\u00fa gengur um me\u00f0 hann.\",\"breadcrumb\":{\"@id\":\"https:\\\/\\\/amina.is\\\/verslun\\\/blaeti\\\/rassinn-hollow-plugs-ofl\\\/heavy-hitters-premium-silicone-weighted-anal-plug-s-xl\\\/#breadcrumb\"},\"inLanguage\":\"en-US\",\"potentialAction\":[{\"@type\":\"ReadAction\",\"target\":[\"https:\\\/\\\/amina.is\\\/verslun\\\/blaeti\\\/rassinn-hollow-plugs-ofl\\\/heavy-hitters-premium-silicone-weighted-anal-plug-s-xl\\\/\"]}]},{\"@type\":\"ImageObject\",\"inLanguage\":\"en-US\",\"@id\":\"https:\\\/\\\/amina.is\\\/verslun\\\/blaeti\\\/rassinn-hollow-plugs-ofl\\\/heavy-hitters-premium-silicone-weighted-anal-plug-s-xl\\\/#primaryimage\",\"url\":\"https:\\\/\\\/amina.is\\\/wp-content\\\/uploads\\\/2023\\\/02\\\/ah073-xl-005_540x540.jpg\",\"contentUrl\":\"https:\\\/\\\/amina.is\\\/wp-content\\\/uploads\\\/2023\\\/02\\\/ah073-xl-005_540x540.jpg\",\"width\":540,\"height\":540},{\"@type\":\"BreadcrumbList\",\"@id\":\"https:\\\/\\\/amina.is\\\/verslun\\\/blaeti\\\/rassinn-hollow-plugs-ofl\\\/heavy-hitters-premium-silicone-weighted-anal-plug-s-xl\\\/#breadcrumb\",\"itemListElement\":[{\"@type\":\"ListItem\",\"position\":1,\"name\":\"Home\",\"item\":\"https:\\\/\\\/amina.is\\\/\"},{\"@type\":\"ListItem\",\"position\":2,\"name\":\"Verslun\",\"item\":\"https:\\\/\\\/amina.is\\\/verslun\\\/\"},{\"@type\":\"ListItem\",\"position\":3,\"name\":\"Heavy Hitters &#8211; Premium Silicone Weighted Anal Plug S &#8211; XL\"}]},{\"@type\":\"WebSite\",\"@id\":\"https:\\\/\\\/amina.is\\\/#website\",\"url\":\"https:\\\/\\\/amina.is\\\/\",\"name\":\"Amina\",\"description\":\"Feeling is everything - Una\u00f0sv\u00f6rur fyrir alla\",\"publisher\":{\"@id\":\"https:\\\/\\\/amina.is\\\/#organization\"},\"potentialAction\":[{\"@type\":\"SearchAction\",\"target\":{\"@type\":\"EntryPoint\",\"urlTemplate\":\"https:\\\/\\\/amina.is\\\/?s={search_term_string}\"},\"query-input\":{\"@type\":\"PropertyValueSpecification\",\"valueRequired\":true,\"valueName\":\"search_term_string\"}}],\"inLanguage\":\"en-US\"},{\"@type\":\"Organization\",\"@id\":\"https:\\\/\\\/amina.is\\\/#organization\",\"name\":\"Amina\",\"url\":\"https:\\\/\\\/amina.is\\\/\",\"logo\":{\"@type\":\"ImageObject\",\"inLanguage\":\"en-US\",\"@id\":\"https:\\\/\\\/amina.is\\\/#\\\/schema\\\/logo\\\/image\\\/\",\"url\":\"https:\\\/\\\/amina.is\\\/wp-content\\\/uploads\\\/2021\\\/09\\\/logo.png\",\"contentUrl\":\"https:\\\/\\\/amina.is\\\/wp-content\\\/uploads\\\/2021\\\/09\\\/logo.png\",\"width\":1790,\"height\":464,\"caption\":\"Amina\"},\"image\":{\"@id\":\"https:\\\/\\\/amina.is\\\/#\\\/schema\\\/logo\\\/image\\\/\"},\"sameAs\":[\"https:\\\/\\\/m.facebook.com\\\/AMINA-100767148840241\\\/\",\"https:\\\/\\\/www.instagram.com\\\/aminaverslun\\\/\"]}]}<\/script>\n<!-- \/ Yoast SEO Premium plugin. -->","yoast_head_json":{"title":"Heavy Hitters - Premium Silicone Weighted Anal Plug S - XL &#8211; Amina","description":"Small, Medium, Large e\u00f0a XL buttpluggar me\u00f0 \u00feyngingu. \u00feyngingin \u00fer\u00fdstir l\u00e9tt ni\u00f0ur og veitir aukin una\u00f0 \u00e1 me\u00f0an \u00fe\u00fa gengur um me\u00f0 hann.","robots":{"index":"index","follow":"follow","max-snippet":"max-snippet:-1","max-image-preview":"max-image-preview:large","max-video-preview":"max-video-preview:-1"},"canonical":"https:\/\/amina.is\/en\/verslun\/blaeti\/rassinn-hollow-plugs-ofl\/heavy-hitters-premium-silicone-weighted-anal-plug-s-xl\/","og_locale":"en_US","og_type":"article","og_title":"Heavy Hitters - Premium Silicone Weighted Anal Plug S - XL","og_description":"Small, Medium, Large e\u00f0a XL buttpluggar me\u00f0 \u00feyngingu. \u00feyngingin \u00fer\u00fdstir l\u00e9tt ni\u00f0ur og veitir aukin una\u00f0 \u00e1 me\u00f0an \u00fe\u00fa gengur um me\u00f0 hann.","og_url":"https:\/\/amina.is\/en\/verslun\/blaeti\/rassinn-hollow-plugs-ofl\/heavy-hitters-premium-silicone-weighted-anal-plug-s-xl\/","og_site_name":"Amina","article_publisher":"https:\/\/m.facebook.com\/AMINA-100767148840241\/","article_modified_time":"2025-12-09T14:02:25+00:00","og_image":[{"width":540,"height":540,"url":"https:\/\/amina.is\/wp-content\/uploads\/2023\/02\/ah073-xl-005_540x540.jpg","type":"image\/jpeg"}],"twitter_card":"summary_large_image","twitter_misc":{"Est. reading time":"1 minute"},"schema":{"@context":"https:\/\/schema.org","@graph":[{"@type":"WebPage","@id":"https:\/\/amina.is\/verslun\/blaeti\/rassinn-hollow-plugs-ofl\/heavy-hitters-premium-silicone-weighted-anal-plug-s-xl\/","url":"https:\/\/amina.is\/verslun\/blaeti\/rassinn-hollow-plugs-ofl\/heavy-hitters-premium-silicone-weighted-anal-plug-s-xl\/","name":"Heavy Hitters - Premium Silicone Weighted Anal Plug S - XL &#8211; Amina","isPartOf":{"@id":"https:\/\/amina.is\/#website"},"primaryImageOfPage":{"@id":"https:\/\/amina.is\/verslun\/blaeti\/rassinn-hollow-plugs-ofl\/heavy-hitters-premium-silicone-weighted-anal-plug-s-xl\/#primaryimage"},"image":{"@id":"https:\/\/amina.is\/verslun\/blaeti\/rassinn-hollow-plugs-ofl\/heavy-hitters-premium-silicone-weighted-anal-plug-s-xl\/#primaryimage"},"thumbnailUrl":"https:\/\/amina.is\/wp-content\/uploads\/2023\/02\/ah073-xl-005_540x540.jpg","datePublished":"2023-02-09T21:05:55+00:00","dateModified":"2025-12-09T14:02:25+00:00","description":"Small, Medium, Large e\u00f0a XL buttpluggar me\u00f0 \u00feyngingu. \u00feyngingin \u00fer\u00fdstir l\u00e9tt ni\u00f0ur og veitir aukin una\u00f0 \u00e1 me\u00f0an \u00fe\u00fa gengur um me\u00f0 hann.","breadcrumb":{"@id":"https:\/\/amina.is\/verslun\/blaeti\/rassinn-hollow-plugs-ofl\/heavy-hitters-premium-silicone-weighted-anal-plug-s-xl\/#breadcrumb"},"inLanguage":"en-US","potentialAction":[{"@type":"ReadAction","target":["https:\/\/amina.is\/verslun\/blaeti\/rassinn-hollow-plugs-ofl\/heavy-hitters-premium-silicone-weighted-anal-plug-s-xl\/"]}]},{"@type":"ImageObject","inLanguage":"en-US","@id":"https:\/\/amina.is\/verslun\/blaeti\/rassinn-hollow-plugs-ofl\/heavy-hitters-premium-silicone-weighted-anal-plug-s-xl\/#primaryimage","url":"https:\/\/amina.is\/wp-content\/uploads\/2023\/02\/ah073-xl-005_540x540.jpg","contentUrl":"https:\/\/amina.is\/wp-content\/uploads\/2023\/02\/ah073-xl-005_540x540.jpg","width":540,"height":540},{"@type":"BreadcrumbList","@id":"https:\/\/amina.is\/verslun\/blaeti\/rassinn-hollow-plugs-ofl\/heavy-hitters-premium-silicone-weighted-anal-plug-s-xl\/#breadcrumb","itemListElement":[{"@type":"ListItem","position":1,"name":"Home","item":"https:\/\/amina.is\/"},{"@type":"ListItem","position":2,"name":"Verslun","item":"https:\/\/amina.is\/verslun\/"},{"@type":"ListItem","position":3,"name":"Heavy Hitters &#8211; Premium Silicone Weighted Anal Plug S &#8211; XL"}]},{"@type":"WebSite","@id":"https:\/\/amina.is\/#website","url":"https:\/\/amina.is\/","name":"Amina","description":"Feeling is everything - Una\u00f0sv\u00f6rur fyrir alla","publisher":{"@id":"https:\/\/amina.is\/#organization"},"potentialAction":[{"@type":"SearchAction","target":{"@type":"EntryPoint","urlTemplate":"https:\/\/amina.is\/?s={search_term_string}"},"query-input":{"@type":"PropertyValueSpecification","valueRequired":true,"valueName":"search_term_string"}}],"inLanguage":"en-US"},{"@type":"Organization","@id":"https:\/\/amina.is\/#organization","name":"Amina","url":"https:\/\/amina.is\/","logo":{"@type":"ImageObject","inLanguage":"en-US","@id":"https:\/\/amina.is\/#\/schema\/logo\/image\/","url":"https:\/\/amina.is\/wp-content\/uploads\/2021\/09\/logo.png","contentUrl":"https:\/\/amina.is\/wp-content\/uploads\/2021\/09\/logo.png","width":1790,"height":464,"caption":"Amina"},"image":{"@id":"https:\/\/amina.is\/#\/schema\/logo\/image\/"},"sameAs":["https:\/\/m.facebook.com\/AMINA-100767148840241\/","https:\/\/www.instagram.com\/aminaverslun\/"]}]}},"_links":{"self":[{"href":"https:\/\/amina.is\/en\/wp-json\/wp\/v2\/product\/10960","targetHints":{"allow":["GET"]}}],"collection":[{"href":"https:\/\/amina.is\/en\/wp-json\/wp\/v2\/product"}],"about":[{"href":"https:\/\/amina.is\/en\/wp-json\/wp\/v2\/types\/product"}],"version-history":[{"count":2,"href":"https:\/\/amina.is\/en\/wp-json\/wp\/v2\/product\/10960\/revisions"}],"predecessor-version":[{"id":10975,"href":"https:\/\/amina.is\/en\/wp-json\/wp\/v2\/product\/10960\/revisions\/10975"}],"wp:featuredmedia":[{"embeddable":true,"href":"https:\/\/amina.is\/en\/wp-json\/wp\/v2\/media\/10968"}],"wp:attachment":[{"href":"https:\/\/amina.is\/en\/wp-json\/wp\/v2\/media?parent=10960"}],"wp:term":[{"taxonomy":"product_brand","embeddable":true,"href":"https:\/\/amina.is\/en\/wp-json\/wp\/v2\/product_brand?post=10960"},{"taxonomy":"product_cat","embeddable":true,"href":"https:\/\/amina.is\/en\/wp-json\/wp\/v2\/product_cat?post=10960"},{"taxonomy":"product_tag","embeddable":true,"href":"https:\/\/amina.is\/en\/wp-json\/wp\/v2\/product_tag?post=10960"}],"curies":[{"name":"wp","href":"https:\/\/api.w.org\/{rel}","templated":true}]}}