{"id":10953,"date":"2023-02-09T20:05:16","date_gmt":"2023-02-09T20:05:16","guid":{"rendered":"https:\/\/amina.is\/?post_type=product&#038;p=10953"},"modified":"2025-08-11T13:37:19","modified_gmt":"2025-08-11T13:37:19","slug":"master-series-hells-tether-ball-stretcher-humbler","status":"publish","type":"product","link":"https:\/\/amina.is\/en\/verslun\/typpid\/pungurinn\/master-series-hells-tether-ball-stretcher-humbler\/","title":{"rendered":"Master series &#8211; Hells Tether Ball Stretcher Humbler"},"content":{"rendered":"<h5>\u00de\u00fa getur nota\u00f0 \u00feynginguna eina og s\u00e9r til \u00feess a\u00f0 strekkja \u00e1 pungnum e\u00f0a me\u00f0 \u00f6kkla\u00f3larnar til a\u00f0 hafa hemil \u00e1 leikf\u00e9laganum. Hringurinn er festur utan um punginn me\u00f0 skr\u00fafum og er a\u00f0eins h\u00e6gt a\u00f0 losa me\u00f0 \u00fear til ger\u00f0u \u00e1haldi. \u00d6kkla \u00f3lunum er h\u00e6gt a\u00f0 l\u00e6sa me\u00f0 l\u00e1s. <a href=\"https:\/\/amina.is\/en\/verslun\/fyrir-tha\/tom-of-finland\/tom-of-finland-metal-lock\/\">(Seldir s\u00e9r)<\/a><\/h5>\n<h5>J\u00e1rn hringurinn vegur 340gr. Innra \u00feverm\u00e1l er 3,1cm, \u00feykkt 1,3cm. Ke\u00f0jan er 22,8cm l\u00f6ng. \u00d6kkla\u00f3larnar eru stillanlegar fr\u00e1 21,6cm til 33cm \u00ed umm\u00e1li. PU le\u00f0ur og j\u00e1rn.<\/h5>\n<p>&nbsp;<\/p>\n<p>&nbsp;<\/p>","protected":false},"excerpt":{"rendered":"<p>\u00de\u00fa getur nota\u00f0 \u00feynginguna eina og s\u00e9r til \u00feess a\u00f0 strekkja \u00e1 pungnum e\u00f0a me\u00f0 \u00f6kkla\u00f3larnar til a\u00f0 hafa hemil \u00e1 leikf\u00e9laganum.<\/p>","protected":false},"featured_media":10954,"template":"","meta":{"inline_featured_image":false},"product_brand":[],"product_cat":[36,914,881,901],"product_tag":[799,86,324,310],"class_list":{"0":"post-10953","1":"product","2":"type-product","3":"status-publish","4":"has-post-thumbnail","6":"product_cat-blaeti","7":"product_cat-handjarnofl","8":"product_cat-pungurinn","9":"product_cat-typpidogpungurinn","10":"product_tag-ball-stretcher","11":"product_tag-bdsm","12":"product_tag-blaeti","13":"product_tag-master-series","15":"first","16":"instock","17":"shipping-taxable","18":"purchasable","19":"product-type-simple"},"yoast_head":"<!-- This site is optimized with the Yoast SEO Premium plugin v21.6 (Yoast SEO v27.4) - https:\/\/yoast.com\/product\/yoast-seo-premium-wordpress\/ -->\n<title>Master series - Hells Tether Ball Stretcher Humbler &#8211; Amina<\/title>\n<meta name=\"description\" content=\"\u00de\u00fa getur nota\u00f0 \u00feynginguna eina og s\u00e9r til \u00feess a\u00f0 strekkja \u00e1 pungnum e\u00f0a me\u00f0 \u00f6kkla\u00f3larnar til a\u00f0 hafa hemil \u00e1 leikf\u00e9laganum.\" \/>\n<meta name=\"robots\" content=\"index, follow, max-snippet:-1, max-image-preview:large, max-video-preview:-1\" \/>\n<link rel=\"canonical\" href=\"https:\/\/amina.is\/en\/verslun\/typpid\/pungurinn\/master-series-hells-tether-ball-stretcher-humbler\/\" \/>\n<meta property=\"og:locale\" content=\"en_US\" \/>\n<meta property=\"og:type\" content=\"article\" \/>\n<meta property=\"og:title\" content=\"Master series - Hells Tether Ball Stretcher Humbler\" \/>\n<meta property=\"og:description\" content=\"\u00de\u00fa getur nota\u00f0 \u00feynginguna eina og s\u00e9r til \u00feess a\u00f0 strekkja \u00e1 pungnum e\u00f0a me\u00f0 \u00f6kkla\u00f3larnar til a\u00f0 hafa hemil \u00e1 leikf\u00e9laganum.\" \/>\n<meta property=\"og:url\" content=\"https:\/\/amina.is\/en\/verslun\/typpid\/pungurinn\/master-series-hells-tether-ball-stretcher-humbler\/\" \/>\n<meta property=\"og:site_name\" content=\"Amina\" \/>\n<meta property=\"article:publisher\" content=\"https:\/\/m.facebook.com\/AMINA-100767148840241\/\" \/>\n<meta property=\"article:modified_time\" content=\"2025-08-11T13:37:19+00:00\" \/>\n<meta property=\"og:image\" content=\"https:\/\/amina.is\/wp-content\/uploads\/2023\/02\/ag429-001_540x501.jpg\" \/>\n\t<meta property=\"og:image:width\" content=\"540\" \/>\n\t<meta property=\"og:image:height\" content=\"501\" \/>\n\t<meta property=\"og:image:type\" content=\"image\/jpeg\" \/>\n<meta name=\"twitter:card\" content=\"summary_large_image\" \/>\n<meta name=\"twitter:label1\" content=\"Est. reading time\" \/>\n\t<meta name=\"twitter:data1\" content=\"1 minute\" \/>\n<script type=\"application\/ld+json\" class=\"yoast-schema-graph\">{\"@context\":\"https:\\\/\\\/schema.org\",\"@graph\":[{\"@type\":\"WebPage\",\"@id\":\"https:\\\/\\\/amina.is\\\/verslun\\\/typpid\\\/pungurinn\\\/master-series-hells-tether-ball-stretcher-humbler\\\/\",\"url\":\"https:\\\/\\\/amina.is\\\/verslun\\\/typpid\\\/pungurinn\\\/master-series-hells-tether-ball-stretcher-humbler\\\/\",\"name\":\"Master series - Hells Tether Ball Stretcher Humbler &#8211; Amina\",\"isPartOf\":{\"@id\":\"https:\\\/\\\/amina.is\\\/#website\"},\"primaryImageOfPage\":{\"@id\":\"https:\\\/\\\/amina.is\\\/verslun\\\/typpid\\\/pungurinn\\\/master-series-hells-tether-ball-stretcher-humbler\\\/#primaryimage\"},\"image\":{\"@id\":\"https:\\\/\\\/amina.is\\\/verslun\\\/typpid\\\/pungurinn\\\/master-series-hells-tether-ball-stretcher-humbler\\\/#primaryimage\"},\"thumbnailUrl\":\"https:\\\/\\\/amina.is\\\/wp-content\\\/uploads\\\/2023\\\/02\\\/ag429-001_540x501.jpg\",\"datePublished\":\"2023-02-09T20:05:16+00:00\",\"dateModified\":\"2025-08-11T13:37:19+00:00\",\"description\":\"\u00de\u00fa getur nota\u00f0 \u00feynginguna eina og s\u00e9r til \u00feess a\u00f0 strekkja \u00e1 pungnum e\u00f0a me\u00f0 \u00f6kkla\u00f3larnar til a\u00f0 hafa hemil \u00e1 leikf\u00e9laganum.\",\"breadcrumb\":{\"@id\":\"https:\\\/\\\/amina.is\\\/verslun\\\/typpid\\\/pungurinn\\\/master-series-hells-tether-ball-stretcher-humbler\\\/#breadcrumb\"},\"inLanguage\":\"en-US\",\"potentialAction\":[{\"@type\":\"ReadAction\",\"target\":[\"https:\\\/\\\/amina.is\\\/verslun\\\/typpid\\\/pungurinn\\\/master-series-hells-tether-ball-stretcher-humbler\\\/\"]}]},{\"@type\":\"ImageObject\",\"inLanguage\":\"en-US\",\"@id\":\"https:\\\/\\\/amina.is\\\/verslun\\\/typpid\\\/pungurinn\\\/master-series-hells-tether-ball-stretcher-humbler\\\/#primaryimage\",\"url\":\"https:\\\/\\\/amina.is\\\/wp-content\\\/uploads\\\/2023\\\/02\\\/ag429-001_540x501.jpg\",\"contentUrl\":\"https:\\\/\\\/amina.is\\\/wp-content\\\/uploads\\\/2023\\\/02\\\/ag429-001_540x501.jpg\",\"width\":540,\"height\":501},{\"@type\":\"BreadcrumbList\",\"@id\":\"https:\\\/\\\/amina.is\\\/verslun\\\/typpid\\\/pungurinn\\\/master-series-hells-tether-ball-stretcher-humbler\\\/#breadcrumb\",\"itemListElement\":[{\"@type\":\"ListItem\",\"position\":1,\"name\":\"Home\",\"item\":\"https:\\\/\\\/amina.is\\\/\"},{\"@type\":\"ListItem\",\"position\":2,\"name\":\"Verslun\",\"item\":\"https:\\\/\\\/amina.is\\\/verslun\\\/\"},{\"@type\":\"ListItem\",\"position\":3,\"name\":\"Master series &#8211; Hells Tether Ball Stretcher Humbler\"}]},{\"@type\":\"WebSite\",\"@id\":\"https:\\\/\\\/amina.is\\\/#website\",\"url\":\"https:\\\/\\\/amina.is\\\/\",\"name\":\"Amina\",\"description\":\"Feeling is everything - Una\u00f0sv\u00f6rur fyrir alla\",\"publisher\":{\"@id\":\"https:\\\/\\\/amina.is\\\/#organization\"},\"potentialAction\":[{\"@type\":\"SearchAction\",\"target\":{\"@type\":\"EntryPoint\",\"urlTemplate\":\"https:\\\/\\\/amina.is\\\/?s={search_term_string}\"},\"query-input\":{\"@type\":\"PropertyValueSpecification\",\"valueRequired\":true,\"valueName\":\"search_term_string\"}}],\"inLanguage\":\"en-US\"},{\"@type\":\"Organization\",\"@id\":\"https:\\\/\\\/amina.is\\\/#organization\",\"name\":\"Amina\",\"url\":\"https:\\\/\\\/amina.is\\\/\",\"logo\":{\"@type\":\"ImageObject\",\"inLanguage\":\"en-US\",\"@id\":\"https:\\\/\\\/amina.is\\\/#\\\/schema\\\/logo\\\/image\\\/\",\"url\":\"https:\\\/\\\/amina.is\\\/wp-content\\\/uploads\\\/2021\\\/09\\\/logo.png\",\"contentUrl\":\"https:\\\/\\\/amina.is\\\/wp-content\\\/uploads\\\/2021\\\/09\\\/logo.png\",\"width\":1790,\"height\":464,\"caption\":\"Amina\"},\"image\":{\"@id\":\"https:\\\/\\\/amina.is\\\/#\\\/schema\\\/logo\\\/image\\\/\"},\"sameAs\":[\"https:\\\/\\\/m.facebook.com\\\/AMINA-100767148840241\\\/\",\"https:\\\/\\\/www.instagram.com\\\/aminaverslun\\\/\"]}]}<\/script>\n<!-- \/ Yoast SEO Premium plugin. -->","yoast_head_json":{"title":"Master series - Hells Tether Ball Stretcher Humbler &#8211; Amina","description":"\u00de\u00fa getur nota\u00f0 \u00feynginguna eina og s\u00e9r til \u00feess a\u00f0 strekkja \u00e1 pungnum e\u00f0a me\u00f0 \u00f6kkla\u00f3larnar til a\u00f0 hafa hemil \u00e1 leikf\u00e9laganum.","robots":{"index":"index","follow":"follow","max-snippet":"max-snippet:-1","max-image-preview":"max-image-preview:large","max-video-preview":"max-video-preview:-1"},"canonical":"https:\/\/amina.is\/en\/verslun\/typpid\/pungurinn\/master-series-hells-tether-ball-stretcher-humbler\/","og_locale":"en_US","og_type":"article","og_title":"Master series - Hells Tether Ball Stretcher Humbler","og_description":"\u00de\u00fa getur nota\u00f0 \u00feynginguna eina og s\u00e9r til \u00feess a\u00f0 strekkja \u00e1 pungnum e\u00f0a me\u00f0 \u00f6kkla\u00f3larnar til a\u00f0 hafa hemil \u00e1 leikf\u00e9laganum.","og_url":"https:\/\/amina.is\/en\/verslun\/typpid\/pungurinn\/master-series-hells-tether-ball-stretcher-humbler\/","og_site_name":"Amina","article_publisher":"https:\/\/m.facebook.com\/AMINA-100767148840241\/","article_modified_time":"2025-08-11T13:37:19+00:00","og_image":[{"width":540,"height":501,"url":"https:\/\/amina.is\/wp-content\/uploads\/2023\/02\/ag429-001_540x501.jpg","type":"image\/jpeg"}],"twitter_card":"summary_large_image","twitter_misc":{"Est. reading time":"1 minute"},"schema":{"@context":"https:\/\/schema.org","@graph":[{"@type":"WebPage","@id":"https:\/\/amina.is\/verslun\/typpid\/pungurinn\/master-series-hells-tether-ball-stretcher-humbler\/","url":"https:\/\/amina.is\/verslun\/typpid\/pungurinn\/master-series-hells-tether-ball-stretcher-humbler\/","name":"Master series - Hells Tether Ball Stretcher Humbler &#8211; Amina","isPartOf":{"@id":"https:\/\/amina.is\/#website"},"primaryImageOfPage":{"@id":"https:\/\/amina.is\/verslun\/typpid\/pungurinn\/master-series-hells-tether-ball-stretcher-humbler\/#primaryimage"},"image":{"@id":"https:\/\/amina.is\/verslun\/typpid\/pungurinn\/master-series-hells-tether-ball-stretcher-humbler\/#primaryimage"},"thumbnailUrl":"https:\/\/amina.is\/wp-content\/uploads\/2023\/02\/ag429-001_540x501.jpg","datePublished":"2023-02-09T20:05:16+00:00","dateModified":"2025-08-11T13:37:19+00:00","description":"\u00de\u00fa getur nota\u00f0 \u00feynginguna eina og s\u00e9r til \u00feess a\u00f0 strekkja \u00e1 pungnum e\u00f0a me\u00f0 \u00f6kkla\u00f3larnar til a\u00f0 hafa hemil \u00e1 leikf\u00e9laganum.","breadcrumb":{"@id":"https:\/\/amina.is\/verslun\/typpid\/pungurinn\/master-series-hells-tether-ball-stretcher-humbler\/#breadcrumb"},"inLanguage":"en-US","potentialAction":[{"@type":"ReadAction","target":["https:\/\/amina.is\/verslun\/typpid\/pungurinn\/master-series-hells-tether-ball-stretcher-humbler\/"]}]},{"@type":"ImageObject","inLanguage":"en-US","@id":"https:\/\/amina.is\/verslun\/typpid\/pungurinn\/master-series-hells-tether-ball-stretcher-humbler\/#primaryimage","url":"https:\/\/amina.is\/wp-content\/uploads\/2023\/02\/ag429-001_540x501.jpg","contentUrl":"https:\/\/amina.is\/wp-content\/uploads\/2023\/02\/ag429-001_540x501.jpg","width":540,"height":501},{"@type":"BreadcrumbList","@id":"https:\/\/amina.is\/verslun\/typpid\/pungurinn\/master-series-hells-tether-ball-stretcher-humbler\/#breadcrumb","itemListElement":[{"@type":"ListItem","position":1,"name":"Home","item":"https:\/\/amina.is\/"},{"@type":"ListItem","position":2,"name":"Verslun","item":"https:\/\/amina.is\/verslun\/"},{"@type":"ListItem","position":3,"name":"Master series &#8211; Hells Tether Ball Stretcher Humbler"}]},{"@type":"WebSite","@id":"https:\/\/amina.is\/#website","url":"https:\/\/amina.is\/","name":"Amina","description":"Feeling is everything - Una\u00f0sv\u00f6rur fyrir alla","publisher":{"@id":"https:\/\/amina.is\/#organization"},"potentialAction":[{"@type":"SearchAction","target":{"@type":"EntryPoint","urlTemplate":"https:\/\/amina.is\/?s={search_term_string}"},"query-input":{"@type":"PropertyValueSpecification","valueRequired":true,"valueName":"search_term_string"}}],"inLanguage":"en-US"},{"@type":"Organization","@id":"https:\/\/amina.is\/#organization","name":"Amina","url":"https:\/\/amina.is\/","logo":{"@type":"ImageObject","inLanguage":"en-US","@id":"https:\/\/amina.is\/#\/schema\/logo\/image\/","url":"https:\/\/amina.is\/wp-content\/uploads\/2021\/09\/logo.png","contentUrl":"https:\/\/amina.is\/wp-content\/uploads\/2021\/09\/logo.png","width":1790,"height":464,"caption":"Amina"},"image":{"@id":"https:\/\/amina.is\/#\/schema\/logo\/image\/"},"sameAs":["https:\/\/m.facebook.com\/AMINA-100767148840241\/","https:\/\/www.instagram.com\/aminaverslun\/"]}]}},"_links":{"self":[{"href":"https:\/\/amina.is\/en\/wp-json\/wp\/v2\/product\/10953","targetHints":{"allow":["GET"]}}],"collection":[{"href":"https:\/\/amina.is\/en\/wp-json\/wp\/v2\/product"}],"about":[{"href":"https:\/\/amina.is\/en\/wp-json\/wp\/v2\/types\/product"}],"version-history":[{"count":1,"href":"https:\/\/amina.is\/en\/wp-json\/wp\/v2\/product\/10953\/revisions"}],"predecessor-version":[{"id":10959,"href":"https:\/\/amina.is\/en\/wp-json\/wp\/v2\/product\/10953\/revisions\/10959"}],"wp:featuredmedia":[{"embeddable":true,"href":"https:\/\/amina.is\/en\/wp-json\/wp\/v2\/media\/10954"}],"wp:attachment":[{"href":"https:\/\/amina.is\/en\/wp-json\/wp\/v2\/media?parent=10953"}],"wp:term":[{"taxonomy":"product_brand","embeddable":true,"href":"https:\/\/amina.is\/en\/wp-json\/wp\/v2\/product_brand?post=10953"},{"taxonomy":"product_cat","embeddable":true,"href":"https:\/\/amina.is\/en\/wp-json\/wp\/v2\/product_cat?post=10953"},{"taxonomy":"product_tag","embeddable":true,"href":"https:\/\/amina.is\/en\/wp-json\/wp\/v2\/product_tag?post=10953"}],"curies":[{"name":"wp","href":"https:\/\/api.w.org\/{rel}","templated":true}]}}