{"id":10947,"date":"2023-02-09T14:59:28","date_gmt":"2023-02-09T14:59:28","guid":{"rendered":"https:\/\/amina.is\/?post_type=product&#038;p=10947"},"modified":"2026-02-16T07:50:47","modified_gmt":"2026-02-16T07:50:47","slug":"size-matters-realistic-clear-penis-enhancer-and-ball-stretcher","status":"publish","type":"product","link":"https:\/\/amina.is\/en\/verslun\/typpid\/hulstur\/size-matters-realistic-clear-penis-enhancer-and-ball-stretcher\/","title":{"rendered":"Size Matters &#8211; Realistic Clear Penis Enhancer and Ball Stretcher"},"content":{"rendered":"<h5>Typpahulstur fr\u00e1 Size Matters. Hulstri\u00f0 b\u00e6tir vi\u00f0 \u00feykkt og lengd. Hulstri\u00f0 er me\u00f0 raunverulegri \u00e1fer\u00f0 a\u00f0 utan og festist einnig utan um punginn og \u00fev\u00ed s\u00ed\u00f0ur l\u00edklegt til \u00feess a\u00f0 renna af.<\/h5>\n<h5>Heildarlengd: 20,3cm. Innsetjanleg lengd: 16,5cm. Umm\u00e1l: 4,4cm. Efni: TPE<\/h5>","protected":false},"excerpt":{"rendered":"<p>Typpahulstur fr\u00e1 Size Matters. Hulstri\u00f0 b\u00e6tir vi\u00f0 \u00feykkt og lengd.<\/p>","protected":false},"featured_media":10952,"template":"","meta":{"inline_featured_image":false},"product_brand":[],"product_cat":[41,43,879,899,45],"product_tag":[550,797,549,796,206,798,548],"class_list":{"0":"post-10947","1":"product","2":"type-product","3":"status-publish","4":"has-post-thumbnail","6":"product_cat-fyrir-tha","7":"product_cat-fyrir-thau","8":"product_cat-hulstur","9":"product_cat-notaahann","10":"product_cat-typpid","11":"product_tag-cock-sleve","12":"product_tag-hulstur","13":"product_tag-penis-sleve","14":"product_tag-size-matters","15":"product_tag-sleve","16":"product_tag-staekkun","17":"product_tag-typpa-hulstur","19":"first","20":"instock","21":"shipping-taxable","22":"purchasable","23":"product-type-simple"},"yoast_head":"<!-- This site is optimized with the Yoast SEO Premium plugin v21.6 (Yoast SEO v27.4) - https:\/\/yoast.com\/product\/yoast-seo-premium-wordpress\/ -->\n<title>Size Matters - Realistic Clear Penis Enhancer and Ball Stretcher &#8211; Amina<\/title>\n<meta name=\"description\" content=\"Typpahulstur fr\u00e1 Size Matters. Hulstri\u00f0 b\u00e6tir vi\u00f0 \u00feykkt og lengd. Hulstri\u00f0 er me\u00f0 raunverulegri \u00e1fer\u00f0 a\u00f0 utan og festist einnig utan um punginn og \u00fev\u00ed s\u00ed\u00f0ur l\u00edklegt til \u00feess a\u00f0 renna af.\" \/>\n<meta name=\"robots\" content=\"index, follow, max-snippet:-1, max-image-preview:large, max-video-preview:-1\" \/>\n<link rel=\"canonical\" href=\"https:\/\/amina.is\/en\/verslun\/typpid\/hulstur\/size-matters-realistic-clear-penis-enhancer-and-ball-stretcher\/\" \/>\n<meta property=\"og:locale\" content=\"en_US\" \/>\n<meta property=\"og:type\" content=\"article\" \/>\n<meta property=\"og:title\" content=\"Size Matters - Realistic Clear Penis Enhancer and Ball Stretcher\" \/>\n<meta property=\"og:description\" content=\"Typpahulstur fr\u00e1 Size Matters. Hulstri\u00f0 b\u00e6tir vi\u00f0 \u00feykkt og lengd. Hulstri\u00f0 er me\u00f0 raunverulegri \u00e1fer\u00f0 a\u00f0 utan og festist einnig utan um punginn og \u00fev\u00ed s\u00ed\u00f0ur l\u00edklegt til \u00feess a\u00f0 renna af.\" \/>\n<meta property=\"og:url\" content=\"https:\/\/amina.is\/en\/verslun\/typpid\/hulstur\/size-matters-realistic-clear-penis-enhancer-and-ball-stretcher\/\" \/>\n<meta property=\"og:site_name\" content=\"Amina\" \/>\n<meta property=\"article:publisher\" content=\"https:\/\/m.facebook.com\/AMINA-100767148840241\/\" \/>\n<meta property=\"article:modified_time\" content=\"2026-02-16T07:50:47+00:00\" \/>\n<meta property=\"og:image\" content=\"https:\/\/amina.is\/wp-content\/uploads\/2023\/02\/Untitled-design-1.jpg\" \/>\n\t<meta property=\"og:image:width\" content=\"1080\" \/>\n\t<meta property=\"og:image:height\" content=\"1080\" \/>\n\t<meta property=\"og:image:type\" content=\"image\/jpeg\" \/>\n<meta name=\"twitter:card\" content=\"summary_large_image\" \/>\n<meta name=\"twitter:label1\" content=\"Est. reading time\" \/>\n\t<meta name=\"twitter:data1\" content=\"1 minute\" \/>\n<script type=\"application\/ld+json\" class=\"yoast-schema-graph\">{\"@context\":\"https:\\\/\\\/schema.org\",\"@graph\":[{\"@type\":\"WebPage\",\"@id\":\"https:\\\/\\\/amina.is\\\/verslun\\\/typpid\\\/hulstur\\\/size-matters-realistic-clear-penis-enhancer-and-ball-stretcher\\\/\",\"url\":\"https:\\\/\\\/amina.is\\\/verslun\\\/typpid\\\/hulstur\\\/size-matters-realistic-clear-penis-enhancer-and-ball-stretcher\\\/\",\"name\":\"Size Matters - Realistic Clear Penis Enhancer and Ball Stretcher &#8211; Amina\",\"isPartOf\":{\"@id\":\"https:\\\/\\\/amina.is\\\/#website\"},\"primaryImageOfPage\":{\"@id\":\"https:\\\/\\\/amina.is\\\/verslun\\\/typpid\\\/hulstur\\\/size-matters-realistic-clear-penis-enhancer-and-ball-stretcher\\\/#primaryimage\"},\"image\":{\"@id\":\"https:\\\/\\\/amina.is\\\/verslun\\\/typpid\\\/hulstur\\\/size-matters-realistic-clear-penis-enhancer-and-ball-stretcher\\\/#primaryimage\"},\"thumbnailUrl\":\"https:\\\/\\\/amina.is\\\/wp-content\\\/uploads\\\/2023\\\/02\\\/Untitled-design-1.jpg\",\"datePublished\":\"2023-02-09T14:59:28+00:00\",\"dateModified\":\"2026-02-16T07:50:47+00:00\",\"description\":\"Typpahulstur fr\u00e1 Size Matters. Hulstri\u00f0 b\u00e6tir vi\u00f0 \u00feykkt og lengd. Hulstri\u00f0 er me\u00f0 raunverulegri \u00e1fer\u00f0 a\u00f0 utan og festist einnig utan um punginn og \u00fev\u00ed s\u00ed\u00f0ur l\u00edklegt til \u00feess a\u00f0 renna af.\",\"breadcrumb\":{\"@id\":\"https:\\\/\\\/amina.is\\\/verslun\\\/typpid\\\/hulstur\\\/size-matters-realistic-clear-penis-enhancer-and-ball-stretcher\\\/#breadcrumb\"},\"inLanguage\":\"en-US\",\"potentialAction\":[{\"@type\":\"ReadAction\",\"target\":[\"https:\\\/\\\/amina.is\\\/verslun\\\/typpid\\\/hulstur\\\/size-matters-realistic-clear-penis-enhancer-and-ball-stretcher\\\/\"]}]},{\"@type\":\"ImageObject\",\"inLanguage\":\"en-US\",\"@id\":\"https:\\\/\\\/amina.is\\\/verslun\\\/typpid\\\/hulstur\\\/size-matters-realistic-clear-penis-enhancer-and-ball-stretcher\\\/#primaryimage\",\"url\":\"https:\\\/\\\/amina.is\\\/wp-content\\\/uploads\\\/2023\\\/02\\\/Untitled-design-1.jpg\",\"contentUrl\":\"https:\\\/\\\/amina.is\\\/wp-content\\\/uploads\\\/2023\\\/02\\\/Untitled-design-1.jpg\",\"width\":1080,\"height\":1080},{\"@type\":\"BreadcrumbList\",\"@id\":\"https:\\\/\\\/amina.is\\\/verslun\\\/typpid\\\/hulstur\\\/size-matters-realistic-clear-penis-enhancer-and-ball-stretcher\\\/#breadcrumb\",\"itemListElement\":[{\"@type\":\"ListItem\",\"position\":1,\"name\":\"Home\",\"item\":\"https:\\\/\\\/amina.is\\\/\"},{\"@type\":\"ListItem\",\"position\":2,\"name\":\"Verslun\",\"item\":\"https:\\\/\\\/amina.is\\\/verslun\\\/\"},{\"@type\":\"ListItem\",\"position\":3,\"name\":\"Size Matters &#8211; Realistic Clear Penis Enhancer and Ball Stretcher\"}]},{\"@type\":\"WebSite\",\"@id\":\"https:\\\/\\\/amina.is\\\/#website\",\"url\":\"https:\\\/\\\/amina.is\\\/\",\"name\":\"Amina\",\"description\":\"Feeling is everything - Una\u00f0sv\u00f6rur fyrir alla\",\"publisher\":{\"@id\":\"https:\\\/\\\/amina.is\\\/#organization\"},\"potentialAction\":[{\"@type\":\"SearchAction\",\"target\":{\"@type\":\"EntryPoint\",\"urlTemplate\":\"https:\\\/\\\/amina.is\\\/?s={search_term_string}\"},\"query-input\":{\"@type\":\"PropertyValueSpecification\",\"valueRequired\":true,\"valueName\":\"search_term_string\"}}],\"inLanguage\":\"en-US\"},{\"@type\":\"Organization\",\"@id\":\"https:\\\/\\\/amina.is\\\/#organization\",\"name\":\"Amina\",\"url\":\"https:\\\/\\\/amina.is\\\/\",\"logo\":{\"@type\":\"ImageObject\",\"inLanguage\":\"en-US\",\"@id\":\"https:\\\/\\\/amina.is\\\/#\\\/schema\\\/logo\\\/image\\\/\",\"url\":\"https:\\\/\\\/amina.is\\\/wp-content\\\/uploads\\\/2021\\\/09\\\/logo.png\",\"contentUrl\":\"https:\\\/\\\/amina.is\\\/wp-content\\\/uploads\\\/2021\\\/09\\\/logo.png\",\"width\":1790,\"height\":464,\"caption\":\"Amina\"},\"image\":{\"@id\":\"https:\\\/\\\/amina.is\\\/#\\\/schema\\\/logo\\\/image\\\/\"},\"sameAs\":[\"https:\\\/\\\/m.facebook.com\\\/AMINA-100767148840241\\\/\",\"https:\\\/\\\/www.instagram.com\\\/aminaverslun\\\/\"]}]}<\/script>\n<!-- \/ Yoast SEO Premium plugin. -->","yoast_head_json":{"title":"Size Matters - Realistic Clear Penis Enhancer and Ball Stretcher &#8211; Amina","description":"Typpahulstur fr\u00e1 Size Matters. Hulstri\u00f0 b\u00e6tir vi\u00f0 \u00feykkt og lengd. Hulstri\u00f0 er me\u00f0 raunverulegri \u00e1fer\u00f0 a\u00f0 utan og festist einnig utan um punginn og \u00fev\u00ed s\u00ed\u00f0ur l\u00edklegt til \u00feess a\u00f0 renna af.","robots":{"index":"index","follow":"follow","max-snippet":"max-snippet:-1","max-image-preview":"max-image-preview:large","max-video-preview":"max-video-preview:-1"},"canonical":"https:\/\/amina.is\/en\/verslun\/typpid\/hulstur\/size-matters-realistic-clear-penis-enhancer-and-ball-stretcher\/","og_locale":"en_US","og_type":"article","og_title":"Size Matters - Realistic Clear Penis Enhancer and Ball Stretcher","og_description":"Typpahulstur fr\u00e1 Size Matters. Hulstri\u00f0 b\u00e6tir vi\u00f0 \u00feykkt og lengd. Hulstri\u00f0 er me\u00f0 raunverulegri \u00e1fer\u00f0 a\u00f0 utan og festist einnig utan um punginn og \u00fev\u00ed s\u00ed\u00f0ur l\u00edklegt til \u00feess a\u00f0 renna af.","og_url":"https:\/\/amina.is\/en\/verslun\/typpid\/hulstur\/size-matters-realistic-clear-penis-enhancer-and-ball-stretcher\/","og_site_name":"Amina","article_publisher":"https:\/\/m.facebook.com\/AMINA-100767148840241\/","article_modified_time":"2026-02-16T07:50:47+00:00","og_image":[{"width":1080,"height":1080,"url":"https:\/\/amina.is\/wp-content\/uploads\/2023\/02\/Untitled-design-1.jpg","type":"image\/jpeg"}],"twitter_card":"summary_large_image","twitter_misc":{"Est. reading time":"1 minute"},"schema":{"@context":"https:\/\/schema.org","@graph":[{"@type":"WebPage","@id":"https:\/\/amina.is\/verslun\/typpid\/hulstur\/size-matters-realistic-clear-penis-enhancer-and-ball-stretcher\/","url":"https:\/\/amina.is\/verslun\/typpid\/hulstur\/size-matters-realistic-clear-penis-enhancer-and-ball-stretcher\/","name":"Size Matters - Realistic Clear Penis Enhancer and Ball Stretcher &#8211; Amina","isPartOf":{"@id":"https:\/\/amina.is\/#website"},"primaryImageOfPage":{"@id":"https:\/\/amina.is\/verslun\/typpid\/hulstur\/size-matters-realistic-clear-penis-enhancer-and-ball-stretcher\/#primaryimage"},"image":{"@id":"https:\/\/amina.is\/verslun\/typpid\/hulstur\/size-matters-realistic-clear-penis-enhancer-and-ball-stretcher\/#primaryimage"},"thumbnailUrl":"https:\/\/amina.is\/wp-content\/uploads\/2023\/02\/Untitled-design-1.jpg","datePublished":"2023-02-09T14:59:28+00:00","dateModified":"2026-02-16T07:50:47+00:00","description":"Typpahulstur fr\u00e1 Size Matters. Hulstri\u00f0 b\u00e6tir vi\u00f0 \u00feykkt og lengd. Hulstri\u00f0 er me\u00f0 raunverulegri \u00e1fer\u00f0 a\u00f0 utan og festist einnig utan um punginn og \u00fev\u00ed s\u00ed\u00f0ur l\u00edklegt til \u00feess a\u00f0 renna af.","breadcrumb":{"@id":"https:\/\/amina.is\/verslun\/typpid\/hulstur\/size-matters-realistic-clear-penis-enhancer-and-ball-stretcher\/#breadcrumb"},"inLanguage":"en-US","potentialAction":[{"@type":"ReadAction","target":["https:\/\/amina.is\/verslun\/typpid\/hulstur\/size-matters-realistic-clear-penis-enhancer-and-ball-stretcher\/"]}]},{"@type":"ImageObject","inLanguage":"en-US","@id":"https:\/\/amina.is\/verslun\/typpid\/hulstur\/size-matters-realistic-clear-penis-enhancer-and-ball-stretcher\/#primaryimage","url":"https:\/\/amina.is\/wp-content\/uploads\/2023\/02\/Untitled-design-1.jpg","contentUrl":"https:\/\/amina.is\/wp-content\/uploads\/2023\/02\/Untitled-design-1.jpg","width":1080,"height":1080},{"@type":"BreadcrumbList","@id":"https:\/\/amina.is\/verslun\/typpid\/hulstur\/size-matters-realistic-clear-penis-enhancer-and-ball-stretcher\/#breadcrumb","itemListElement":[{"@type":"ListItem","position":1,"name":"Home","item":"https:\/\/amina.is\/"},{"@type":"ListItem","position":2,"name":"Verslun","item":"https:\/\/amina.is\/verslun\/"},{"@type":"ListItem","position":3,"name":"Size Matters &#8211; Realistic Clear Penis Enhancer and Ball Stretcher"}]},{"@type":"WebSite","@id":"https:\/\/amina.is\/#website","url":"https:\/\/amina.is\/","name":"Amina","description":"Feeling is everything - Una\u00f0sv\u00f6rur fyrir alla","publisher":{"@id":"https:\/\/amina.is\/#organization"},"potentialAction":[{"@type":"SearchAction","target":{"@type":"EntryPoint","urlTemplate":"https:\/\/amina.is\/?s={search_term_string}"},"query-input":{"@type":"PropertyValueSpecification","valueRequired":true,"valueName":"search_term_string"}}],"inLanguage":"en-US"},{"@type":"Organization","@id":"https:\/\/amina.is\/#organization","name":"Amina","url":"https:\/\/amina.is\/","logo":{"@type":"ImageObject","inLanguage":"en-US","@id":"https:\/\/amina.is\/#\/schema\/logo\/image\/","url":"https:\/\/amina.is\/wp-content\/uploads\/2021\/09\/logo.png","contentUrl":"https:\/\/amina.is\/wp-content\/uploads\/2021\/09\/logo.png","width":1790,"height":464,"caption":"Amina"},"image":{"@id":"https:\/\/amina.is\/#\/schema\/logo\/image\/"},"sameAs":["https:\/\/m.facebook.com\/AMINA-100767148840241\/","https:\/\/www.instagram.com\/aminaverslun\/"]}]}},"_links":{"self":[{"href":"https:\/\/amina.is\/en\/wp-json\/wp\/v2\/product\/10947","targetHints":{"allow":["GET"]}}],"collection":[{"href":"https:\/\/amina.is\/en\/wp-json\/wp\/v2\/product"}],"about":[{"href":"https:\/\/amina.is\/en\/wp-json\/wp\/v2\/types\/product"}],"version-history":[{"count":1,"href":"https:\/\/amina.is\/en\/wp-json\/wp\/v2\/product\/10947\/revisions"}],"predecessor-version":[{"id":10951,"href":"https:\/\/amina.is\/en\/wp-json\/wp\/v2\/product\/10947\/revisions\/10951"}],"wp:featuredmedia":[{"embeddable":true,"href":"https:\/\/amina.is\/en\/wp-json\/wp\/v2\/media\/10952"}],"wp:attachment":[{"href":"https:\/\/amina.is\/en\/wp-json\/wp\/v2\/media?parent=10947"}],"wp:term":[{"taxonomy":"product_brand","embeddable":true,"href":"https:\/\/amina.is\/en\/wp-json\/wp\/v2\/product_brand?post=10947"},{"taxonomy":"product_cat","embeddable":true,"href":"https:\/\/amina.is\/en\/wp-json\/wp\/v2\/product_cat?post=10947"},{"taxonomy":"product_tag","embeddable":true,"href":"https:\/\/amina.is\/en\/wp-json\/wp\/v2\/product_tag?post=10947"}],"curies":[{"name":"wp","href":"https:\/\/api.w.org\/{rel}","templated":true}]}}