{"id":10921,"date":"2023-02-09T00:42:58","date_gmt":"2023-02-09T00:42:58","guid":{"rendered":"https:\/\/amina.is\/?post_type=product&#038;p=10921"},"modified":"2025-08-05T13:37:33","modified_gmt":"2025-08-05T13:37:33","slug":"creature-cocks-fire-dragon-red-scaly-silicone-dildo","status":"publish","type":"product","link":"https:\/\/amina.is\/en\/verslun\/pikan\/annadpikan\/creature-cocks-fire-dragon-red-scaly-silicone-dildo\/","title":{"rendered":"Creature &#8211; Fire Dragon Red Scaly Silicone Dildo"},"content":{"rendered":"<h5>Drekinn, fantas\u00edu dild\u00f3 fr\u00e1 Creature Cocks. Fullkominn \u00ed hlutverkaleikinn e\u00f0a sem skemmtileg tilbreyting. Hann er me\u00f0 sterkri sogsk\u00e1l og er ger\u00f0ur \u00far h\u00e1g\u00e6\u00f0a s\u00edlikoni. Hann er phthalate fr\u00edr.<\/h5>\n<h5>Heildarlengd: 21cm.\u00a0Innsetjanleg lengd: 17,8cm. Mj\u00f3asti partur: Umm\u00e1l 5cm. \u00deykkasti partur: Umm\u00e1l 6,3cm.<\/h5>","protected":false},"excerpt":{"rendered":"<p>Drekinn, fantas\u00edu dild\u00f3 fr\u00e1 Creature Cocks. Fullkominn \u00ed hlutverkaleikinn e\u00f0a sem skemmtileg tilbreyting.<\/p>","protected":false},"featured_media":10924,"template":"","meta":{"inline_featured_image":false},"product_brand":[],"product_cat":[887,908,36,41,42,43,44,917,35,913],"product_tag":[781,362,784,786,293,785],"class_list":{"0":"post-10921","1":"product","2":"type-product","3":"status-publish","4":"has-post-thumbnail","6":"product_cat-annadpikan","7":"product_cat-annadrassinn","8":"product_cat-blaeti","9":"product_cat-fyrir-tha","10":"product_cat-fyrir-thaer","11":"product_cat-fyrir-thau","12":"product_cat-pikan","13":"product_cat-pikan-blaeti","14":"product_cat-rassinn","15":"product_cat-rassinn-hollow-plugs-ofl","16":"product_tag-creature-cocks","17":"product_tag-dildo","18":"product_tag-dragon","19":"product_tag-dreki","20":"product_tag-fire","21":"product_tag-fire-dragon","23":"first","24":"instock","25":"shipping-taxable","26":"purchasable","27":"product-type-simple"},"yoast_head":"<!-- This site is optimized with the Yoast SEO Premium plugin v21.6 (Yoast SEO v27.3) - https:\/\/yoast.com\/product\/yoast-seo-premium-wordpress\/ -->\n<title>Creature - Fire Dragon Red Scaly Silicone Dildo &#8211; Amina<\/title>\n<meta name=\"description\" content=\"Drekinn, fantas\u00edu dild\u00f3 fr\u00e1 Creature Cocks. Fullkominn \u00ed hlutverkaleikinn e\u00f0a sem skemmtileg tilbreyting.\" \/>\n<meta name=\"robots\" content=\"index, follow, max-snippet:-1, max-image-preview:large, max-video-preview:-1\" \/>\n<link rel=\"canonical\" href=\"https:\/\/amina.is\/en\/verslun\/pikan\/annadpikan\/creature-cocks-fire-dragon-red-scaly-silicone-dildo\/\" \/>\n<meta property=\"og:locale\" content=\"en_US\" \/>\n<meta property=\"og:type\" content=\"article\" \/>\n<meta property=\"og:title\" content=\"Creature - Fire Dragon Red Scaly Silicone Dildo\" \/>\n<meta property=\"og:description\" content=\"Drekinn, fantas\u00edu dild\u00f3 fr\u00e1 Creature Cocks. Fullkominn \u00ed hlutverkaleikinn e\u00f0a sem skemmtileg tilbreyting.\" \/>\n<meta property=\"og:url\" content=\"https:\/\/amina.is\/en\/verslun\/pikan\/annadpikan\/creature-cocks-fire-dragon-red-scaly-silicone-dildo\/\" \/>\n<meta property=\"og:site_name\" content=\"Amina\" \/>\n<meta property=\"article:publisher\" content=\"https:\/\/m.facebook.com\/AMINA-100767148840241\/\" \/>\n<meta property=\"article:modified_time\" content=\"2025-08-05T13:37:33+00:00\" \/>\n<meta property=\"og:image\" content=\"https:\/\/amina.is\/wp-content\/uploads\/2023\/02\/ah043-002_540x540-2.jpg\" \/>\n\t<meta property=\"og:image:width\" content=\"540\" \/>\n\t<meta property=\"og:image:height\" content=\"540\" \/>\n\t<meta property=\"og:image:type\" content=\"image\/jpeg\" \/>\n<meta name=\"twitter:card\" content=\"summary_large_image\" \/>\n<meta name=\"twitter:label1\" content=\"Est. reading time\" \/>\n\t<meta name=\"twitter:data1\" content=\"1 minute\" \/>\n<script type=\"application\/ld+json\" class=\"yoast-schema-graph\">{\"@context\":\"https:\\\/\\\/schema.org\",\"@graph\":[{\"@type\":\"WebPage\",\"@id\":\"https:\\\/\\\/amina.is\\\/verslun\\\/pikan\\\/annadpikan\\\/creature-cocks-fire-dragon-red-scaly-silicone-dildo\\\/\",\"url\":\"https:\\\/\\\/amina.is\\\/verslun\\\/pikan\\\/annadpikan\\\/creature-cocks-fire-dragon-red-scaly-silicone-dildo\\\/\",\"name\":\"Creature - Fire Dragon Red Scaly Silicone Dildo &#8211; Amina\",\"isPartOf\":{\"@id\":\"https:\\\/\\\/amina.is\\\/#website\"},\"primaryImageOfPage\":{\"@id\":\"https:\\\/\\\/amina.is\\\/verslun\\\/pikan\\\/annadpikan\\\/creature-cocks-fire-dragon-red-scaly-silicone-dildo\\\/#primaryimage\"},\"image\":{\"@id\":\"https:\\\/\\\/amina.is\\\/verslun\\\/pikan\\\/annadpikan\\\/creature-cocks-fire-dragon-red-scaly-silicone-dildo\\\/#primaryimage\"},\"thumbnailUrl\":\"https:\\\/\\\/amina.is\\\/wp-content\\\/uploads\\\/2023\\\/02\\\/ah043-002_540x540-2.jpg\",\"datePublished\":\"2023-02-09T00:42:58+00:00\",\"dateModified\":\"2025-08-05T13:37:33+00:00\",\"description\":\"Drekinn, fantas\u00edu dild\u00f3 fr\u00e1 Creature Cocks. Fullkominn \u00ed hlutverkaleikinn e\u00f0a sem skemmtileg tilbreyting.\",\"breadcrumb\":{\"@id\":\"https:\\\/\\\/amina.is\\\/verslun\\\/pikan\\\/annadpikan\\\/creature-cocks-fire-dragon-red-scaly-silicone-dildo\\\/#breadcrumb\"},\"inLanguage\":\"en-US\",\"potentialAction\":[{\"@type\":\"ReadAction\",\"target\":[\"https:\\\/\\\/amina.is\\\/verslun\\\/pikan\\\/annadpikan\\\/creature-cocks-fire-dragon-red-scaly-silicone-dildo\\\/\"]}]},{\"@type\":\"ImageObject\",\"inLanguage\":\"en-US\",\"@id\":\"https:\\\/\\\/amina.is\\\/verslun\\\/pikan\\\/annadpikan\\\/creature-cocks-fire-dragon-red-scaly-silicone-dildo\\\/#primaryimage\",\"url\":\"https:\\\/\\\/amina.is\\\/wp-content\\\/uploads\\\/2023\\\/02\\\/ah043-002_540x540-2.jpg\",\"contentUrl\":\"https:\\\/\\\/amina.is\\\/wp-content\\\/uploads\\\/2023\\\/02\\\/ah043-002_540x540-2.jpg\",\"width\":540,\"height\":540},{\"@type\":\"BreadcrumbList\",\"@id\":\"https:\\\/\\\/amina.is\\\/verslun\\\/pikan\\\/annadpikan\\\/creature-cocks-fire-dragon-red-scaly-silicone-dildo\\\/#breadcrumb\",\"itemListElement\":[{\"@type\":\"ListItem\",\"position\":1,\"name\":\"Home\",\"item\":\"https:\\\/\\\/amina.is\\\/\"},{\"@type\":\"ListItem\",\"position\":2,\"name\":\"Verslun\",\"item\":\"https:\\\/\\\/amina.is\\\/verslun\\\/\"},{\"@type\":\"ListItem\",\"position\":3,\"name\":\"Creature &#8211; Fire Dragon Red Scaly Silicone Dildo\"}]},{\"@type\":\"WebSite\",\"@id\":\"https:\\\/\\\/amina.is\\\/#website\",\"url\":\"https:\\\/\\\/amina.is\\\/\",\"name\":\"Amina\",\"description\":\"Feeling is everything - Una\u00f0sv\u00f6rur fyrir alla\",\"publisher\":{\"@id\":\"https:\\\/\\\/amina.is\\\/#organization\"},\"potentialAction\":[{\"@type\":\"SearchAction\",\"target\":{\"@type\":\"EntryPoint\",\"urlTemplate\":\"https:\\\/\\\/amina.is\\\/?s={search_term_string}\"},\"query-input\":{\"@type\":\"PropertyValueSpecification\",\"valueRequired\":true,\"valueName\":\"search_term_string\"}}],\"inLanguage\":\"en-US\"},{\"@type\":\"Organization\",\"@id\":\"https:\\\/\\\/amina.is\\\/#organization\",\"name\":\"Amina\",\"url\":\"https:\\\/\\\/amina.is\\\/\",\"logo\":{\"@type\":\"ImageObject\",\"inLanguage\":\"en-US\",\"@id\":\"https:\\\/\\\/amina.is\\\/#\\\/schema\\\/logo\\\/image\\\/\",\"url\":\"https:\\\/\\\/amina.is\\\/wp-content\\\/uploads\\\/2021\\\/09\\\/logo.png\",\"contentUrl\":\"https:\\\/\\\/amina.is\\\/wp-content\\\/uploads\\\/2021\\\/09\\\/logo.png\",\"width\":1790,\"height\":464,\"caption\":\"Amina\"},\"image\":{\"@id\":\"https:\\\/\\\/amina.is\\\/#\\\/schema\\\/logo\\\/image\\\/\"},\"sameAs\":[\"https:\\\/\\\/m.facebook.com\\\/AMINA-100767148840241\\\/\",\"https:\\\/\\\/www.instagram.com\\\/aminaverslun\\\/\"]}]}<\/script>\n<!-- \/ Yoast SEO Premium plugin. -->","yoast_head_json":{"title":"Creature - Fire Dragon Red Scaly Silicone Dildo &#8211; Amina","description":"Drekinn, fantas\u00edu dild\u00f3 fr\u00e1 Creature Cocks. Fullkominn \u00ed hlutverkaleikinn e\u00f0a sem skemmtileg tilbreyting.","robots":{"index":"index","follow":"follow","max-snippet":"max-snippet:-1","max-image-preview":"max-image-preview:large","max-video-preview":"max-video-preview:-1"},"canonical":"https:\/\/amina.is\/en\/verslun\/pikan\/annadpikan\/creature-cocks-fire-dragon-red-scaly-silicone-dildo\/","og_locale":"en_US","og_type":"article","og_title":"Creature - Fire Dragon Red Scaly Silicone Dildo","og_description":"Drekinn, fantas\u00edu dild\u00f3 fr\u00e1 Creature Cocks. Fullkominn \u00ed hlutverkaleikinn e\u00f0a sem skemmtileg tilbreyting.","og_url":"https:\/\/amina.is\/en\/verslun\/pikan\/annadpikan\/creature-cocks-fire-dragon-red-scaly-silicone-dildo\/","og_site_name":"Amina","article_publisher":"https:\/\/m.facebook.com\/AMINA-100767148840241\/","article_modified_time":"2025-08-05T13:37:33+00:00","og_image":[{"width":540,"height":540,"url":"https:\/\/amina.is\/wp-content\/uploads\/2023\/02\/ah043-002_540x540-2.jpg","type":"image\/jpeg"}],"twitter_card":"summary_large_image","twitter_misc":{"Est. reading time":"1 minute"},"schema":{"@context":"https:\/\/schema.org","@graph":[{"@type":"WebPage","@id":"https:\/\/amina.is\/verslun\/pikan\/annadpikan\/creature-cocks-fire-dragon-red-scaly-silicone-dildo\/","url":"https:\/\/amina.is\/verslun\/pikan\/annadpikan\/creature-cocks-fire-dragon-red-scaly-silicone-dildo\/","name":"Creature - Fire Dragon Red Scaly Silicone Dildo &#8211; Amina","isPartOf":{"@id":"https:\/\/amina.is\/#website"},"primaryImageOfPage":{"@id":"https:\/\/amina.is\/verslun\/pikan\/annadpikan\/creature-cocks-fire-dragon-red-scaly-silicone-dildo\/#primaryimage"},"image":{"@id":"https:\/\/amina.is\/verslun\/pikan\/annadpikan\/creature-cocks-fire-dragon-red-scaly-silicone-dildo\/#primaryimage"},"thumbnailUrl":"https:\/\/amina.is\/wp-content\/uploads\/2023\/02\/ah043-002_540x540-2.jpg","datePublished":"2023-02-09T00:42:58+00:00","dateModified":"2025-08-05T13:37:33+00:00","description":"Drekinn, fantas\u00edu dild\u00f3 fr\u00e1 Creature Cocks. Fullkominn \u00ed hlutverkaleikinn e\u00f0a sem skemmtileg tilbreyting.","breadcrumb":{"@id":"https:\/\/amina.is\/verslun\/pikan\/annadpikan\/creature-cocks-fire-dragon-red-scaly-silicone-dildo\/#breadcrumb"},"inLanguage":"en-US","potentialAction":[{"@type":"ReadAction","target":["https:\/\/amina.is\/verslun\/pikan\/annadpikan\/creature-cocks-fire-dragon-red-scaly-silicone-dildo\/"]}]},{"@type":"ImageObject","inLanguage":"en-US","@id":"https:\/\/amina.is\/verslun\/pikan\/annadpikan\/creature-cocks-fire-dragon-red-scaly-silicone-dildo\/#primaryimage","url":"https:\/\/amina.is\/wp-content\/uploads\/2023\/02\/ah043-002_540x540-2.jpg","contentUrl":"https:\/\/amina.is\/wp-content\/uploads\/2023\/02\/ah043-002_540x540-2.jpg","width":540,"height":540},{"@type":"BreadcrumbList","@id":"https:\/\/amina.is\/verslun\/pikan\/annadpikan\/creature-cocks-fire-dragon-red-scaly-silicone-dildo\/#breadcrumb","itemListElement":[{"@type":"ListItem","position":1,"name":"Home","item":"https:\/\/amina.is\/"},{"@type":"ListItem","position":2,"name":"Verslun","item":"https:\/\/amina.is\/verslun\/"},{"@type":"ListItem","position":3,"name":"Creature &#8211; Fire Dragon Red Scaly Silicone Dildo"}]},{"@type":"WebSite","@id":"https:\/\/amina.is\/#website","url":"https:\/\/amina.is\/","name":"Amina","description":"Feeling is everything - Una\u00f0sv\u00f6rur fyrir alla","publisher":{"@id":"https:\/\/amina.is\/#organization"},"potentialAction":[{"@type":"SearchAction","target":{"@type":"EntryPoint","urlTemplate":"https:\/\/amina.is\/?s={search_term_string}"},"query-input":{"@type":"PropertyValueSpecification","valueRequired":true,"valueName":"search_term_string"}}],"inLanguage":"en-US"},{"@type":"Organization","@id":"https:\/\/amina.is\/#organization","name":"Amina","url":"https:\/\/amina.is\/","logo":{"@type":"ImageObject","inLanguage":"en-US","@id":"https:\/\/amina.is\/#\/schema\/logo\/image\/","url":"https:\/\/amina.is\/wp-content\/uploads\/2021\/09\/logo.png","contentUrl":"https:\/\/amina.is\/wp-content\/uploads\/2021\/09\/logo.png","width":1790,"height":464,"caption":"Amina"},"image":{"@id":"https:\/\/amina.is\/#\/schema\/logo\/image\/"},"sameAs":["https:\/\/m.facebook.com\/AMINA-100767148840241\/","https:\/\/www.instagram.com\/aminaverslun\/"]}]}},"_links":{"self":[{"href":"https:\/\/amina.is\/en\/wp-json\/wp\/v2\/product\/10921","targetHints":{"allow":["GET"]}}],"collection":[{"href":"https:\/\/amina.is\/en\/wp-json\/wp\/v2\/product"}],"about":[{"href":"https:\/\/amina.is\/en\/wp-json\/wp\/v2\/types\/product"}],"version-history":[{"count":3,"href":"https:\/\/amina.is\/en\/wp-json\/wp\/v2\/product\/10921\/revisions"}],"predecessor-version":[{"id":11983,"href":"https:\/\/amina.is\/en\/wp-json\/wp\/v2\/product\/10921\/revisions\/11983"}],"wp:featuredmedia":[{"embeddable":true,"href":"https:\/\/amina.is\/en\/wp-json\/wp\/v2\/media\/10924"}],"wp:attachment":[{"href":"https:\/\/amina.is\/en\/wp-json\/wp\/v2\/media?parent=10921"}],"wp:term":[{"taxonomy":"product_brand","embeddable":true,"href":"https:\/\/amina.is\/en\/wp-json\/wp\/v2\/product_brand?post=10921"},{"taxonomy":"product_cat","embeddable":true,"href":"https:\/\/amina.is\/en\/wp-json\/wp\/v2\/product_cat?post=10921"},{"taxonomy":"product_tag","embeddable":true,"href":"https:\/\/amina.is\/en\/wp-json\/wp\/v2\/product_tag?post=10921"}],"curies":[{"name":"wp","href":"https:\/\/api.w.org\/{rel}","templated":true}]}}