{"id":10902,"date":"2023-02-09T00:09:05","date_gmt":"2023-02-09T00:09:05","guid":{"rendered":"https:\/\/amina.is\/?post_type=product&#038;p=10902"},"modified":"2024-11-21T22:58:10","modified_gmt":"2024-11-21T22:58:10","slug":"master-series-woof-xl-silicone-puppy-tail-butt-plug","status":"publish","type":"product","link":"https:\/\/amina.is\/en\/verslun\/blaeti\/rassinn-hollow-plugs-ofl\/master-series-woof-xl-silicone-puppy-tail-butt-plug\/","title":{"rendered":"Master Series &#8211; Woof XL Silicone Puppy Tail Butt Plug"},"content":{"rendered":"<h5>Butt plug me\u00f0 r\u00f3fu. S\u00e9rstaklega hanna\u00f0ur til \u00feess a\u00f0 sitja vel \u00ed rassinum. Passar vel vi\u00f0 <a href=\"https:\/\/amina.is\/en\/verslun\/blaeti\/master-series-neoprene-puppy-hood\/\">Puppy mask.<\/a><\/h5>\n<h5><strong>Heildarlengd:<\/strong> 32cm. <strong>Innsetjanleg lengd:<\/strong> 10,8cm. <strong>Brei\u00f0asti hluti:<\/strong> 6cm. \u00deyngd: 467gr.\u00a0<strong>Efni:<\/strong> H\u00e1g\u00e6\u00f0a s\u00edlikon (Phthalate free)<\/h5>","protected":false},"excerpt":{"rendered":"<p>Butt plug me\u00f0 r\u00f3fu. S\u00e9rstaklega hanna\u00f0ur til \u00feess a\u00f0 sitja vel \u00ed rassinum. Passar vel vi\u00f0 &#8222;Puppy mask&#8220;<\/p>","protected":false},"featured_media":10905,"template":"","meta":{"inline_featured_image":false},"product_brand":[],"product_cat":[907,36,35,913],"product_tag":[86,324,355,780,358,310,434,779,626],"class_list":{"0":"post-10902","1":"product","2":"type-product","3":"status-publish","4":"has-post-thumbnail","6":"product_cat-buttplugs-og-titrarar","7":"product_cat-blaeti","8":"product_cat-rassinn","9":"product_cat-rassinn-hollow-plugs-ofl","10":"product_tag-bdsm","11":"product_tag-blaeti","12":"product_tag-dog","13":"product_tag-fethish","14":"product_tag-hundur","15":"product_tag-master-series","16":"product_tag-puppy","17":"product_tag-rofa","18":"product_tag-tail","20":"first","21":"instock","22":"shipping-taxable","23":"purchasable","24":"product-type-simple"},"yoast_head":"<!-- This site is optimized with the Yoast SEO Premium plugin v21.6 (Yoast SEO v27.3) - https:\/\/yoast.com\/product\/yoast-seo-premium-wordpress\/ -->\n<title>Master Series - Woof XL Silicone Puppy Tail Butt Plug &#8211; Amina<\/title>\n<meta name=\"description\" content=\"Butt plug me\u00f0 r\u00f3fu. S\u00e9rstaklega hanna\u00f0ur til \u00feess a\u00f0 sitja vel \u00ed rassinum. Passar vel vi\u00f0 &quot;Puppy mask&quot;\" \/>\n<meta name=\"robots\" content=\"index, follow, max-snippet:-1, max-image-preview:large, max-video-preview:-1\" \/>\n<link rel=\"canonical\" href=\"https:\/\/amina.is\/en\/verslun\/blaeti\/rassinn-hollow-plugs-ofl\/master-series-woof-xl-silicone-puppy-tail-butt-plug\/\" \/>\n<meta property=\"og:locale\" content=\"en_US\" \/>\n<meta property=\"og:type\" content=\"article\" \/>\n<meta property=\"og:title\" content=\"Master Series - Woof XL Silicone Puppy Tail Butt Plug\" \/>\n<meta property=\"og:description\" content=\"Butt plug me\u00f0 r\u00f3fu. S\u00e9rstaklega hanna\u00f0ur til \u00feess a\u00f0 sitja vel \u00ed rassinum. Passar vel vi\u00f0 &quot;Puppy mask&quot;\" \/>\n<meta property=\"og:url\" content=\"https:\/\/amina.is\/en\/verslun\/blaeti\/rassinn-hollow-plugs-ofl\/master-series-woof-xl-silicone-puppy-tail-butt-plug\/\" \/>\n<meta property=\"og:site_name\" content=\"Amina\" \/>\n<meta property=\"article:publisher\" content=\"https:\/\/m.facebook.com\/AMINA-100767148840241\/\" \/>\n<meta property=\"article:modified_time\" content=\"2024-11-21T22:58:10+00:00\" \/>\n<meta property=\"og:image\" content=\"https:\/\/amina.is\/wp-content\/uploads\/2023\/02\/ae998-a-2400_540x540.jpg\" \/>\n\t<meta property=\"og:image:width\" content=\"540\" \/>\n\t<meta property=\"og:image:height\" content=\"540\" \/>\n\t<meta property=\"og:image:type\" content=\"image\/jpeg\" \/>\n<meta name=\"twitter:card\" content=\"summary_large_image\" \/>\n<meta name=\"twitter:label1\" content=\"Est. reading time\" \/>\n\t<meta name=\"twitter:data1\" content=\"1 minute\" \/>\n<script type=\"application\/ld+json\" class=\"yoast-schema-graph\">{\"@context\":\"https:\\\/\\\/schema.org\",\"@graph\":[{\"@type\":\"WebPage\",\"@id\":\"https:\\\/\\\/amina.is\\\/verslun\\\/blaeti\\\/rassinn-hollow-plugs-ofl\\\/master-series-woof-xl-silicone-puppy-tail-butt-plug\\\/\",\"url\":\"https:\\\/\\\/amina.is\\\/verslun\\\/blaeti\\\/rassinn-hollow-plugs-ofl\\\/master-series-woof-xl-silicone-puppy-tail-butt-plug\\\/\",\"name\":\"Master Series - Woof XL Silicone Puppy Tail Butt Plug &#8211; Amina\",\"isPartOf\":{\"@id\":\"https:\\\/\\\/amina.is\\\/#website\"},\"primaryImageOfPage\":{\"@id\":\"https:\\\/\\\/amina.is\\\/verslun\\\/blaeti\\\/rassinn-hollow-plugs-ofl\\\/master-series-woof-xl-silicone-puppy-tail-butt-plug\\\/#primaryimage\"},\"image\":{\"@id\":\"https:\\\/\\\/amina.is\\\/verslun\\\/blaeti\\\/rassinn-hollow-plugs-ofl\\\/master-series-woof-xl-silicone-puppy-tail-butt-plug\\\/#primaryimage\"},\"thumbnailUrl\":\"https:\\\/\\\/amina.is\\\/wp-content\\\/uploads\\\/2023\\\/02\\\/ae998-a-2400_540x540.jpg\",\"datePublished\":\"2023-02-09T00:09:05+00:00\",\"dateModified\":\"2024-11-21T22:58:10+00:00\",\"description\":\"Butt plug me\u00f0 r\u00f3fu. S\u00e9rstaklega hanna\u00f0ur til \u00feess a\u00f0 sitja vel \u00ed rassinum. Passar vel vi\u00f0 \\\"Puppy mask\\\"\",\"breadcrumb\":{\"@id\":\"https:\\\/\\\/amina.is\\\/verslun\\\/blaeti\\\/rassinn-hollow-plugs-ofl\\\/master-series-woof-xl-silicone-puppy-tail-butt-plug\\\/#breadcrumb\"},\"inLanguage\":\"en-US\",\"potentialAction\":[{\"@type\":\"ReadAction\",\"target\":[\"https:\\\/\\\/amina.is\\\/verslun\\\/blaeti\\\/rassinn-hollow-plugs-ofl\\\/master-series-woof-xl-silicone-puppy-tail-butt-plug\\\/\"]}]},{\"@type\":\"ImageObject\",\"inLanguage\":\"en-US\",\"@id\":\"https:\\\/\\\/amina.is\\\/verslun\\\/blaeti\\\/rassinn-hollow-plugs-ofl\\\/master-series-woof-xl-silicone-puppy-tail-butt-plug\\\/#primaryimage\",\"url\":\"https:\\\/\\\/amina.is\\\/wp-content\\\/uploads\\\/2023\\\/02\\\/ae998-a-2400_540x540.jpg\",\"contentUrl\":\"https:\\\/\\\/amina.is\\\/wp-content\\\/uploads\\\/2023\\\/02\\\/ae998-a-2400_540x540.jpg\",\"width\":540,\"height\":540},{\"@type\":\"BreadcrumbList\",\"@id\":\"https:\\\/\\\/amina.is\\\/verslun\\\/blaeti\\\/rassinn-hollow-plugs-ofl\\\/master-series-woof-xl-silicone-puppy-tail-butt-plug\\\/#breadcrumb\",\"itemListElement\":[{\"@type\":\"ListItem\",\"position\":1,\"name\":\"Home\",\"item\":\"https:\\\/\\\/amina.is\\\/\"},{\"@type\":\"ListItem\",\"position\":2,\"name\":\"Verslun\",\"item\":\"https:\\\/\\\/amina.is\\\/verslun\\\/\"},{\"@type\":\"ListItem\",\"position\":3,\"name\":\"Master Series &#8211; Woof XL Silicone Puppy Tail Butt Plug\"}]},{\"@type\":\"WebSite\",\"@id\":\"https:\\\/\\\/amina.is\\\/#website\",\"url\":\"https:\\\/\\\/amina.is\\\/\",\"name\":\"Amina\",\"description\":\"Feeling is everything - Una\u00f0sv\u00f6rur fyrir alla\",\"publisher\":{\"@id\":\"https:\\\/\\\/amina.is\\\/#organization\"},\"potentialAction\":[{\"@type\":\"SearchAction\",\"target\":{\"@type\":\"EntryPoint\",\"urlTemplate\":\"https:\\\/\\\/amina.is\\\/?s={search_term_string}\"},\"query-input\":{\"@type\":\"PropertyValueSpecification\",\"valueRequired\":true,\"valueName\":\"search_term_string\"}}],\"inLanguage\":\"en-US\"},{\"@type\":\"Organization\",\"@id\":\"https:\\\/\\\/amina.is\\\/#organization\",\"name\":\"Amina\",\"url\":\"https:\\\/\\\/amina.is\\\/\",\"logo\":{\"@type\":\"ImageObject\",\"inLanguage\":\"en-US\",\"@id\":\"https:\\\/\\\/amina.is\\\/#\\\/schema\\\/logo\\\/image\\\/\",\"url\":\"https:\\\/\\\/amina.is\\\/wp-content\\\/uploads\\\/2021\\\/09\\\/logo.png\",\"contentUrl\":\"https:\\\/\\\/amina.is\\\/wp-content\\\/uploads\\\/2021\\\/09\\\/logo.png\",\"width\":1790,\"height\":464,\"caption\":\"Amina\"},\"image\":{\"@id\":\"https:\\\/\\\/amina.is\\\/#\\\/schema\\\/logo\\\/image\\\/\"},\"sameAs\":[\"https:\\\/\\\/m.facebook.com\\\/AMINA-100767148840241\\\/\",\"https:\\\/\\\/www.instagram.com\\\/aminaverslun\\\/\"]}]}<\/script>\n<!-- \/ Yoast SEO Premium plugin. -->","yoast_head_json":{"title":"Master Series - Woof XL Silicone Puppy Tail Butt Plug &#8211; Amina","description":"Butt plug me\u00f0 r\u00f3fu. S\u00e9rstaklega hanna\u00f0ur til \u00feess a\u00f0 sitja vel \u00ed rassinum. Passar vel vi\u00f0 \"Puppy mask\"","robots":{"index":"index","follow":"follow","max-snippet":"max-snippet:-1","max-image-preview":"max-image-preview:large","max-video-preview":"max-video-preview:-1"},"canonical":"https:\/\/amina.is\/en\/verslun\/blaeti\/rassinn-hollow-plugs-ofl\/master-series-woof-xl-silicone-puppy-tail-butt-plug\/","og_locale":"en_US","og_type":"article","og_title":"Master Series - Woof XL Silicone Puppy Tail Butt Plug","og_description":"Butt plug me\u00f0 r\u00f3fu. S\u00e9rstaklega hanna\u00f0ur til \u00feess a\u00f0 sitja vel \u00ed rassinum. Passar vel vi\u00f0 \"Puppy mask\"","og_url":"https:\/\/amina.is\/en\/verslun\/blaeti\/rassinn-hollow-plugs-ofl\/master-series-woof-xl-silicone-puppy-tail-butt-plug\/","og_site_name":"Amina","article_publisher":"https:\/\/m.facebook.com\/AMINA-100767148840241\/","article_modified_time":"2024-11-21T22:58:10+00:00","og_image":[{"width":540,"height":540,"url":"https:\/\/amina.is\/wp-content\/uploads\/2023\/02\/ae998-a-2400_540x540.jpg","type":"image\/jpeg"}],"twitter_card":"summary_large_image","twitter_misc":{"Est. reading time":"1 minute"},"schema":{"@context":"https:\/\/schema.org","@graph":[{"@type":"WebPage","@id":"https:\/\/amina.is\/verslun\/blaeti\/rassinn-hollow-plugs-ofl\/master-series-woof-xl-silicone-puppy-tail-butt-plug\/","url":"https:\/\/amina.is\/verslun\/blaeti\/rassinn-hollow-plugs-ofl\/master-series-woof-xl-silicone-puppy-tail-butt-plug\/","name":"Master Series - Woof XL Silicone Puppy Tail Butt Plug &#8211; Amina","isPartOf":{"@id":"https:\/\/amina.is\/#website"},"primaryImageOfPage":{"@id":"https:\/\/amina.is\/verslun\/blaeti\/rassinn-hollow-plugs-ofl\/master-series-woof-xl-silicone-puppy-tail-butt-plug\/#primaryimage"},"image":{"@id":"https:\/\/amina.is\/verslun\/blaeti\/rassinn-hollow-plugs-ofl\/master-series-woof-xl-silicone-puppy-tail-butt-plug\/#primaryimage"},"thumbnailUrl":"https:\/\/amina.is\/wp-content\/uploads\/2023\/02\/ae998-a-2400_540x540.jpg","datePublished":"2023-02-09T00:09:05+00:00","dateModified":"2024-11-21T22:58:10+00:00","description":"Butt plug me\u00f0 r\u00f3fu. S\u00e9rstaklega hanna\u00f0ur til \u00feess a\u00f0 sitja vel \u00ed rassinum. Passar vel vi\u00f0 \"Puppy mask\"","breadcrumb":{"@id":"https:\/\/amina.is\/verslun\/blaeti\/rassinn-hollow-plugs-ofl\/master-series-woof-xl-silicone-puppy-tail-butt-plug\/#breadcrumb"},"inLanguage":"en-US","potentialAction":[{"@type":"ReadAction","target":["https:\/\/amina.is\/verslun\/blaeti\/rassinn-hollow-plugs-ofl\/master-series-woof-xl-silicone-puppy-tail-butt-plug\/"]}]},{"@type":"ImageObject","inLanguage":"en-US","@id":"https:\/\/amina.is\/verslun\/blaeti\/rassinn-hollow-plugs-ofl\/master-series-woof-xl-silicone-puppy-tail-butt-plug\/#primaryimage","url":"https:\/\/amina.is\/wp-content\/uploads\/2023\/02\/ae998-a-2400_540x540.jpg","contentUrl":"https:\/\/amina.is\/wp-content\/uploads\/2023\/02\/ae998-a-2400_540x540.jpg","width":540,"height":540},{"@type":"BreadcrumbList","@id":"https:\/\/amina.is\/verslun\/blaeti\/rassinn-hollow-plugs-ofl\/master-series-woof-xl-silicone-puppy-tail-butt-plug\/#breadcrumb","itemListElement":[{"@type":"ListItem","position":1,"name":"Home","item":"https:\/\/amina.is\/"},{"@type":"ListItem","position":2,"name":"Verslun","item":"https:\/\/amina.is\/verslun\/"},{"@type":"ListItem","position":3,"name":"Master Series &#8211; Woof XL Silicone Puppy Tail Butt Plug"}]},{"@type":"WebSite","@id":"https:\/\/amina.is\/#website","url":"https:\/\/amina.is\/","name":"Amina","description":"Feeling is everything - Una\u00f0sv\u00f6rur fyrir alla","publisher":{"@id":"https:\/\/amina.is\/#organization"},"potentialAction":[{"@type":"SearchAction","target":{"@type":"EntryPoint","urlTemplate":"https:\/\/amina.is\/?s={search_term_string}"},"query-input":{"@type":"PropertyValueSpecification","valueRequired":true,"valueName":"search_term_string"}}],"inLanguage":"en-US"},{"@type":"Organization","@id":"https:\/\/amina.is\/#organization","name":"Amina","url":"https:\/\/amina.is\/","logo":{"@type":"ImageObject","inLanguage":"en-US","@id":"https:\/\/amina.is\/#\/schema\/logo\/image\/","url":"https:\/\/amina.is\/wp-content\/uploads\/2021\/09\/logo.png","contentUrl":"https:\/\/amina.is\/wp-content\/uploads\/2021\/09\/logo.png","width":1790,"height":464,"caption":"Amina"},"image":{"@id":"https:\/\/amina.is\/#\/schema\/logo\/image\/"},"sameAs":["https:\/\/m.facebook.com\/AMINA-100767148840241\/","https:\/\/www.instagram.com\/aminaverslun\/"]}]}},"_links":{"self":[{"href":"https:\/\/amina.is\/en\/wp-json\/wp\/v2\/product\/10902","targetHints":{"allow":["GET"]}}],"collection":[{"href":"https:\/\/amina.is\/en\/wp-json\/wp\/v2\/product"}],"about":[{"href":"https:\/\/amina.is\/en\/wp-json\/wp\/v2\/types\/product"}],"version-history":[{"count":4,"href":"https:\/\/amina.is\/en\/wp-json\/wp\/v2\/product\/10902\/revisions"}],"predecessor-version":[{"id":10909,"href":"https:\/\/amina.is\/en\/wp-json\/wp\/v2\/product\/10902\/revisions\/10909"}],"wp:featuredmedia":[{"embeddable":true,"href":"https:\/\/amina.is\/en\/wp-json\/wp\/v2\/media\/10905"}],"wp:attachment":[{"href":"https:\/\/amina.is\/en\/wp-json\/wp\/v2\/media?parent=10902"}],"wp:term":[{"taxonomy":"product_brand","embeddable":true,"href":"https:\/\/amina.is\/en\/wp-json\/wp\/v2\/product_brand?post=10902"},{"taxonomy":"product_cat","embeddable":true,"href":"https:\/\/amina.is\/en\/wp-json\/wp\/v2\/product_cat?post=10902"},{"taxonomy":"product_tag","embeddable":true,"href":"https:\/\/amina.is\/en\/wp-json\/wp\/v2\/product_tag?post=10902"}],"curies":[{"name":"wp","href":"https:\/\/api.w.org\/{rel}","templated":true}]}}