{"id":10884,"date":"2023-02-08T23:22:38","date_gmt":"2023-02-08T23:22:38","guid":{"rendered":"https:\/\/amina.is\/?post_type=product&#038;p=10884"},"modified":"2025-02-10T18:39:40","modified_gmt":"2025-02-10T18:39:40","slug":"master-series-neoprene-puppy-hood","status":"publish","type":"product","link":"https:\/\/amina.is\/en\/verslun\/blaeti\/grimurosvfrv\/master-series-neoprene-puppy-hood\/","title":{"rendered":"Master Series &#8211; Neoprene Puppy Hood"},"content":{"rendered":"<h5>Hunda gr\u00edma \u00far mj\u00faku og teygjanlegu neoprene efni sem fellur vel a\u00f0 andlitinu. H\u00e6gt er a\u00f0 stilla eyrun og b\u00faa \u00feannig til hin \u00fdmsu svipbrig\u00f0i og einnig er h\u00e6gt a\u00f0 smella tr\u00fdninu af og nota gr\u00edmuna \u00feannig. Mj\u00f6g vel ger\u00f0 gr\u00edma. B\u00e6ttu vi\u00f0 <a href=\"https:\/\/amina.is\/en\/verslun\/rassinn\/master-series-woof-xl-silicone-puppy-tail-butt-plug\/\">Puppy Tail<\/a> til a\u00f0 fullkomna \u00fatliti\u00f0.<\/h5>\n<h5>Passar h\u00f6f\u00f0i sem er allt a\u00f0 61cm. \u00ed umm\u00e1li vi\u00f0 enni og 68,5cm. a\u00f0 umm\u00e1li vi\u00f0 h\u00f6ku. H\u00e6gt er a\u00f0 velja um svarta e\u00f0a svarta og hv\u00edta. \u00deyngd 350gr.<\/h5>","protected":false},"excerpt":{"rendered":"<p>H\u00e6gt er a\u00f0 stilla eyrun og b\u00faa \u00feannig til hin \u00fdmsu svipbrig\u00f0i.<\/p>","protected":false},"featured_media":10894,"template":"","meta":{"inline_featured_image":false},"product_brand":[],"product_cat":[36,903],"product_tag":[86,324,355,337,358,435,778,310,701,434],"class_list":{"0":"post-10884","1":"product","2":"type-product","3":"status-publish","4":"has-post-thumbnail","6":"product_cat-blaeti","7":"product_cat-grimurosvfrv","8":"product_tag-bdsm","9":"product_tag-blaeti","10":"product_tag-dog","11":"product_tag-fetish","12":"product_tag-hundur","13":"product_tag-hvolpur","14":"product_tag-k9","15":"product_tag-master-series","16":"product_tag-neoprene","17":"product_tag-puppy","19":"first","20":"instock","21":"shipping-taxable","22":"purchasable","23":"product-type-variable"},"yoast_head":"<!-- This site is optimized with the Yoast SEO Premium plugin v21.6 (Yoast SEO v27.3) - https:\/\/yoast.com\/product\/yoast-seo-premium-wordpress\/ -->\n<title>Master Series - Neoprene Puppy Hood &#8211; Amina<\/title>\n<meta name=\"description\" content=\"Hunda gr\u00edma \u00far mj\u00faku og teygjanlegu neoprene efni. H\u00e6gt er a\u00f0 stilla eyrun og b\u00faa \u00feannig til hin \u00fdmsu svipbrig\u00f0i.\" \/>\n<meta name=\"robots\" content=\"index, follow, max-snippet:-1, max-image-preview:large, max-video-preview:-1\" \/>\n<link rel=\"canonical\" href=\"https:\/\/amina.is\/en\/verslun\/blaeti\/grimurosvfrv\/master-series-neoprene-puppy-hood\/\" \/>\n<meta property=\"og:locale\" content=\"en_US\" \/>\n<meta property=\"og:type\" content=\"article\" \/>\n<meta property=\"og:title\" content=\"Master Series - Neoprene Puppy Hood\" \/>\n<meta property=\"og:description\" content=\"Hunda gr\u00edma \u00far mj\u00faku og teygjanlegu neoprene efni. H\u00e6gt er a\u00f0 stilla eyrun og b\u00faa \u00feannig til hin \u00fdmsu svipbrig\u00f0i.\" \/>\n<meta property=\"og:url\" content=\"https:\/\/amina.is\/en\/verslun\/blaeti\/grimurosvfrv\/master-series-neoprene-puppy-hood\/\" \/>\n<meta property=\"og:site_name\" content=\"Amina\" \/>\n<meta property=\"article:publisher\" content=\"https:\/\/m.facebook.com\/AMINA-100767148840241\/\" \/>\n<meta property=\"article:modified_time\" content=\"2025-02-10T18:39:40+00:00\" \/>\n<meta property=\"og:image\" content=\"https:\/\/amina.is\/wp-content\/uploads\/2023\/02\/ag292-white-malemodel-002_490x705-2.jpg\" \/>\n\t<meta property=\"og:image:width\" content=\"428\" \/>\n\t<meta property=\"og:image:height\" content=\"428\" \/>\n\t<meta property=\"og:image:type\" content=\"image\/jpeg\" \/>\n<meta name=\"twitter:card\" content=\"summary_large_image\" \/>\n<meta name=\"twitter:label1\" content=\"Est. reading time\" \/>\n\t<meta name=\"twitter:data1\" content=\"1 minute\" \/>\n<script type=\"application\/ld+json\" class=\"yoast-schema-graph\">{\"@context\":\"https:\\\/\\\/schema.org\",\"@graph\":[{\"@type\":\"WebPage\",\"@id\":\"https:\\\/\\\/amina.is\\\/verslun\\\/blaeti\\\/grimurosvfrv\\\/master-series-neoprene-puppy-hood\\\/\",\"url\":\"https:\\\/\\\/amina.is\\\/verslun\\\/blaeti\\\/grimurosvfrv\\\/master-series-neoprene-puppy-hood\\\/\",\"name\":\"Master Series - Neoprene Puppy Hood &#8211; Amina\",\"isPartOf\":{\"@id\":\"https:\\\/\\\/amina.is\\\/#website\"},\"primaryImageOfPage\":{\"@id\":\"https:\\\/\\\/amina.is\\\/verslun\\\/blaeti\\\/grimurosvfrv\\\/master-series-neoprene-puppy-hood\\\/#primaryimage\"},\"image\":{\"@id\":\"https:\\\/\\\/amina.is\\\/verslun\\\/blaeti\\\/grimurosvfrv\\\/master-series-neoprene-puppy-hood\\\/#primaryimage\"},\"thumbnailUrl\":\"https:\\\/\\\/amina.is\\\/wp-content\\\/uploads\\\/2023\\\/02\\\/ag292-white-malemodel-002_490x705-2.jpg\",\"datePublished\":\"2023-02-08T23:22:38+00:00\",\"dateModified\":\"2025-02-10T18:39:40+00:00\",\"description\":\"Hunda gr\u00edma \u00far mj\u00faku og teygjanlegu neoprene efni. H\u00e6gt er a\u00f0 stilla eyrun og b\u00faa \u00feannig til hin \u00fdmsu svipbrig\u00f0i.\",\"breadcrumb\":{\"@id\":\"https:\\\/\\\/amina.is\\\/verslun\\\/blaeti\\\/grimurosvfrv\\\/master-series-neoprene-puppy-hood\\\/#breadcrumb\"},\"inLanguage\":\"en-US\",\"potentialAction\":[{\"@type\":\"ReadAction\",\"target\":[\"https:\\\/\\\/amina.is\\\/verslun\\\/blaeti\\\/grimurosvfrv\\\/master-series-neoprene-puppy-hood\\\/\"]}]},{\"@type\":\"ImageObject\",\"inLanguage\":\"en-US\",\"@id\":\"https:\\\/\\\/amina.is\\\/verslun\\\/blaeti\\\/grimurosvfrv\\\/master-series-neoprene-puppy-hood\\\/#primaryimage\",\"url\":\"https:\\\/\\\/amina.is\\\/wp-content\\\/uploads\\\/2023\\\/02\\\/ag292-white-malemodel-002_490x705-2.jpg\",\"contentUrl\":\"https:\\\/\\\/amina.is\\\/wp-content\\\/uploads\\\/2023\\\/02\\\/ag292-white-malemodel-002_490x705-2.jpg\",\"width\":428,\"height\":428},{\"@type\":\"BreadcrumbList\",\"@id\":\"https:\\\/\\\/amina.is\\\/verslun\\\/blaeti\\\/grimurosvfrv\\\/master-series-neoprene-puppy-hood\\\/#breadcrumb\",\"itemListElement\":[{\"@type\":\"ListItem\",\"position\":1,\"name\":\"Home\",\"item\":\"https:\\\/\\\/amina.is\\\/\"},{\"@type\":\"ListItem\",\"position\":2,\"name\":\"Verslun\",\"item\":\"https:\\\/\\\/amina.is\\\/verslun\\\/\"},{\"@type\":\"ListItem\",\"position\":3,\"name\":\"Master Series &#8211; Neoprene Puppy Hood\"}]},{\"@type\":\"WebSite\",\"@id\":\"https:\\\/\\\/amina.is\\\/#website\",\"url\":\"https:\\\/\\\/amina.is\\\/\",\"name\":\"Amina\",\"description\":\"Feeling is everything - Una\u00f0sv\u00f6rur fyrir alla\",\"publisher\":{\"@id\":\"https:\\\/\\\/amina.is\\\/#organization\"},\"potentialAction\":[{\"@type\":\"SearchAction\",\"target\":{\"@type\":\"EntryPoint\",\"urlTemplate\":\"https:\\\/\\\/amina.is\\\/?s={search_term_string}\"},\"query-input\":{\"@type\":\"PropertyValueSpecification\",\"valueRequired\":true,\"valueName\":\"search_term_string\"}}],\"inLanguage\":\"en-US\"},{\"@type\":\"Organization\",\"@id\":\"https:\\\/\\\/amina.is\\\/#organization\",\"name\":\"Amina\",\"url\":\"https:\\\/\\\/amina.is\\\/\",\"logo\":{\"@type\":\"ImageObject\",\"inLanguage\":\"en-US\",\"@id\":\"https:\\\/\\\/amina.is\\\/#\\\/schema\\\/logo\\\/image\\\/\",\"url\":\"https:\\\/\\\/amina.is\\\/wp-content\\\/uploads\\\/2021\\\/09\\\/logo.png\",\"contentUrl\":\"https:\\\/\\\/amina.is\\\/wp-content\\\/uploads\\\/2021\\\/09\\\/logo.png\",\"width\":1790,\"height\":464,\"caption\":\"Amina\"},\"image\":{\"@id\":\"https:\\\/\\\/amina.is\\\/#\\\/schema\\\/logo\\\/image\\\/\"},\"sameAs\":[\"https:\\\/\\\/m.facebook.com\\\/AMINA-100767148840241\\\/\",\"https:\\\/\\\/www.instagram.com\\\/aminaverslun\\\/\"]}]}<\/script>\n<!-- \/ Yoast SEO Premium plugin. -->","yoast_head_json":{"title":"Master Series - Neoprene Puppy Hood &#8211; Amina","description":"Hunda gr\u00edma \u00far mj\u00faku og teygjanlegu neoprene efni. H\u00e6gt er a\u00f0 stilla eyrun og b\u00faa \u00feannig til hin \u00fdmsu svipbrig\u00f0i.","robots":{"index":"index","follow":"follow","max-snippet":"max-snippet:-1","max-image-preview":"max-image-preview:large","max-video-preview":"max-video-preview:-1"},"canonical":"https:\/\/amina.is\/en\/verslun\/blaeti\/grimurosvfrv\/master-series-neoprene-puppy-hood\/","og_locale":"en_US","og_type":"article","og_title":"Master Series - Neoprene Puppy Hood","og_description":"Hunda gr\u00edma \u00far mj\u00faku og teygjanlegu neoprene efni. H\u00e6gt er a\u00f0 stilla eyrun og b\u00faa \u00feannig til hin \u00fdmsu svipbrig\u00f0i.","og_url":"https:\/\/amina.is\/en\/verslun\/blaeti\/grimurosvfrv\/master-series-neoprene-puppy-hood\/","og_site_name":"Amina","article_publisher":"https:\/\/m.facebook.com\/AMINA-100767148840241\/","article_modified_time":"2025-02-10T18:39:40+00:00","og_image":[{"width":428,"height":428,"url":"https:\/\/amina.is\/wp-content\/uploads\/2023\/02\/ag292-white-malemodel-002_490x705-2.jpg","type":"image\/jpeg"}],"twitter_card":"summary_large_image","twitter_misc":{"Est. reading time":"1 minute"},"schema":{"@context":"https:\/\/schema.org","@graph":[{"@type":"WebPage","@id":"https:\/\/amina.is\/verslun\/blaeti\/grimurosvfrv\/master-series-neoprene-puppy-hood\/","url":"https:\/\/amina.is\/verslun\/blaeti\/grimurosvfrv\/master-series-neoprene-puppy-hood\/","name":"Master Series - Neoprene Puppy Hood &#8211; Amina","isPartOf":{"@id":"https:\/\/amina.is\/#website"},"primaryImageOfPage":{"@id":"https:\/\/amina.is\/verslun\/blaeti\/grimurosvfrv\/master-series-neoprene-puppy-hood\/#primaryimage"},"image":{"@id":"https:\/\/amina.is\/verslun\/blaeti\/grimurosvfrv\/master-series-neoprene-puppy-hood\/#primaryimage"},"thumbnailUrl":"https:\/\/amina.is\/wp-content\/uploads\/2023\/02\/ag292-white-malemodel-002_490x705-2.jpg","datePublished":"2023-02-08T23:22:38+00:00","dateModified":"2025-02-10T18:39:40+00:00","description":"Hunda gr\u00edma \u00far mj\u00faku og teygjanlegu neoprene efni. H\u00e6gt er a\u00f0 stilla eyrun og b\u00faa \u00feannig til hin \u00fdmsu svipbrig\u00f0i.","breadcrumb":{"@id":"https:\/\/amina.is\/verslun\/blaeti\/grimurosvfrv\/master-series-neoprene-puppy-hood\/#breadcrumb"},"inLanguage":"en-US","potentialAction":[{"@type":"ReadAction","target":["https:\/\/amina.is\/verslun\/blaeti\/grimurosvfrv\/master-series-neoprene-puppy-hood\/"]}]},{"@type":"ImageObject","inLanguage":"en-US","@id":"https:\/\/amina.is\/verslun\/blaeti\/grimurosvfrv\/master-series-neoprene-puppy-hood\/#primaryimage","url":"https:\/\/amina.is\/wp-content\/uploads\/2023\/02\/ag292-white-malemodel-002_490x705-2.jpg","contentUrl":"https:\/\/amina.is\/wp-content\/uploads\/2023\/02\/ag292-white-malemodel-002_490x705-2.jpg","width":428,"height":428},{"@type":"BreadcrumbList","@id":"https:\/\/amina.is\/verslun\/blaeti\/grimurosvfrv\/master-series-neoprene-puppy-hood\/#breadcrumb","itemListElement":[{"@type":"ListItem","position":1,"name":"Home","item":"https:\/\/amina.is\/"},{"@type":"ListItem","position":2,"name":"Verslun","item":"https:\/\/amina.is\/verslun\/"},{"@type":"ListItem","position":3,"name":"Master Series &#8211; Neoprene Puppy Hood"}]},{"@type":"WebSite","@id":"https:\/\/amina.is\/#website","url":"https:\/\/amina.is\/","name":"Amina","description":"Feeling is everything - Una\u00f0sv\u00f6rur fyrir alla","publisher":{"@id":"https:\/\/amina.is\/#organization"},"potentialAction":[{"@type":"SearchAction","target":{"@type":"EntryPoint","urlTemplate":"https:\/\/amina.is\/?s={search_term_string}"},"query-input":{"@type":"PropertyValueSpecification","valueRequired":true,"valueName":"search_term_string"}}],"inLanguage":"en-US"},{"@type":"Organization","@id":"https:\/\/amina.is\/#organization","name":"Amina","url":"https:\/\/amina.is\/","logo":{"@type":"ImageObject","inLanguage":"en-US","@id":"https:\/\/amina.is\/#\/schema\/logo\/image\/","url":"https:\/\/amina.is\/wp-content\/uploads\/2021\/09\/logo.png","contentUrl":"https:\/\/amina.is\/wp-content\/uploads\/2021\/09\/logo.png","width":1790,"height":464,"caption":"Amina"},"image":{"@id":"https:\/\/amina.is\/#\/schema\/logo\/image\/"},"sameAs":["https:\/\/m.facebook.com\/AMINA-100767148840241\/","https:\/\/www.instagram.com\/aminaverslun\/"]}]}},"_links":{"self":[{"href":"https:\/\/amina.is\/en\/wp-json\/wp\/v2\/product\/10884","targetHints":{"allow":["GET"]}}],"collection":[{"href":"https:\/\/amina.is\/en\/wp-json\/wp\/v2\/product"}],"about":[{"href":"https:\/\/amina.is\/en\/wp-json\/wp\/v2\/types\/product"}],"version-history":[{"count":6,"href":"https:\/\/amina.is\/en\/wp-json\/wp\/v2\/product\/10884\/revisions"}],"predecessor-version":[{"id":10910,"href":"https:\/\/amina.is\/en\/wp-json\/wp\/v2\/product\/10884\/revisions\/10910"}],"wp:featuredmedia":[{"embeddable":true,"href":"https:\/\/amina.is\/en\/wp-json\/wp\/v2\/media\/10894"}],"wp:attachment":[{"href":"https:\/\/amina.is\/en\/wp-json\/wp\/v2\/media?parent=10884"}],"wp:term":[{"taxonomy":"product_brand","embeddable":true,"href":"https:\/\/amina.is\/en\/wp-json\/wp\/v2\/product_brand?post=10884"},{"taxonomy":"product_cat","embeddable":true,"href":"https:\/\/amina.is\/en\/wp-json\/wp\/v2\/product_cat?post=10884"},{"taxonomy":"product_tag","embeddable":true,"href":"https:\/\/amina.is\/en\/wp-json\/wp\/v2\/product_tag?post=10884"}],"curies":[{"name":"wp","href":"https:\/\/api.w.org\/{rel}","templated":true}]}}