{"id":10872,"date":"2023-02-08T21:49:55","date_gmt":"2023-02-08T21:49:55","guid":{"rendered":"https:\/\/amina.is\/?post_type=product&#038;p=10872"},"modified":"2023-03-01T20:12:56","modified_gmt":"2023-03-01T20:12:56","slug":"master-series-suspension-bar","status":"publish","type":"product","link":"https:\/\/amina.is\/en\/verslun\/blaeti\/stangirofl\/master-series-suspension-bar\/","title":{"rendered":"Master Series &#8211; Suspension Bar"},"content":{"rendered":"<h5>Sterk st\u00e1lst\u00f6ng fr\u00e1 Master Series h\u00f6nnu\u00f0 til notkunar me\u00f0 <a href=\"https:\/\/amina.is\/en\/verslun\/fyrir-tha\/mr-b\/mister-b-leather-wrist-restraints-black-red-padding\/\">hand<\/a> e\u00f0a <a href=\"https:\/\/amina.is\/en\/verslun\/fyrir-tha\/mr-b\/mister-b-leather-ankle-restraints-black-red-padding\/\">\u00f6kklaj\u00e1rnum<\/a>. (Eigum til \u00fdmsar ger\u00f0ir) Hentar b\u00e6\u00f0i fyrir lengra komna BDSM leiki e\u00f0a sem skemmtileg tilbreyting \u00ed svefnherberginu. \u00dea\u00f0 fylgir me\u00f0 ke\u00f0ja til \u00feess a\u00f0 hengja st\u00f6ngina upp \u00ed loft en einnig er h\u00e6gt a\u00f0 nota hana sem hef\u00f0bundna glennist\u00f6ng. St\u00f6ngin \u00feolir allt a\u00f0 158kg. hangandi \u00far lofti en vi\u00f0 vekjum athygli \u00e1 a\u00f0 nota r\u00e9ttar festingar \u00ed lofti\u00f0.<\/h5>\n<h5>St\u00f6ngin er 91,5cm. l\u00f6ng og 3,2cm. \u00ed umm\u00e1li. Ke\u00f0jan er 51 cm. l\u00f6ng. 2,3kg.<\/h5>","protected":false},"excerpt":{"rendered":"<p>Sterk st\u00e1lst\u00f6ng h\u00f6nnu\u00f0 til notkunar me\u00f0 hand e\u00f0a \u00f6kklaj\u00e1rnum.<\/p>","protected":false},"featured_media":10874,"template":"","meta":{"inline_featured_image":false},"product_brand":[],"product_cat":[36,904],"product_tag":[472,775,736,310,104,525,773],"class_list":{"0":"post-10872","1":"product","2":"type-product","3":"status-publish","4":"has-post-thumbnail","6":"product_cat-blaeti","7":"product_cat-stangirofl","8":"product_tag-cuffs","9":"product_tag-glennistong","10":"product_tag-handcuffs","11":"product_tag-master-series","12":"product_tag-stong","13":"product_tag-suspenders","14":"product_tag-suspension-bar","16":"first","17":"instock","18":"shipping-taxable","19":"purchasable","20":"product-type-simple"},"yoast_head":"<!-- This site is optimized with the Yoast SEO Premium plugin v21.6 (Yoast SEO v27.3) - https:\/\/yoast.com\/product\/yoast-seo-premium-wordpress\/ -->\n<title>Master Series - Suspension Bar &#8211; Amina<\/title>\n<meta name=\"description\" content=\"Sterk st\u00e1lst\u00f6ng fr\u00e1 Master Series h\u00f6nnu\u00f0 til notkunar me\u00f0 hand e\u00f0a \u00f6kklaj\u00e1rnum.\" \/>\n<meta name=\"robots\" content=\"index, follow, max-snippet:-1, max-image-preview:large, max-video-preview:-1\" \/>\n<link rel=\"canonical\" href=\"https:\/\/amina.is\/en\/verslun\/blaeti\/stangirofl\/master-series-suspension-bar\/\" \/>\n<meta property=\"og:locale\" content=\"en_US\" \/>\n<meta property=\"og:type\" content=\"article\" \/>\n<meta property=\"og:title\" content=\"Master Series - Suspension Bar\" \/>\n<meta property=\"og:description\" content=\"Sterk st\u00e1lst\u00f6ng fr\u00e1 Master Series h\u00f6nnu\u00f0 til notkunar me\u00f0 hand e\u00f0a \u00f6kklaj\u00e1rnum.\" \/>\n<meta property=\"og:url\" content=\"https:\/\/amina.is\/en\/verslun\/blaeti\/stangirofl\/master-series-suspension-bar\/\" \/>\n<meta property=\"og:site_name\" content=\"Amina\" \/>\n<meta property=\"article:publisher\" content=\"https:\/\/m.facebook.com\/AMINA-100767148840241\/\" \/>\n<meta property=\"article:modified_time\" content=\"2023-03-01T20:12:56+00:00\" \/>\n<meta property=\"og:image\" content=\"https:\/\/amina.is\/wp-content\/uploads\/2023\/02\/st999-bar-3_540x685-2.jpg\" \/>\n\t<meta property=\"og:image:width\" content=\"540\" \/>\n\t<meta property=\"og:image:height\" content=\"539\" \/>\n\t<meta property=\"og:image:type\" content=\"image\/jpeg\" \/>\n<meta name=\"twitter:card\" content=\"summary_large_image\" \/>\n<meta name=\"twitter:label1\" content=\"Est. reading time\" \/>\n\t<meta name=\"twitter:data1\" content=\"1 minute\" \/>\n<script type=\"application\/ld+json\" class=\"yoast-schema-graph\">{\"@context\":\"https:\\\/\\\/schema.org\",\"@graph\":[{\"@type\":\"WebPage\",\"@id\":\"https:\\\/\\\/amina.is\\\/verslun\\\/blaeti\\\/stangirofl\\\/master-series-suspension-bar\\\/\",\"url\":\"https:\\\/\\\/amina.is\\\/verslun\\\/blaeti\\\/stangirofl\\\/master-series-suspension-bar\\\/\",\"name\":\"Master Series - Suspension Bar &#8211; Amina\",\"isPartOf\":{\"@id\":\"https:\\\/\\\/amina.is\\\/#website\"},\"primaryImageOfPage\":{\"@id\":\"https:\\\/\\\/amina.is\\\/verslun\\\/blaeti\\\/stangirofl\\\/master-series-suspension-bar\\\/#primaryimage\"},\"image\":{\"@id\":\"https:\\\/\\\/amina.is\\\/verslun\\\/blaeti\\\/stangirofl\\\/master-series-suspension-bar\\\/#primaryimage\"},\"thumbnailUrl\":\"https:\\\/\\\/amina.is\\\/wp-content\\\/uploads\\\/2023\\\/02\\\/st999-bar-3_540x685-2.jpg\",\"datePublished\":\"2023-02-08T21:49:55+00:00\",\"dateModified\":\"2023-03-01T20:12:56+00:00\",\"description\":\"Sterk st\u00e1lst\u00f6ng fr\u00e1 Master Series h\u00f6nnu\u00f0 til notkunar me\u00f0 hand e\u00f0a \u00f6kklaj\u00e1rnum.\",\"breadcrumb\":{\"@id\":\"https:\\\/\\\/amina.is\\\/verslun\\\/blaeti\\\/stangirofl\\\/master-series-suspension-bar\\\/#breadcrumb\"},\"inLanguage\":\"en-US\",\"potentialAction\":[{\"@type\":\"ReadAction\",\"target\":[\"https:\\\/\\\/amina.is\\\/verslun\\\/blaeti\\\/stangirofl\\\/master-series-suspension-bar\\\/\"]}]},{\"@type\":\"ImageObject\",\"inLanguage\":\"en-US\",\"@id\":\"https:\\\/\\\/amina.is\\\/verslun\\\/blaeti\\\/stangirofl\\\/master-series-suspension-bar\\\/#primaryimage\",\"url\":\"https:\\\/\\\/amina.is\\\/wp-content\\\/uploads\\\/2023\\\/02\\\/st999-bar-3_540x685-2.jpg\",\"contentUrl\":\"https:\\\/\\\/amina.is\\\/wp-content\\\/uploads\\\/2023\\\/02\\\/st999-bar-3_540x685-2.jpg\",\"width\":540,\"height\":539},{\"@type\":\"BreadcrumbList\",\"@id\":\"https:\\\/\\\/amina.is\\\/verslun\\\/blaeti\\\/stangirofl\\\/master-series-suspension-bar\\\/#breadcrumb\",\"itemListElement\":[{\"@type\":\"ListItem\",\"position\":1,\"name\":\"Home\",\"item\":\"https:\\\/\\\/amina.is\\\/\"},{\"@type\":\"ListItem\",\"position\":2,\"name\":\"Verslun\",\"item\":\"https:\\\/\\\/amina.is\\\/verslun\\\/\"},{\"@type\":\"ListItem\",\"position\":3,\"name\":\"Master Series &#8211; Suspension Bar\"}]},{\"@type\":\"WebSite\",\"@id\":\"https:\\\/\\\/amina.is\\\/#website\",\"url\":\"https:\\\/\\\/amina.is\\\/\",\"name\":\"Amina\",\"description\":\"Feeling is everything - Una\u00f0sv\u00f6rur fyrir alla\",\"publisher\":{\"@id\":\"https:\\\/\\\/amina.is\\\/#organization\"},\"potentialAction\":[{\"@type\":\"SearchAction\",\"target\":{\"@type\":\"EntryPoint\",\"urlTemplate\":\"https:\\\/\\\/amina.is\\\/?s={search_term_string}\"},\"query-input\":{\"@type\":\"PropertyValueSpecification\",\"valueRequired\":true,\"valueName\":\"search_term_string\"}}],\"inLanguage\":\"en-US\"},{\"@type\":\"Organization\",\"@id\":\"https:\\\/\\\/amina.is\\\/#organization\",\"name\":\"Amina\",\"url\":\"https:\\\/\\\/amina.is\\\/\",\"logo\":{\"@type\":\"ImageObject\",\"inLanguage\":\"en-US\",\"@id\":\"https:\\\/\\\/amina.is\\\/#\\\/schema\\\/logo\\\/image\\\/\",\"url\":\"https:\\\/\\\/amina.is\\\/wp-content\\\/uploads\\\/2021\\\/09\\\/logo.png\",\"contentUrl\":\"https:\\\/\\\/amina.is\\\/wp-content\\\/uploads\\\/2021\\\/09\\\/logo.png\",\"width\":1790,\"height\":464,\"caption\":\"Amina\"},\"image\":{\"@id\":\"https:\\\/\\\/amina.is\\\/#\\\/schema\\\/logo\\\/image\\\/\"},\"sameAs\":[\"https:\\\/\\\/m.facebook.com\\\/AMINA-100767148840241\\\/\",\"https:\\\/\\\/www.instagram.com\\\/aminaverslun\\\/\"]}]}<\/script>\n<!-- \/ Yoast SEO Premium plugin. -->","yoast_head_json":{"title":"Master Series - Suspension Bar &#8211; Amina","description":"Sterk st\u00e1lst\u00f6ng fr\u00e1 Master Series h\u00f6nnu\u00f0 til notkunar me\u00f0 hand e\u00f0a \u00f6kklaj\u00e1rnum.","robots":{"index":"index","follow":"follow","max-snippet":"max-snippet:-1","max-image-preview":"max-image-preview:large","max-video-preview":"max-video-preview:-1"},"canonical":"https:\/\/amina.is\/en\/verslun\/blaeti\/stangirofl\/master-series-suspension-bar\/","og_locale":"en_US","og_type":"article","og_title":"Master Series - Suspension Bar","og_description":"Sterk st\u00e1lst\u00f6ng fr\u00e1 Master Series h\u00f6nnu\u00f0 til notkunar me\u00f0 hand e\u00f0a \u00f6kklaj\u00e1rnum.","og_url":"https:\/\/amina.is\/en\/verslun\/blaeti\/stangirofl\/master-series-suspension-bar\/","og_site_name":"Amina","article_publisher":"https:\/\/m.facebook.com\/AMINA-100767148840241\/","article_modified_time":"2023-03-01T20:12:56+00:00","og_image":[{"width":540,"height":539,"url":"https:\/\/amina.is\/wp-content\/uploads\/2023\/02\/st999-bar-3_540x685-2.jpg","type":"image\/jpeg"}],"twitter_card":"summary_large_image","twitter_misc":{"Est. reading time":"1 minute"},"schema":{"@context":"https:\/\/schema.org","@graph":[{"@type":"WebPage","@id":"https:\/\/amina.is\/verslun\/blaeti\/stangirofl\/master-series-suspension-bar\/","url":"https:\/\/amina.is\/verslun\/blaeti\/stangirofl\/master-series-suspension-bar\/","name":"Master Series - Suspension Bar &#8211; Amina","isPartOf":{"@id":"https:\/\/amina.is\/#website"},"primaryImageOfPage":{"@id":"https:\/\/amina.is\/verslun\/blaeti\/stangirofl\/master-series-suspension-bar\/#primaryimage"},"image":{"@id":"https:\/\/amina.is\/verslun\/blaeti\/stangirofl\/master-series-suspension-bar\/#primaryimage"},"thumbnailUrl":"https:\/\/amina.is\/wp-content\/uploads\/2023\/02\/st999-bar-3_540x685-2.jpg","datePublished":"2023-02-08T21:49:55+00:00","dateModified":"2023-03-01T20:12:56+00:00","description":"Sterk st\u00e1lst\u00f6ng fr\u00e1 Master Series h\u00f6nnu\u00f0 til notkunar me\u00f0 hand e\u00f0a \u00f6kklaj\u00e1rnum.","breadcrumb":{"@id":"https:\/\/amina.is\/verslun\/blaeti\/stangirofl\/master-series-suspension-bar\/#breadcrumb"},"inLanguage":"en-US","potentialAction":[{"@type":"ReadAction","target":["https:\/\/amina.is\/verslun\/blaeti\/stangirofl\/master-series-suspension-bar\/"]}]},{"@type":"ImageObject","inLanguage":"en-US","@id":"https:\/\/amina.is\/verslun\/blaeti\/stangirofl\/master-series-suspension-bar\/#primaryimage","url":"https:\/\/amina.is\/wp-content\/uploads\/2023\/02\/st999-bar-3_540x685-2.jpg","contentUrl":"https:\/\/amina.is\/wp-content\/uploads\/2023\/02\/st999-bar-3_540x685-2.jpg","width":540,"height":539},{"@type":"BreadcrumbList","@id":"https:\/\/amina.is\/verslun\/blaeti\/stangirofl\/master-series-suspension-bar\/#breadcrumb","itemListElement":[{"@type":"ListItem","position":1,"name":"Home","item":"https:\/\/amina.is\/"},{"@type":"ListItem","position":2,"name":"Verslun","item":"https:\/\/amina.is\/verslun\/"},{"@type":"ListItem","position":3,"name":"Master Series &#8211; Suspension Bar"}]},{"@type":"WebSite","@id":"https:\/\/amina.is\/#website","url":"https:\/\/amina.is\/","name":"Amina","description":"Feeling is everything - Una\u00f0sv\u00f6rur fyrir alla","publisher":{"@id":"https:\/\/amina.is\/#organization"},"potentialAction":[{"@type":"SearchAction","target":{"@type":"EntryPoint","urlTemplate":"https:\/\/amina.is\/?s={search_term_string}"},"query-input":{"@type":"PropertyValueSpecification","valueRequired":true,"valueName":"search_term_string"}}],"inLanguage":"en-US"},{"@type":"Organization","@id":"https:\/\/amina.is\/#organization","name":"Amina","url":"https:\/\/amina.is\/","logo":{"@type":"ImageObject","inLanguage":"en-US","@id":"https:\/\/amina.is\/#\/schema\/logo\/image\/","url":"https:\/\/amina.is\/wp-content\/uploads\/2021\/09\/logo.png","contentUrl":"https:\/\/amina.is\/wp-content\/uploads\/2021\/09\/logo.png","width":1790,"height":464,"caption":"Amina"},"image":{"@id":"https:\/\/amina.is\/#\/schema\/logo\/image\/"},"sameAs":["https:\/\/m.facebook.com\/AMINA-100767148840241\/","https:\/\/www.instagram.com\/aminaverslun\/"]}]}},"_links":{"self":[{"href":"https:\/\/amina.is\/en\/wp-json\/wp\/v2\/product\/10872","targetHints":{"allow":["GET"]}}],"collection":[{"href":"https:\/\/amina.is\/en\/wp-json\/wp\/v2\/product"}],"about":[{"href":"https:\/\/amina.is\/en\/wp-json\/wp\/v2\/types\/product"}],"version-history":[{"count":7,"href":"https:\/\/amina.is\/en\/wp-json\/wp\/v2\/product\/10872\/revisions"}],"predecessor-version":[{"id":10912,"href":"https:\/\/amina.is\/en\/wp-json\/wp\/v2\/product\/10872\/revisions\/10912"}],"wp:featuredmedia":[{"embeddable":true,"href":"https:\/\/amina.is\/en\/wp-json\/wp\/v2\/media\/10874"}],"wp:attachment":[{"href":"https:\/\/amina.is\/en\/wp-json\/wp\/v2\/media?parent=10872"}],"wp:term":[{"taxonomy":"product_brand","embeddable":true,"href":"https:\/\/amina.is\/en\/wp-json\/wp\/v2\/product_brand?post=10872"},{"taxonomy":"product_cat","embeddable":true,"href":"https:\/\/amina.is\/en\/wp-json\/wp\/v2\/product_cat?post=10872"},{"taxonomy":"product_tag","embeddable":true,"href":"https:\/\/amina.is\/en\/wp-json\/wp\/v2\/product_tag?post=10872"}],"curies":[{"name":"wp","href":"https:\/\/api.w.org\/{rel}","templated":true}]}}