{"id":10865,"date":"2023-02-08T19:27:03","date_gmt":"2023-02-08T19:27:03","guid":{"rendered":"https:\/\/amina.is\/?post_type=product&#038;p=10865"},"modified":"2023-03-01T20:13:15","modified_gmt":"2023-03-01T20:13:15","slug":"karabina-smellu-klemma","status":"publish","type":"product","link":"https:\/\/amina.is\/en\/verslun\/fatnadur\/aukahlutir\/karabina-smellu-klemma\/","title":{"rendered":"Karab\u00edna \/ Smellu klemma"},"content":{"rendered":"<h5>Karab\u00ednur eru fullkomnar til \u00feess a\u00f0 festa hand e\u00f0a f\u00f3ta fj\u00f6tra vi\u00f0 ke\u00f0jur, stangir e\u00f0a reipi. A.t.h. \u00feola ekki mikla \u00feyngd t.d. ef hanga \u00e1 \u00ed lausu lofti.<\/h5>\n<h5><\/h5>","protected":false},"excerpt":{"rendered":"<p>Karab\u00ednur eru fullkomnar til \u00feess a\u00f0 festa hand e\u00f0a f\u00f3ta fj\u00f6tra vi\u00f0 ke\u00f0jur, stangir e\u00f0a reipi.<\/p>","protected":false},"featured_media":10871,"template":"","meta":{"inline_featured_image":false},"product_brand":[],"product_cat":[508,36,196,914],"product_tag":[748,771,770,772],"class_list":{"0":"post-10865","1":"product","2":"type-product","3":"status-publish","4":"has-post-thumbnail","6":"product_cat-aukahlutir","7":"product_cat-blaeti","8":"product_cat-fatnadur","9":"product_cat-handjarnofl","10":"product_tag-carabiner","11":"product_tag-festing","12":"product_tag-karabina","13":"product_tag-smellu-klemma","15":"first","16":"instock","17":"shipping-taxable","18":"purchasable","19":"product-type-simple"},"yoast_head":"<!-- This site is optimized with the Yoast SEO Premium plugin v21.6 (Yoast SEO v27.3) - https:\/\/yoast.com\/product\/yoast-seo-premium-wordpress\/ -->\n<title>Karab\u00edna \/ Smellu klemma &#8211; Amina<\/title>\n<meta name=\"robots\" content=\"index, follow, max-snippet:-1, max-image-preview:large, max-video-preview:-1\" \/>\n<link rel=\"canonical\" href=\"https:\/\/amina.is\/en\/verslun\/fatnadur\/aukahlutir\/karabina-smellu-klemma\/\" \/>\n<meta property=\"og:locale\" content=\"en_US\" \/>\n<meta property=\"og:type\" content=\"article\" \/>\n<meta property=\"og:title\" content=\"Karab\u00edna \/ Smellu klemma\" \/>\n<meta property=\"og:description\" content=\"Karab\u00ednur eru fullkomnar til \u00feess a\u00f0 festa hand e\u00f0a f\u00f3ta fj\u00f6tra vi\u00f0 ke\u00f0jur, stangir e\u00f0a reipi.\" \/>\n<meta property=\"og:url\" content=\"https:\/\/amina.is\/en\/verslun\/fatnadur\/aukahlutir\/karabina-smellu-klemma\/\" \/>\n<meta property=\"og:site_name\" content=\"Amina\" \/>\n<meta property=\"article:publisher\" content=\"https:\/\/m.facebook.com\/AMINA-100767148840241\/\" \/>\n<meta property=\"article:modified_time\" content=\"2023-03-01T20:13:15+00:00\" \/>\n<meta property=\"og:image\" content=\"https:\/\/amina.is\/wp-content\/uploads\/2023\/02\/1544013570-l-CA2SV-Carabiner-Silver-2.jpg\" \/>\n\t<meta property=\"og:image:width\" content=\"997\" \/>\n\t<meta property=\"og:image:height\" content=\"997\" \/>\n\t<meta property=\"og:image:type\" content=\"image\/jpeg\" \/>\n<meta name=\"twitter:card\" content=\"summary_large_image\" \/>\n<meta name=\"twitter:label1\" content=\"Est. reading time\" \/>\n\t<meta name=\"twitter:data1\" content=\"1 minute\" \/>\n<script type=\"application\/ld+json\" class=\"yoast-schema-graph\">{\"@context\":\"https:\\\/\\\/schema.org\",\"@graph\":[{\"@type\":\"WebPage\",\"@id\":\"https:\\\/\\\/amina.is\\\/verslun\\\/fatnadur\\\/aukahlutir\\\/karabina-smellu-klemma\\\/\",\"url\":\"https:\\\/\\\/amina.is\\\/verslun\\\/fatnadur\\\/aukahlutir\\\/karabina-smellu-klemma\\\/\",\"name\":\"Karab\u00edna \\\/ Smellu klemma &#8211; Amina\",\"isPartOf\":{\"@id\":\"https:\\\/\\\/amina.is\\\/#website\"},\"primaryImageOfPage\":{\"@id\":\"https:\\\/\\\/amina.is\\\/verslun\\\/fatnadur\\\/aukahlutir\\\/karabina-smellu-klemma\\\/#primaryimage\"},\"image\":{\"@id\":\"https:\\\/\\\/amina.is\\\/verslun\\\/fatnadur\\\/aukahlutir\\\/karabina-smellu-klemma\\\/#primaryimage\"},\"thumbnailUrl\":\"https:\\\/\\\/amina.is\\\/wp-content\\\/uploads\\\/2023\\\/02\\\/1544013570-l-CA2SV-Carabiner-Silver-2.jpg\",\"datePublished\":\"2023-02-08T19:27:03+00:00\",\"dateModified\":\"2023-03-01T20:13:15+00:00\",\"breadcrumb\":{\"@id\":\"https:\\\/\\\/amina.is\\\/verslun\\\/fatnadur\\\/aukahlutir\\\/karabina-smellu-klemma\\\/#breadcrumb\"},\"inLanguage\":\"en-US\",\"potentialAction\":[{\"@type\":\"ReadAction\",\"target\":[\"https:\\\/\\\/amina.is\\\/verslun\\\/fatnadur\\\/aukahlutir\\\/karabina-smellu-klemma\\\/\"]}]},{\"@type\":\"ImageObject\",\"inLanguage\":\"en-US\",\"@id\":\"https:\\\/\\\/amina.is\\\/verslun\\\/fatnadur\\\/aukahlutir\\\/karabina-smellu-klemma\\\/#primaryimage\",\"url\":\"https:\\\/\\\/amina.is\\\/wp-content\\\/uploads\\\/2023\\\/02\\\/1544013570-l-CA2SV-Carabiner-Silver-2.jpg\",\"contentUrl\":\"https:\\\/\\\/amina.is\\\/wp-content\\\/uploads\\\/2023\\\/02\\\/1544013570-l-CA2SV-Carabiner-Silver-2.jpg\",\"width\":997,\"height\":997},{\"@type\":\"BreadcrumbList\",\"@id\":\"https:\\\/\\\/amina.is\\\/verslun\\\/fatnadur\\\/aukahlutir\\\/karabina-smellu-klemma\\\/#breadcrumb\",\"itemListElement\":[{\"@type\":\"ListItem\",\"position\":1,\"name\":\"Home\",\"item\":\"https:\\\/\\\/amina.is\\\/\"},{\"@type\":\"ListItem\",\"position\":2,\"name\":\"Verslun\",\"item\":\"https:\\\/\\\/amina.is\\\/verslun\\\/\"},{\"@type\":\"ListItem\",\"position\":3,\"name\":\"Karab\u00edna \\\/ Smellu klemma\"}]},{\"@type\":\"WebSite\",\"@id\":\"https:\\\/\\\/amina.is\\\/#website\",\"url\":\"https:\\\/\\\/amina.is\\\/\",\"name\":\"Amina\",\"description\":\"Feeling is everything - Una\u00f0sv\u00f6rur fyrir alla\",\"publisher\":{\"@id\":\"https:\\\/\\\/amina.is\\\/#organization\"},\"potentialAction\":[{\"@type\":\"SearchAction\",\"target\":{\"@type\":\"EntryPoint\",\"urlTemplate\":\"https:\\\/\\\/amina.is\\\/?s={search_term_string}\"},\"query-input\":{\"@type\":\"PropertyValueSpecification\",\"valueRequired\":true,\"valueName\":\"search_term_string\"}}],\"inLanguage\":\"en-US\"},{\"@type\":\"Organization\",\"@id\":\"https:\\\/\\\/amina.is\\\/#organization\",\"name\":\"Amina\",\"url\":\"https:\\\/\\\/amina.is\\\/\",\"logo\":{\"@type\":\"ImageObject\",\"inLanguage\":\"en-US\",\"@id\":\"https:\\\/\\\/amina.is\\\/#\\\/schema\\\/logo\\\/image\\\/\",\"url\":\"https:\\\/\\\/amina.is\\\/wp-content\\\/uploads\\\/2021\\\/09\\\/logo.png\",\"contentUrl\":\"https:\\\/\\\/amina.is\\\/wp-content\\\/uploads\\\/2021\\\/09\\\/logo.png\",\"width\":1790,\"height\":464,\"caption\":\"Amina\"},\"image\":{\"@id\":\"https:\\\/\\\/amina.is\\\/#\\\/schema\\\/logo\\\/image\\\/\"},\"sameAs\":[\"https:\\\/\\\/m.facebook.com\\\/AMINA-100767148840241\\\/\",\"https:\\\/\\\/www.instagram.com\\\/aminaverslun\\\/\"]}]}<\/script>\n<!-- \/ Yoast SEO Premium plugin. -->","yoast_head_json":{"title":"Karab\u00edna \/ Smellu klemma &#8211; Amina","robots":{"index":"index","follow":"follow","max-snippet":"max-snippet:-1","max-image-preview":"max-image-preview:large","max-video-preview":"max-video-preview:-1"},"canonical":"https:\/\/amina.is\/en\/verslun\/fatnadur\/aukahlutir\/karabina-smellu-klemma\/","og_locale":"en_US","og_type":"article","og_title":"Karab\u00edna \/ Smellu klemma","og_description":"Karab\u00ednur eru fullkomnar til \u00feess a\u00f0 festa hand e\u00f0a f\u00f3ta fj\u00f6tra vi\u00f0 ke\u00f0jur, stangir e\u00f0a reipi.","og_url":"https:\/\/amina.is\/en\/verslun\/fatnadur\/aukahlutir\/karabina-smellu-klemma\/","og_site_name":"Amina","article_publisher":"https:\/\/m.facebook.com\/AMINA-100767148840241\/","article_modified_time":"2023-03-01T20:13:15+00:00","og_image":[{"width":997,"height":997,"url":"https:\/\/amina.is\/wp-content\/uploads\/2023\/02\/1544013570-l-CA2SV-Carabiner-Silver-2.jpg","type":"image\/jpeg"}],"twitter_card":"summary_large_image","twitter_misc":{"Est. reading time":"1 minute"},"schema":{"@context":"https:\/\/schema.org","@graph":[{"@type":"WebPage","@id":"https:\/\/amina.is\/verslun\/fatnadur\/aukahlutir\/karabina-smellu-klemma\/","url":"https:\/\/amina.is\/verslun\/fatnadur\/aukahlutir\/karabina-smellu-klemma\/","name":"Karab\u00edna \/ Smellu klemma &#8211; Amina","isPartOf":{"@id":"https:\/\/amina.is\/#website"},"primaryImageOfPage":{"@id":"https:\/\/amina.is\/verslun\/fatnadur\/aukahlutir\/karabina-smellu-klemma\/#primaryimage"},"image":{"@id":"https:\/\/amina.is\/verslun\/fatnadur\/aukahlutir\/karabina-smellu-klemma\/#primaryimage"},"thumbnailUrl":"https:\/\/amina.is\/wp-content\/uploads\/2023\/02\/1544013570-l-CA2SV-Carabiner-Silver-2.jpg","datePublished":"2023-02-08T19:27:03+00:00","dateModified":"2023-03-01T20:13:15+00:00","breadcrumb":{"@id":"https:\/\/amina.is\/verslun\/fatnadur\/aukahlutir\/karabina-smellu-klemma\/#breadcrumb"},"inLanguage":"en-US","potentialAction":[{"@type":"ReadAction","target":["https:\/\/amina.is\/verslun\/fatnadur\/aukahlutir\/karabina-smellu-klemma\/"]}]},{"@type":"ImageObject","inLanguage":"en-US","@id":"https:\/\/amina.is\/verslun\/fatnadur\/aukahlutir\/karabina-smellu-klemma\/#primaryimage","url":"https:\/\/amina.is\/wp-content\/uploads\/2023\/02\/1544013570-l-CA2SV-Carabiner-Silver-2.jpg","contentUrl":"https:\/\/amina.is\/wp-content\/uploads\/2023\/02\/1544013570-l-CA2SV-Carabiner-Silver-2.jpg","width":997,"height":997},{"@type":"BreadcrumbList","@id":"https:\/\/amina.is\/verslun\/fatnadur\/aukahlutir\/karabina-smellu-klemma\/#breadcrumb","itemListElement":[{"@type":"ListItem","position":1,"name":"Home","item":"https:\/\/amina.is\/"},{"@type":"ListItem","position":2,"name":"Verslun","item":"https:\/\/amina.is\/verslun\/"},{"@type":"ListItem","position":3,"name":"Karab\u00edna \/ Smellu klemma"}]},{"@type":"WebSite","@id":"https:\/\/amina.is\/#website","url":"https:\/\/amina.is\/","name":"Amina","description":"Feeling is everything - Una\u00f0sv\u00f6rur fyrir alla","publisher":{"@id":"https:\/\/amina.is\/#organization"},"potentialAction":[{"@type":"SearchAction","target":{"@type":"EntryPoint","urlTemplate":"https:\/\/amina.is\/?s={search_term_string}"},"query-input":{"@type":"PropertyValueSpecification","valueRequired":true,"valueName":"search_term_string"}}],"inLanguage":"en-US"},{"@type":"Organization","@id":"https:\/\/amina.is\/#organization","name":"Amina","url":"https:\/\/amina.is\/","logo":{"@type":"ImageObject","inLanguage":"en-US","@id":"https:\/\/amina.is\/#\/schema\/logo\/image\/","url":"https:\/\/amina.is\/wp-content\/uploads\/2021\/09\/logo.png","contentUrl":"https:\/\/amina.is\/wp-content\/uploads\/2021\/09\/logo.png","width":1790,"height":464,"caption":"Amina"},"image":{"@id":"https:\/\/amina.is\/#\/schema\/logo\/image\/"},"sameAs":["https:\/\/m.facebook.com\/AMINA-100767148840241\/","https:\/\/www.instagram.com\/aminaverslun\/"]}]}},"_links":{"self":[{"href":"https:\/\/amina.is\/en\/wp-json\/wp\/v2\/product\/10865","targetHints":{"allow":["GET"]}}],"collection":[{"href":"https:\/\/amina.is\/en\/wp-json\/wp\/v2\/product"}],"about":[{"href":"https:\/\/amina.is\/en\/wp-json\/wp\/v2\/types\/product"}],"version-history":[{"count":1,"href":"https:\/\/amina.is\/en\/wp-json\/wp\/v2\/product\/10865\/revisions"}],"predecessor-version":[{"id":10866,"href":"https:\/\/amina.is\/en\/wp-json\/wp\/v2\/product\/10865\/revisions\/10866"}],"wp:featuredmedia":[{"embeddable":true,"href":"https:\/\/amina.is\/en\/wp-json\/wp\/v2\/media\/10871"}],"wp:attachment":[{"href":"https:\/\/amina.is\/en\/wp-json\/wp\/v2\/media?parent=10865"}],"wp:term":[{"taxonomy":"product_brand","embeddable":true,"href":"https:\/\/amina.is\/en\/wp-json\/wp\/v2\/product_brand?post=10865"},{"taxonomy":"product_cat","embeddable":true,"href":"https:\/\/amina.is\/en\/wp-json\/wp\/v2\/product_cat?post=10865"},{"taxonomy":"product_tag","embeddable":true,"href":"https:\/\/amina.is\/en\/wp-json\/wp\/v2\/product_tag?post=10865"}],"curies":[{"name":"wp","href":"https:\/\/api.w.org\/{rel}","templated":true}]}}