{"id":10807,"date":"2023-01-31T20:44:51","date_gmt":"2023-01-31T20:44:51","guid":{"rendered":"https:\/\/amina.is\/?post_type=product&#038;p=10807"},"modified":"2023-03-02T20:12:00","modified_gmt":"2023-03-02T20:12:00","slug":"mister-b-neoprene-triangle-harness-svart-hvitt","status":"publish","type":"product","link":"https:\/\/amina.is\/en\/verslun\/fatnadur\/naerfot-herra\/annadh\/mister-b-neoprene-triangle-harness-svart-hvitt\/","title":{"rendered":"Mister B &#8211; Neoprene Triangle Harness Svart\/Hv\u00edtt"},"content":{"rendered":"<h5>Flott neoprene harness fr\u00e1 Mister B. Harnessi\u00f0 \u00fdtir \u00f6xlunum \u00f6rl\u00edti\u00f0 aftur og opnar brj\u00f3stkassann. \u00dea\u00f0 er mj\u00fakt \u00ed vi\u00f0komu og er einstaklega \u00fe\u00e6gilegt \u00ed notkun.\u00a0Athugi\u00f0 a\u00f0 a\u00f0eins m\u00e1 \u00fevo harnessi\u00f0 \u00ed h\u00f6ndunum. Kemur \u00ed S\/M 82-88cm og L\/XL 94-100cm (Stillanleg st\u00e6r\u00f0)<\/h5>","protected":false},"excerpt":{"rendered":"<p>Flott neoprene harness fr\u00e1 Mister B.<\/p>","protected":false},"featured_media":10814,"template":"","meta":{"inline_featured_image":false},"product_brand":[],"product_cat":[890,36,196,41,903,340,344],"product_tag":[105,509,394,767],"class_list":{"0":"post-10807","1":"product","2":"type-product","3":"status-publish","4":"has-post-thumbnail","6":"product_cat-annadh","7":"product_cat-blaeti","8":"product_cat-fatnadur","9":"product_cat-fyrir-tha","10":"product_cat-grimurosvfrv","11":"product_cat-naerfot-herra","12":"product_cat-mr-b","13":"product_tag-harness","14":"product_tag-mister-b","15":"product_tag-mr-b","16":"product_tag-triangle-harness","18":"first","19":"instock","20":"shipping-taxable","21":"purchasable","22":"product-type-variable"},"yoast_head":"<!-- This site is optimized with the Yoast SEO Premium plugin v21.6 (Yoast SEO v27.4) - https:\/\/yoast.com\/product\/yoast-seo-premium-wordpress\/ -->\n<title>Mister B - Neoprene Triangle Harness Svart\/Hv\u00edtt &#8211; Amina<\/title>\n<meta name=\"description\" content=\"Flott neoprene harness fr\u00e1 Mister B. Harnessi\u00f0 \u00fdtir \u00f6xlunum \u00f6rl\u00edti\u00f0 aftur og opnar brj\u00f3stkassann. \u00dea\u00f0 er mj\u00fakt \u00ed vi\u00f0komu og er einstaklega \u00fe\u00e6gilegt \u00ed notkun.\u00a0Athugi\u00f0 a\u00f0 a\u00f0eins m\u00e1 \u00fevo harnessi\u00f0 \u00ed h\u00f6ndunum.\" \/>\n<meta name=\"robots\" content=\"index, follow, max-snippet:-1, max-image-preview:large, max-video-preview:-1\" \/>\n<link rel=\"canonical\" href=\"https:\/\/amina.is\/en\/verslun\/fatnadur\/naerfot-herra\/annadh\/mister-b-neoprene-triangle-harness-svart-hvitt\/\" \/>\n<meta property=\"og:locale\" content=\"en_US\" \/>\n<meta property=\"og:type\" content=\"article\" \/>\n<meta property=\"og:title\" content=\"Mister B - Neoprene Triangle Harness Svart\/Hv\u00edtt\" \/>\n<meta property=\"og:description\" content=\"Flott neoprene harness fr\u00e1 Mister B. Harnessi\u00f0 \u00fdtir \u00f6xlunum \u00f6rl\u00edti\u00f0 aftur og opnar brj\u00f3stkassann. \u00dea\u00f0 er mj\u00fakt \u00ed vi\u00f0komu og er einstaklega \u00fe\u00e6gilegt \u00ed notkun.\u00a0Athugi\u00f0 a\u00f0 a\u00f0eins m\u00e1 \u00fevo harnessi\u00f0 \u00ed h\u00f6ndunum.\" \/>\n<meta property=\"og:url\" content=\"https:\/\/amina.is\/en\/verslun\/fatnadur\/naerfot-herra\/annadh\/mister-b-neoprene-triangle-harness-svart-hvitt\/\" \/>\n<meta property=\"og:site_name\" content=\"Amina\" \/>\n<meta property=\"article:publisher\" content=\"https:\/\/m.facebook.com\/AMINA-100767148840241\/\" \/>\n<meta property=\"article:modified_time\" content=\"2023-03-02T20:12:00+00:00\" \/>\n<meta property=\"og:image\" content=\"https:\/\/amina.is\/wp-content\/uploads\/2023\/01\/mister-b-neoprene-triangle-harness-black-white-s-m-340840-z_1.jpg\" \/>\n\t<meta property=\"og:image:width\" content=\"480\" \/>\n\t<meta property=\"og:image:height\" content=\"360\" \/>\n\t<meta property=\"og:image:type\" content=\"image\/jpeg\" \/>\n<meta name=\"twitter:card\" content=\"summary_large_image\" \/>\n<meta name=\"twitter:label1\" content=\"Est. reading time\" \/>\n\t<meta name=\"twitter:data1\" content=\"1 minute\" \/>\n<script type=\"application\/ld+json\" class=\"yoast-schema-graph\">{\"@context\":\"https:\\\/\\\/schema.org\",\"@graph\":[{\"@type\":\"WebPage\",\"@id\":\"https:\\\/\\\/amina.is\\\/verslun\\\/fatnadur\\\/naerfot-herra\\\/annadh\\\/mister-b-neoprene-triangle-harness-svart-hvitt\\\/\",\"url\":\"https:\\\/\\\/amina.is\\\/verslun\\\/fatnadur\\\/naerfot-herra\\\/annadh\\\/mister-b-neoprene-triangle-harness-svart-hvitt\\\/\",\"name\":\"Mister B - Neoprene Triangle Harness Svart\\\/Hv\u00edtt &#8211; Amina\",\"isPartOf\":{\"@id\":\"https:\\\/\\\/amina.is\\\/#website\"},\"primaryImageOfPage\":{\"@id\":\"https:\\\/\\\/amina.is\\\/verslun\\\/fatnadur\\\/naerfot-herra\\\/annadh\\\/mister-b-neoprene-triangle-harness-svart-hvitt\\\/#primaryimage\"},\"image\":{\"@id\":\"https:\\\/\\\/amina.is\\\/verslun\\\/fatnadur\\\/naerfot-herra\\\/annadh\\\/mister-b-neoprene-triangle-harness-svart-hvitt\\\/#primaryimage\"},\"thumbnailUrl\":\"https:\\\/\\\/amina.is\\\/wp-content\\\/uploads\\\/2023\\\/01\\\/mister-b-neoprene-triangle-harness-black-white-s-m-340840-z_1.jpg\",\"datePublished\":\"2023-01-31T20:44:51+00:00\",\"dateModified\":\"2023-03-02T20:12:00+00:00\",\"description\":\"Flott neoprene harness fr\u00e1 Mister B. Harnessi\u00f0 \u00fdtir \u00f6xlunum \u00f6rl\u00edti\u00f0 aftur og opnar brj\u00f3stkassann. \u00dea\u00f0 er mj\u00fakt \u00ed vi\u00f0komu og er einstaklega \u00fe\u00e6gilegt \u00ed notkun.\u00a0Athugi\u00f0 a\u00f0 a\u00f0eins m\u00e1 \u00fevo harnessi\u00f0 \u00ed h\u00f6ndunum.\",\"breadcrumb\":{\"@id\":\"https:\\\/\\\/amina.is\\\/verslun\\\/fatnadur\\\/naerfot-herra\\\/annadh\\\/mister-b-neoprene-triangle-harness-svart-hvitt\\\/#breadcrumb\"},\"inLanguage\":\"en-US\",\"potentialAction\":[{\"@type\":\"ReadAction\",\"target\":[\"https:\\\/\\\/amina.is\\\/verslun\\\/fatnadur\\\/naerfot-herra\\\/annadh\\\/mister-b-neoprene-triangle-harness-svart-hvitt\\\/\"]}]},{\"@type\":\"ImageObject\",\"inLanguage\":\"en-US\",\"@id\":\"https:\\\/\\\/amina.is\\\/verslun\\\/fatnadur\\\/naerfot-herra\\\/annadh\\\/mister-b-neoprene-triangle-harness-svart-hvitt\\\/#primaryimage\",\"url\":\"https:\\\/\\\/amina.is\\\/wp-content\\\/uploads\\\/2023\\\/01\\\/mister-b-neoprene-triangle-harness-black-white-s-m-340840-z_1.jpg\",\"contentUrl\":\"https:\\\/\\\/amina.is\\\/wp-content\\\/uploads\\\/2023\\\/01\\\/mister-b-neoprene-triangle-harness-black-white-s-m-340840-z_1.jpg\",\"width\":480,\"height\":360},{\"@type\":\"BreadcrumbList\",\"@id\":\"https:\\\/\\\/amina.is\\\/verslun\\\/fatnadur\\\/naerfot-herra\\\/annadh\\\/mister-b-neoprene-triangle-harness-svart-hvitt\\\/#breadcrumb\",\"itemListElement\":[{\"@type\":\"ListItem\",\"position\":1,\"name\":\"Home\",\"item\":\"https:\\\/\\\/amina.is\\\/\"},{\"@type\":\"ListItem\",\"position\":2,\"name\":\"Verslun\",\"item\":\"https:\\\/\\\/amina.is\\\/verslun\\\/\"},{\"@type\":\"ListItem\",\"position\":3,\"name\":\"Mister B &#8211; Neoprene Triangle Harness Svart\\\/Hv\u00edtt\"}]},{\"@type\":\"WebSite\",\"@id\":\"https:\\\/\\\/amina.is\\\/#website\",\"url\":\"https:\\\/\\\/amina.is\\\/\",\"name\":\"Amina\",\"description\":\"Feeling is everything - Una\u00f0sv\u00f6rur fyrir alla\",\"publisher\":{\"@id\":\"https:\\\/\\\/amina.is\\\/#organization\"},\"potentialAction\":[{\"@type\":\"SearchAction\",\"target\":{\"@type\":\"EntryPoint\",\"urlTemplate\":\"https:\\\/\\\/amina.is\\\/?s={search_term_string}\"},\"query-input\":{\"@type\":\"PropertyValueSpecification\",\"valueRequired\":true,\"valueName\":\"search_term_string\"}}],\"inLanguage\":\"en-US\"},{\"@type\":\"Organization\",\"@id\":\"https:\\\/\\\/amina.is\\\/#organization\",\"name\":\"Amina\",\"url\":\"https:\\\/\\\/amina.is\\\/\",\"logo\":{\"@type\":\"ImageObject\",\"inLanguage\":\"en-US\",\"@id\":\"https:\\\/\\\/amina.is\\\/#\\\/schema\\\/logo\\\/image\\\/\",\"url\":\"https:\\\/\\\/amina.is\\\/wp-content\\\/uploads\\\/2021\\\/09\\\/logo.png\",\"contentUrl\":\"https:\\\/\\\/amina.is\\\/wp-content\\\/uploads\\\/2021\\\/09\\\/logo.png\",\"width\":1790,\"height\":464,\"caption\":\"Amina\"},\"image\":{\"@id\":\"https:\\\/\\\/amina.is\\\/#\\\/schema\\\/logo\\\/image\\\/\"},\"sameAs\":[\"https:\\\/\\\/m.facebook.com\\\/AMINA-100767148840241\\\/\",\"https:\\\/\\\/www.instagram.com\\\/aminaverslun\\\/\"]}]}<\/script>\n<!-- \/ Yoast SEO Premium plugin. -->","yoast_head_json":{"title":"Mister B - Neoprene Triangle Harness Svart\/Hv\u00edtt &#8211; Amina","description":"Flott neoprene harness fr\u00e1 Mister B. Harnessi\u00f0 \u00fdtir \u00f6xlunum \u00f6rl\u00edti\u00f0 aftur og opnar brj\u00f3stkassann. \u00dea\u00f0 er mj\u00fakt \u00ed vi\u00f0komu og er einstaklega \u00fe\u00e6gilegt \u00ed notkun.\u00a0Athugi\u00f0 a\u00f0 a\u00f0eins m\u00e1 \u00fevo harnessi\u00f0 \u00ed h\u00f6ndunum.","robots":{"index":"index","follow":"follow","max-snippet":"max-snippet:-1","max-image-preview":"max-image-preview:large","max-video-preview":"max-video-preview:-1"},"canonical":"https:\/\/amina.is\/en\/verslun\/fatnadur\/naerfot-herra\/annadh\/mister-b-neoprene-triangle-harness-svart-hvitt\/","og_locale":"en_US","og_type":"article","og_title":"Mister B - Neoprene Triangle Harness Svart\/Hv\u00edtt","og_description":"Flott neoprene harness fr\u00e1 Mister B. Harnessi\u00f0 \u00fdtir \u00f6xlunum \u00f6rl\u00edti\u00f0 aftur og opnar brj\u00f3stkassann. \u00dea\u00f0 er mj\u00fakt \u00ed vi\u00f0komu og er einstaklega \u00fe\u00e6gilegt \u00ed notkun.\u00a0Athugi\u00f0 a\u00f0 a\u00f0eins m\u00e1 \u00fevo harnessi\u00f0 \u00ed h\u00f6ndunum.","og_url":"https:\/\/amina.is\/en\/verslun\/fatnadur\/naerfot-herra\/annadh\/mister-b-neoprene-triangle-harness-svart-hvitt\/","og_site_name":"Amina","article_publisher":"https:\/\/m.facebook.com\/AMINA-100767148840241\/","article_modified_time":"2023-03-02T20:12:00+00:00","og_image":[{"width":480,"height":360,"url":"https:\/\/amina.is\/wp-content\/uploads\/2023\/01\/mister-b-neoprene-triangle-harness-black-white-s-m-340840-z_1.jpg","type":"image\/jpeg"}],"twitter_card":"summary_large_image","twitter_misc":{"Est. reading time":"1 minute"},"schema":{"@context":"https:\/\/schema.org","@graph":[{"@type":"WebPage","@id":"https:\/\/amina.is\/verslun\/fatnadur\/naerfot-herra\/annadh\/mister-b-neoprene-triangle-harness-svart-hvitt\/","url":"https:\/\/amina.is\/verslun\/fatnadur\/naerfot-herra\/annadh\/mister-b-neoprene-triangle-harness-svart-hvitt\/","name":"Mister B - Neoprene Triangle Harness Svart\/Hv\u00edtt &#8211; Amina","isPartOf":{"@id":"https:\/\/amina.is\/#website"},"primaryImageOfPage":{"@id":"https:\/\/amina.is\/verslun\/fatnadur\/naerfot-herra\/annadh\/mister-b-neoprene-triangle-harness-svart-hvitt\/#primaryimage"},"image":{"@id":"https:\/\/amina.is\/verslun\/fatnadur\/naerfot-herra\/annadh\/mister-b-neoprene-triangle-harness-svart-hvitt\/#primaryimage"},"thumbnailUrl":"https:\/\/amina.is\/wp-content\/uploads\/2023\/01\/mister-b-neoprene-triangle-harness-black-white-s-m-340840-z_1.jpg","datePublished":"2023-01-31T20:44:51+00:00","dateModified":"2023-03-02T20:12:00+00:00","description":"Flott neoprene harness fr\u00e1 Mister B. Harnessi\u00f0 \u00fdtir \u00f6xlunum \u00f6rl\u00edti\u00f0 aftur og opnar brj\u00f3stkassann. \u00dea\u00f0 er mj\u00fakt \u00ed vi\u00f0komu og er einstaklega \u00fe\u00e6gilegt \u00ed notkun.\u00a0Athugi\u00f0 a\u00f0 a\u00f0eins m\u00e1 \u00fevo harnessi\u00f0 \u00ed h\u00f6ndunum.","breadcrumb":{"@id":"https:\/\/amina.is\/verslun\/fatnadur\/naerfot-herra\/annadh\/mister-b-neoprene-triangle-harness-svart-hvitt\/#breadcrumb"},"inLanguage":"en-US","potentialAction":[{"@type":"ReadAction","target":["https:\/\/amina.is\/verslun\/fatnadur\/naerfot-herra\/annadh\/mister-b-neoprene-triangle-harness-svart-hvitt\/"]}]},{"@type":"ImageObject","inLanguage":"en-US","@id":"https:\/\/amina.is\/verslun\/fatnadur\/naerfot-herra\/annadh\/mister-b-neoprene-triangle-harness-svart-hvitt\/#primaryimage","url":"https:\/\/amina.is\/wp-content\/uploads\/2023\/01\/mister-b-neoprene-triangle-harness-black-white-s-m-340840-z_1.jpg","contentUrl":"https:\/\/amina.is\/wp-content\/uploads\/2023\/01\/mister-b-neoprene-triangle-harness-black-white-s-m-340840-z_1.jpg","width":480,"height":360},{"@type":"BreadcrumbList","@id":"https:\/\/amina.is\/verslun\/fatnadur\/naerfot-herra\/annadh\/mister-b-neoprene-triangle-harness-svart-hvitt\/#breadcrumb","itemListElement":[{"@type":"ListItem","position":1,"name":"Home","item":"https:\/\/amina.is\/"},{"@type":"ListItem","position":2,"name":"Verslun","item":"https:\/\/amina.is\/verslun\/"},{"@type":"ListItem","position":3,"name":"Mister B &#8211; Neoprene Triangle Harness Svart\/Hv\u00edtt"}]},{"@type":"WebSite","@id":"https:\/\/amina.is\/#website","url":"https:\/\/amina.is\/","name":"Amina","description":"Feeling is everything - Una\u00f0sv\u00f6rur fyrir alla","publisher":{"@id":"https:\/\/amina.is\/#organization"},"potentialAction":[{"@type":"SearchAction","target":{"@type":"EntryPoint","urlTemplate":"https:\/\/amina.is\/?s={search_term_string}"},"query-input":{"@type":"PropertyValueSpecification","valueRequired":true,"valueName":"search_term_string"}}],"inLanguage":"en-US"},{"@type":"Organization","@id":"https:\/\/amina.is\/#organization","name":"Amina","url":"https:\/\/amina.is\/","logo":{"@type":"ImageObject","inLanguage":"en-US","@id":"https:\/\/amina.is\/#\/schema\/logo\/image\/","url":"https:\/\/amina.is\/wp-content\/uploads\/2021\/09\/logo.png","contentUrl":"https:\/\/amina.is\/wp-content\/uploads\/2021\/09\/logo.png","width":1790,"height":464,"caption":"Amina"},"image":{"@id":"https:\/\/amina.is\/#\/schema\/logo\/image\/"},"sameAs":["https:\/\/m.facebook.com\/AMINA-100767148840241\/","https:\/\/www.instagram.com\/aminaverslun\/"]}]}},"_links":{"self":[{"href":"https:\/\/amina.is\/en\/wp-json\/wp\/v2\/product\/10807","targetHints":{"allow":["GET"]}}],"collection":[{"href":"https:\/\/amina.is\/en\/wp-json\/wp\/v2\/product"}],"about":[{"href":"https:\/\/amina.is\/en\/wp-json\/wp\/v2\/types\/product"}],"version-history":[{"count":4,"href":"https:\/\/amina.is\/en\/wp-json\/wp\/v2\/product\/10807\/revisions"}],"predecessor-version":[{"id":10859,"href":"https:\/\/amina.is\/en\/wp-json\/wp\/v2\/product\/10807\/revisions\/10859"}],"wp:featuredmedia":[{"embeddable":true,"href":"https:\/\/amina.is\/en\/wp-json\/wp\/v2\/media\/10814"}],"wp:attachment":[{"href":"https:\/\/amina.is\/en\/wp-json\/wp\/v2\/media?parent=10807"}],"wp:term":[{"taxonomy":"product_brand","embeddable":true,"href":"https:\/\/amina.is\/en\/wp-json\/wp\/v2\/product_brand?post=10807"},{"taxonomy":"product_cat","embeddable":true,"href":"https:\/\/amina.is\/en\/wp-json\/wp\/v2\/product_cat?post=10807"},{"taxonomy":"product_tag","embeddable":true,"href":"https:\/\/amina.is\/en\/wp-json\/wp\/v2\/product_tag?post=10807"}],"curies":[{"name":"wp","href":"https:\/\/api.w.org\/{rel}","templated":true}]}}