{"id":10798,"date":"2023-01-31T20:06:48","date_gmt":"2023-01-31T20:06:48","guid":{"rendered":"https:\/\/amina.is\/?post_type=product&#038;p=10798"},"modified":"2023-03-01T19:55:26","modified_gmt":"2023-03-01T19:55:26","slug":"mister-b-urban-amsterdam-brief-svartar","status":"publish","type":"product","link":"https:\/\/amina.is\/en\/verslun\/fatnadur\/naerfot-herra\/naerfoth\/mister-b-urban-amsterdam-brief-svartar\/","title":{"rendered":"Mister B &#8211; Urban Amsterdam Brief Svartar"},"content":{"rendered":"<h5>\u00d3tr\u00falega flottar n\u00e6rbuxur \u00far Urban \u00a0l\u00ednunni fr\u00e1 Mister B. Fullkomnar \u00ed n\u00e6rfata part\u00fdi\u00f0 e\u00f0a bara fyrir daglega notkun. Innra h\u00f3lf fyrir punginn og typpi\u00f0 sem \u00fdtir \u00f6llu \u00f6rl\u00edti\u00f0 fram. \u00de\u00e6r koma for\u00fevegnar og eiga \u00fev\u00ed ekki a\u00f0 skreppa saman vi\u00f0 \u00fevott.\u00a0P\u00f3l\u00fdam\u00ed\u00f0 50%, b\u00f3mull 20% og teygjanlegt p\u00f3l\u00fdester 22%<\/h5>\n<h5><\/h5>","protected":false},"excerpt":{"rendered":"<p>\u00d3tr\u00falega flottar n\u00e6rbuxur \u00far Urban \u00a0l\u00ednunni fr\u00e1 Mister B.<\/p>","protected":false},"featured_media":10358,"template":"","meta":{"inline_featured_image":false},"product_brand":[],"product_cat":[196,41,340,344,889],"product_tag":[766,198,509,394,763,765,764],"class_list":{"0":"post-10798","1":"product","2":"type-product","3":"status-publish","4":"has-post-thumbnail","6":"product_cat-fatnadur","7":"product_cat-fyrir-tha","8":"product_cat-naerfot-herra","9":"product_cat-mr-b","10":"product_cat-naerfoth","11":"product_tag-amsterdam-brief","12":"product_tag-brief","13":"product_tag-mister-b","14":"product_tag-mr-b","15":"product_tag-naerbuxur","16":"product_tag-urban","17":"product_tag-urban-amsterdam-brief","19":"first","20":"instock","21":"shipping-taxable","22":"purchasable","23":"product-type-variable"},"yoast_head":"<!-- This site is optimized with the Yoast SEO Premium plugin v21.6 (Yoast SEO v27.4) - https:\/\/yoast.com\/product\/yoast-seo-premium-wordpress\/ -->\n<title>Mister B - Urban Amsterdam Brief Svartar &#8211; Amina<\/title>\n<meta name=\"description\" content=\"\u00d3tr\u00falega flottar n\u00e6rbuxur \u00far Urban \u00a0l\u00ednunni fr\u00e1 Mister B. Fullkomnar \u00ed n\u00e6rfata part\u00fdi\u00f0 e\u00f0a bara fyrir daglega notkun. Innra h\u00f3lf fyrir punginn og typpi\u00f0 sem \u00fdtir \u00f6llu \u00f6rl\u00edti\u00f0 fram. \u00de\u00e6r koma for\u00fevegnar og eiga \u00fev\u00ed ekki a\u00f0 skreppa saman vi\u00f0 \u00fevott.\" \/>\n<meta name=\"robots\" content=\"index, follow, max-snippet:-1, max-image-preview:large, max-video-preview:-1\" \/>\n<link rel=\"canonical\" href=\"https:\/\/amina.is\/en\/verslun\/fatnadur\/naerfot-herra\/naerfoth\/mister-b-urban-amsterdam-brief-svartar\/\" \/>\n<meta property=\"og:locale\" content=\"en_US\" \/>\n<meta property=\"og:type\" content=\"article\" \/>\n<meta property=\"og:title\" content=\"Mister B - Urban Amsterdam Brief Svartar\" \/>\n<meta property=\"og:description\" content=\"\u00d3tr\u00falega flottar n\u00e6rbuxur \u00far Urban \u00a0l\u00ednunni fr\u00e1 Mister B. Fullkomnar \u00ed n\u00e6rfata part\u00fdi\u00f0 e\u00f0a bara fyrir daglega notkun. Innra h\u00f3lf fyrir punginn og typpi\u00f0 sem \u00fdtir \u00f6llu \u00f6rl\u00edti\u00f0 fram. \u00de\u00e6r koma for\u00fevegnar og eiga \u00fev\u00ed ekki a\u00f0 skreppa saman vi\u00f0 \u00fevott.\" \/>\n<meta property=\"og:url\" content=\"https:\/\/amina.is\/en\/verslun\/fatnadur\/naerfot-herra\/naerfoth\/mister-b-urban-amsterdam-brief-svartar\/\" \/>\n<meta property=\"og:site_name\" content=\"Amina\" \/>\n<meta property=\"article:publisher\" content=\"https:\/\/m.facebook.com\/AMINA-100767148840241\/\" \/>\n<meta property=\"article:modified_time\" content=\"2023-03-01T19:55:26+00:00\" \/>\n<meta property=\"og:image\" content=\"https:\/\/amina.is\/wp-content\/uploads\/2021\/12\/822440_mister-b-urban-amsterdam-brief-black_02_sf_3.jpg\" \/>\n\t<meta property=\"og:image:width\" content=\"480\" \/>\n\t<meta property=\"og:image:height\" content=\"640\" \/>\n\t<meta property=\"og:image:type\" content=\"image\/jpeg\" \/>\n<meta name=\"twitter:card\" content=\"summary_large_image\" \/>\n<meta name=\"twitter:label1\" content=\"Est. reading time\" \/>\n\t<meta name=\"twitter:data1\" content=\"1 minute\" \/>\n<script type=\"application\/ld+json\" class=\"yoast-schema-graph\">{\"@context\":\"https:\\\/\\\/schema.org\",\"@graph\":[{\"@type\":\"WebPage\",\"@id\":\"https:\\\/\\\/amina.is\\\/verslun\\\/fatnadur\\\/naerfot-herra\\\/naerfoth\\\/mister-b-urban-amsterdam-brief-svartar\\\/\",\"url\":\"https:\\\/\\\/amina.is\\\/verslun\\\/fatnadur\\\/naerfot-herra\\\/naerfoth\\\/mister-b-urban-amsterdam-brief-svartar\\\/\",\"name\":\"Mister B - Urban Amsterdam Brief Svartar &#8211; Amina\",\"isPartOf\":{\"@id\":\"https:\\\/\\\/amina.is\\\/#website\"},\"primaryImageOfPage\":{\"@id\":\"https:\\\/\\\/amina.is\\\/verslun\\\/fatnadur\\\/naerfot-herra\\\/naerfoth\\\/mister-b-urban-amsterdam-brief-svartar\\\/#primaryimage\"},\"image\":{\"@id\":\"https:\\\/\\\/amina.is\\\/verslun\\\/fatnadur\\\/naerfot-herra\\\/naerfoth\\\/mister-b-urban-amsterdam-brief-svartar\\\/#primaryimage\"},\"thumbnailUrl\":\"https:\\\/\\\/amina.is\\\/wp-content\\\/uploads\\\/2021\\\/12\\\/822440_mister-b-urban-amsterdam-brief-black_02_sf_3.jpg\",\"datePublished\":\"2023-01-31T20:06:48+00:00\",\"dateModified\":\"2023-03-01T19:55:26+00:00\",\"description\":\"\u00d3tr\u00falega flottar n\u00e6rbuxur \u00far Urban \u00a0l\u00ednunni fr\u00e1 Mister B. Fullkomnar \u00ed n\u00e6rfata part\u00fdi\u00f0 e\u00f0a bara fyrir daglega notkun. Innra h\u00f3lf fyrir punginn og typpi\u00f0 sem \u00fdtir \u00f6llu \u00f6rl\u00edti\u00f0 fram. \u00de\u00e6r koma for\u00fevegnar og eiga \u00fev\u00ed ekki a\u00f0 skreppa saman vi\u00f0 \u00fevott.\",\"breadcrumb\":{\"@id\":\"https:\\\/\\\/amina.is\\\/verslun\\\/fatnadur\\\/naerfot-herra\\\/naerfoth\\\/mister-b-urban-amsterdam-brief-svartar\\\/#breadcrumb\"},\"inLanguage\":\"en-US\",\"potentialAction\":[{\"@type\":\"ReadAction\",\"target\":[\"https:\\\/\\\/amina.is\\\/verslun\\\/fatnadur\\\/naerfot-herra\\\/naerfoth\\\/mister-b-urban-amsterdam-brief-svartar\\\/\"]}]},{\"@type\":\"ImageObject\",\"inLanguage\":\"en-US\",\"@id\":\"https:\\\/\\\/amina.is\\\/verslun\\\/fatnadur\\\/naerfot-herra\\\/naerfoth\\\/mister-b-urban-amsterdam-brief-svartar\\\/#primaryimage\",\"url\":\"https:\\\/\\\/amina.is\\\/wp-content\\\/uploads\\\/2021\\\/12\\\/822440_mister-b-urban-amsterdam-brief-black_02_sf_3.jpg\",\"contentUrl\":\"https:\\\/\\\/amina.is\\\/wp-content\\\/uploads\\\/2021\\\/12\\\/822440_mister-b-urban-amsterdam-brief-black_02_sf_3.jpg\",\"width\":480,\"height\":640},{\"@type\":\"BreadcrumbList\",\"@id\":\"https:\\\/\\\/amina.is\\\/verslun\\\/fatnadur\\\/naerfot-herra\\\/naerfoth\\\/mister-b-urban-amsterdam-brief-svartar\\\/#breadcrumb\",\"itemListElement\":[{\"@type\":\"ListItem\",\"position\":1,\"name\":\"Home\",\"item\":\"https:\\\/\\\/amina.is\\\/\"},{\"@type\":\"ListItem\",\"position\":2,\"name\":\"Verslun\",\"item\":\"https:\\\/\\\/amina.is\\\/verslun\\\/\"},{\"@type\":\"ListItem\",\"position\":3,\"name\":\"Mister B &#8211; Urban Amsterdam Brief Svartar\"}]},{\"@type\":\"WebSite\",\"@id\":\"https:\\\/\\\/amina.is\\\/#website\",\"url\":\"https:\\\/\\\/amina.is\\\/\",\"name\":\"Amina\",\"description\":\"Feeling is everything - Una\u00f0sv\u00f6rur fyrir alla\",\"publisher\":{\"@id\":\"https:\\\/\\\/amina.is\\\/#organization\"},\"potentialAction\":[{\"@type\":\"SearchAction\",\"target\":{\"@type\":\"EntryPoint\",\"urlTemplate\":\"https:\\\/\\\/amina.is\\\/?s={search_term_string}\"},\"query-input\":{\"@type\":\"PropertyValueSpecification\",\"valueRequired\":true,\"valueName\":\"search_term_string\"}}],\"inLanguage\":\"en-US\"},{\"@type\":\"Organization\",\"@id\":\"https:\\\/\\\/amina.is\\\/#organization\",\"name\":\"Amina\",\"url\":\"https:\\\/\\\/amina.is\\\/\",\"logo\":{\"@type\":\"ImageObject\",\"inLanguage\":\"en-US\",\"@id\":\"https:\\\/\\\/amina.is\\\/#\\\/schema\\\/logo\\\/image\\\/\",\"url\":\"https:\\\/\\\/amina.is\\\/wp-content\\\/uploads\\\/2021\\\/09\\\/logo.png\",\"contentUrl\":\"https:\\\/\\\/amina.is\\\/wp-content\\\/uploads\\\/2021\\\/09\\\/logo.png\",\"width\":1790,\"height\":464,\"caption\":\"Amina\"},\"image\":{\"@id\":\"https:\\\/\\\/amina.is\\\/#\\\/schema\\\/logo\\\/image\\\/\"},\"sameAs\":[\"https:\\\/\\\/m.facebook.com\\\/AMINA-100767148840241\\\/\",\"https:\\\/\\\/www.instagram.com\\\/aminaverslun\\\/\"]}]}<\/script>\n<!-- \/ Yoast SEO Premium plugin. -->","yoast_head_json":{"title":"Mister B - Urban Amsterdam Brief Svartar &#8211; Amina","description":"\u00d3tr\u00falega flottar n\u00e6rbuxur \u00far Urban \u00a0l\u00ednunni fr\u00e1 Mister B. Fullkomnar \u00ed n\u00e6rfata part\u00fdi\u00f0 e\u00f0a bara fyrir daglega notkun. Innra h\u00f3lf fyrir punginn og typpi\u00f0 sem \u00fdtir \u00f6llu \u00f6rl\u00edti\u00f0 fram. \u00de\u00e6r koma for\u00fevegnar og eiga \u00fev\u00ed ekki a\u00f0 skreppa saman vi\u00f0 \u00fevott.","robots":{"index":"index","follow":"follow","max-snippet":"max-snippet:-1","max-image-preview":"max-image-preview:large","max-video-preview":"max-video-preview:-1"},"canonical":"https:\/\/amina.is\/en\/verslun\/fatnadur\/naerfot-herra\/naerfoth\/mister-b-urban-amsterdam-brief-svartar\/","og_locale":"en_US","og_type":"article","og_title":"Mister B - Urban Amsterdam Brief Svartar","og_description":"\u00d3tr\u00falega flottar n\u00e6rbuxur \u00far Urban \u00a0l\u00ednunni fr\u00e1 Mister B. Fullkomnar \u00ed n\u00e6rfata part\u00fdi\u00f0 e\u00f0a bara fyrir daglega notkun. Innra h\u00f3lf fyrir punginn og typpi\u00f0 sem \u00fdtir \u00f6llu \u00f6rl\u00edti\u00f0 fram. \u00de\u00e6r koma for\u00fevegnar og eiga \u00fev\u00ed ekki a\u00f0 skreppa saman vi\u00f0 \u00fevott.","og_url":"https:\/\/amina.is\/en\/verslun\/fatnadur\/naerfot-herra\/naerfoth\/mister-b-urban-amsterdam-brief-svartar\/","og_site_name":"Amina","article_publisher":"https:\/\/m.facebook.com\/AMINA-100767148840241\/","article_modified_time":"2023-03-01T19:55:26+00:00","og_image":[{"width":480,"height":640,"url":"https:\/\/amina.is\/wp-content\/uploads\/2021\/12\/822440_mister-b-urban-amsterdam-brief-black_02_sf_3.jpg","type":"image\/jpeg"}],"twitter_card":"summary_large_image","twitter_misc":{"Est. reading time":"1 minute"},"schema":{"@context":"https:\/\/schema.org","@graph":[{"@type":"WebPage","@id":"https:\/\/amina.is\/verslun\/fatnadur\/naerfot-herra\/naerfoth\/mister-b-urban-amsterdam-brief-svartar\/","url":"https:\/\/amina.is\/verslun\/fatnadur\/naerfot-herra\/naerfoth\/mister-b-urban-amsterdam-brief-svartar\/","name":"Mister B - Urban Amsterdam Brief Svartar &#8211; Amina","isPartOf":{"@id":"https:\/\/amina.is\/#website"},"primaryImageOfPage":{"@id":"https:\/\/amina.is\/verslun\/fatnadur\/naerfot-herra\/naerfoth\/mister-b-urban-amsterdam-brief-svartar\/#primaryimage"},"image":{"@id":"https:\/\/amina.is\/verslun\/fatnadur\/naerfot-herra\/naerfoth\/mister-b-urban-amsterdam-brief-svartar\/#primaryimage"},"thumbnailUrl":"https:\/\/amina.is\/wp-content\/uploads\/2021\/12\/822440_mister-b-urban-amsterdam-brief-black_02_sf_3.jpg","datePublished":"2023-01-31T20:06:48+00:00","dateModified":"2023-03-01T19:55:26+00:00","description":"\u00d3tr\u00falega flottar n\u00e6rbuxur \u00far Urban \u00a0l\u00ednunni fr\u00e1 Mister B. Fullkomnar \u00ed n\u00e6rfata part\u00fdi\u00f0 e\u00f0a bara fyrir daglega notkun. Innra h\u00f3lf fyrir punginn og typpi\u00f0 sem \u00fdtir \u00f6llu \u00f6rl\u00edti\u00f0 fram. \u00de\u00e6r koma for\u00fevegnar og eiga \u00fev\u00ed ekki a\u00f0 skreppa saman vi\u00f0 \u00fevott.","breadcrumb":{"@id":"https:\/\/amina.is\/verslun\/fatnadur\/naerfot-herra\/naerfoth\/mister-b-urban-amsterdam-brief-svartar\/#breadcrumb"},"inLanguage":"en-US","potentialAction":[{"@type":"ReadAction","target":["https:\/\/amina.is\/verslun\/fatnadur\/naerfot-herra\/naerfoth\/mister-b-urban-amsterdam-brief-svartar\/"]}]},{"@type":"ImageObject","inLanguage":"en-US","@id":"https:\/\/amina.is\/verslun\/fatnadur\/naerfot-herra\/naerfoth\/mister-b-urban-amsterdam-brief-svartar\/#primaryimage","url":"https:\/\/amina.is\/wp-content\/uploads\/2021\/12\/822440_mister-b-urban-amsterdam-brief-black_02_sf_3.jpg","contentUrl":"https:\/\/amina.is\/wp-content\/uploads\/2021\/12\/822440_mister-b-urban-amsterdam-brief-black_02_sf_3.jpg","width":480,"height":640},{"@type":"BreadcrumbList","@id":"https:\/\/amina.is\/verslun\/fatnadur\/naerfot-herra\/naerfoth\/mister-b-urban-amsterdam-brief-svartar\/#breadcrumb","itemListElement":[{"@type":"ListItem","position":1,"name":"Home","item":"https:\/\/amina.is\/"},{"@type":"ListItem","position":2,"name":"Verslun","item":"https:\/\/amina.is\/verslun\/"},{"@type":"ListItem","position":3,"name":"Mister B &#8211; Urban Amsterdam Brief Svartar"}]},{"@type":"WebSite","@id":"https:\/\/amina.is\/#website","url":"https:\/\/amina.is\/","name":"Amina","description":"Feeling is everything - Una\u00f0sv\u00f6rur fyrir alla","publisher":{"@id":"https:\/\/amina.is\/#organization"},"potentialAction":[{"@type":"SearchAction","target":{"@type":"EntryPoint","urlTemplate":"https:\/\/amina.is\/?s={search_term_string}"},"query-input":{"@type":"PropertyValueSpecification","valueRequired":true,"valueName":"search_term_string"}}],"inLanguage":"en-US"},{"@type":"Organization","@id":"https:\/\/amina.is\/#organization","name":"Amina","url":"https:\/\/amina.is\/","logo":{"@type":"ImageObject","inLanguage":"en-US","@id":"https:\/\/amina.is\/#\/schema\/logo\/image\/","url":"https:\/\/amina.is\/wp-content\/uploads\/2021\/09\/logo.png","contentUrl":"https:\/\/amina.is\/wp-content\/uploads\/2021\/09\/logo.png","width":1790,"height":464,"caption":"Amina"},"image":{"@id":"https:\/\/amina.is\/#\/schema\/logo\/image\/"},"sameAs":["https:\/\/m.facebook.com\/AMINA-100767148840241\/","https:\/\/www.instagram.com\/aminaverslun\/"]}]}},"_links":{"self":[{"href":"https:\/\/amina.is\/en\/wp-json\/wp\/v2\/product\/10798","targetHints":{"allow":["GET"]}}],"collection":[{"href":"https:\/\/amina.is\/en\/wp-json\/wp\/v2\/product"}],"about":[{"href":"https:\/\/amina.is\/en\/wp-json\/wp\/v2\/types\/product"}],"version-history":[{"count":7,"href":"https:\/\/amina.is\/en\/wp-json\/wp\/v2\/product\/10798\/revisions"}],"predecessor-version":[{"id":10851,"href":"https:\/\/amina.is\/en\/wp-json\/wp\/v2\/product\/10798\/revisions\/10851"}],"wp:featuredmedia":[{"embeddable":true,"href":"https:\/\/amina.is\/en\/wp-json\/wp\/v2\/media\/10358"}],"wp:attachment":[{"href":"https:\/\/amina.is\/en\/wp-json\/wp\/v2\/media?parent=10798"}],"wp:term":[{"taxonomy":"product_brand","embeddable":true,"href":"https:\/\/amina.is\/en\/wp-json\/wp\/v2\/product_brand?post=10798"},{"taxonomy":"product_cat","embeddable":true,"href":"https:\/\/amina.is\/en\/wp-json\/wp\/v2\/product_cat?post=10798"},{"taxonomy":"product_tag","embeddable":true,"href":"https:\/\/amina.is\/en\/wp-json\/wp\/v2\/product_tag?post=10798"}],"curies":[{"name":"wp","href":"https:\/\/api.w.org\/{rel}","templated":true}]}}