{"id":10766,"date":"2023-01-31T19:04:43","date_gmt":"2023-01-31T19:04:43","guid":{"rendered":"https:\/\/amina.is\/?post_type=product&#038;p=10766"},"modified":"2023-03-01T19:56:39","modified_gmt":"2023-03-01T19:56:39","slug":"mister-b-neoprene-jock-brief-svartar","status":"publish","type":"product","link":"https:\/\/amina.is\/en\/verslun\/fatnadur\/naerfot-herra\/naerfoth\/mister-b-neoprene-jock-brief-svartar\/","title":{"rendered":"Mister B &#8211; Neoprene Jock Brief Svartar"},"content":{"rendered":"<h5>Handger\u00f0ar \u00e1 \u00cdtal\u00edu eftir str\u00f6ngum g\u00e6\u00f0akr\u00f6fum Mr B. \u00de\u00e6r eru ger\u00f0ar \u00far neoprene efni og liggja \u00fe\u00e9tt a\u00f0 l\u00edkamanum.<\/h5>\n<h5>A\u00f0eins hand\u00fevottur. Banna\u00f0 a\u00f0 setja \u00ed \u00feurrkara.<\/h5>","protected":false},"excerpt":{"rendered":"<p>Handger\u00f0ar \u00e1 \u00cdtal\u00edu eftir str\u00f6ngum g\u00e6\u00f0akr\u00f6fum Mr B.<\/p>","protected":false},"featured_media":10771,"template":"","meta":{"inline_featured_image":false},"product_brand":[],"product_cat":[36,196,41,903,340,344,889],"product_tag":[184,762,509,394,763,180,701],"class_list":{"0":"post-10766","1":"product","2":"type-product","3":"status-publish","4":"has-post-thumbnail","6":"product_cat-blaeti","7":"product_cat-fatnadur","8":"product_cat-fyrir-tha","9":"product_cat-grimurosvfrv","10":"product_cat-naerfot-herra","11":"product_cat-mr-b","12":"product_cat-naerfoth","13":"product_tag-briefs","14":"product_tag-jock-brief","15":"product_tag-mister-b","16":"product_tag-mr-b","17":"product_tag-naerbuxur","18":"product_tag-naerfot","19":"product_tag-neoprene","21":"first","22":"instock","23":"shipping-taxable","24":"purchasable","25":"product-type-variable"},"yoast_head":"<!-- This site is optimized with the Yoast SEO Premium plugin v21.6 (Yoast SEO v27.3) - https:\/\/yoast.com\/product\/yoast-seo-premium-wordpress\/ -->\n<title>Mister B - Neoprene Jock Brief Svartar &#8211; Amina<\/title>\n<meta name=\"description\" content=\"Handmade in Italy to our specifications, this Mister B Neoprene Jock Brief has a superb fit around your butt, accentuating your bulge and allowing for easy access, so: cover your front and give them your back.\" \/>\n<meta name=\"robots\" content=\"index, follow, max-snippet:-1, max-image-preview:large, max-video-preview:-1\" \/>\n<link rel=\"canonical\" href=\"https:\/\/amina.is\/en\/verslun\/fatnadur\/naerfot-herra\/naerfoth\/mister-b-neoprene-jock-brief-svartar\/\" \/>\n<meta property=\"og:locale\" content=\"en_US\" \/>\n<meta property=\"og:type\" content=\"article\" \/>\n<meta property=\"og:title\" content=\"Mister B - Neoprene Jock Brief Svartar\" \/>\n<meta property=\"og:description\" content=\"Handmade in Italy to our specifications, this Mister B Neoprene Jock Brief has a superb fit around your butt, accentuating your bulge and allowing for easy access, so: cover your front and give them your back.\" \/>\n<meta property=\"og:url\" content=\"https:\/\/amina.is\/en\/verslun\/fatnadur\/naerfot-herra\/naerfoth\/mister-b-neoprene-jock-brief-svartar\/\" \/>\n<meta property=\"og:site_name\" content=\"Amina\" \/>\n<meta property=\"article:publisher\" content=\"https:\/\/m.facebook.com\/AMINA-100767148840241\/\" \/>\n<meta property=\"article:modified_time\" content=\"2023-03-01T19:56:39+00:00\" \/>\n<meta property=\"og:image\" content=\"https:\/\/amina.is\/wp-content\/uploads\/2023\/01\/mister-b-neoprene-jock-brief-black-xs-340100-f_1.jpg\" \/>\n\t<meta property=\"og:image:width\" content=\"450\" \/>\n\t<meta property=\"og:image:height\" content=\"600\" \/>\n\t<meta property=\"og:image:type\" content=\"image\/jpeg\" \/>\n<meta name=\"twitter:card\" content=\"summary_large_image\" \/>\n<meta name=\"twitter:label1\" content=\"Est. reading time\" \/>\n\t<meta name=\"twitter:data1\" content=\"1 minute\" \/>\n<script type=\"application\/ld+json\" class=\"yoast-schema-graph\">{\"@context\":\"https:\\\/\\\/schema.org\",\"@graph\":[{\"@type\":\"WebPage\",\"@id\":\"https:\\\/\\\/amina.is\\\/verslun\\\/fatnadur\\\/naerfot-herra\\\/naerfoth\\\/mister-b-neoprene-jock-brief-svartar\\\/\",\"url\":\"https:\\\/\\\/amina.is\\\/verslun\\\/fatnadur\\\/naerfot-herra\\\/naerfoth\\\/mister-b-neoprene-jock-brief-svartar\\\/\",\"name\":\"Mister B - Neoprene Jock Brief Svartar &#8211; Amina\",\"isPartOf\":{\"@id\":\"https:\\\/\\\/amina.is\\\/#website\"},\"primaryImageOfPage\":{\"@id\":\"https:\\\/\\\/amina.is\\\/verslun\\\/fatnadur\\\/naerfot-herra\\\/naerfoth\\\/mister-b-neoprene-jock-brief-svartar\\\/#primaryimage\"},\"image\":{\"@id\":\"https:\\\/\\\/amina.is\\\/verslun\\\/fatnadur\\\/naerfot-herra\\\/naerfoth\\\/mister-b-neoprene-jock-brief-svartar\\\/#primaryimage\"},\"thumbnailUrl\":\"https:\\\/\\\/amina.is\\\/wp-content\\\/uploads\\\/2023\\\/01\\\/mister-b-neoprene-jock-brief-black-xs-340100-f_1.jpg\",\"datePublished\":\"2023-01-31T19:04:43+00:00\",\"dateModified\":\"2023-03-01T19:56:39+00:00\",\"description\":\"Handmade in Italy to our specifications, this Mister B Neoprene Jock Brief has a superb fit around your butt, accentuating your bulge and allowing for easy access, so: cover your front and give them your back.\",\"breadcrumb\":{\"@id\":\"https:\\\/\\\/amina.is\\\/verslun\\\/fatnadur\\\/naerfot-herra\\\/naerfoth\\\/mister-b-neoprene-jock-brief-svartar\\\/#breadcrumb\"},\"inLanguage\":\"en-US\",\"potentialAction\":[{\"@type\":\"ReadAction\",\"target\":[\"https:\\\/\\\/amina.is\\\/verslun\\\/fatnadur\\\/naerfot-herra\\\/naerfoth\\\/mister-b-neoprene-jock-brief-svartar\\\/\"]}]},{\"@type\":\"ImageObject\",\"inLanguage\":\"en-US\",\"@id\":\"https:\\\/\\\/amina.is\\\/verslun\\\/fatnadur\\\/naerfot-herra\\\/naerfoth\\\/mister-b-neoprene-jock-brief-svartar\\\/#primaryimage\",\"url\":\"https:\\\/\\\/amina.is\\\/wp-content\\\/uploads\\\/2023\\\/01\\\/mister-b-neoprene-jock-brief-black-xs-340100-f_1.jpg\",\"contentUrl\":\"https:\\\/\\\/amina.is\\\/wp-content\\\/uploads\\\/2023\\\/01\\\/mister-b-neoprene-jock-brief-black-xs-340100-f_1.jpg\",\"width\":450,\"height\":600},{\"@type\":\"BreadcrumbList\",\"@id\":\"https:\\\/\\\/amina.is\\\/verslun\\\/fatnadur\\\/naerfot-herra\\\/naerfoth\\\/mister-b-neoprene-jock-brief-svartar\\\/#breadcrumb\",\"itemListElement\":[{\"@type\":\"ListItem\",\"position\":1,\"name\":\"Home\",\"item\":\"https:\\\/\\\/amina.is\\\/\"},{\"@type\":\"ListItem\",\"position\":2,\"name\":\"Verslun\",\"item\":\"https:\\\/\\\/amina.is\\\/verslun\\\/\"},{\"@type\":\"ListItem\",\"position\":3,\"name\":\"Mister B &#8211; Neoprene Jock Brief Svartar\"}]},{\"@type\":\"WebSite\",\"@id\":\"https:\\\/\\\/amina.is\\\/#website\",\"url\":\"https:\\\/\\\/amina.is\\\/\",\"name\":\"Amina\",\"description\":\"Feeling is everything - Una\u00f0sv\u00f6rur fyrir alla\",\"publisher\":{\"@id\":\"https:\\\/\\\/amina.is\\\/#organization\"},\"potentialAction\":[{\"@type\":\"SearchAction\",\"target\":{\"@type\":\"EntryPoint\",\"urlTemplate\":\"https:\\\/\\\/amina.is\\\/?s={search_term_string}\"},\"query-input\":{\"@type\":\"PropertyValueSpecification\",\"valueRequired\":true,\"valueName\":\"search_term_string\"}}],\"inLanguage\":\"en-US\"},{\"@type\":\"Organization\",\"@id\":\"https:\\\/\\\/amina.is\\\/#organization\",\"name\":\"Amina\",\"url\":\"https:\\\/\\\/amina.is\\\/\",\"logo\":{\"@type\":\"ImageObject\",\"inLanguage\":\"en-US\",\"@id\":\"https:\\\/\\\/amina.is\\\/#\\\/schema\\\/logo\\\/image\\\/\",\"url\":\"https:\\\/\\\/amina.is\\\/wp-content\\\/uploads\\\/2021\\\/09\\\/logo.png\",\"contentUrl\":\"https:\\\/\\\/amina.is\\\/wp-content\\\/uploads\\\/2021\\\/09\\\/logo.png\",\"width\":1790,\"height\":464,\"caption\":\"Amina\"},\"image\":{\"@id\":\"https:\\\/\\\/amina.is\\\/#\\\/schema\\\/logo\\\/image\\\/\"},\"sameAs\":[\"https:\\\/\\\/m.facebook.com\\\/AMINA-100767148840241\\\/\",\"https:\\\/\\\/www.instagram.com\\\/aminaverslun\\\/\"]}]}<\/script>\n<!-- \/ Yoast SEO Premium plugin. -->","yoast_head_json":{"title":"Mister B - Neoprene Jock Brief Svartar &#8211; Amina","description":"Handmade in Italy to our specifications, this Mister B Neoprene Jock Brief has a superb fit around your butt, accentuating your bulge and allowing for easy access, so: cover your front and give them your back.","robots":{"index":"index","follow":"follow","max-snippet":"max-snippet:-1","max-image-preview":"max-image-preview:large","max-video-preview":"max-video-preview:-1"},"canonical":"https:\/\/amina.is\/en\/verslun\/fatnadur\/naerfot-herra\/naerfoth\/mister-b-neoprene-jock-brief-svartar\/","og_locale":"en_US","og_type":"article","og_title":"Mister B - Neoprene Jock Brief Svartar","og_description":"Handmade in Italy to our specifications, this Mister B Neoprene Jock Brief has a superb fit around your butt, accentuating your bulge and allowing for easy access, so: cover your front and give them your back.","og_url":"https:\/\/amina.is\/en\/verslun\/fatnadur\/naerfot-herra\/naerfoth\/mister-b-neoprene-jock-brief-svartar\/","og_site_name":"Amina","article_publisher":"https:\/\/m.facebook.com\/AMINA-100767148840241\/","article_modified_time":"2023-03-01T19:56:39+00:00","og_image":[{"width":450,"height":600,"url":"https:\/\/amina.is\/wp-content\/uploads\/2023\/01\/mister-b-neoprene-jock-brief-black-xs-340100-f_1.jpg","type":"image\/jpeg"}],"twitter_card":"summary_large_image","twitter_misc":{"Est. reading time":"1 minute"},"schema":{"@context":"https:\/\/schema.org","@graph":[{"@type":"WebPage","@id":"https:\/\/amina.is\/verslun\/fatnadur\/naerfot-herra\/naerfoth\/mister-b-neoprene-jock-brief-svartar\/","url":"https:\/\/amina.is\/verslun\/fatnadur\/naerfot-herra\/naerfoth\/mister-b-neoprene-jock-brief-svartar\/","name":"Mister B - Neoprene Jock Brief Svartar &#8211; Amina","isPartOf":{"@id":"https:\/\/amina.is\/#website"},"primaryImageOfPage":{"@id":"https:\/\/amina.is\/verslun\/fatnadur\/naerfot-herra\/naerfoth\/mister-b-neoprene-jock-brief-svartar\/#primaryimage"},"image":{"@id":"https:\/\/amina.is\/verslun\/fatnadur\/naerfot-herra\/naerfoth\/mister-b-neoprene-jock-brief-svartar\/#primaryimage"},"thumbnailUrl":"https:\/\/amina.is\/wp-content\/uploads\/2023\/01\/mister-b-neoprene-jock-brief-black-xs-340100-f_1.jpg","datePublished":"2023-01-31T19:04:43+00:00","dateModified":"2023-03-01T19:56:39+00:00","description":"Handmade in Italy to our specifications, this Mister B Neoprene Jock Brief has a superb fit around your butt, accentuating your bulge and allowing for easy access, so: cover your front and give them your back.","breadcrumb":{"@id":"https:\/\/amina.is\/verslun\/fatnadur\/naerfot-herra\/naerfoth\/mister-b-neoprene-jock-brief-svartar\/#breadcrumb"},"inLanguage":"en-US","potentialAction":[{"@type":"ReadAction","target":["https:\/\/amina.is\/verslun\/fatnadur\/naerfot-herra\/naerfoth\/mister-b-neoprene-jock-brief-svartar\/"]}]},{"@type":"ImageObject","inLanguage":"en-US","@id":"https:\/\/amina.is\/verslun\/fatnadur\/naerfot-herra\/naerfoth\/mister-b-neoprene-jock-brief-svartar\/#primaryimage","url":"https:\/\/amina.is\/wp-content\/uploads\/2023\/01\/mister-b-neoprene-jock-brief-black-xs-340100-f_1.jpg","contentUrl":"https:\/\/amina.is\/wp-content\/uploads\/2023\/01\/mister-b-neoprene-jock-brief-black-xs-340100-f_1.jpg","width":450,"height":600},{"@type":"BreadcrumbList","@id":"https:\/\/amina.is\/verslun\/fatnadur\/naerfot-herra\/naerfoth\/mister-b-neoprene-jock-brief-svartar\/#breadcrumb","itemListElement":[{"@type":"ListItem","position":1,"name":"Home","item":"https:\/\/amina.is\/"},{"@type":"ListItem","position":2,"name":"Verslun","item":"https:\/\/amina.is\/verslun\/"},{"@type":"ListItem","position":3,"name":"Mister B &#8211; Neoprene Jock Brief Svartar"}]},{"@type":"WebSite","@id":"https:\/\/amina.is\/#website","url":"https:\/\/amina.is\/","name":"Amina","description":"Feeling is everything - Una\u00f0sv\u00f6rur fyrir alla","publisher":{"@id":"https:\/\/amina.is\/#organization"},"potentialAction":[{"@type":"SearchAction","target":{"@type":"EntryPoint","urlTemplate":"https:\/\/amina.is\/?s={search_term_string}"},"query-input":{"@type":"PropertyValueSpecification","valueRequired":true,"valueName":"search_term_string"}}],"inLanguage":"en-US"},{"@type":"Organization","@id":"https:\/\/amina.is\/#organization","name":"Amina","url":"https:\/\/amina.is\/","logo":{"@type":"ImageObject","inLanguage":"en-US","@id":"https:\/\/amina.is\/#\/schema\/logo\/image\/","url":"https:\/\/amina.is\/wp-content\/uploads\/2021\/09\/logo.png","contentUrl":"https:\/\/amina.is\/wp-content\/uploads\/2021\/09\/logo.png","width":1790,"height":464,"caption":"Amina"},"image":{"@id":"https:\/\/amina.is\/#\/schema\/logo\/image\/"},"sameAs":["https:\/\/m.facebook.com\/AMINA-100767148840241\/","https:\/\/www.instagram.com\/aminaverslun\/"]}]}},"_links":{"self":[{"href":"https:\/\/amina.is\/en\/wp-json\/wp\/v2\/product\/10766","targetHints":{"allow":["GET"]}}],"collection":[{"href":"https:\/\/amina.is\/en\/wp-json\/wp\/v2\/product"}],"about":[{"href":"https:\/\/amina.is\/en\/wp-json\/wp\/v2\/types\/product"}],"version-history":[{"count":6,"href":"https:\/\/amina.is\/en\/wp-json\/wp\/v2\/product\/10766\/revisions"}],"predecessor-version":[{"id":10856,"href":"https:\/\/amina.is\/en\/wp-json\/wp\/v2\/product\/10766\/revisions\/10856"}],"wp:featuredmedia":[{"embeddable":true,"href":"https:\/\/amina.is\/en\/wp-json\/wp\/v2\/media\/10771"}],"wp:attachment":[{"href":"https:\/\/amina.is\/en\/wp-json\/wp\/v2\/media?parent=10766"}],"wp:term":[{"taxonomy":"product_brand","embeddable":true,"href":"https:\/\/amina.is\/en\/wp-json\/wp\/v2\/product_brand?post=10766"},{"taxonomy":"product_cat","embeddable":true,"href":"https:\/\/amina.is\/en\/wp-json\/wp\/v2\/product_cat?post=10766"},{"taxonomy":"product_tag","embeddable":true,"href":"https:\/\/amina.is\/en\/wp-json\/wp\/v2\/product_tag?post=10766"}],"curies":[{"name":"wp","href":"https:\/\/api.w.org\/{rel}","templated":true}]}}