{"id":10342,"date":"2021-12-06T17:49:01","date_gmt":"2021-12-06T17:49:01","guid":{"rendered":"https:\/\/amina.is\/?post_type=product&#038;p=10342"},"modified":"2023-03-01T19:58:06","modified_gmt":"2023-03-01T19:58:06","slug":"mr-b-leather-jockstrap-two-bands-blue-medium","status":"publish","type":"product","link":"https:\/\/amina.is\/en\/verslun\/fatnadur\/naerfot-herra\/naerfoth\/mr-b-leather-jockstrap-two-bands-blue-medium\/","title":{"rendered":"Mister B &#8211; Leather Jockstrap Two Bands Blue &#8211; Medium"},"content":{"rendered":"<div class=\"description\">\n<p>Flottur Jockstrap \u00far ekta le\u00f0ri fr\u00e1 Mister B. \u00a0A\u00f0eins f\u00e1anlegur \u00ed Medium. (Mitti\u00a076-81cm)<\/p>\n<p>ENGLISH<\/p>\n<p>The Mr B Leather Jockstrap Two Bands is the premium jockstrap from Mister B that looks equally great around either your waist or ankles! Featuring the renowned Mr. B logo on the black waistband and a comfortable leather pouch. Only available in medium. (Waist 30-32inc\/76-81cm)<\/p>\n<\/div>","protected":false},"excerpt":{"rendered":"<h5>Flottur Jockstrap \u00far ekta le\u00f0ri fr\u00e1 Mister B.<\/h5>\n<p>&nbsp;<\/p>\n<p>&nbsp;<\/p>","protected":false},"featured_media":10346,"template":"","meta":{"inline_featured_image":false},"product_brand":[],"product_cat":[36,196,41,903,340,344,889],"product_tag":[179,374,483,509,394,763,180,755],"class_list":{"0":"post-10342","1":"product","2":"type-product","3":"status-publish","4":"has-post-thumbnail","6":"product_cat-blaeti","7":"product_cat-fatnadur","8":"product_cat-fyrir-tha","9":"product_cat-grimurosvfrv","10":"product_cat-naerfot-herra","11":"product_cat-mr-b","12":"product_cat-naerfoth","13":"product_tag-jockstrap","14":"product_tag-leather","15":"product_tag-ledur","16":"product_tag-mister-b","17":"product_tag-mr-b","18":"product_tag-naerbuxur","19":"product_tag-naerfot","20":"product_tag-underwear","22":"first","23":"instock","24":"shipping-taxable","25":"purchasable","26":"product-type-simple"},"yoast_head":"<!-- This site is optimized with the Yoast SEO Premium plugin v21.6 (Yoast SEO v27.3) - https:\/\/yoast.com\/product\/yoast-seo-premium-wordpress\/ -->\n<title>Mister B - Leather Jockstrap Two Bands Blue - Medium &#8211; Amina<\/title>\n<meta name=\"robots\" content=\"index, follow, max-snippet:-1, max-image-preview:large, max-video-preview:-1\" \/>\n<link rel=\"canonical\" href=\"https:\/\/amina.is\/en\/verslun\/fatnadur\/naerfot-herra\/naerfoth\/mr-b-leather-jockstrap-two-bands-blue-medium\/\" \/>\n<meta property=\"og:locale\" content=\"en_US\" \/>\n<meta property=\"og:type\" content=\"article\" \/>\n<meta property=\"og:title\" content=\"Mister B - Leather Jockstrap Two Bands Blue - Medium\" \/>\n<meta property=\"og:description\" content=\"Flottur Jockstrap \u00far ekta le\u00f0ri fr\u00e1 Mister B. &nbsp;  &nbsp;\" \/>\n<meta property=\"og:url\" content=\"https:\/\/amina.is\/en\/verslun\/fatnadur\/naerfot-herra\/naerfoth\/mr-b-leather-jockstrap-two-bands-blue-medium\/\" \/>\n<meta property=\"og:site_name\" content=\"Amina\" \/>\n<meta property=\"article:publisher\" content=\"https:\/\/m.facebook.com\/AMINA-100767148840241\/\" \/>\n<meta property=\"article:modified_time\" content=\"2023-03-01T19:58:06+00:00\" \/>\n<meta property=\"og:image\" content=\"https:\/\/amina.is\/wp-content\/uploads\/2021\/12\/mr-b-leather-jockstrap-blue-main.jpg.webp\" \/>\n\t<meta property=\"og:image:width\" content=\"800\" \/>\n\t<meta property=\"og:image:height\" content=\"800\" \/>\n\t<meta property=\"og:image:type\" content=\"image\/webp\" \/>\n<meta name=\"twitter:card\" content=\"summary_large_image\" \/>\n<meta name=\"twitter:label1\" content=\"Est. reading time\" \/>\n\t<meta name=\"twitter:data1\" content=\"1 minute\" \/>\n<script type=\"application\/ld+json\" class=\"yoast-schema-graph\">{\"@context\":\"https:\\\/\\\/schema.org\",\"@graph\":[{\"@type\":\"WebPage\",\"@id\":\"https:\\\/\\\/amina.is\\\/verslun\\\/fatnadur\\\/naerfot-herra\\\/naerfoth\\\/mr-b-leather-jockstrap-two-bands-blue-medium\\\/\",\"url\":\"https:\\\/\\\/amina.is\\\/verslun\\\/fatnadur\\\/naerfot-herra\\\/naerfoth\\\/mr-b-leather-jockstrap-two-bands-blue-medium\\\/\",\"name\":\"Mister B - Leather Jockstrap Two Bands Blue - Medium &#8211; Amina\",\"isPartOf\":{\"@id\":\"https:\\\/\\\/amina.is\\\/#website\"},\"primaryImageOfPage\":{\"@id\":\"https:\\\/\\\/amina.is\\\/verslun\\\/fatnadur\\\/naerfot-herra\\\/naerfoth\\\/mr-b-leather-jockstrap-two-bands-blue-medium\\\/#primaryimage\"},\"image\":{\"@id\":\"https:\\\/\\\/amina.is\\\/verslun\\\/fatnadur\\\/naerfot-herra\\\/naerfoth\\\/mr-b-leather-jockstrap-two-bands-blue-medium\\\/#primaryimage\"},\"thumbnailUrl\":\"https:\\\/\\\/amina.is\\\/wp-content\\\/uploads\\\/2021\\\/12\\\/mr-b-leather-jockstrap-blue-main.jpg.webp\",\"datePublished\":\"2021-12-06T17:49:01+00:00\",\"dateModified\":\"2023-03-01T19:58:06+00:00\",\"breadcrumb\":{\"@id\":\"https:\\\/\\\/amina.is\\\/verslun\\\/fatnadur\\\/naerfot-herra\\\/naerfoth\\\/mr-b-leather-jockstrap-two-bands-blue-medium\\\/#breadcrumb\"},\"inLanguage\":\"en-US\",\"potentialAction\":[{\"@type\":\"ReadAction\",\"target\":[\"https:\\\/\\\/amina.is\\\/verslun\\\/fatnadur\\\/naerfot-herra\\\/naerfoth\\\/mr-b-leather-jockstrap-two-bands-blue-medium\\\/\"]}]},{\"@type\":\"ImageObject\",\"inLanguage\":\"en-US\",\"@id\":\"https:\\\/\\\/amina.is\\\/verslun\\\/fatnadur\\\/naerfot-herra\\\/naerfoth\\\/mr-b-leather-jockstrap-two-bands-blue-medium\\\/#primaryimage\",\"url\":\"https:\\\/\\\/amina.is\\\/wp-content\\\/uploads\\\/2021\\\/12\\\/mr-b-leather-jockstrap-blue-main.jpg.webp\",\"contentUrl\":\"https:\\\/\\\/amina.is\\\/wp-content\\\/uploads\\\/2021\\\/12\\\/mr-b-leather-jockstrap-blue-main.jpg.webp\",\"width\":800,\"height\":800},{\"@type\":\"BreadcrumbList\",\"@id\":\"https:\\\/\\\/amina.is\\\/verslun\\\/fatnadur\\\/naerfot-herra\\\/naerfoth\\\/mr-b-leather-jockstrap-two-bands-blue-medium\\\/#breadcrumb\",\"itemListElement\":[{\"@type\":\"ListItem\",\"position\":1,\"name\":\"Home\",\"item\":\"https:\\\/\\\/amina.is\\\/\"},{\"@type\":\"ListItem\",\"position\":2,\"name\":\"Verslun\",\"item\":\"https:\\\/\\\/amina.is\\\/verslun\\\/\"},{\"@type\":\"ListItem\",\"position\":3,\"name\":\"Mister B &#8211; Leather Jockstrap Two Bands Blue &#8211; Medium\"}]},{\"@type\":\"WebSite\",\"@id\":\"https:\\\/\\\/amina.is\\\/#website\",\"url\":\"https:\\\/\\\/amina.is\\\/\",\"name\":\"Amina\",\"description\":\"Feeling is everything - Una\u00f0sv\u00f6rur fyrir alla\",\"publisher\":{\"@id\":\"https:\\\/\\\/amina.is\\\/#organization\"},\"potentialAction\":[{\"@type\":\"SearchAction\",\"target\":{\"@type\":\"EntryPoint\",\"urlTemplate\":\"https:\\\/\\\/amina.is\\\/?s={search_term_string}\"},\"query-input\":{\"@type\":\"PropertyValueSpecification\",\"valueRequired\":true,\"valueName\":\"search_term_string\"}}],\"inLanguage\":\"en-US\"},{\"@type\":\"Organization\",\"@id\":\"https:\\\/\\\/amina.is\\\/#organization\",\"name\":\"Amina\",\"url\":\"https:\\\/\\\/amina.is\\\/\",\"logo\":{\"@type\":\"ImageObject\",\"inLanguage\":\"en-US\",\"@id\":\"https:\\\/\\\/amina.is\\\/#\\\/schema\\\/logo\\\/image\\\/\",\"url\":\"https:\\\/\\\/amina.is\\\/wp-content\\\/uploads\\\/2021\\\/09\\\/logo.png\",\"contentUrl\":\"https:\\\/\\\/amina.is\\\/wp-content\\\/uploads\\\/2021\\\/09\\\/logo.png\",\"width\":1790,\"height\":464,\"caption\":\"Amina\"},\"image\":{\"@id\":\"https:\\\/\\\/amina.is\\\/#\\\/schema\\\/logo\\\/image\\\/\"},\"sameAs\":[\"https:\\\/\\\/m.facebook.com\\\/AMINA-100767148840241\\\/\",\"https:\\\/\\\/www.instagram.com\\\/aminaverslun\\\/\"]}]}<\/script>\n<!-- \/ Yoast SEO Premium plugin. -->","yoast_head_json":{"title":"Mister B - Leather Jockstrap Two Bands Blue - Medium &#8211; Amina","robots":{"index":"index","follow":"follow","max-snippet":"max-snippet:-1","max-image-preview":"max-image-preview:large","max-video-preview":"max-video-preview:-1"},"canonical":"https:\/\/amina.is\/en\/verslun\/fatnadur\/naerfot-herra\/naerfoth\/mr-b-leather-jockstrap-two-bands-blue-medium\/","og_locale":"en_US","og_type":"article","og_title":"Mister B - Leather Jockstrap Two Bands Blue - Medium","og_description":"Flottur Jockstrap \u00far ekta le\u00f0ri fr\u00e1 Mister B. &nbsp;  &nbsp;","og_url":"https:\/\/amina.is\/en\/verslun\/fatnadur\/naerfot-herra\/naerfoth\/mr-b-leather-jockstrap-two-bands-blue-medium\/","og_site_name":"Amina","article_publisher":"https:\/\/m.facebook.com\/AMINA-100767148840241\/","article_modified_time":"2023-03-01T19:58:06+00:00","og_image":[{"width":800,"height":800,"url":"https:\/\/amina.is\/wp-content\/uploads\/2021\/12\/mr-b-leather-jockstrap-blue-main.jpg.webp","type":"image\/webp"}],"twitter_card":"summary_large_image","twitter_misc":{"Est. reading time":"1 minute"},"schema":{"@context":"https:\/\/schema.org","@graph":[{"@type":"WebPage","@id":"https:\/\/amina.is\/verslun\/fatnadur\/naerfot-herra\/naerfoth\/mr-b-leather-jockstrap-two-bands-blue-medium\/","url":"https:\/\/amina.is\/verslun\/fatnadur\/naerfot-herra\/naerfoth\/mr-b-leather-jockstrap-two-bands-blue-medium\/","name":"Mister B - Leather Jockstrap Two Bands Blue - Medium &#8211; Amina","isPartOf":{"@id":"https:\/\/amina.is\/#website"},"primaryImageOfPage":{"@id":"https:\/\/amina.is\/verslun\/fatnadur\/naerfot-herra\/naerfoth\/mr-b-leather-jockstrap-two-bands-blue-medium\/#primaryimage"},"image":{"@id":"https:\/\/amina.is\/verslun\/fatnadur\/naerfot-herra\/naerfoth\/mr-b-leather-jockstrap-two-bands-blue-medium\/#primaryimage"},"thumbnailUrl":"https:\/\/amina.is\/wp-content\/uploads\/2021\/12\/mr-b-leather-jockstrap-blue-main.jpg.webp","datePublished":"2021-12-06T17:49:01+00:00","dateModified":"2023-03-01T19:58:06+00:00","breadcrumb":{"@id":"https:\/\/amina.is\/verslun\/fatnadur\/naerfot-herra\/naerfoth\/mr-b-leather-jockstrap-two-bands-blue-medium\/#breadcrumb"},"inLanguage":"en-US","potentialAction":[{"@type":"ReadAction","target":["https:\/\/amina.is\/verslun\/fatnadur\/naerfot-herra\/naerfoth\/mr-b-leather-jockstrap-two-bands-blue-medium\/"]}]},{"@type":"ImageObject","inLanguage":"en-US","@id":"https:\/\/amina.is\/verslun\/fatnadur\/naerfot-herra\/naerfoth\/mr-b-leather-jockstrap-two-bands-blue-medium\/#primaryimage","url":"https:\/\/amina.is\/wp-content\/uploads\/2021\/12\/mr-b-leather-jockstrap-blue-main.jpg.webp","contentUrl":"https:\/\/amina.is\/wp-content\/uploads\/2021\/12\/mr-b-leather-jockstrap-blue-main.jpg.webp","width":800,"height":800},{"@type":"BreadcrumbList","@id":"https:\/\/amina.is\/verslun\/fatnadur\/naerfot-herra\/naerfoth\/mr-b-leather-jockstrap-two-bands-blue-medium\/#breadcrumb","itemListElement":[{"@type":"ListItem","position":1,"name":"Home","item":"https:\/\/amina.is\/"},{"@type":"ListItem","position":2,"name":"Verslun","item":"https:\/\/amina.is\/verslun\/"},{"@type":"ListItem","position":3,"name":"Mister B &#8211; Leather Jockstrap Two Bands Blue &#8211; Medium"}]},{"@type":"WebSite","@id":"https:\/\/amina.is\/#website","url":"https:\/\/amina.is\/","name":"Amina","description":"Feeling is everything - Una\u00f0sv\u00f6rur fyrir alla","publisher":{"@id":"https:\/\/amina.is\/#organization"},"potentialAction":[{"@type":"SearchAction","target":{"@type":"EntryPoint","urlTemplate":"https:\/\/amina.is\/?s={search_term_string}"},"query-input":{"@type":"PropertyValueSpecification","valueRequired":true,"valueName":"search_term_string"}}],"inLanguage":"en-US"},{"@type":"Organization","@id":"https:\/\/amina.is\/#organization","name":"Amina","url":"https:\/\/amina.is\/","logo":{"@type":"ImageObject","inLanguage":"en-US","@id":"https:\/\/amina.is\/#\/schema\/logo\/image\/","url":"https:\/\/amina.is\/wp-content\/uploads\/2021\/09\/logo.png","contentUrl":"https:\/\/amina.is\/wp-content\/uploads\/2021\/09\/logo.png","width":1790,"height":464,"caption":"Amina"},"image":{"@id":"https:\/\/amina.is\/#\/schema\/logo\/image\/"},"sameAs":["https:\/\/m.facebook.com\/AMINA-100767148840241\/","https:\/\/www.instagram.com\/aminaverslun\/"]}]}},"_links":{"self":[{"href":"https:\/\/amina.is\/en\/wp-json\/wp\/v2\/product\/10342","targetHints":{"allow":["GET"]}}],"collection":[{"href":"https:\/\/amina.is\/en\/wp-json\/wp\/v2\/product"}],"about":[{"href":"https:\/\/amina.is\/en\/wp-json\/wp\/v2\/types\/product"}],"version-history":[{"count":4,"href":"https:\/\/amina.is\/en\/wp-json\/wp\/v2\/product\/10342\/revisions"}],"predecessor-version":[{"id":11036,"href":"https:\/\/amina.is\/en\/wp-json\/wp\/v2\/product\/10342\/revisions\/11036"}],"wp:featuredmedia":[{"embeddable":true,"href":"https:\/\/amina.is\/en\/wp-json\/wp\/v2\/media\/10346"}],"wp:attachment":[{"href":"https:\/\/amina.is\/en\/wp-json\/wp\/v2\/media?parent=10342"}],"wp:term":[{"taxonomy":"product_brand","embeddable":true,"href":"https:\/\/amina.is\/en\/wp-json\/wp\/v2\/product_brand?post=10342"},{"taxonomy":"product_cat","embeddable":true,"href":"https:\/\/amina.is\/en\/wp-json\/wp\/v2\/product_cat?post=10342"},{"taxonomy":"product_tag","embeddable":true,"href":"https:\/\/amina.is\/en\/wp-json\/wp\/v2\/product_tag?post=10342"}],"curies":[{"name":"wp","href":"https:\/\/api.w.org\/{rel}","templated":true}]}}