{"id":10330,"date":"2021-12-06T16:29:12","date_gmt":"2021-12-06T16:29:12","guid":{"rendered":"https:\/\/amina.is\/?post_type=product&#038;p=10330"},"modified":"2023-03-01T19:58:20","modified_gmt":"2023-03-01T19:58:20","slug":"mister-b-urban-bronx-brief-blue-black","status":"publish","type":"product","link":"https:\/\/amina.is\/en\/verslun\/fatnadur\/naerfot-herra\/naerfoth\/mister-b-urban-bronx-brief-blue-black\/","title":{"rendered":"Mister B &#8211; URBAN Bronx Brief Svart\/Bl\u00e1tt"},"content":{"rendered":"<h5>\u00d3tr\u00falega flottar n\u00e6rbuxur \u00far URBAN l\u00ednunni fr\u00e1 Mister B. Fullkomnar \u00ed n\u00e6rfata part\u00fdi\u00f0 e\u00f0a bara fyrir daglega notkun. Innra h\u00f3lf fyrir punginn og typpi\u00f0 sem \u00fdtir \u00f6llu \u00f6rl\u00edti\u00f0 fram. \u00de\u00e6r koma for\u00fevegnar og eiga \u00fev\u00ed ekki a\u00f0 skreppa saman vi\u00f0 \u00fevott. Til \u00ed Medium (mitti 76-81cm) og Large (mitti 81-86cm)<\/h5>","protected":false},"excerpt":{"rendered":"<p>\u00d3tr\u00falega flottar n\u00e6rbuxur \u00far URBAN l\u00ednunni fr\u00e1 Mister B.<\/p>","protected":false},"featured_media":10339,"template":"","meta":{"inline_featured_image":false},"product_brand":[],"product_cat":[196,41,340,344,889],"product_tag":[184,509,394,763,180,754],"class_list":{"0":"post-10330","1":"product","2":"type-product","3":"status-publish","4":"has-post-thumbnail","6":"product_cat-fatnadur","7":"product_cat-fyrir-tha","8":"product_cat-naerfot-herra","9":"product_cat-mr-b","10":"product_cat-naerfoth","11":"product_tag-briefs","12":"product_tag-mister-b","13":"product_tag-mr-b","14":"product_tag-naerbuxur","15":"product_tag-naerfot","16":"product_tag-urban-bronx-brief","18":"first","19":"instock","20":"shipping-taxable","21":"purchasable","22":"product-type-variable"},"yoast_head":"<!-- This site is optimized with the Yoast SEO Premium plugin v21.6 (Yoast SEO v27.4) - https:\/\/yoast.com\/product\/yoast-seo-premium-wordpress\/ -->\n<title>Mister B - URBAN Bronx Brief Svart\/Bl\u00e1tt &#8211; Amina<\/title>\n<meta name=\"description\" content=\"&quot;These super sexy Mister B Bronx Briefs are part of the Mister B URBAN Collection, which consists of sexy party- and swimwear we\u2019re currently developing. Made of 95% cotton with 5% elastane for elasticity, these briefs have a superb fit and are very comfortable to wear on an everyday basis or to an underwear party.\" \/>\n<meta name=\"robots\" content=\"index, follow, max-snippet:-1, max-image-preview:large, max-video-preview:-1\" \/>\n<link rel=\"canonical\" href=\"https:\/\/amina.is\/en\/verslun\/fatnadur\/naerfot-herra\/naerfoth\/mister-b-urban-bronx-brief-blue-black\/\" \/>\n<meta property=\"og:locale\" content=\"en_US\" \/>\n<meta property=\"og:type\" content=\"article\" \/>\n<meta property=\"og:title\" content=\"Mister B - URBAN Bronx Brief Svart\/Bl\u00e1tt\" \/>\n<meta property=\"og:description\" content=\"&quot;These super sexy Mister B Bronx Briefs are part of the Mister B URBAN Collection, which consists of sexy party- and swimwear we\u2019re currently developing. Made of 95% cotton with 5% elastane for elasticity, these briefs have a superb fit and are very comfortable to wear on an everyday basis or to an underwear party.\" \/>\n<meta property=\"og:url\" content=\"https:\/\/amina.is\/en\/verslun\/fatnadur\/naerfot-herra\/naerfoth\/mister-b-urban-bronx-brief-blue-black\/\" \/>\n<meta property=\"og:site_name\" content=\"Amina\" \/>\n<meta property=\"article:publisher\" content=\"https:\/\/m.facebook.com\/AMINA-100767148840241\/\" \/>\n<meta property=\"article:modified_time\" content=\"2023-03-01T19:58:20+00:00\" \/>\n<meta property=\"og:image\" content=\"https:\/\/amina.is\/wp-content\/uploads\/2021\/12\/mister-b-urban-bronx-brief-blue-white-s-820410-f_1.jpg\" \/>\n\t<meta property=\"og:image:width\" content=\"450\" \/>\n\t<meta property=\"og:image:height\" content=\"600\" \/>\n\t<meta property=\"og:image:type\" content=\"image\/jpeg\" \/>\n<meta name=\"twitter:card\" content=\"summary_large_image\" \/>\n<meta name=\"twitter:label1\" content=\"Est. reading time\" \/>\n\t<meta name=\"twitter:data1\" content=\"1 minute\" \/>\n<script type=\"application\/ld+json\" class=\"yoast-schema-graph\">{\"@context\":\"https:\\\/\\\/schema.org\",\"@graph\":[{\"@type\":\"WebPage\",\"@id\":\"https:\\\/\\\/amina.is\\\/verslun\\\/fatnadur\\\/naerfot-herra\\\/naerfoth\\\/mister-b-urban-bronx-brief-blue-black\\\/\",\"url\":\"https:\\\/\\\/amina.is\\\/verslun\\\/fatnadur\\\/naerfot-herra\\\/naerfoth\\\/mister-b-urban-bronx-brief-blue-black\\\/\",\"name\":\"Mister B - URBAN Bronx Brief Svart\\\/Bl\u00e1tt &#8211; Amina\",\"isPartOf\":{\"@id\":\"https:\\\/\\\/amina.is\\\/#website\"},\"primaryImageOfPage\":{\"@id\":\"https:\\\/\\\/amina.is\\\/verslun\\\/fatnadur\\\/naerfot-herra\\\/naerfoth\\\/mister-b-urban-bronx-brief-blue-black\\\/#primaryimage\"},\"image\":{\"@id\":\"https:\\\/\\\/amina.is\\\/verslun\\\/fatnadur\\\/naerfot-herra\\\/naerfoth\\\/mister-b-urban-bronx-brief-blue-black\\\/#primaryimage\"},\"thumbnailUrl\":\"https:\\\/\\\/amina.is\\\/wp-content\\\/uploads\\\/2021\\\/12\\\/mister-b-urban-bronx-brief-blue-white-s-820410-f_1.jpg\",\"datePublished\":\"2021-12-06T16:29:12+00:00\",\"dateModified\":\"2023-03-01T19:58:20+00:00\",\"description\":\"\\\"These super sexy Mister B Bronx Briefs are part of the Mister B URBAN Collection, which consists of sexy party- and swimwear we\u2019re currently developing. Made of 95% cotton with 5% elastane for elasticity, these briefs have a superb fit and are very comfortable to wear on an everyday basis or to an underwear party.\",\"breadcrumb\":{\"@id\":\"https:\\\/\\\/amina.is\\\/verslun\\\/fatnadur\\\/naerfot-herra\\\/naerfoth\\\/mister-b-urban-bronx-brief-blue-black\\\/#breadcrumb\"},\"inLanguage\":\"en-US\",\"potentialAction\":[{\"@type\":\"ReadAction\",\"target\":[\"https:\\\/\\\/amina.is\\\/verslun\\\/fatnadur\\\/naerfot-herra\\\/naerfoth\\\/mister-b-urban-bronx-brief-blue-black\\\/\"]}]},{\"@type\":\"ImageObject\",\"inLanguage\":\"en-US\",\"@id\":\"https:\\\/\\\/amina.is\\\/verslun\\\/fatnadur\\\/naerfot-herra\\\/naerfoth\\\/mister-b-urban-bronx-brief-blue-black\\\/#primaryimage\",\"url\":\"https:\\\/\\\/amina.is\\\/wp-content\\\/uploads\\\/2021\\\/12\\\/mister-b-urban-bronx-brief-blue-white-s-820410-f_1.jpg\",\"contentUrl\":\"https:\\\/\\\/amina.is\\\/wp-content\\\/uploads\\\/2021\\\/12\\\/mister-b-urban-bronx-brief-blue-white-s-820410-f_1.jpg\",\"width\":450,\"height\":600},{\"@type\":\"BreadcrumbList\",\"@id\":\"https:\\\/\\\/amina.is\\\/verslun\\\/fatnadur\\\/naerfot-herra\\\/naerfoth\\\/mister-b-urban-bronx-brief-blue-black\\\/#breadcrumb\",\"itemListElement\":[{\"@type\":\"ListItem\",\"position\":1,\"name\":\"Home\",\"item\":\"https:\\\/\\\/amina.is\\\/\"},{\"@type\":\"ListItem\",\"position\":2,\"name\":\"Verslun\",\"item\":\"https:\\\/\\\/amina.is\\\/verslun\\\/\"},{\"@type\":\"ListItem\",\"position\":3,\"name\":\"Mister B &#8211; URBAN Bronx Brief Svart\\\/Bl\u00e1tt\"}]},{\"@type\":\"WebSite\",\"@id\":\"https:\\\/\\\/amina.is\\\/#website\",\"url\":\"https:\\\/\\\/amina.is\\\/\",\"name\":\"Amina\",\"description\":\"Feeling is everything - Una\u00f0sv\u00f6rur fyrir alla\",\"publisher\":{\"@id\":\"https:\\\/\\\/amina.is\\\/#organization\"},\"potentialAction\":[{\"@type\":\"SearchAction\",\"target\":{\"@type\":\"EntryPoint\",\"urlTemplate\":\"https:\\\/\\\/amina.is\\\/?s={search_term_string}\"},\"query-input\":{\"@type\":\"PropertyValueSpecification\",\"valueRequired\":true,\"valueName\":\"search_term_string\"}}],\"inLanguage\":\"en-US\"},{\"@type\":\"Organization\",\"@id\":\"https:\\\/\\\/amina.is\\\/#organization\",\"name\":\"Amina\",\"url\":\"https:\\\/\\\/amina.is\\\/\",\"logo\":{\"@type\":\"ImageObject\",\"inLanguage\":\"en-US\",\"@id\":\"https:\\\/\\\/amina.is\\\/#\\\/schema\\\/logo\\\/image\\\/\",\"url\":\"https:\\\/\\\/amina.is\\\/wp-content\\\/uploads\\\/2021\\\/09\\\/logo.png\",\"contentUrl\":\"https:\\\/\\\/amina.is\\\/wp-content\\\/uploads\\\/2021\\\/09\\\/logo.png\",\"width\":1790,\"height\":464,\"caption\":\"Amina\"},\"image\":{\"@id\":\"https:\\\/\\\/amina.is\\\/#\\\/schema\\\/logo\\\/image\\\/\"},\"sameAs\":[\"https:\\\/\\\/m.facebook.com\\\/AMINA-100767148840241\\\/\",\"https:\\\/\\\/www.instagram.com\\\/aminaverslun\\\/\"]}]}<\/script>\n<!-- \/ Yoast SEO Premium plugin. -->","yoast_head_json":{"title":"Mister B - URBAN Bronx Brief Svart\/Bl\u00e1tt &#8211; Amina","description":"\"These super sexy Mister B Bronx Briefs are part of the Mister B URBAN Collection, which consists of sexy party- and swimwear we\u2019re currently developing. Made of 95% cotton with 5% elastane for elasticity, these briefs have a superb fit and are very comfortable to wear on an everyday basis or to an underwear party.","robots":{"index":"index","follow":"follow","max-snippet":"max-snippet:-1","max-image-preview":"max-image-preview:large","max-video-preview":"max-video-preview:-1"},"canonical":"https:\/\/amina.is\/en\/verslun\/fatnadur\/naerfot-herra\/naerfoth\/mister-b-urban-bronx-brief-blue-black\/","og_locale":"en_US","og_type":"article","og_title":"Mister B - URBAN Bronx Brief Svart\/Bl\u00e1tt","og_description":"\"These super sexy Mister B Bronx Briefs are part of the Mister B URBAN Collection, which consists of sexy party- and swimwear we\u2019re currently developing. Made of 95% cotton with 5% elastane for elasticity, these briefs have a superb fit and are very comfortable to wear on an everyday basis or to an underwear party.","og_url":"https:\/\/amina.is\/en\/verslun\/fatnadur\/naerfot-herra\/naerfoth\/mister-b-urban-bronx-brief-blue-black\/","og_site_name":"Amina","article_publisher":"https:\/\/m.facebook.com\/AMINA-100767148840241\/","article_modified_time":"2023-03-01T19:58:20+00:00","og_image":[{"width":450,"height":600,"url":"https:\/\/amina.is\/wp-content\/uploads\/2021\/12\/mister-b-urban-bronx-brief-blue-white-s-820410-f_1.jpg","type":"image\/jpeg"}],"twitter_card":"summary_large_image","twitter_misc":{"Est. reading time":"1 minute"},"schema":{"@context":"https:\/\/schema.org","@graph":[{"@type":"WebPage","@id":"https:\/\/amina.is\/verslun\/fatnadur\/naerfot-herra\/naerfoth\/mister-b-urban-bronx-brief-blue-black\/","url":"https:\/\/amina.is\/verslun\/fatnadur\/naerfot-herra\/naerfoth\/mister-b-urban-bronx-brief-blue-black\/","name":"Mister B - URBAN Bronx Brief Svart\/Bl\u00e1tt &#8211; Amina","isPartOf":{"@id":"https:\/\/amina.is\/#website"},"primaryImageOfPage":{"@id":"https:\/\/amina.is\/verslun\/fatnadur\/naerfot-herra\/naerfoth\/mister-b-urban-bronx-brief-blue-black\/#primaryimage"},"image":{"@id":"https:\/\/amina.is\/verslun\/fatnadur\/naerfot-herra\/naerfoth\/mister-b-urban-bronx-brief-blue-black\/#primaryimage"},"thumbnailUrl":"https:\/\/amina.is\/wp-content\/uploads\/2021\/12\/mister-b-urban-bronx-brief-blue-white-s-820410-f_1.jpg","datePublished":"2021-12-06T16:29:12+00:00","dateModified":"2023-03-01T19:58:20+00:00","description":"\"These super sexy Mister B Bronx Briefs are part of the Mister B URBAN Collection, which consists of sexy party- and swimwear we\u2019re currently developing. Made of 95% cotton with 5% elastane for elasticity, these briefs have a superb fit and are very comfortable to wear on an everyday basis or to an underwear party.","breadcrumb":{"@id":"https:\/\/amina.is\/verslun\/fatnadur\/naerfot-herra\/naerfoth\/mister-b-urban-bronx-brief-blue-black\/#breadcrumb"},"inLanguage":"en-US","potentialAction":[{"@type":"ReadAction","target":["https:\/\/amina.is\/verslun\/fatnadur\/naerfot-herra\/naerfoth\/mister-b-urban-bronx-brief-blue-black\/"]}]},{"@type":"ImageObject","inLanguage":"en-US","@id":"https:\/\/amina.is\/verslun\/fatnadur\/naerfot-herra\/naerfoth\/mister-b-urban-bronx-brief-blue-black\/#primaryimage","url":"https:\/\/amina.is\/wp-content\/uploads\/2021\/12\/mister-b-urban-bronx-brief-blue-white-s-820410-f_1.jpg","contentUrl":"https:\/\/amina.is\/wp-content\/uploads\/2021\/12\/mister-b-urban-bronx-brief-blue-white-s-820410-f_1.jpg","width":450,"height":600},{"@type":"BreadcrumbList","@id":"https:\/\/amina.is\/verslun\/fatnadur\/naerfot-herra\/naerfoth\/mister-b-urban-bronx-brief-blue-black\/#breadcrumb","itemListElement":[{"@type":"ListItem","position":1,"name":"Home","item":"https:\/\/amina.is\/"},{"@type":"ListItem","position":2,"name":"Verslun","item":"https:\/\/amina.is\/verslun\/"},{"@type":"ListItem","position":3,"name":"Mister B &#8211; URBAN Bronx Brief Svart\/Bl\u00e1tt"}]},{"@type":"WebSite","@id":"https:\/\/amina.is\/#website","url":"https:\/\/amina.is\/","name":"Amina","description":"Feeling is everything - Una\u00f0sv\u00f6rur fyrir alla","publisher":{"@id":"https:\/\/amina.is\/#organization"},"potentialAction":[{"@type":"SearchAction","target":{"@type":"EntryPoint","urlTemplate":"https:\/\/amina.is\/?s={search_term_string}"},"query-input":{"@type":"PropertyValueSpecification","valueRequired":true,"valueName":"search_term_string"}}],"inLanguage":"en-US"},{"@type":"Organization","@id":"https:\/\/amina.is\/#organization","name":"Amina","url":"https:\/\/amina.is\/","logo":{"@type":"ImageObject","inLanguage":"en-US","@id":"https:\/\/amina.is\/#\/schema\/logo\/image\/","url":"https:\/\/amina.is\/wp-content\/uploads\/2021\/09\/logo.png","contentUrl":"https:\/\/amina.is\/wp-content\/uploads\/2021\/09\/logo.png","width":1790,"height":464,"caption":"Amina"},"image":{"@id":"https:\/\/amina.is\/#\/schema\/logo\/image\/"},"sameAs":["https:\/\/m.facebook.com\/AMINA-100767148840241\/","https:\/\/www.instagram.com\/aminaverslun\/"]}]}},"_links":{"self":[{"href":"https:\/\/amina.is\/en\/wp-json\/wp\/v2\/product\/10330","targetHints":{"allow":["GET"]}}],"collection":[{"href":"https:\/\/amina.is\/en\/wp-json\/wp\/v2\/product"}],"about":[{"href":"https:\/\/amina.is\/en\/wp-json\/wp\/v2\/types\/product"}],"version-history":[{"count":6,"href":"https:\/\/amina.is\/en\/wp-json\/wp\/v2\/product\/10330\/revisions"}],"predecessor-version":[{"id":10855,"href":"https:\/\/amina.is\/en\/wp-json\/wp\/v2\/product\/10330\/revisions\/10855"}],"wp:featuredmedia":[{"embeddable":true,"href":"https:\/\/amina.is\/en\/wp-json\/wp\/v2\/media\/10339"}],"wp:attachment":[{"href":"https:\/\/amina.is\/en\/wp-json\/wp\/v2\/media?parent=10330"}],"wp:term":[{"taxonomy":"product_brand","embeddable":true,"href":"https:\/\/amina.is\/en\/wp-json\/wp\/v2\/product_brand?post=10330"},{"taxonomy":"product_cat","embeddable":true,"href":"https:\/\/amina.is\/en\/wp-json\/wp\/v2\/product_cat?post=10330"},{"taxonomy":"product_tag","embeddable":true,"href":"https:\/\/amina.is\/en\/wp-json\/wp\/v2\/product_tag?post=10330"}],"curies":[{"name":"wp","href":"https:\/\/api.w.org\/{rel}","templated":true}]}}