{"id":10170,"date":"2021-12-06T16:18:07","date_gmt":"2021-12-06T16:18:07","guid":{"rendered":"https:\/\/amina.is\/?post_type=product&#038;p=10170"},"modified":"2023-03-01T19:58:52","modified_gmt":"2023-03-01T19:58:52","slug":"mister-b-lockable-cock-and-ball-prison","status":"publish","type":"product","link":"https:\/\/amina.is\/en\/verslun\/typpid\/pungurinn\/mister-b-lockable-cock-and-ball-prison\/","title":{"rendered":"Mister B &#8211; Lockable Cock And Ball Prison"},"content":{"rendered":"<p>G\u00fammipoki sem sm\u00fdgur utan um punginn og typpi\u00f0. H\u00e6gt a\u00f0 l\u00e6sa. G\u00famm\u00edi\u00f0 leggst \u00fe\u00e9tt a\u00f0 pungnum sem gerir hann n\u00e6man fyrir snertingu \u00fer\u00e1tt fyrir a\u00f0 vera loka\u00f0ur inni. \u00dear sem pokinn er \u00far g\u00famm\u00edi \u00fe\u00e1 er h\u00e6gt me\u00f0 sm\u00e1 leikni a\u00f0 koma s\u00e9r \u00far honum \u00fer\u00e1tt fyrir l\u00e6singu, \u00fe\u00f3 er ekki h\u00e6gt a\u00f0 smeygja s\u00e9r \u00ed hann aftur og \u00fev\u00ed auglj\u00f3st a\u00f0 vi\u00f0komandi hafi svindla\u00f0 s\u00e9 ma\u00f0ur \u00ed \u00feess konar leik. Eins og me\u00f0 allar latex og g\u00famm\u00ed v\u00f6rur \u00fe\u00e1 m\u00e1 ekki nota ol\u00edu sleipiefni me\u00f0 \u00feessari v\u00f6ru. M\u00e6lum me\u00f0 s\u00edlikon sleipiefni til a\u00f0 au\u00f0velda a\u00f0 koma pokanum upp\u00e1.<\/p>","protected":false},"excerpt":{"rendered":"<p>G\u00fammipoki sem sm\u00fdgur utan um punginn og typpi\u00f0.<\/p>","protected":false},"featured_media":10171,"template":"","meta":{"inline_featured_image":false},"product_brand":[],"product_cat":[882,36,344,881,45,901],"product_tag":[324,753,337,579,509,394,577,506],"class_list":{"0":"post-10170","1":"product","2":"type-product","3":"status-publish","4":"has-post-thumbnail","6":"product_cat-anndtyppid","7":"product_cat-blaeti","8":"product_cat-mr-b","9":"product_cat-pungurinn","10":"product_cat-typpid","11":"product_cat-typpidogpungurinn","12":"product_tag-blaeti","13":"product_tag-cock-ball-prison","14":"product_tag-fetish","15":"product_tag-gummi","16":"product_tag-mister-b","17":"product_tag-mr-b","18":"product_tag-rubber","19":"product_tag-typpa-fangelsi","21":"first","22":"instock","23":"shipping-taxable","24":"purchasable","25":"product-type-simple"},"yoast_head":"<!-- This site is optimized with the Yoast SEO Premium plugin v21.6 (Yoast SEO v27.4) - https:\/\/yoast.com\/product\/yoast-seo-premium-wordpress\/ -->\n<title>Mister B - Lockable Cock And Ball Prison &#8211; Amina<\/title>\n<meta name=\"robots\" content=\"index, follow, max-snippet:-1, max-image-preview:large, max-video-preview:-1\" \/>\n<link rel=\"canonical\" href=\"https:\/\/amina.is\/en\/verslun\/typpid\/pungurinn\/mister-b-lockable-cock-and-ball-prison\/\" \/>\n<meta property=\"og:locale\" content=\"en_US\" \/>\n<meta property=\"og:type\" content=\"article\" \/>\n<meta property=\"og:title\" content=\"Mister B - Lockable Cock And Ball Prison\" \/>\n<meta property=\"og:description\" content=\"G\u00fammipoki sem sm\u00fdgur utan um punginn og typpi\u00f0.\" \/>\n<meta property=\"og:url\" content=\"https:\/\/amina.is\/en\/verslun\/typpid\/pungurinn\/mister-b-lockable-cock-and-ball-prison\/\" \/>\n<meta property=\"og:site_name\" content=\"Amina\" \/>\n<meta property=\"article:publisher\" content=\"https:\/\/m.facebook.com\/AMINA-100767148840241\/\" \/>\n<meta property=\"article:modified_time\" content=\"2023-03-01T19:58:52+00:00\" \/>\n<meta property=\"og:image\" content=\"https:\/\/amina.is\/wp-content\/uploads\/2021\/11\/mister-b-rubber-lockable-cock-and-ball-prison-540540-f-2.jpg\" \/>\n\t<meta property=\"og:image:width\" content=\"480\" \/>\n\t<meta property=\"og:image:height\" content=\"360\" \/>\n\t<meta property=\"og:image:type\" content=\"image\/jpeg\" \/>\n<meta name=\"twitter:card\" content=\"summary_large_image\" \/>\n<meta name=\"twitter:label1\" content=\"Est. reading time\" \/>\n\t<meta name=\"twitter:data1\" content=\"1 minute\" \/>\n<script type=\"application\/ld+json\" class=\"yoast-schema-graph\">{\"@context\":\"https:\\\/\\\/schema.org\",\"@graph\":[{\"@type\":\"WebPage\",\"@id\":\"https:\\\/\\\/amina.is\\\/verslun\\\/typpid\\\/pungurinn\\\/mister-b-lockable-cock-and-ball-prison\\\/\",\"url\":\"https:\\\/\\\/amina.is\\\/verslun\\\/typpid\\\/pungurinn\\\/mister-b-lockable-cock-and-ball-prison\\\/\",\"name\":\"Mister B - Lockable Cock And Ball Prison &#8211; Amina\",\"isPartOf\":{\"@id\":\"https:\\\/\\\/amina.is\\\/#website\"},\"primaryImageOfPage\":{\"@id\":\"https:\\\/\\\/amina.is\\\/verslun\\\/typpid\\\/pungurinn\\\/mister-b-lockable-cock-and-ball-prison\\\/#primaryimage\"},\"image\":{\"@id\":\"https:\\\/\\\/amina.is\\\/verslun\\\/typpid\\\/pungurinn\\\/mister-b-lockable-cock-and-ball-prison\\\/#primaryimage\"},\"thumbnailUrl\":\"https:\\\/\\\/amina.is\\\/wp-content\\\/uploads\\\/2021\\\/11\\\/mister-b-rubber-lockable-cock-and-ball-prison-540540-f-2.jpg\",\"datePublished\":\"2021-12-06T16:18:07+00:00\",\"dateModified\":\"2023-03-01T19:58:52+00:00\",\"breadcrumb\":{\"@id\":\"https:\\\/\\\/amina.is\\\/verslun\\\/typpid\\\/pungurinn\\\/mister-b-lockable-cock-and-ball-prison\\\/#breadcrumb\"},\"inLanguage\":\"en-US\",\"potentialAction\":[{\"@type\":\"ReadAction\",\"target\":[\"https:\\\/\\\/amina.is\\\/verslun\\\/typpid\\\/pungurinn\\\/mister-b-lockable-cock-and-ball-prison\\\/\"]}]},{\"@type\":\"ImageObject\",\"inLanguage\":\"en-US\",\"@id\":\"https:\\\/\\\/amina.is\\\/verslun\\\/typpid\\\/pungurinn\\\/mister-b-lockable-cock-and-ball-prison\\\/#primaryimage\",\"url\":\"https:\\\/\\\/amina.is\\\/wp-content\\\/uploads\\\/2021\\\/11\\\/mister-b-rubber-lockable-cock-and-ball-prison-540540-f-2.jpg\",\"contentUrl\":\"https:\\\/\\\/amina.is\\\/wp-content\\\/uploads\\\/2021\\\/11\\\/mister-b-rubber-lockable-cock-and-ball-prison-540540-f-2.jpg\",\"width\":480,\"height\":360},{\"@type\":\"BreadcrumbList\",\"@id\":\"https:\\\/\\\/amina.is\\\/verslun\\\/typpid\\\/pungurinn\\\/mister-b-lockable-cock-and-ball-prison\\\/#breadcrumb\",\"itemListElement\":[{\"@type\":\"ListItem\",\"position\":1,\"name\":\"Home\",\"item\":\"https:\\\/\\\/amina.is\\\/\"},{\"@type\":\"ListItem\",\"position\":2,\"name\":\"Verslun\",\"item\":\"https:\\\/\\\/amina.is\\\/verslun\\\/\"},{\"@type\":\"ListItem\",\"position\":3,\"name\":\"Mister B &#8211; Lockable Cock And Ball Prison\"}]},{\"@type\":\"WebSite\",\"@id\":\"https:\\\/\\\/amina.is\\\/#website\",\"url\":\"https:\\\/\\\/amina.is\\\/\",\"name\":\"Amina\",\"description\":\"Feeling is everything - Una\u00f0sv\u00f6rur fyrir alla\",\"publisher\":{\"@id\":\"https:\\\/\\\/amina.is\\\/#organization\"},\"potentialAction\":[{\"@type\":\"SearchAction\",\"target\":{\"@type\":\"EntryPoint\",\"urlTemplate\":\"https:\\\/\\\/amina.is\\\/?s={search_term_string}\"},\"query-input\":{\"@type\":\"PropertyValueSpecification\",\"valueRequired\":true,\"valueName\":\"search_term_string\"}}],\"inLanguage\":\"en-US\"},{\"@type\":\"Organization\",\"@id\":\"https:\\\/\\\/amina.is\\\/#organization\",\"name\":\"Amina\",\"url\":\"https:\\\/\\\/amina.is\\\/\",\"logo\":{\"@type\":\"ImageObject\",\"inLanguage\":\"en-US\",\"@id\":\"https:\\\/\\\/amina.is\\\/#\\\/schema\\\/logo\\\/image\\\/\",\"url\":\"https:\\\/\\\/amina.is\\\/wp-content\\\/uploads\\\/2021\\\/09\\\/logo.png\",\"contentUrl\":\"https:\\\/\\\/amina.is\\\/wp-content\\\/uploads\\\/2021\\\/09\\\/logo.png\",\"width\":1790,\"height\":464,\"caption\":\"Amina\"},\"image\":{\"@id\":\"https:\\\/\\\/amina.is\\\/#\\\/schema\\\/logo\\\/image\\\/\"},\"sameAs\":[\"https:\\\/\\\/m.facebook.com\\\/AMINA-100767148840241\\\/\",\"https:\\\/\\\/www.instagram.com\\\/aminaverslun\\\/\"]}]}<\/script>\n<!-- \/ Yoast SEO Premium plugin. -->","yoast_head_json":{"title":"Mister B - Lockable Cock And Ball Prison &#8211; Amina","robots":{"index":"index","follow":"follow","max-snippet":"max-snippet:-1","max-image-preview":"max-image-preview:large","max-video-preview":"max-video-preview:-1"},"canonical":"https:\/\/amina.is\/en\/verslun\/typpid\/pungurinn\/mister-b-lockable-cock-and-ball-prison\/","og_locale":"en_US","og_type":"article","og_title":"Mister B - Lockable Cock And Ball Prison","og_description":"G\u00fammipoki sem sm\u00fdgur utan um punginn og typpi\u00f0.","og_url":"https:\/\/amina.is\/en\/verslun\/typpid\/pungurinn\/mister-b-lockable-cock-and-ball-prison\/","og_site_name":"Amina","article_publisher":"https:\/\/m.facebook.com\/AMINA-100767148840241\/","article_modified_time":"2023-03-01T19:58:52+00:00","og_image":[{"width":480,"height":360,"url":"https:\/\/amina.is\/wp-content\/uploads\/2021\/11\/mister-b-rubber-lockable-cock-and-ball-prison-540540-f-2.jpg","type":"image\/jpeg"}],"twitter_card":"summary_large_image","twitter_misc":{"Est. reading time":"1 minute"},"schema":{"@context":"https:\/\/schema.org","@graph":[{"@type":"WebPage","@id":"https:\/\/amina.is\/verslun\/typpid\/pungurinn\/mister-b-lockable-cock-and-ball-prison\/","url":"https:\/\/amina.is\/verslun\/typpid\/pungurinn\/mister-b-lockable-cock-and-ball-prison\/","name":"Mister B - Lockable Cock And Ball Prison &#8211; Amina","isPartOf":{"@id":"https:\/\/amina.is\/#website"},"primaryImageOfPage":{"@id":"https:\/\/amina.is\/verslun\/typpid\/pungurinn\/mister-b-lockable-cock-and-ball-prison\/#primaryimage"},"image":{"@id":"https:\/\/amina.is\/verslun\/typpid\/pungurinn\/mister-b-lockable-cock-and-ball-prison\/#primaryimage"},"thumbnailUrl":"https:\/\/amina.is\/wp-content\/uploads\/2021\/11\/mister-b-rubber-lockable-cock-and-ball-prison-540540-f-2.jpg","datePublished":"2021-12-06T16:18:07+00:00","dateModified":"2023-03-01T19:58:52+00:00","breadcrumb":{"@id":"https:\/\/amina.is\/verslun\/typpid\/pungurinn\/mister-b-lockable-cock-and-ball-prison\/#breadcrumb"},"inLanguage":"en-US","potentialAction":[{"@type":"ReadAction","target":["https:\/\/amina.is\/verslun\/typpid\/pungurinn\/mister-b-lockable-cock-and-ball-prison\/"]}]},{"@type":"ImageObject","inLanguage":"en-US","@id":"https:\/\/amina.is\/verslun\/typpid\/pungurinn\/mister-b-lockable-cock-and-ball-prison\/#primaryimage","url":"https:\/\/amina.is\/wp-content\/uploads\/2021\/11\/mister-b-rubber-lockable-cock-and-ball-prison-540540-f-2.jpg","contentUrl":"https:\/\/amina.is\/wp-content\/uploads\/2021\/11\/mister-b-rubber-lockable-cock-and-ball-prison-540540-f-2.jpg","width":480,"height":360},{"@type":"BreadcrumbList","@id":"https:\/\/amina.is\/verslun\/typpid\/pungurinn\/mister-b-lockable-cock-and-ball-prison\/#breadcrumb","itemListElement":[{"@type":"ListItem","position":1,"name":"Home","item":"https:\/\/amina.is\/"},{"@type":"ListItem","position":2,"name":"Verslun","item":"https:\/\/amina.is\/verslun\/"},{"@type":"ListItem","position":3,"name":"Mister B &#8211; Lockable Cock And Ball Prison"}]},{"@type":"WebSite","@id":"https:\/\/amina.is\/#website","url":"https:\/\/amina.is\/","name":"Amina","description":"Feeling is everything - Una\u00f0sv\u00f6rur fyrir alla","publisher":{"@id":"https:\/\/amina.is\/#organization"},"potentialAction":[{"@type":"SearchAction","target":{"@type":"EntryPoint","urlTemplate":"https:\/\/amina.is\/?s={search_term_string}"},"query-input":{"@type":"PropertyValueSpecification","valueRequired":true,"valueName":"search_term_string"}}],"inLanguage":"en-US"},{"@type":"Organization","@id":"https:\/\/amina.is\/#organization","name":"Amina","url":"https:\/\/amina.is\/","logo":{"@type":"ImageObject","inLanguage":"en-US","@id":"https:\/\/amina.is\/#\/schema\/logo\/image\/","url":"https:\/\/amina.is\/wp-content\/uploads\/2021\/09\/logo.png","contentUrl":"https:\/\/amina.is\/wp-content\/uploads\/2021\/09\/logo.png","width":1790,"height":464,"caption":"Amina"},"image":{"@id":"https:\/\/amina.is\/#\/schema\/logo\/image\/"},"sameAs":["https:\/\/m.facebook.com\/AMINA-100767148840241\/","https:\/\/www.instagram.com\/aminaverslun\/"]}]}},"_links":{"self":[{"href":"https:\/\/amina.is\/en\/wp-json\/wp\/v2\/product\/10170","targetHints":{"allow":["GET"]}}],"collection":[{"href":"https:\/\/amina.is\/en\/wp-json\/wp\/v2\/product"}],"about":[{"href":"https:\/\/amina.is\/en\/wp-json\/wp\/v2\/types\/product"}],"version-history":[{"count":5,"href":"https:\/\/amina.is\/en\/wp-json\/wp\/v2\/product\/10170\/revisions"}],"predecessor-version":[{"id":10836,"href":"https:\/\/amina.is\/en\/wp-json\/wp\/v2\/product\/10170\/revisions\/10836"}],"wp:featuredmedia":[{"embeddable":true,"href":"https:\/\/amina.is\/en\/wp-json\/wp\/v2\/media\/10171"}],"wp:attachment":[{"href":"https:\/\/amina.is\/en\/wp-json\/wp\/v2\/media?parent=10170"}],"wp:term":[{"taxonomy":"product_brand","embeddable":true,"href":"https:\/\/amina.is\/en\/wp-json\/wp\/v2\/product_brand?post=10170"},{"taxonomy":"product_cat","embeddable":true,"href":"https:\/\/amina.is\/en\/wp-json\/wp\/v2\/product_cat?post=10170"},{"taxonomy":"product_tag","embeddable":true,"href":"https:\/\/amina.is\/en\/wp-json\/wp\/v2\/product_tag?post=10170"}],"curies":[{"name":"wp","href":"https:\/\/api.w.org\/{rel}","templated":true}]}}