{"id":10054,"date":"2021-11-10T13:25:27","date_gmt":"2021-11-10T13:25:27","guid":{"rendered":"https:\/\/amina.is\/?post_type=product&#038;p=10054"},"modified":"2023-03-01T20:00:01","modified_gmt":"2023-03-01T20:00:01","slug":"mister-b-carabiner-6-cm","status":"publish","type":"product","link":"https:\/\/amina.is\/en\/verslun\/fatnadur\/aukahlutir\/mister-b-carabiner-6-cm\/","title":{"rendered":"Mister B &#8211; Karab\u00edna \/ Smellu klemma"},"content":{"rendered":"<h5>Karab\u00edna fr\u00e1 Mister B. Karab\u00ednur koma s\u00e9r vel \u00feegar festa \u00e1 fj\u00f6tra vi\u00f0 ke\u00f0jur, reipi e\u00f0a stangir. A.t.h. \u00feolir ekki mikla \u00feyngd, ef hanga \u00e1 \u00ed lausu lofti t.d. St\u00e6r\u00f0 6cm.<\/h5>","protected":false},"excerpt":{"rendered":"<p>Karab\u00ednur koma s\u00e9r vel \u00feegar festa \u00e1 fj\u00f6tra vi\u00f0 ke\u00f0jur, reipi e\u00f0a stangir.<\/p>","protected":false},"featured_media":10199,"template":"","meta":{"inline_featured_image":false},"product_brand":[],"product_cat":[508,36,196,914,344],"product_tag":[748,771,770,509,394],"class_list":{"0":"post-10054","1":"product","2":"type-product","3":"status-publish","4":"has-post-thumbnail","6":"product_cat-aukahlutir","7":"product_cat-blaeti","8":"product_cat-fatnadur","9":"product_cat-handjarnofl","10":"product_cat-mr-b","11":"product_tag-carabiner","12":"product_tag-festing","13":"product_tag-karabina","14":"product_tag-mister-b","15":"product_tag-mr-b","17":"first","18":"instock","19":"shipping-taxable","20":"purchasable","21":"product-type-simple"},"yoast_head":"<!-- This site is optimized with the Yoast SEO Premium plugin v21.6 (Yoast SEO v27.4) - https:\/\/yoast.com\/product\/yoast-seo-premium-wordpress\/ -->\n<title>Mister B - Karab\u00edna \/ Smellu klemma &#8211; Amina<\/title>\n<meta name=\"description\" content=\"Karab\u00ednur koma s\u00e9r vel \u00feegar festa \u00e1 fj\u00f6tra vi\u00f0 ke\u00f0jur, reipi e\u00f0a stangir.\" \/>\n<meta name=\"robots\" content=\"index, follow, max-snippet:-1, max-image-preview:large, max-video-preview:-1\" \/>\n<link rel=\"canonical\" href=\"https:\/\/amina.is\/en\/verslun\/fatnadur\/aukahlutir\/mister-b-carabiner-6-cm\/\" \/>\n<meta property=\"og:locale\" content=\"en_US\" \/>\n<meta property=\"og:type\" content=\"article\" \/>\n<meta property=\"og:title\" content=\"Mister B - Karab\u00edna \/ Smellu klemma\" \/>\n<meta property=\"og:description\" content=\"Karab\u00ednur koma s\u00e9r vel \u00feegar festa \u00e1 fj\u00f6tra vi\u00f0 ke\u00f0jur, reipi e\u00f0a stangir.\" \/>\n<meta property=\"og:url\" content=\"https:\/\/amina.is\/en\/verslun\/fatnadur\/aukahlutir\/mister-b-carabiner-6-cm\/\" \/>\n<meta property=\"og:site_name\" content=\"Amina\" \/>\n<meta property=\"article:publisher\" content=\"https:\/\/m.facebook.com\/AMINA-100767148840241\/\" \/>\n<meta property=\"article:modified_time\" content=\"2023-03-01T20:00:01+00:00\" \/>\n<meta property=\"og:image\" content=\"https:\/\/amina.is\/wp-content\/uploads\/2021\/11\/carabiner.jpg\" \/>\n\t<meta property=\"og:image:width\" content=\"700\" \/>\n\t<meta property=\"og:image:height\" content=\"700\" \/>\n\t<meta property=\"og:image:type\" content=\"image\/jpeg\" \/>\n<meta name=\"twitter:card\" content=\"summary_large_image\" \/>\n<meta name=\"twitter:label1\" content=\"Est. reading time\" \/>\n\t<meta name=\"twitter:data1\" content=\"1 minute\" \/>\n<script type=\"application\/ld+json\" class=\"yoast-schema-graph\">{\"@context\":\"https:\\\/\\\/schema.org\",\"@graph\":[{\"@type\":\"WebPage\",\"@id\":\"https:\\\/\\\/amina.is\\\/verslun\\\/fatnadur\\\/aukahlutir\\\/mister-b-carabiner-6-cm\\\/\",\"url\":\"https:\\\/\\\/amina.is\\\/verslun\\\/fatnadur\\\/aukahlutir\\\/mister-b-carabiner-6-cm\\\/\",\"name\":\"Mister B - Karab\u00edna \\\/ Smellu klemma &#8211; Amina\",\"isPartOf\":{\"@id\":\"https:\\\/\\\/amina.is\\\/#website\"},\"primaryImageOfPage\":{\"@id\":\"https:\\\/\\\/amina.is\\\/verslun\\\/fatnadur\\\/aukahlutir\\\/mister-b-carabiner-6-cm\\\/#primaryimage\"},\"image\":{\"@id\":\"https:\\\/\\\/amina.is\\\/verslun\\\/fatnadur\\\/aukahlutir\\\/mister-b-carabiner-6-cm\\\/#primaryimage\"},\"thumbnailUrl\":\"https:\\\/\\\/amina.is\\\/wp-content\\\/uploads\\\/2021\\\/11\\\/carabiner.jpg\",\"datePublished\":\"2021-11-10T13:25:27+00:00\",\"dateModified\":\"2023-03-01T20:00:01+00:00\",\"description\":\"Karab\u00ednur koma s\u00e9r vel \u00feegar festa \u00e1 fj\u00f6tra vi\u00f0 ke\u00f0jur, reipi e\u00f0a stangir.\",\"breadcrumb\":{\"@id\":\"https:\\\/\\\/amina.is\\\/verslun\\\/fatnadur\\\/aukahlutir\\\/mister-b-carabiner-6-cm\\\/#breadcrumb\"},\"inLanguage\":\"en-US\",\"potentialAction\":[{\"@type\":\"ReadAction\",\"target\":[\"https:\\\/\\\/amina.is\\\/verslun\\\/fatnadur\\\/aukahlutir\\\/mister-b-carabiner-6-cm\\\/\"]}]},{\"@type\":\"ImageObject\",\"inLanguage\":\"en-US\",\"@id\":\"https:\\\/\\\/amina.is\\\/verslun\\\/fatnadur\\\/aukahlutir\\\/mister-b-carabiner-6-cm\\\/#primaryimage\",\"url\":\"https:\\\/\\\/amina.is\\\/wp-content\\\/uploads\\\/2021\\\/11\\\/carabiner.jpg\",\"contentUrl\":\"https:\\\/\\\/amina.is\\\/wp-content\\\/uploads\\\/2021\\\/11\\\/carabiner.jpg\",\"width\":700,\"height\":700},{\"@type\":\"BreadcrumbList\",\"@id\":\"https:\\\/\\\/amina.is\\\/verslun\\\/fatnadur\\\/aukahlutir\\\/mister-b-carabiner-6-cm\\\/#breadcrumb\",\"itemListElement\":[{\"@type\":\"ListItem\",\"position\":1,\"name\":\"Home\",\"item\":\"https:\\\/\\\/amina.is\\\/\"},{\"@type\":\"ListItem\",\"position\":2,\"name\":\"Verslun\",\"item\":\"https:\\\/\\\/amina.is\\\/verslun\\\/\"},{\"@type\":\"ListItem\",\"position\":3,\"name\":\"Mister B &#8211; Karab\u00edna \\\/ Smellu klemma\"}]},{\"@type\":\"WebSite\",\"@id\":\"https:\\\/\\\/amina.is\\\/#website\",\"url\":\"https:\\\/\\\/amina.is\\\/\",\"name\":\"Amina\",\"description\":\"Feeling is everything - Una\u00f0sv\u00f6rur fyrir alla\",\"publisher\":{\"@id\":\"https:\\\/\\\/amina.is\\\/#organization\"},\"potentialAction\":[{\"@type\":\"SearchAction\",\"target\":{\"@type\":\"EntryPoint\",\"urlTemplate\":\"https:\\\/\\\/amina.is\\\/?s={search_term_string}\"},\"query-input\":{\"@type\":\"PropertyValueSpecification\",\"valueRequired\":true,\"valueName\":\"search_term_string\"}}],\"inLanguage\":\"en-US\"},{\"@type\":\"Organization\",\"@id\":\"https:\\\/\\\/amina.is\\\/#organization\",\"name\":\"Amina\",\"url\":\"https:\\\/\\\/amina.is\\\/\",\"logo\":{\"@type\":\"ImageObject\",\"inLanguage\":\"en-US\",\"@id\":\"https:\\\/\\\/amina.is\\\/#\\\/schema\\\/logo\\\/image\\\/\",\"url\":\"https:\\\/\\\/amina.is\\\/wp-content\\\/uploads\\\/2021\\\/09\\\/logo.png\",\"contentUrl\":\"https:\\\/\\\/amina.is\\\/wp-content\\\/uploads\\\/2021\\\/09\\\/logo.png\",\"width\":1790,\"height\":464,\"caption\":\"Amina\"},\"image\":{\"@id\":\"https:\\\/\\\/amina.is\\\/#\\\/schema\\\/logo\\\/image\\\/\"},\"sameAs\":[\"https:\\\/\\\/m.facebook.com\\\/AMINA-100767148840241\\\/\",\"https:\\\/\\\/www.instagram.com\\\/aminaverslun\\\/\"]}]}<\/script>\n<!-- \/ Yoast SEO Premium plugin. -->","yoast_head_json":{"title":"Mister B - Karab\u00edna \/ Smellu klemma &#8211; Amina","description":"Karab\u00ednur koma s\u00e9r vel \u00feegar festa \u00e1 fj\u00f6tra vi\u00f0 ke\u00f0jur, reipi e\u00f0a stangir.","robots":{"index":"index","follow":"follow","max-snippet":"max-snippet:-1","max-image-preview":"max-image-preview:large","max-video-preview":"max-video-preview:-1"},"canonical":"https:\/\/amina.is\/en\/verslun\/fatnadur\/aukahlutir\/mister-b-carabiner-6-cm\/","og_locale":"en_US","og_type":"article","og_title":"Mister B - Karab\u00edna \/ Smellu klemma","og_description":"Karab\u00ednur koma s\u00e9r vel \u00feegar festa \u00e1 fj\u00f6tra vi\u00f0 ke\u00f0jur, reipi e\u00f0a stangir.","og_url":"https:\/\/amina.is\/en\/verslun\/fatnadur\/aukahlutir\/mister-b-carabiner-6-cm\/","og_site_name":"Amina","article_publisher":"https:\/\/m.facebook.com\/AMINA-100767148840241\/","article_modified_time":"2023-03-01T20:00:01+00:00","og_image":[{"width":700,"height":700,"url":"https:\/\/amina.is\/wp-content\/uploads\/2021\/11\/carabiner.jpg","type":"image\/jpeg"}],"twitter_card":"summary_large_image","twitter_misc":{"Est. reading time":"1 minute"},"schema":{"@context":"https:\/\/schema.org","@graph":[{"@type":"WebPage","@id":"https:\/\/amina.is\/verslun\/fatnadur\/aukahlutir\/mister-b-carabiner-6-cm\/","url":"https:\/\/amina.is\/verslun\/fatnadur\/aukahlutir\/mister-b-carabiner-6-cm\/","name":"Mister B - Karab\u00edna \/ Smellu klemma &#8211; Amina","isPartOf":{"@id":"https:\/\/amina.is\/#website"},"primaryImageOfPage":{"@id":"https:\/\/amina.is\/verslun\/fatnadur\/aukahlutir\/mister-b-carabiner-6-cm\/#primaryimage"},"image":{"@id":"https:\/\/amina.is\/verslun\/fatnadur\/aukahlutir\/mister-b-carabiner-6-cm\/#primaryimage"},"thumbnailUrl":"https:\/\/amina.is\/wp-content\/uploads\/2021\/11\/carabiner.jpg","datePublished":"2021-11-10T13:25:27+00:00","dateModified":"2023-03-01T20:00:01+00:00","description":"Karab\u00ednur koma s\u00e9r vel \u00feegar festa \u00e1 fj\u00f6tra vi\u00f0 ke\u00f0jur, reipi e\u00f0a stangir.","breadcrumb":{"@id":"https:\/\/amina.is\/verslun\/fatnadur\/aukahlutir\/mister-b-carabiner-6-cm\/#breadcrumb"},"inLanguage":"en-US","potentialAction":[{"@type":"ReadAction","target":["https:\/\/amina.is\/verslun\/fatnadur\/aukahlutir\/mister-b-carabiner-6-cm\/"]}]},{"@type":"ImageObject","inLanguage":"en-US","@id":"https:\/\/amina.is\/verslun\/fatnadur\/aukahlutir\/mister-b-carabiner-6-cm\/#primaryimage","url":"https:\/\/amina.is\/wp-content\/uploads\/2021\/11\/carabiner.jpg","contentUrl":"https:\/\/amina.is\/wp-content\/uploads\/2021\/11\/carabiner.jpg","width":700,"height":700},{"@type":"BreadcrumbList","@id":"https:\/\/amina.is\/verslun\/fatnadur\/aukahlutir\/mister-b-carabiner-6-cm\/#breadcrumb","itemListElement":[{"@type":"ListItem","position":1,"name":"Home","item":"https:\/\/amina.is\/"},{"@type":"ListItem","position":2,"name":"Verslun","item":"https:\/\/amina.is\/verslun\/"},{"@type":"ListItem","position":3,"name":"Mister B &#8211; Karab\u00edna \/ Smellu klemma"}]},{"@type":"WebSite","@id":"https:\/\/amina.is\/#website","url":"https:\/\/amina.is\/","name":"Amina","description":"Feeling is everything - Una\u00f0sv\u00f6rur fyrir alla","publisher":{"@id":"https:\/\/amina.is\/#organization"},"potentialAction":[{"@type":"SearchAction","target":{"@type":"EntryPoint","urlTemplate":"https:\/\/amina.is\/?s={search_term_string}"},"query-input":{"@type":"PropertyValueSpecification","valueRequired":true,"valueName":"search_term_string"}}],"inLanguage":"en-US"},{"@type":"Organization","@id":"https:\/\/amina.is\/#organization","name":"Amina","url":"https:\/\/amina.is\/","logo":{"@type":"ImageObject","inLanguage":"en-US","@id":"https:\/\/amina.is\/#\/schema\/logo\/image\/","url":"https:\/\/amina.is\/wp-content\/uploads\/2021\/09\/logo.png","contentUrl":"https:\/\/amina.is\/wp-content\/uploads\/2021\/09\/logo.png","width":1790,"height":464,"caption":"Amina"},"image":{"@id":"https:\/\/amina.is\/#\/schema\/logo\/image\/"},"sameAs":["https:\/\/m.facebook.com\/AMINA-100767148840241\/","https:\/\/www.instagram.com\/aminaverslun\/"]}]}},"_links":{"self":[{"href":"https:\/\/amina.is\/en\/wp-json\/wp\/v2\/product\/10054","targetHints":{"allow":["GET"]}}],"collection":[{"href":"https:\/\/amina.is\/en\/wp-json\/wp\/v2\/product"}],"about":[{"href":"https:\/\/amina.is\/en\/wp-json\/wp\/v2\/types\/product"}],"version-history":[{"count":8,"href":"https:\/\/amina.is\/en\/wp-json\/wp\/v2\/product\/10054\/revisions"}],"predecessor-version":[{"id":10870,"href":"https:\/\/amina.is\/en\/wp-json\/wp\/v2\/product\/10054\/revisions\/10870"}],"wp:featuredmedia":[{"embeddable":true,"href":"https:\/\/amina.is\/en\/wp-json\/wp\/v2\/media\/10199"}],"wp:attachment":[{"href":"https:\/\/amina.is\/en\/wp-json\/wp\/v2\/media?parent=10054"}],"wp:term":[{"taxonomy":"product_brand","embeddable":true,"href":"https:\/\/amina.is\/en\/wp-json\/wp\/v2\/product_brand?post=10054"},{"taxonomy":"product_cat","embeddable":true,"href":"https:\/\/amina.is\/en\/wp-json\/wp\/v2\/product_cat?post=10054"},{"taxonomy":"product_tag","embeddable":true,"href":"https:\/\/amina.is\/en\/wp-json\/wp\/v2\/product_tag?post=10054"}],"curies":[{"name":"wp","href":"https:\/\/api.w.org\/{rel}","templated":true}]}}