{"id":10048,"date":"2021-11-10T12:07:01","date_gmt":"2021-11-10T12:07:01","guid":{"rendered":"https:\/\/amina.is\/?post_type=product&#038;p=10048"},"modified":"2023-03-01T20:00:17","modified_gmt":"2023-03-01T20:00:17","slug":"collar","status":"publish","type":"product","link":"https:\/\/amina.is\/en\/verslun\/fyrir-tha\/mr-b\/collar\/","title":{"rendered":"Mister B &#8211; Leather Collar With Red Padding"},"content":{"rendered":"<h6>H\u00e1ls\u00f3l \u00far ekta le\u00f0ri. Innralagi\u00f0 er mj\u00fakt og lita\u00f0 \u00ed rau\u00f0u fyrir aukin \u00fe\u00e6gindi vi\u00f0 notkun. 3 hringir til a\u00f0 kr\u00e6kja \u00ed.\u00a0Mister B leggur miki\u00f0 upp \u00far g\u00e6\u00f0um og getum vi\u00f0 \u00e1byrgst \u00farvals handbrag\u00f0 og g\u00f3\u00f0a endingu.<\/h6>\n<p>&nbsp;<\/p>","protected":false},"excerpt":{"rendered":"<p>H\u00e1ls\u00f3l \u00far ekta le\u00f0ri. Innralagi\u00f0 er mj\u00fakt fyrir aukin \u00fe\u00e6gindi vi\u00f0 notkun.<\/p>","protected":false},"featured_media":10202,"template":"","meta":{"inline_featured_image":false},"product_brand":[],"product_cat":[36,914,344],"product_tag":[86,324,354,337,359,326,509,394,78,290,395,327,746],"class_list":{"0":"post-10048","1":"product","2":"type-product","3":"status-publish","4":"has-post-thumbnail","6":"product_cat-blaeti","7":"product_cat-handjarnofl","8":"product_cat-mr-b","9":"product_tag-bdsm","10":"product_tag-blaeti","11":"product_tag-collar","12":"product_tag-fetish","13":"product_tag-halsol","14":"product_tag-master","15":"product_tag-mister-b","16":"product_tag-mr-b","17":"product_tag-rautt","18":"product_tag-red","19":"product_tag-sm","20":"product_tag-slave","21":"product_tag-slave-collar","23":"first","24":"instock","25":"shipping-taxable","26":"purchasable","27":"product-type-simple"},"yoast_head":"<!-- This site is optimized with the Yoast SEO Premium plugin v21.6 (Yoast SEO v27.3) - https:\/\/yoast.com\/product\/yoast-seo-premium-wordpress\/ -->\n<title>Mister B - Leather Collar With Red Padding &#8211; Amina<\/title>\n<meta name=\"robots\" content=\"index, follow, max-snippet:-1, max-image-preview:large, max-video-preview:-1\" \/>\n<link rel=\"canonical\" href=\"https:\/\/amina.is\/en\/verslun\/fyrir-tha\/mr-b\/collar\/\" \/>\n<meta property=\"og:locale\" content=\"en_US\" \/>\n<meta property=\"og:type\" content=\"article\" \/>\n<meta property=\"og:title\" content=\"Mister B - Leather Collar With Red Padding\" \/>\n<meta property=\"og:description\" content=\"H\u00e1ls\u00f3l \u00far ekta le\u00f0ri. Innralagi\u00f0 er mj\u00fakt fyrir aukin \u00fe\u00e6gindi vi\u00f0 notkun.\" \/>\n<meta property=\"og:url\" content=\"https:\/\/amina.is\/en\/verslun\/fyrir-tha\/mr-b\/collar\/\" \/>\n<meta property=\"og:site_name\" content=\"Amina\" \/>\n<meta property=\"article:publisher\" content=\"https:\/\/m.facebook.com\/AMINA-100767148840241\/\" \/>\n<meta property=\"article:modified_time\" content=\"2023-03-01T20:00:17+00:00\" \/>\n<meta property=\"og:image\" content=\"https:\/\/amina.is\/wp-content\/uploads\/2021\/11\/collar-red.jpg\" \/>\n\t<meta property=\"og:image:width\" content=\"450\" \/>\n\t<meta property=\"og:image:height\" content=\"450\" \/>\n\t<meta property=\"og:image:type\" content=\"image\/jpeg\" \/>\n<meta name=\"twitter:card\" content=\"summary_large_image\" \/>\n<meta name=\"twitter:label1\" content=\"Est. reading time\" \/>\n\t<meta name=\"twitter:data1\" content=\"1 minute\" \/>\n<script type=\"application\/ld+json\" class=\"yoast-schema-graph\">{\"@context\":\"https:\\\/\\\/schema.org\",\"@graph\":[{\"@type\":\"WebPage\",\"@id\":\"https:\\\/\\\/amina.is\\\/verslun\\\/fyrir-tha\\\/mr-b\\\/collar\\\/\",\"url\":\"https:\\\/\\\/amina.is\\\/verslun\\\/fyrir-tha\\\/mr-b\\\/collar\\\/\",\"name\":\"Mister B - Leather Collar With Red Padding &#8211; Amina\",\"isPartOf\":{\"@id\":\"https:\\\/\\\/amina.is\\\/#website\"},\"primaryImageOfPage\":{\"@id\":\"https:\\\/\\\/amina.is\\\/verslun\\\/fyrir-tha\\\/mr-b\\\/collar\\\/#primaryimage\"},\"image\":{\"@id\":\"https:\\\/\\\/amina.is\\\/verslun\\\/fyrir-tha\\\/mr-b\\\/collar\\\/#primaryimage\"},\"thumbnailUrl\":\"https:\\\/\\\/amina.is\\\/wp-content\\\/uploads\\\/2021\\\/11\\\/collar-red.jpg\",\"datePublished\":\"2021-11-10T12:07:01+00:00\",\"dateModified\":\"2023-03-01T20:00:17+00:00\",\"breadcrumb\":{\"@id\":\"https:\\\/\\\/amina.is\\\/verslun\\\/fyrir-tha\\\/mr-b\\\/collar\\\/#breadcrumb\"},\"inLanguage\":\"en-US\",\"potentialAction\":[{\"@type\":\"ReadAction\",\"target\":[\"https:\\\/\\\/amina.is\\\/verslun\\\/fyrir-tha\\\/mr-b\\\/collar\\\/\"]}]},{\"@type\":\"ImageObject\",\"inLanguage\":\"en-US\",\"@id\":\"https:\\\/\\\/amina.is\\\/verslun\\\/fyrir-tha\\\/mr-b\\\/collar\\\/#primaryimage\",\"url\":\"https:\\\/\\\/amina.is\\\/wp-content\\\/uploads\\\/2021\\\/11\\\/collar-red.jpg\",\"contentUrl\":\"https:\\\/\\\/amina.is\\\/wp-content\\\/uploads\\\/2021\\\/11\\\/collar-red.jpg\",\"width\":450,\"height\":450},{\"@type\":\"BreadcrumbList\",\"@id\":\"https:\\\/\\\/amina.is\\\/verslun\\\/fyrir-tha\\\/mr-b\\\/collar\\\/#breadcrumb\",\"itemListElement\":[{\"@type\":\"ListItem\",\"position\":1,\"name\":\"Home\",\"item\":\"https:\\\/\\\/amina.is\\\/\"},{\"@type\":\"ListItem\",\"position\":2,\"name\":\"Verslun\",\"item\":\"https:\\\/\\\/amina.is\\\/verslun\\\/\"},{\"@type\":\"ListItem\",\"position\":3,\"name\":\"Mister B &#8211; Leather Collar With Red Padding\"}]},{\"@type\":\"WebSite\",\"@id\":\"https:\\\/\\\/amina.is\\\/#website\",\"url\":\"https:\\\/\\\/amina.is\\\/\",\"name\":\"Amina\",\"description\":\"Feeling is everything - Una\u00f0sv\u00f6rur fyrir alla\",\"publisher\":{\"@id\":\"https:\\\/\\\/amina.is\\\/#organization\"},\"potentialAction\":[{\"@type\":\"SearchAction\",\"target\":{\"@type\":\"EntryPoint\",\"urlTemplate\":\"https:\\\/\\\/amina.is\\\/?s={search_term_string}\"},\"query-input\":{\"@type\":\"PropertyValueSpecification\",\"valueRequired\":true,\"valueName\":\"search_term_string\"}}],\"inLanguage\":\"en-US\"},{\"@type\":\"Organization\",\"@id\":\"https:\\\/\\\/amina.is\\\/#organization\",\"name\":\"Amina\",\"url\":\"https:\\\/\\\/amina.is\\\/\",\"logo\":{\"@type\":\"ImageObject\",\"inLanguage\":\"en-US\",\"@id\":\"https:\\\/\\\/amina.is\\\/#\\\/schema\\\/logo\\\/image\\\/\",\"url\":\"https:\\\/\\\/amina.is\\\/wp-content\\\/uploads\\\/2021\\\/09\\\/logo.png\",\"contentUrl\":\"https:\\\/\\\/amina.is\\\/wp-content\\\/uploads\\\/2021\\\/09\\\/logo.png\",\"width\":1790,\"height\":464,\"caption\":\"Amina\"},\"image\":{\"@id\":\"https:\\\/\\\/amina.is\\\/#\\\/schema\\\/logo\\\/image\\\/\"},\"sameAs\":[\"https:\\\/\\\/m.facebook.com\\\/AMINA-100767148840241\\\/\",\"https:\\\/\\\/www.instagram.com\\\/aminaverslun\\\/\"]}]}<\/script>\n<!-- \/ Yoast SEO Premium plugin. -->","yoast_head_json":{"title":"Mister B - Leather Collar With Red Padding &#8211; Amina","robots":{"index":"index","follow":"follow","max-snippet":"max-snippet:-1","max-image-preview":"max-image-preview:large","max-video-preview":"max-video-preview:-1"},"canonical":"https:\/\/amina.is\/en\/verslun\/fyrir-tha\/mr-b\/collar\/","og_locale":"en_US","og_type":"article","og_title":"Mister B - Leather Collar With Red Padding","og_description":"H\u00e1ls\u00f3l \u00far ekta le\u00f0ri. Innralagi\u00f0 er mj\u00fakt fyrir aukin \u00fe\u00e6gindi vi\u00f0 notkun.","og_url":"https:\/\/amina.is\/en\/verslun\/fyrir-tha\/mr-b\/collar\/","og_site_name":"Amina","article_publisher":"https:\/\/m.facebook.com\/AMINA-100767148840241\/","article_modified_time":"2023-03-01T20:00:17+00:00","og_image":[{"width":450,"height":450,"url":"https:\/\/amina.is\/wp-content\/uploads\/2021\/11\/collar-red.jpg","type":"image\/jpeg"}],"twitter_card":"summary_large_image","twitter_misc":{"Est. reading time":"1 minute"},"schema":{"@context":"https:\/\/schema.org","@graph":[{"@type":"WebPage","@id":"https:\/\/amina.is\/verslun\/fyrir-tha\/mr-b\/collar\/","url":"https:\/\/amina.is\/verslun\/fyrir-tha\/mr-b\/collar\/","name":"Mister B - Leather Collar With Red Padding &#8211; Amina","isPartOf":{"@id":"https:\/\/amina.is\/#website"},"primaryImageOfPage":{"@id":"https:\/\/amina.is\/verslun\/fyrir-tha\/mr-b\/collar\/#primaryimage"},"image":{"@id":"https:\/\/amina.is\/verslun\/fyrir-tha\/mr-b\/collar\/#primaryimage"},"thumbnailUrl":"https:\/\/amina.is\/wp-content\/uploads\/2021\/11\/collar-red.jpg","datePublished":"2021-11-10T12:07:01+00:00","dateModified":"2023-03-01T20:00:17+00:00","breadcrumb":{"@id":"https:\/\/amina.is\/verslun\/fyrir-tha\/mr-b\/collar\/#breadcrumb"},"inLanguage":"en-US","potentialAction":[{"@type":"ReadAction","target":["https:\/\/amina.is\/verslun\/fyrir-tha\/mr-b\/collar\/"]}]},{"@type":"ImageObject","inLanguage":"en-US","@id":"https:\/\/amina.is\/verslun\/fyrir-tha\/mr-b\/collar\/#primaryimage","url":"https:\/\/amina.is\/wp-content\/uploads\/2021\/11\/collar-red.jpg","contentUrl":"https:\/\/amina.is\/wp-content\/uploads\/2021\/11\/collar-red.jpg","width":450,"height":450},{"@type":"BreadcrumbList","@id":"https:\/\/amina.is\/verslun\/fyrir-tha\/mr-b\/collar\/#breadcrumb","itemListElement":[{"@type":"ListItem","position":1,"name":"Home","item":"https:\/\/amina.is\/"},{"@type":"ListItem","position":2,"name":"Verslun","item":"https:\/\/amina.is\/verslun\/"},{"@type":"ListItem","position":3,"name":"Mister B &#8211; Leather Collar With Red Padding"}]},{"@type":"WebSite","@id":"https:\/\/amina.is\/#website","url":"https:\/\/amina.is\/","name":"Amina","description":"Feeling is everything - Una\u00f0sv\u00f6rur fyrir alla","publisher":{"@id":"https:\/\/amina.is\/#organization"},"potentialAction":[{"@type":"SearchAction","target":{"@type":"EntryPoint","urlTemplate":"https:\/\/amina.is\/?s={search_term_string}"},"query-input":{"@type":"PropertyValueSpecification","valueRequired":true,"valueName":"search_term_string"}}],"inLanguage":"en-US"},{"@type":"Organization","@id":"https:\/\/amina.is\/#organization","name":"Amina","url":"https:\/\/amina.is\/","logo":{"@type":"ImageObject","inLanguage":"en-US","@id":"https:\/\/amina.is\/#\/schema\/logo\/image\/","url":"https:\/\/amina.is\/wp-content\/uploads\/2021\/09\/logo.png","contentUrl":"https:\/\/amina.is\/wp-content\/uploads\/2021\/09\/logo.png","width":1790,"height":464,"caption":"Amina"},"image":{"@id":"https:\/\/amina.is\/#\/schema\/logo\/image\/"},"sameAs":["https:\/\/m.facebook.com\/AMINA-100767148840241\/","https:\/\/www.instagram.com\/aminaverslun\/"]}]}},"_links":{"self":[{"href":"https:\/\/amina.is\/en\/wp-json\/wp\/v2\/product\/10048","targetHints":{"allow":["GET"]}}],"collection":[{"href":"https:\/\/amina.is\/en\/wp-json\/wp\/v2\/product"}],"about":[{"href":"https:\/\/amina.is\/en\/wp-json\/wp\/v2\/types\/product"}],"version-history":[{"count":4,"href":"https:\/\/amina.is\/en\/wp-json\/wp\/v2\/product\/10048\/revisions"}],"predecessor-version":[{"id":10204,"href":"https:\/\/amina.is\/en\/wp-json\/wp\/v2\/product\/10048\/revisions\/10204"}],"wp:featuredmedia":[{"embeddable":true,"href":"https:\/\/amina.is\/en\/wp-json\/wp\/v2\/media\/10202"}],"wp:attachment":[{"href":"https:\/\/amina.is\/en\/wp-json\/wp\/v2\/media?parent=10048"}],"wp:term":[{"taxonomy":"product_brand","embeddable":true,"href":"https:\/\/amina.is\/en\/wp-json\/wp\/v2\/product_brand?post=10048"},{"taxonomy":"product_cat","embeddable":true,"href":"https:\/\/amina.is\/en\/wp-json\/wp\/v2\/product_cat?post=10048"},{"taxonomy":"product_tag","embeddable":true,"href":"https:\/\/amina.is\/en\/wp-json\/wp\/v2\/product_tag?post=10048"}],"curies":[{"name":"wp","href":"https:\/\/api.w.org\/{rel}","templated":true}]}}