{"id":10033,"date":"2021-11-10T11:22:40","date_gmt":"2021-11-10T11:22:40","guid":{"rendered":"https:\/\/amina.is\/?post_type=product&#038;p=10033"},"modified":"2023-03-01T20:01:57","modified_gmt":"2023-03-01T20:01:57","slug":"mister-b-leather-ankle-restraints-black-blue-padding","status":"publish","type":"product","link":"https:\/\/amina.is\/en\/verslun\/fyrir-thau\/samanth\/mister-b-leather-ankle-restraints-black-blue-padding\/","title":{"rendered":"Mister B &#8211; Leather Ankle Restraints Black Blue Padding"},"content":{"rendered":"<h6>&#8222;Ankle Restraints&#8220; fr\u00e1 Mister B \u00far ekta le\u00f0ri. \u00de\u00e6r eru me\u00f0 mj\u00faku innra lagi \u00ed bl\u00e1u sem gera \u00feau tilvalin til a\u00f0 nota til lengri t\u00edma. Mister B leggur miki\u00f0 upp \u00far g\u00e6\u00f0um og getum vi\u00f0 \u00e1byrgst \u00farvals handbrag\u00f0 og g\u00f3\u00f0a endingu<\/h6>","protected":false},"excerpt":{"rendered":"<p>&#8222;Ankle Restraints&#8220; fr\u00e1 Mister B \u00far ekta le\u00f0ri.<\/p>","protected":false},"featured_media":10208,"template":"","meta":{"inline_featured_image":false},"product_brand":[],"product_cat":[36,41,42,43,914,344,895,897,898],"product_tag":[479,86,324,75,200,472,337,374,483,509,394,476],"class_list":{"0":"post-10033","1":"product","2":"type-product","3":"status-publish","4":"has-post-thumbnail","6":"product_cat-blaeti","7":"product_cat-fyrir-tha","8":"product_cat-fyrir-thaer","9":"product_cat-fyrir-thau","10":"product_cat-handjarnofl","11":"product_cat-mr-b","12":"product_cat-samanh","13":"product_cat-samand","14":"product_cat-samanth","15":"product_tag-ankle-cuffs","16":"product_tag-bdsm","17":"product_tag-blaeti","18":"product_tag-blar","19":"product_tag-blue","20":"product_tag-cuffs","21":"product_tag-fetish","22":"product_tag-leather","23":"product_tag-ledur","24":"product_tag-mister-b","25":"product_tag-mr-b","26":"product_tag-restraints","28":"first","29":"instock","30":"shipping-taxable","31":"purchasable","32":"product-type-simple"},"yoast_head":"<!-- This site is optimized with the Yoast SEO Premium plugin v21.6 (Yoast SEO v27.3) - https:\/\/yoast.com\/product\/yoast-seo-premium-wordpress\/ -->\n<title>Mister B - Leather Ankle Restraints Black Blue Padding &#8211; Amina<\/title>\n<meta name=\"robots\" content=\"index, follow, max-snippet:-1, max-image-preview:large, max-video-preview:-1\" \/>\n<link rel=\"canonical\" href=\"https:\/\/amina.is\/en\/verslun\/fyrir-thau\/samanth\/mister-b-leather-ankle-restraints-black-blue-padding\/\" \/>\n<meta property=\"og:locale\" content=\"en_US\" \/>\n<meta property=\"og:type\" content=\"article\" \/>\n<meta property=\"og:title\" content=\"Mister B - Leather Ankle Restraints Black Blue Padding\" \/>\n<meta property=\"og:description\" content=\"&quot;Ankle Restraints&quot; fr\u00e1 Mister B \u00far ekta le\u00f0ri.\" \/>\n<meta property=\"og:url\" content=\"https:\/\/amina.is\/en\/verslun\/fyrir-thau\/samanth\/mister-b-leather-ankle-restraints-black-blue-padding\/\" \/>\n<meta property=\"og:site_name\" content=\"Amina\" \/>\n<meta property=\"article:publisher\" content=\"https:\/\/m.facebook.com\/AMINA-100767148840241\/\" \/>\n<meta property=\"article:modified_time\" content=\"2023-03-01T20:01:57+00:00\" \/>\n<meta property=\"og:image\" content=\"https:\/\/amina.is\/wp-content\/uploads\/2021\/11\/ankle-blue.jpg\" \/>\n\t<meta property=\"og:image:width\" content=\"670\" \/>\n\t<meta property=\"og:image:height\" content=\"670\" \/>\n\t<meta property=\"og:image:type\" content=\"image\/jpeg\" \/>\n<meta name=\"twitter:card\" content=\"summary_large_image\" \/>\n<meta name=\"twitter:label1\" content=\"Est. reading time\" \/>\n\t<meta name=\"twitter:data1\" content=\"1 minute\" \/>\n<script type=\"application\/ld+json\" class=\"yoast-schema-graph\">{\"@context\":\"https:\\\/\\\/schema.org\",\"@graph\":[{\"@type\":\"WebPage\",\"@id\":\"https:\\\/\\\/amina.is\\\/verslun\\\/fyrir-thau\\\/samanth\\\/mister-b-leather-ankle-restraints-black-blue-padding\\\/\",\"url\":\"https:\\\/\\\/amina.is\\\/verslun\\\/fyrir-thau\\\/samanth\\\/mister-b-leather-ankle-restraints-black-blue-padding\\\/\",\"name\":\"Mister B - Leather Ankle Restraints Black Blue Padding &#8211; Amina\",\"isPartOf\":{\"@id\":\"https:\\\/\\\/amina.is\\\/#website\"},\"primaryImageOfPage\":{\"@id\":\"https:\\\/\\\/amina.is\\\/verslun\\\/fyrir-thau\\\/samanth\\\/mister-b-leather-ankle-restraints-black-blue-padding\\\/#primaryimage\"},\"image\":{\"@id\":\"https:\\\/\\\/amina.is\\\/verslun\\\/fyrir-thau\\\/samanth\\\/mister-b-leather-ankle-restraints-black-blue-padding\\\/#primaryimage\"},\"thumbnailUrl\":\"https:\\\/\\\/amina.is\\\/wp-content\\\/uploads\\\/2021\\\/11\\\/ankle-blue.jpg\",\"datePublished\":\"2021-11-10T11:22:40+00:00\",\"dateModified\":\"2023-03-01T20:01:57+00:00\",\"breadcrumb\":{\"@id\":\"https:\\\/\\\/amina.is\\\/verslun\\\/fyrir-thau\\\/samanth\\\/mister-b-leather-ankle-restraints-black-blue-padding\\\/#breadcrumb\"},\"inLanguage\":\"en-US\",\"potentialAction\":[{\"@type\":\"ReadAction\",\"target\":[\"https:\\\/\\\/amina.is\\\/verslun\\\/fyrir-thau\\\/samanth\\\/mister-b-leather-ankle-restraints-black-blue-padding\\\/\"]}]},{\"@type\":\"ImageObject\",\"inLanguage\":\"en-US\",\"@id\":\"https:\\\/\\\/amina.is\\\/verslun\\\/fyrir-thau\\\/samanth\\\/mister-b-leather-ankle-restraints-black-blue-padding\\\/#primaryimage\",\"url\":\"https:\\\/\\\/amina.is\\\/wp-content\\\/uploads\\\/2021\\\/11\\\/ankle-blue.jpg\",\"contentUrl\":\"https:\\\/\\\/amina.is\\\/wp-content\\\/uploads\\\/2021\\\/11\\\/ankle-blue.jpg\",\"width\":670,\"height\":670},{\"@type\":\"BreadcrumbList\",\"@id\":\"https:\\\/\\\/amina.is\\\/verslun\\\/fyrir-thau\\\/samanth\\\/mister-b-leather-ankle-restraints-black-blue-padding\\\/#breadcrumb\",\"itemListElement\":[{\"@type\":\"ListItem\",\"position\":1,\"name\":\"Home\",\"item\":\"https:\\\/\\\/amina.is\\\/\"},{\"@type\":\"ListItem\",\"position\":2,\"name\":\"Verslun\",\"item\":\"https:\\\/\\\/amina.is\\\/verslun\\\/\"},{\"@type\":\"ListItem\",\"position\":3,\"name\":\"Mister B &#8211; Leather Ankle Restraints Black Blue Padding\"}]},{\"@type\":\"WebSite\",\"@id\":\"https:\\\/\\\/amina.is\\\/#website\",\"url\":\"https:\\\/\\\/amina.is\\\/\",\"name\":\"Amina\",\"description\":\"Feeling is everything - Una\u00f0sv\u00f6rur fyrir alla\",\"publisher\":{\"@id\":\"https:\\\/\\\/amina.is\\\/#organization\"},\"potentialAction\":[{\"@type\":\"SearchAction\",\"target\":{\"@type\":\"EntryPoint\",\"urlTemplate\":\"https:\\\/\\\/amina.is\\\/?s={search_term_string}\"},\"query-input\":{\"@type\":\"PropertyValueSpecification\",\"valueRequired\":true,\"valueName\":\"search_term_string\"}}],\"inLanguage\":\"en-US\"},{\"@type\":\"Organization\",\"@id\":\"https:\\\/\\\/amina.is\\\/#organization\",\"name\":\"Amina\",\"url\":\"https:\\\/\\\/amina.is\\\/\",\"logo\":{\"@type\":\"ImageObject\",\"inLanguage\":\"en-US\",\"@id\":\"https:\\\/\\\/amina.is\\\/#\\\/schema\\\/logo\\\/image\\\/\",\"url\":\"https:\\\/\\\/amina.is\\\/wp-content\\\/uploads\\\/2021\\\/09\\\/logo.png\",\"contentUrl\":\"https:\\\/\\\/amina.is\\\/wp-content\\\/uploads\\\/2021\\\/09\\\/logo.png\",\"width\":1790,\"height\":464,\"caption\":\"Amina\"},\"image\":{\"@id\":\"https:\\\/\\\/amina.is\\\/#\\\/schema\\\/logo\\\/image\\\/\"},\"sameAs\":[\"https:\\\/\\\/m.facebook.com\\\/AMINA-100767148840241\\\/\",\"https:\\\/\\\/www.instagram.com\\\/aminaverslun\\\/\"]}]}<\/script>\n<!-- \/ Yoast SEO Premium plugin. -->","yoast_head_json":{"title":"Mister B - Leather Ankle Restraints Black Blue Padding &#8211; Amina","robots":{"index":"index","follow":"follow","max-snippet":"max-snippet:-1","max-image-preview":"max-image-preview:large","max-video-preview":"max-video-preview:-1"},"canonical":"https:\/\/amina.is\/en\/verslun\/fyrir-thau\/samanth\/mister-b-leather-ankle-restraints-black-blue-padding\/","og_locale":"en_US","og_type":"article","og_title":"Mister B - Leather Ankle Restraints Black Blue Padding","og_description":"\"Ankle Restraints\" fr\u00e1 Mister B \u00far ekta le\u00f0ri.","og_url":"https:\/\/amina.is\/en\/verslun\/fyrir-thau\/samanth\/mister-b-leather-ankle-restraints-black-blue-padding\/","og_site_name":"Amina","article_publisher":"https:\/\/m.facebook.com\/AMINA-100767148840241\/","article_modified_time":"2023-03-01T20:01:57+00:00","og_image":[{"width":670,"height":670,"url":"https:\/\/amina.is\/wp-content\/uploads\/2021\/11\/ankle-blue.jpg","type":"image\/jpeg"}],"twitter_card":"summary_large_image","twitter_misc":{"Est. reading time":"1 minute"},"schema":{"@context":"https:\/\/schema.org","@graph":[{"@type":"WebPage","@id":"https:\/\/amina.is\/verslun\/fyrir-thau\/samanth\/mister-b-leather-ankle-restraints-black-blue-padding\/","url":"https:\/\/amina.is\/verslun\/fyrir-thau\/samanth\/mister-b-leather-ankle-restraints-black-blue-padding\/","name":"Mister B - Leather Ankle Restraints Black Blue Padding &#8211; Amina","isPartOf":{"@id":"https:\/\/amina.is\/#website"},"primaryImageOfPage":{"@id":"https:\/\/amina.is\/verslun\/fyrir-thau\/samanth\/mister-b-leather-ankle-restraints-black-blue-padding\/#primaryimage"},"image":{"@id":"https:\/\/amina.is\/verslun\/fyrir-thau\/samanth\/mister-b-leather-ankle-restraints-black-blue-padding\/#primaryimage"},"thumbnailUrl":"https:\/\/amina.is\/wp-content\/uploads\/2021\/11\/ankle-blue.jpg","datePublished":"2021-11-10T11:22:40+00:00","dateModified":"2023-03-01T20:01:57+00:00","breadcrumb":{"@id":"https:\/\/amina.is\/verslun\/fyrir-thau\/samanth\/mister-b-leather-ankle-restraints-black-blue-padding\/#breadcrumb"},"inLanguage":"en-US","potentialAction":[{"@type":"ReadAction","target":["https:\/\/amina.is\/verslun\/fyrir-thau\/samanth\/mister-b-leather-ankle-restraints-black-blue-padding\/"]}]},{"@type":"ImageObject","inLanguage":"en-US","@id":"https:\/\/amina.is\/verslun\/fyrir-thau\/samanth\/mister-b-leather-ankle-restraints-black-blue-padding\/#primaryimage","url":"https:\/\/amina.is\/wp-content\/uploads\/2021\/11\/ankle-blue.jpg","contentUrl":"https:\/\/amina.is\/wp-content\/uploads\/2021\/11\/ankle-blue.jpg","width":670,"height":670},{"@type":"BreadcrumbList","@id":"https:\/\/amina.is\/verslun\/fyrir-thau\/samanth\/mister-b-leather-ankle-restraints-black-blue-padding\/#breadcrumb","itemListElement":[{"@type":"ListItem","position":1,"name":"Home","item":"https:\/\/amina.is\/"},{"@type":"ListItem","position":2,"name":"Verslun","item":"https:\/\/amina.is\/verslun\/"},{"@type":"ListItem","position":3,"name":"Mister B &#8211; Leather Ankle Restraints Black Blue Padding"}]},{"@type":"WebSite","@id":"https:\/\/amina.is\/#website","url":"https:\/\/amina.is\/","name":"Amina","description":"Feeling is everything - Una\u00f0sv\u00f6rur fyrir alla","publisher":{"@id":"https:\/\/amina.is\/#organization"},"potentialAction":[{"@type":"SearchAction","target":{"@type":"EntryPoint","urlTemplate":"https:\/\/amina.is\/?s={search_term_string}"},"query-input":{"@type":"PropertyValueSpecification","valueRequired":true,"valueName":"search_term_string"}}],"inLanguage":"en-US"},{"@type":"Organization","@id":"https:\/\/amina.is\/#organization","name":"Amina","url":"https:\/\/amina.is\/","logo":{"@type":"ImageObject","inLanguage":"en-US","@id":"https:\/\/amina.is\/#\/schema\/logo\/image\/","url":"https:\/\/amina.is\/wp-content\/uploads\/2021\/09\/logo.png","contentUrl":"https:\/\/amina.is\/wp-content\/uploads\/2021\/09\/logo.png","width":1790,"height":464,"caption":"Amina"},"image":{"@id":"https:\/\/amina.is\/#\/schema\/logo\/image\/"},"sameAs":["https:\/\/m.facebook.com\/AMINA-100767148840241\/","https:\/\/www.instagram.com\/aminaverslun\/"]}]}},"_links":{"self":[{"href":"https:\/\/amina.is\/en\/wp-json\/wp\/v2\/product\/10033","targetHints":{"allow":["GET"]}}],"collection":[{"href":"https:\/\/amina.is\/en\/wp-json\/wp\/v2\/product"}],"about":[{"href":"https:\/\/amina.is\/en\/wp-json\/wp\/v2\/types\/product"}],"version-history":[{"count":3,"href":"https:\/\/amina.is\/en\/wp-json\/wp\/v2\/product\/10033\/revisions"}],"predecessor-version":[{"id":10213,"href":"https:\/\/amina.is\/en\/wp-json\/wp\/v2\/product\/10033\/revisions\/10213"}],"wp:featuredmedia":[{"embeddable":true,"href":"https:\/\/amina.is\/en\/wp-json\/wp\/v2\/media\/10208"}],"wp:attachment":[{"href":"https:\/\/amina.is\/en\/wp-json\/wp\/v2\/media?parent=10033"}],"wp:term":[{"taxonomy":"product_brand","embeddable":true,"href":"https:\/\/amina.is\/en\/wp-json\/wp\/v2\/product_brand?post=10033"},{"taxonomy":"product_cat","embeddable":true,"href":"https:\/\/amina.is\/en\/wp-json\/wp\/v2\/product_cat?post=10033"},{"taxonomy":"product_tag","embeddable":true,"href":"https:\/\/amina.is\/en\/wp-json\/wp\/v2\/product_tag?post=10033"}],"curies":[{"name":"wp","href":"https:\/\/api.w.org\/{rel}","templated":true}]}}