{"id":10016,"date":"2021-11-10T10:29:31","date_gmt":"2021-11-10T10:29:31","guid":{"rendered":"https:\/\/amina.is\/?post_type=product&#038;p=10016"},"modified":"2023-03-01T19:46:11","modified_gmt":"2023-03-01T19:46:11","slug":"xr-universal-strap-on-harness","status":"publish","type":"product","link":"https:\/\/amina.is\/en\/verslun\/pikan\/annadpikan\/xr-universal-strap-on-harness\/","title":{"rendered":"XR &#8211; Universal Strap On Harness"},"content":{"rendered":"<h6 class=\"column whole large-seven-twelfths medium-half product-information--description\">Strap on harness me\u00f0 stillanlegum \u00f3lum. H\u00e6gt a\u00f0 festa flesta dild\u00f3a sem eru me\u00f0 pung e\u00f0a sogsk\u00e1l. M\u00e1lmhringurinn er nikkelfr\u00edr og au\u00f0velt er a\u00f0 skipta honum \u00fat fyrir a\u00f0ra st\u00e6r\u00f0 af hring. Harnessi\u00f0 getur or\u00f0i\u00f0 allt a\u00f0 178cm. \u00ed umm\u00e1li. M\u00e1lmhringurinn sem fylgir er 5cm. \u00ed umm\u00e1li. Gert \u00far PU, p\u00f3l\u00fdpr\u00f3p\u00fdlen, t<span style=\"font-size: 1rem; white-space: pre-wrap;\">eygjuefni og nikkelfr\u00edum m\u00e1lmi. &#8222;One sixe fits most&#8220;, dild\u00f3 er ekki innifalinn.<\/span><\/h6>","protected":false},"excerpt":{"rendered":"<p>Strap on harness me\u00f0 stillanlegum \u00f3lum.<\/p>","protected":false},"featured_media":10018,"template":"","meta":{"inline_featured_image":false},"product_brand":[],"product_cat":[887,908,36,42,43,903,37,44,35,897,898],"product_tag":[633,745,744],"class_list":{"0":"post-10016","1":"product","2":"type-product","3":"status-publish","4":"has-post-thumbnail","6":"product_cat-annadpikan","7":"product_cat-annadrassinn","8":"product_cat-blaeti","9":"product_cat-fyrir-thaer","10":"product_cat-fyrir-thau","11":"product_cat-grimurosvfrv","12":"product_cat-kynvitund","13":"product_cat-pikan","14":"product_cat-rassinn","15":"product_cat-samand","16":"product_cat-samanth","17":"product_tag-strap-on","18":"product_tag-strap-on-harness","19":"product_tag-xr-brands","21":"first","22":"instock","23":"shipping-taxable","24":"purchasable","25":"product-type-simple"},"yoast_head":"<!-- This site is optimized with the Yoast SEO Premium plugin v21.6 (Yoast SEO v27.3) - https:\/\/yoast.com\/product\/yoast-seo-premium-wordpress\/ -->\n<title>XR - Universal Strap On Harness &#8211; Amina<\/title>\n<meta name=\"robots\" content=\"index, follow, max-snippet:-1, max-image-preview:large, max-video-preview:-1\" \/>\n<link rel=\"canonical\" href=\"https:\/\/amina.is\/en\/verslun\/pikan\/annadpikan\/xr-universal-strap-on-harness\/\" \/>\n<meta property=\"og:locale\" content=\"en_US\" \/>\n<meta property=\"og:type\" content=\"article\" \/>\n<meta property=\"og:title\" content=\"XR - Universal Strap On Harness\" \/>\n<meta property=\"og:description\" content=\"Strap on harness me\u00f0 stillanlegum \u00f3lum.\" \/>\n<meta property=\"og:url\" content=\"https:\/\/amina.is\/en\/verslun\/pikan\/annadpikan\/xr-universal-strap-on-harness\/\" \/>\n<meta property=\"og:site_name\" content=\"Amina\" \/>\n<meta property=\"article:publisher\" content=\"https:\/\/m.facebook.com\/AMINA-100767148840241\/\" \/>\n<meta property=\"article:modified_time\" content=\"2023-03-01T19:46:11+00:00\" \/>\n<meta property=\"og:image\" content=\"https:\/\/amina.is\/wp-content\/uploads\/2021\/11\/ad392-bulk-on-mannequin-front_2_540x540.jpg\" \/>\n\t<meta property=\"og:image:width\" content=\"540\" \/>\n\t<meta property=\"og:image:height\" content=\"540\" \/>\n\t<meta property=\"og:image:type\" content=\"image\/jpeg\" \/>\n<meta name=\"twitter:card\" content=\"summary_large_image\" \/>\n<meta name=\"twitter:label1\" content=\"Est. reading time\" \/>\n\t<meta name=\"twitter:data1\" content=\"1 minute\" \/>\n<script type=\"application\/ld+json\" class=\"yoast-schema-graph\">{\"@context\":\"https:\\\/\\\/schema.org\",\"@graph\":[{\"@type\":\"WebPage\",\"@id\":\"https:\\\/\\\/amina.is\\\/verslun\\\/pikan\\\/annadpikan\\\/xr-universal-strap-on-harness\\\/\",\"url\":\"https:\\\/\\\/amina.is\\\/verslun\\\/pikan\\\/annadpikan\\\/xr-universal-strap-on-harness\\\/\",\"name\":\"XR - Universal Strap On Harness &#8211; Amina\",\"isPartOf\":{\"@id\":\"https:\\\/\\\/amina.is\\\/#website\"},\"primaryImageOfPage\":{\"@id\":\"https:\\\/\\\/amina.is\\\/verslun\\\/pikan\\\/annadpikan\\\/xr-universal-strap-on-harness\\\/#primaryimage\"},\"image\":{\"@id\":\"https:\\\/\\\/amina.is\\\/verslun\\\/pikan\\\/annadpikan\\\/xr-universal-strap-on-harness\\\/#primaryimage\"},\"thumbnailUrl\":\"https:\\\/\\\/amina.is\\\/wp-content\\\/uploads\\\/2021\\\/11\\\/ad392-bulk-on-mannequin-front_2_540x540.jpg\",\"datePublished\":\"2021-11-10T10:29:31+00:00\",\"dateModified\":\"2023-03-01T19:46:11+00:00\",\"breadcrumb\":{\"@id\":\"https:\\\/\\\/amina.is\\\/verslun\\\/pikan\\\/annadpikan\\\/xr-universal-strap-on-harness\\\/#breadcrumb\"},\"inLanguage\":\"en-US\",\"potentialAction\":[{\"@type\":\"ReadAction\",\"target\":[\"https:\\\/\\\/amina.is\\\/verslun\\\/pikan\\\/annadpikan\\\/xr-universal-strap-on-harness\\\/\"]}]},{\"@type\":\"ImageObject\",\"inLanguage\":\"en-US\",\"@id\":\"https:\\\/\\\/amina.is\\\/verslun\\\/pikan\\\/annadpikan\\\/xr-universal-strap-on-harness\\\/#primaryimage\",\"url\":\"https:\\\/\\\/amina.is\\\/wp-content\\\/uploads\\\/2021\\\/11\\\/ad392-bulk-on-mannequin-front_2_540x540.jpg\",\"contentUrl\":\"https:\\\/\\\/amina.is\\\/wp-content\\\/uploads\\\/2021\\\/11\\\/ad392-bulk-on-mannequin-front_2_540x540.jpg\",\"width\":540,\"height\":540},{\"@type\":\"BreadcrumbList\",\"@id\":\"https:\\\/\\\/amina.is\\\/verslun\\\/pikan\\\/annadpikan\\\/xr-universal-strap-on-harness\\\/#breadcrumb\",\"itemListElement\":[{\"@type\":\"ListItem\",\"position\":1,\"name\":\"Home\",\"item\":\"https:\\\/\\\/amina.is\\\/\"},{\"@type\":\"ListItem\",\"position\":2,\"name\":\"Verslun\",\"item\":\"https:\\\/\\\/amina.is\\\/verslun\\\/\"},{\"@type\":\"ListItem\",\"position\":3,\"name\":\"XR &#8211; Universal Strap On Harness\"}]},{\"@type\":\"WebSite\",\"@id\":\"https:\\\/\\\/amina.is\\\/#website\",\"url\":\"https:\\\/\\\/amina.is\\\/\",\"name\":\"Amina\",\"description\":\"Feeling is everything - Una\u00f0sv\u00f6rur fyrir alla\",\"publisher\":{\"@id\":\"https:\\\/\\\/amina.is\\\/#organization\"},\"potentialAction\":[{\"@type\":\"SearchAction\",\"target\":{\"@type\":\"EntryPoint\",\"urlTemplate\":\"https:\\\/\\\/amina.is\\\/?s={search_term_string}\"},\"query-input\":{\"@type\":\"PropertyValueSpecification\",\"valueRequired\":true,\"valueName\":\"search_term_string\"}}],\"inLanguage\":\"en-US\"},{\"@type\":\"Organization\",\"@id\":\"https:\\\/\\\/amina.is\\\/#organization\",\"name\":\"Amina\",\"url\":\"https:\\\/\\\/amina.is\\\/\",\"logo\":{\"@type\":\"ImageObject\",\"inLanguage\":\"en-US\",\"@id\":\"https:\\\/\\\/amina.is\\\/#\\\/schema\\\/logo\\\/image\\\/\",\"url\":\"https:\\\/\\\/amina.is\\\/wp-content\\\/uploads\\\/2021\\\/09\\\/logo.png\",\"contentUrl\":\"https:\\\/\\\/amina.is\\\/wp-content\\\/uploads\\\/2021\\\/09\\\/logo.png\",\"width\":1790,\"height\":464,\"caption\":\"Amina\"},\"image\":{\"@id\":\"https:\\\/\\\/amina.is\\\/#\\\/schema\\\/logo\\\/image\\\/\"},\"sameAs\":[\"https:\\\/\\\/m.facebook.com\\\/AMINA-100767148840241\\\/\",\"https:\\\/\\\/www.instagram.com\\\/aminaverslun\\\/\"]}]}<\/script>\n<!-- \/ Yoast SEO Premium plugin. -->","yoast_head_json":{"title":"XR - Universal Strap On Harness &#8211; Amina","robots":{"index":"index","follow":"follow","max-snippet":"max-snippet:-1","max-image-preview":"max-image-preview:large","max-video-preview":"max-video-preview:-1"},"canonical":"https:\/\/amina.is\/en\/verslun\/pikan\/annadpikan\/xr-universal-strap-on-harness\/","og_locale":"en_US","og_type":"article","og_title":"XR - Universal Strap On Harness","og_description":"Strap on harness me\u00f0 stillanlegum \u00f3lum.","og_url":"https:\/\/amina.is\/en\/verslun\/pikan\/annadpikan\/xr-universal-strap-on-harness\/","og_site_name":"Amina","article_publisher":"https:\/\/m.facebook.com\/AMINA-100767148840241\/","article_modified_time":"2023-03-01T19:46:11+00:00","og_image":[{"width":540,"height":540,"url":"https:\/\/amina.is\/wp-content\/uploads\/2021\/11\/ad392-bulk-on-mannequin-front_2_540x540.jpg","type":"image\/jpeg"}],"twitter_card":"summary_large_image","twitter_misc":{"Est. reading time":"1 minute"},"schema":{"@context":"https:\/\/schema.org","@graph":[{"@type":"WebPage","@id":"https:\/\/amina.is\/verslun\/pikan\/annadpikan\/xr-universal-strap-on-harness\/","url":"https:\/\/amina.is\/verslun\/pikan\/annadpikan\/xr-universal-strap-on-harness\/","name":"XR - Universal Strap On Harness &#8211; Amina","isPartOf":{"@id":"https:\/\/amina.is\/#website"},"primaryImageOfPage":{"@id":"https:\/\/amina.is\/verslun\/pikan\/annadpikan\/xr-universal-strap-on-harness\/#primaryimage"},"image":{"@id":"https:\/\/amina.is\/verslun\/pikan\/annadpikan\/xr-universal-strap-on-harness\/#primaryimage"},"thumbnailUrl":"https:\/\/amina.is\/wp-content\/uploads\/2021\/11\/ad392-bulk-on-mannequin-front_2_540x540.jpg","datePublished":"2021-11-10T10:29:31+00:00","dateModified":"2023-03-01T19:46:11+00:00","breadcrumb":{"@id":"https:\/\/amina.is\/verslun\/pikan\/annadpikan\/xr-universal-strap-on-harness\/#breadcrumb"},"inLanguage":"en-US","potentialAction":[{"@type":"ReadAction","target":["https:\/\/amina.is\/verslun\/pikan\/annadpikan\/xr-universal-strap-on-harness\/"]}]},{"@type":"ImageObject","inLanguage":"en-US","@id":"https:\/\/amina.is\/verslun\/pikan\/annadpikan\/xr-universal-strap-on-harness\/#primaryimage","url":"https:\/\/amina.is\/wp-content\/uploads\/2021\/11\/ad392-bulk-on-mannequin-front_2_540x540.jpg","contentUrl":"https:\/\/amina.is\/wp-content\/uploads\/2021\/11\/ad392-bulk-on-mannequin-front_2_540x540.jpg","width":540,"height":540},{"@type":"BreadcrumbList","@id":"https:\/\/amina.is\/verslun\/pikan\/annadpikan\/xr-universal-strap-on-harness\/#breadcrumb","itemListElement":[{"@type":"ListItem","position":1,"name":"Home","item":"https:\/\/amina.is\/"},{"@type":"ListItem","position":2,"name":"Verslun","item":"https:\/\/amina.is\/verslun\/"},{"@type":"ListItem","position":3,"name":"XR &#8211; Universal Strap On Harness"}]},{"@type":"WebSite","@id":"https:\/\/amina.is\/#website","url":"https:\/\/amina.is\/","name":"Amina","description":"Feeling is everything - Una\u00f0sv\u00f6rur fyrir alla","publisher":{"@id":"https:\/\/amina.is\/#organization"},"potentialAction":[{"@type":"SearchAction","target":{"@type":"EntryPoint","urlTemplate":"https:\/\/amina.is\/?s={search_term_string}"},"query-input":{"@type":"PropertyValueSpecification","valueRequired":true,"valueName":"search_term_string"}}],"inLanguage":"en-US"},{"@type":"Organization","@id":"https:\/\/amina.is\/#organization","name":"Amina","url":"https:\/\/amina.is\/","logo":{"@type":"ImageObject","inLanguage":"en-US","@id":"https:\/\/amina.is\/#\/schema\/logo\/image\/","url":"https:\/\/amina.is\/wp-content\/uploads\/2021\/09\/logo.png","contentUrl":"https:\/\/amina.is\/wp-content\/uploads\/2021\/09\/logo.png","width":1790,"height":464,"caption":"Amina"},"image":{"@id":"https:\/\/amina.is\/#\/schema\/logo\/image\/"},"sameAs":["https:\/\/m.facebook.com\/AMINA-100767148840241\/","https:\/\/www.instagram.com\/aminaverslun\/"]}]}},"_links":{"self":[{"href":"https:\/\/amina.is\/en\/wp-json\/wp\/v2\/product\/10016","targetHints":{"allow":["GET"]}}],"collection":[{"href":"https:\/\/amina.is\/en\/wp-json\/wp\/v2\/product"}],"about":[{"href":"https:\/\/amina.is\/en\/wp-json\/wp\/v2\/types\/product"}],"version-history":[{"count":4,"href":"https:\/\/amina.is\/en\/wp-json\/wp\/v2\/product\/10016\/revisions"}],"predecessor-version":[{"id":10219,"href":"https:\/\/amina.is\/en\/wp-json\/wp\/v2\/product\/10016\/revisions\/10219"}],"wp:featuredmedia":[{"embeddable":true,"href":"https:\/\/amina.is\/en\/wp-json\/wp\/v2\/media\/10018"}],"wp:attachment":[{"href":"https:\/\/amina.is\/en\/wp-json\/wp\/v2\/media?parent=10016"}],"wp:term":[{"taxonomy":"product_brand","embeddable":true,"href":"https:\/\/amina.is\/en\/wp-json\/wp\/v2\/product_brand?post=10016"},{"taxonomy":"product_cat","embeddable":true,"href":"https:\/\/amina.is\/en\/wp-json\/wp\/v2\/product_cat?post=10016"},{"taxonomy":"product_tag","embeddable":true,"href":"https:\/\/amina.is\/en\/wp-json\/wp\/v2\/product_tag?post=10016"}],"curies":[{"name":"wp","href":"https:\/\/api.w.org\/{rel}","templated":true}]}}