{"id":10007,"date":"2021-11-09T16:08:42","date_gmt":"2021-11-09T16:08:42","guid":{"rendered":"https:\/\/amina.is\/?post_type=product&#038;p=10007"},"modified":"2025-08-05T23:50:15","modified_gmt":"2025-08-05T23:50:15","slug":"master-series-multi-functional-fucking-device","status":"publish","type":"product","link":"https:\/\/amina.is\/en\/verslun\/typpid\/muffur\/master-series-multi-functional-fucking-device\/","title":{"rendered":"Master Series &#8211; Multi Functional Fucking Device"},"content":{"rendered":"<div class=\"column whole large-seven-twelfths medium-half product-information--description\">\n<div class=\"product-description\">\n<h5>Fj\u00f6lnota typpahulstur. H\u00e6gt a\u00f0 nota sem st\u00e6kkun \u00e1 limnum e\u00f0a sem m\u00faffu. Hulstri\u00f0 er rifla\u00f0 a\u00f0 innan fyrir aukin una\u00f0. Heildarlengd: 18,4cm. Innsetjanleg lengd: 15,2cm. Brei\u00f0asti partur: 6,3cm.<\/h5>\n<\/div>\n<\/div>","protected":false},"excerpt":{"rendered":"<p>Fj\u00f6lnota typpahulstur. H\u00e6gt a\u00f0 nota sem st\u00e6kkun \u00e1 limnum e\u00f0a sem m\u00faffu.<\/p>","protected":false},"featured_media":11243,"template":"","meta":{"inline_featured_image":false},"product_brand":[],"product_cat":[36,41,43,879,877,913,900,899,895,898,45],"product_tag":[550,743,310,69,62,549,63],"class_list":{"0":"post-10007","1":"product","2":"type-product","3":"status-publish","4":"has-post-thumbnail","6":"product_cat-blaeti","7":"product_cat-fyrir-tha","8":"product_cat-fyrir-thau","9":"product_cat-hulstur","10":"product_cat-muffur","11":"product_cat-rassinn-hollow-plugs-ofl","12":"product_cat-notaahana","13":"product_cat-notaahann","14":"product_cat-samanh","15":"product_cat-samanth","16":"product_cat-typpid","17":"product_tag-cock-sleve","18":"product_tag-girth-enhancer","19":"product_tag-master-series","20":"product_tag-masturbation","21":"product_tag-muffa","22":"product_tag-penis-sleve","23":"product_tag-sjalfsfroun","25":"first","26":"instock","27":"shipping-taxable","28":"purchasable","29":"product-type-simple"},"yoast_head":"<!-- This site is optimized with the Yoast SEO Premium plugin v21.6 (Yoast SEO v27.4) - https:\/\/yoast.com\/product\/yoast-seo-premium-wordpress\/ -->\n<title>Master Series - Multi Functional Fucking Device &#8211; Amina<\/title>\n<meta name=\"description\" content=\"Fj\u00f6lnota typpahulstur. H\u00e6gt a\u00f0 nota sem st\u00e6kkun \u00e1 limnum vi\u00f0 enda\u00fearmsm\u00f6k e\u00f0a sem m\u00faffu. Hulstri\u00f0 er rifla\u00f0 a\u00f0 innan fyrir aukin una\u00f0.\" \/>\n<meta name=\"robots\" content=\"index, follow, max-snippet:-1, max-image-preview:large, max-video-preview:-1\" \/>\n<link rel=\"canonical\" href=\"https:\/\/amina.is\/en\/verslun\/typpid\/muffur\/master-series-multi-functional-fucking-device\/\" \/>\n<meta property=\"og:locale\" content=\"en_US\" \/>\n<meta property=\"og:type\" content=\"article\" \/>\n<meta property=\"og:title\" content=\"Master Series - Multi Functional Fucking Device\" \/>\n<meta property=\"og:description\" content=\"Fj\u00f6lnota typpahulstur. H\u00e6gt a\u00f0 nota sem st\u00e6kkun \u00e1 limnum vi\u00f0 enda\u00fearmsm\u00f6k e\u00f0a sem m\u00faffu. Hulstri\u00f0 er rifla\u00f0 a\u00f0 innan fyrir aukin una\u00f0.\" \/>\n<meta property=\"og:url\" content=\"https:\/\/amina.is\/en\/verslun\/typpid\/muffur\/master-series-multi-functional-fucking-device\/\" \/>\n<meta property=\"og:site_name\" content=\"Amina\" \/>\n<meta property=\"article:publisher\" content=\"https:\/\/m.facebook.com\/AMINA-100767148840241\/\" \/>\n<meta property=\"article:modified_time\" content=\"2025-08-05T23:50:15+00:00\" \/>\n<meta property=\"og:image\" content=\"https:\/\/amina.is\/wp-content\/uploads\/2021\/11\/Untitled-design-3.jpg\" \/>\n\t<meta property=\"og:image:width\" content=\"1080\" \/>\n\t<meta property=\"og:image:height\" content=\"1080\" \/>\n\t<meta property=\"og:image:type\" content=\"image\/jpeg\" \/>\n<meta name=\"twitter:card\" content=\"summary_large_image\" \/>\n<meta name=\"twitter:label1\" content=\"Est. reading time\" \/>\n\t<meta name=\"twitter:data1\" content=\"1 minute\" \/>\n<script type=\"application\/ld+json\" class=\"yoast-schema-graph\">{\"@context\":\"https:\\\/\\\/schema.org\",\"@graph\":[{\"@type\":\"WebPage\",\"@id\":\"https:\\\/\\\/amina.is\\\/verslun\\\/typpid\\\/muffur\\\/master-series-multi-functional-fucking-device\\\/\",\"url\":\"https:\\\/\\\/amina.is\\\/verslun\\\/typpid\\\/muffur\\\/master-series-multi-functional-fucking-device\\\/\",\"name\":\"Master Series - Multi Functional Fucking Device &#8211; Amina\",\"isPartOf\":{\"@id\":\"https:\\\/\\\/amina.is\\\/#website\"},\"primaryImageOfPage\":{\"@id\":\"https:\\\/\\\/amina.is\\\/verslun\\\/typpid\\\/muffur\\\/master-series-multi-functional-fucking-device\\\/#primaryimage\"},\"image\":{\"@id\":\"https:\\\/\\\/amina.is\\\/verslun\\\/typpid\\\/muffur\\\/master-series-multi-functional-fucking-device\\\/#primaryimage\"},\"thumbnailUrl\":\"https:\\\/\\\/amina.is\\\/wp-content\\\/uploads\\\/2021\\\/11\\\/Untitled-design-3.jpg\",\"datePublished\":\"2021-11-09T16:08:42+00:00\",\"dateModified\":\"2025-08-05T23:50:15+00:00\",\"description\":\"Fj\u00f6lnota typpahulstur. H\u00e6gt a\u00f0 nota sem st\u00e6kkun \u00e1 limnum vi\u00f0 enda\u00fearmsm\u00f6k e\u00f0a sem m\u00faffu. Hulstri\u00f0 er rifla\u00f0 a\u00f0 innan fyrir aukin una\u00f0.\",\"breadcrumb\":{\"@id\":\"https:\\\/\\\/amina.is\\\/verslun\\\/typpid\\\/muffur\\\/master-series-multi-functional-fucking-device\\\/#breadcrumb\"},\"inLanguage\":\"en-US\",\"potentialAction\":[{\"@type\":\"ReadAction\",\"target\":[\"https:\\\/\\\/amina.is\\\/verslun\\\/typpid\\\/muffur\\\/master-series-multi-functional-fucking-device\\\/\"]}]},{\"@type\":\"ImageObject\",\"inLanguage\":\"en-US\",\"@id\":\"https:\\\/\\\/amina.is\\\/verslun\\\/typpid\\\/muffur\\\/master-series-multi-functional-fucking-device\\\/#primaryimage\",\"url\":\"https:\\\/\\\/amina.is\\\/wp-content\\\/uploads\\\/2021\\\/11\\\/Untitled-design-3.jpg\",\"contentUrl\":\"https:\\\/\\\/amina.is\\\/wp-content\\\/uploads\\\/2021\\\/11\\\/Untitled-design-3.jpg\",\"width\":1080,\"height\":1080},{\"@type\":\"BreadcrumbList\",\"@id\":\"https:\\\/\\\/amina.is\\\/verslun\\\/typpid\\\/muffur\\\/master-series-multi-functional-fucking-device\\\/#breadcrumb\",\"itemListElement\":[{\"@type\":\"ListItem\",\"position\":1,\"name\":\"Home\",\"item\":\"https:\\\/\\\/amina.is\\\/\"},{\"@type\":\"ListItem\",\"position\":2,\"name\":\"Verslun\",\"item\":\"https:\\\/\\\/amina.is\\\/verslun\\\/\"},{\"@type\":\"ListItem\",\"position\":3,\"name\":\"Master Series &#8211; Multi Functional Fucking Device\"}]},{\"@type\":\"WebSite\",\"@id\":\"https:\\\/\\\/amina.is\\\/#website\",\"url\":\"https:\\\/\\\/amina.is\\\/\",\"name\":\"Amina\",\"description\":\"Feeling is everything - Una\u00f0sv\u00f6rur fyrir alla\",\"publisher\":{\"@id\":\"https:\\\/\\\/amina.is\\\/#organization\"},\"potentialAction\":[{\"@type\":\"SearchAction\",\"target\":{\"@type\":\"EntryPoint\",\"urlTemplate\":\"https:\\\/\\\/amina.is\\\/?s={search_term_string}\"},\"query-input\":{\"@type\":\"PropertyValueSpecification\",\"valueRequired\":true,\"valueName\":\"search_term_string\"}}],\"inLanguage\":\"en-US\"},{\"@type\":\"Organization\",\"@id\":\"https:\\\/\\\/amina.is\\\/#organization\",\"name\":\"Amina\",\"url\":\"https:\\\/\\\/amina.is\\\/\",\"logo\":{\"@type\":\"ImageObject\",\"inLanguage\":\"en-US\",\"@id\":\"https:\\\/\\\/amina.is\\\/#\\\/schema\\\/logo\\\/image\\\/\",\"url\":\"https:\\\/\\\/amina.is\\\/wp-content\\\/uploads\\\/2021\\\/09\\\/logo.png\",\"contentUrl\":\"https:\\\/\\\/amina.is\\\/wp-content\\\/uploads\\\/2021\\\/09\\\/logo.png\",\"width\":1790,\"height\":464,\"caption\":\"Amina\"},\"image\":{\"@id\":\"https:\\\/\\\/amina.is\\\/#\\\/schema\\\/logo\\\/image\\\/\"},\"sameAs\":[\"https:\\\/\\\/m.facebook.com\\\/AMINA-100767148840241\\\/\",\"https:\\\/\\\/www.instagram.com\\\/aminaverslun\\\/\"]}]}<\/script>\n<!-- \/ Yoast SEO Premium plugin. -->","yoast_head_json":{"title":"Master Series - Multi Functional Fucking Device &#8211; Amina","description":"Fj\u00f6lnota typpahulstur. H\u00e6gt a\u00f0 nota sem st\u00e6kkun \u00e1 limnum vi\u00f0 enda\u00fearmsm\u00f6k e\u00f0a sem m\u00faffu. Hulstri\u00f0 er rifla\u00f0 a\u00f0 innan fyrir aukin una\u00f0.","robots":{"index":"index","follow":"follow","max-snippet":"max-snippet:-1","max-image-preview":"max-image-preview:large","max-video-preview":"max-video-preview:-1"},"canonical":"https:\/\/amina.is\/en\/verslun\/typpid\/muffur\/master-series-multi-functional-fucking-device\/","og_locale":"en_US","og_type":"article","og_title":"Master Series - Multi Functional Fucking Device","og_description":"Fj\u00f6lnota typpahulstur. H\u00e6gt a\u00f0 nota sem st\u00e6kkun \u00e1 limnum vi\u00f0 enda\u00fearmsm\u00f6k e\u00f0a sem m\u00faffu. Hulstri\u00f0 er rifla\u00f0 a\u00f0 innan fyrir aukin una\u00f0.","og_url":"https:\/\/amina.is\/en\/verslun\/typpid\/muffur\/master-series-multi-functional-fucking-device\/","og_site_name":"Amina","article_publisher":"https:\/\/m.facebook.com\/AMINA-100767148840241\/","article_modified_time":"2025-08-05T23:50:15+00:00","og_image":[{"width":1080,"height":1080,"url":"https:\/\/amina.is\/wp-content\/uploads\/2021\/11\/Untitled-design-3.jpg","type":"image\/jpeg"}],"twitter_card":"summary_large_image","twitter_misc":{"Est. reading time":"1 minute"},"schema":{"@context":"https:\/\/schema.org","@graph":[{"@type":"WebPage","@id":"https:\/\/amina.is\/verslun\/typpid\/muffur\/master-series-multi-functional-fucking-device\/","url":"https:\/\/amina.is\/verslun\/typpid\/muffur\/master-series-multi-functional-fucking-device\/","name":"Master Series - Multi Functional Fucking Device &#8211; Amina","isPartOf":{"@id":"https:\/\/amina.is\/#website"},"primaryImageOfPage":{"@id":"https:\/\/amina.is\/verslun\/typpid\/muffur\/master-series-multi-functional-fucking-device\/#primaryimage"},"image":{"@id":"https:\/\/amina.is\/verslun\/typpid\/muffur\/master-series-multi-functional-fucking-device\/#primaryimage"},"thumbnailUrl":"https:\/\/amina.is\/wp-content\/uploads\/2021\/11\/Untitled-design-3.jpg","datePublished":"2021-11-09T16:08:42+00:00","dateModified":"2025-08-05T23:50:15+00:00","description":"Fj\u00f6lnota typpahulstur. H\u00e6gt a\u00f0 nota sem st\u00e6kkun \u00e1 limnum vi\u00f0 enda\u00fearmsm\u00f6k e\u00f0a sem m\u00faffu. Hulstri\u00f0 er rifla\u00f0 a\u00f0 innan fyrir aukin una\u00f0.","breadcrumb":{"@id":"https:\/\/amina.is\/verslun\/typpid\/muffur\/master-series-multi-functional-fucking-device\/#breadcrumb"},"inLanguage":"en-US","potentialAction":[{"@type":"ReadAction","target":["https:\/\/amina.is\/verslun\/typpid\/muffur\/master-series-multi-functional-fucking-device\/"]}]},{"@type":"ImageObject","inLanguage":"en-US","@id":"https:\/\/amina.is\/verslun\/typpid\/muffur\/master-series-multi-functional-fucking-device\/#primaryimage","url":"https:\/\/amina.is\/wp-content\/uploads\/2021\/11\/Untitled-design-3.jpg","contentUrl":"https:\/\/amina.is\/wp-content\/uploads\/2021\/11\/Untitled-design-3.jpg","width":1080,"height":1080},{"@type":"BreadcrumbList","@id":"https:\/\/amina.is\/verslun\/typpid\/muffur\/master-series-multi-functional-fucking-device\/#breadcrumb","itemListElement":[{"@type":"ListItem","position":1,"name":"Home","item":"https:\/\/amina.is\/"},{"@type":"ListItem","position":2,"name":"Verslun","item":"https:\/\/amina.is\/verslun\/"},{"@type":"ListItem","position":3,"name":"Master Series &#8211; Multi Functional Fucking Device"}]},{"@type":"WebSite","@id":"https:\/\/amina.is\/#website","url":"https:\/\/amina.is\/","name":"Amina","description":"Feeling is everything - Una\u00f0sv\u00f6rur fyrir alla","publisher":{"@id":"https:\/\/amina.is\/#organization"},"potentialAction":[{"@type":"SearchAction","target":{"@type":"EntryPoint","urlTemplate":"https:\/\/amina.is\/?s={search_term_string}"},"query-input":{"@type":"PropertyValueSpecification","valueRequired":true,"valueName":"search_term_string"}}],"inLanguage":"en-US"},{"@type":"Organization","@id":"https:\/\/amina.is\/#organization","name":"Amina","url":"https:\/\/amina.is\/","logo":{"@type":"ImageObject","inLanguage":"en-US","@id":"https:\/\/amina.is\/#\/schema\/logo\/image\/","url":"https:\/\/amina.is\/wp-content\/uploads\/2021\/09\/logo.png","contentUrl":"https:\/\/amina.is\/wp-content\/uploads\/2021\/09\/logo.png","width":1790,"height":464,"caption":"Amina"},"image":{"@id":"https:\/\/amina.is\/#\/schema\/logo\/image\/"},"sameAs":["https:\/\/m.facebook.com\/AMINA-100767148840241\/","https:\/\/www.instagram.com\/aminaverslun\/"]}]}},"_links":{"self":[{"href":"https:\/\/amina.is\/en\/wp-json\/wp\/v2\/product\/10007","targetHints":{"allow":["GET"]}}],"collection":[{"href":"https:\/\/amina.is\/en\/wp-json\/wp\/v2\/product"}],"about":[{"href":"https:\/\/amina.is\/en\/wp-json\/wp\/v2\/types\/product"}],"version-history":[{"count":8,"href":"https:\/\/amina.is\/en\/wp-json\/wp\/v2\/product\/10007\/revisions"}],"predecessor-version":[{"id":11791,"href":"https:\/\/amina.is\/en\/wp-json\/wp\/v2\/product\/10007\/revisions\/11791"}],"wp:featuredmedia":[{"embeddable":true,"href":"https:\/\/amina.is\/en\/wp-json\/wp\/v2\/media\/11243"}],"wp:attachment":[{"href":"https:\/\/amina.is\/en\/wp-json\/wp\/v2\/media?parent=10007"}],"wp:term":[{"taxonomy":"product_brand","embeddable":true,"href":"https:\/\/amina.is\/en\/wp-json\/wp\/v2\/product_brand?post=10007"},{"taxonomy":"product_cat","embeddable":true,"href":"https:\/\/amina.is\/en\/wp-json\/wp\/v2\/product_cat?post=10007"},{"taxonomy":"product_tag","embeddable":true,"href":"https:\/\/amina.is\/en\/wp-json\/wp\/v2\/product_tag?post=10007"}],"curies":[{"name":"wp","href":"https:\/\/api.w.org\/{rel}","templated":true}]}}