{"id":10002,"date":"2021-11-08T19:30:47","date_gmt":"2021-11-08T19:30:47","guid":{"rendered":"https:\/\/amina.is\/?post_type=product&#038;p=10002"},"modified":"2023-03-01T19:47:41","modified_gmt":"2023-03-01T19:47:41","slug":"master-series-strap-on-mask","status":"publish","type":"product","link":"https:\/\/amina.is\/en\/verslun\/blaeti\/grimurosvfrv\/master-series-strap-on-mask\/","title":{"rendered":"Master Series &#8211; Strap On Mask"},"content":{"rendered":"<h6>Gr\u00edman er h\u00f6nnu\u00f0 til a\u00f0 passa yfir andliti\u00f0 hvort sem \u00fe\u00fa vilt hafa hana yfir munninn e\u00f0a \u00e1 hli\u00f0 til a\u00f0 hafa tunguna frj\u00e1lsa. Hvort sem \u00fe\u00fa vilt nota hana sem ni\u00f0url\u00e6gingat\u00f3l e\u00f0a fyrir una\u00f0 \u00fe\u00e1 eru m\u00f6guleikarnir me\u00f0 \u00feessari endalausar. &#8222;One size fits most&#8220; St\u00e6r\u00f0 \u00e1 dild\u00f3 er 15,2 x 3,8cm. Ger\u00f0 \u00far Latex.<\/h6>\n<p>&nbsp;<\/p>","protected":false},"excerpt":{"rendered":"<p>Hvort sem \u00fe\u00fa vilt nota hana sem ni\u00f0url\u00e6gingat\u00f3l e\u00f0a fyrir una\u00f0 \u00fe\u00e1 eru m\u00f6guleikarnir me\u00f0 \u00feessari endalausar.<\/p>","protected":false},"featured_media":10225,"template":"","meta":{"inline_featured_image":false},"product_brand":[],"product_cat":[36,903],"product_tag":[86,324,741,337,310,742],"class_list":{"0":"post-10002","1":"product","2":"type-product","3":"status-publish","4":"has-post-thumbnail","6":"product_cat-blaeti","7":"product_cat-grimurosvfrv","8":"product_tag-bdsm","9":"product_tag-blaeti","10":"product_tag-face-mask","11":"product_tag-fetish","12":"product_tag-master-series","13":"product_tag-strap-on-mask","15":"first","16":"instock","17":"shipping-taxable","18":"purchasable","19":"product-type-simple"},"yoast_head":"<!-- This site is optimized with the Yoast SEO Premium plugin v21.6 (Yoast SEO v27.3) - https:\/\/yoast.com\/product\/yoast-seo-premium-wordpress\/ -->\n<title>Master Series - Strap On Mask &#8211; Amina<\/title>\n<meta name=\"robots\" content=\"index, follow, max-snippet:-1, max-image-preview:large, max-video-preview:-1\" \/>\n<link rel=\"canonical\" href=\"https:\/\/amina.is\/en\/verslun\/blaeti\/grimurosvfrv\/master-series-strap-on-mask\/\" \/>\n<meta property=\"og:locale\" content=\"en_US\" \/>\n<meta property=\"og:type\" content=\"article\" \/>\n<meta property=\"og:title\" content=\"Master Series - Strap On Mask\" \/>\n<meta property=\"og:description\" content=\"Hvort sem \u00fe\u00fa vilt nota hana sem ni\u00f0url\u00e6gingat\u00f3l e\u00f0a fyrir una\u00f0 \u00fe\u00e1 eru m\u00f6guleikarnir me\u00f0 \u00feessari endalausar.\" \/>\n<meta property=\"og:url\" content=\"https:\/\/amina.is\/en\/verslun\/blaeti\/grimurosvfrv\/master-series-strap-on-mask\/\" \/>\n<meta property=\"og:site_name\" content=\"Amina\" \/>\n<meta property=\"article:publisher\" content=\"https:\/\/m.facebook.com\/AMINA-100767148840241\/\" \/>\n<meta property=\"article:modified_time\" content=\"2023-03-01T19:47:41+00:00\" \/>\n<meta property=\"og:image\" content=\"https:\/\/amina.is\/wp-content\/uploads\/2021\/11\/strap-on-mask.jpg\" \/>\n\t<meta property=\"og:image:width\" content=\"1000\" \/>\n\t<meta property=\"og:image:height\" content=\"1000\" \/>\n\t<meta property=\"og:image:type\" content=\"image\/jpeg\" \/>\n<meta name=\"twitter:card\" content=\"summary_large_image\" \/>\n<meta name=\"twitter:label1\" content=\"Est. reading time\" \/>\n\t<meta name=\"twitter:data1\" content=\"1 minute\" \/>\n<script type=\"application\/ld+json\" class=\"yoast-schema-graph\">{\"@context\":\"https:\\\/\\\/schema.org\",\"@graph\":[{\"@type\":\"WebPage\",\"@id\":\"https:\\\/\\\/amina.is\\\/verslun\\\/blaeti\\\/grimurosvfrv\\\/master-series-strap-on-mask\\\/\",\"url\":\"https:\\\/\\\/amina.is\\\/verslun\\\/blaeti\\\/grimurosvfrv\\\/master-series-strap-on-mask\\\/\",\"name\":\"Master Series - Strap On Mask &#8211; Amina\",\"isPartOf\":{\"@id\":\"https:\\\/\\\/amina.is\\\/#website\"},\"primaryImageOfPage\":{\"@id\":\"https:\\\/\\\/amina.is\\\/verslun\\\/blaeti\\\/grimurosvfrv\\\/master-series-strap-on-mask\\\/#primaryimage\"},\"image\":{\"@id\":\"https:\\\/\\\/amina.is\\\/verslun\\\/blaeti\\\/grimurosvfrv\\\/master-series-strap-on-mask\\\/#primaryimage\"},\"thumbnailUrl\":\"https:\\\/\\\/amina.is\\\/wp-content\\\/uploads\\\/2021\\\/11\\\/strap-on-mask.jpg\",\"datePublished\":\"2021-11-08T19:30:47+00:00\",\"dateModified\":\"2023-03-01T19:47:41+00:00\",\"breadcrumb\":{\"@id\":\"https:\\\/\\\/amina.is\\\/verslun\\\/blaeti\\\/grimurosvfrv\\\/master-series-strap-on-mask\\\/#breadcrumb\"},\"inLanguage\":\"en-US\",\"potentialAction\":[{\"@type\":\"ReadAction\",\"target\":[\"https:\\\/\\\/amina.is\\\/verslun\\\/blaeti\\\/grimurosvfrv\\\/master-series-strap-on-mask\\\/\"]}]},{\"@type\":\"ImageObject\",\"inLanguage\":\"en-US\",\"@id\":\"https:\\\/\\\/amina.is\\\/verslun\\\/blaeti\\\/grimurosvfrv\\\/master-series-strap-on-mask\\\/#primaryimage\",\"url\":\"https:\\\/\\\/amina.is\\\/wp-content\\\/uploads\\\/2021\\\/11\\\/strap-on-mask.jpg\",\"contentUrl\":\"https:\\\/\\\/amina.is\\\/wp-content\\\/uploads\\\/2021\\\/11\\\/strap-on-mask.jpg\",\"width\":1000,\"height\":1000},{\"@type\":\"BreadcrumbList\",\"@id\":\"https:\\\/\\\/amina.is\\\/verslun\\\/blaeti\\\/grimurosvfrv\\\/master-series-strap-on-mask\\\/#breadcrumb\",\"itemListElement\":[{\"@type\":\"ListItem\",\"position\":1,\"name\":\"Home\",\"item\":\"https:\\\/\\\/amina.is\\\/\"},{\"@type\":\"ListItem\",\"position\":2,\"name\":\"Verslun\",\"item\":\"https:\\\/\\\/amina.is\\\/verslun\\\/\"},{\"@type\":\"ListItem\",\"position\":3,\"name\":\"Master Series &#8211; Strap On Mask\"}]},{\"@type\":\"WebSite\",\"@id\":\"https:\\\/\\\/amina.is\\\/#website\",\"url\":\"https:\\\/\\\/amina.is\\\/\",\"name\":\"Amina\",\"description\":\"Feeling is everything - Una\u00f0sv\u00f6rur fyrir alla\",\"publisher\":{\"@id\":\"https:\\\/\\\/amina.is\\\/#organization\"},\"potentialAction\":[{\"@type\":\"SearchAction\",\"target\":{\"@type\":\"EntryPoint\",\"urlTemplate\":\"https:\\\/\\\/amina.is\\\/?s={search_term_string}\"},\"query-input\":{\"@type\":\"PropertyValueSpecification\",\"valueRequired\":true,\"valueName\":\"search_term_string\"}}],\"inLanguage\":\"en-US\"},{\"@type\":\"Organization\",\"@id\":\"https:\\\/\\\/amina.is\\\/#organization\",\"name\":\"Amina\",\"url\":\"https:\\\/\\\/amina.is\\\/\",\"logo\":{\"@type\":\"ImageObject\",\"inLanguage\":\"en-US\",\"@id\":\"https:\\\/\\\/amina.is\\\/#\\\/schema\\\/logo\\\/image\\\/\",\"url\":\"https:\\\/\\\/amina.is\\\/wp-content\\\/uploads\\\/2021\\\/09\\\/logo.png\",\"contentUrl\":\"https:\\\/\\\/amina.is\\\/wp-content\\\/uploads\\\/2021\\\/09\\\/logo.png\",\"width\":1790,\"height\":464,\"caption\":\"Amina\"},\"image\":{\"@id\":\"https:\\\/\\\/amina.is\\\/#\\\/schema\\\/logo\\\/image\\\/\"},\"sameAs\":[\"https:\\\/\\\/m.facebook.com\\\/AMINA-100767148840241\\\/\",\"https:\\\/\\\/www.instagram.com\\\/aminaverslun\\\/\"]}]}<\/script>\n<!-- \/ Yoast SEO Premium plugin. -->","yoast_head_json":{"title":"Master Series - Strap On Mask &#8211; Amina","robots":{"index":"index","follow":"follow","max-snippet":"max-snippet:-1","max-image-preview":"max-image-preview:large","max-video-preview":"max-video-preview:-1"},"canonical":"https:\/\/amina.is\/en\/verslun\/blaeti\/grimurosvfrv\/master-series-strap-on-mask\/","og_locale":"en_US","og_type":"article","og_title":"Master Series - Strap On Mask","og_description":"Hvort sem \u00fe\u00fa vilt nota hana sem ni\u00f0url\u00e6gingat\u00f3l e\u00f0a fyrir una\u00f0 \u00fe\u00e1 eru m\u00f6guleikarnir me\u00f0 \u00feessari endalausar.","og_url":"https:\/\/amina.is\/en\/verslun\/blaeti\/grimurosvfrv\/master-series-strap-on-mask\/","og_site_name":"Amina","article_publisher":"https:\/\/m.facebook.com\/AMINA-100767148840241\/","article_modified_time":"2023-03-01T19:47:41+00:00","og_image":[{"width":1000,"height":1000,"url":"https:\/\/amina.is\/wp-content\/uploads\/2021\/11\/strap-on-mask.jpg","type":"image\/jpeg"}],"twitter_card":"summary_large_image","twitter_misc":{"Est. reading time":"1 minute"},"schema":{"@context":"https:\/\/schema.org","@graph":[{"@type":"WebPage","@id":"https:\/\/amina.is\/verslun\/blaeti\/grimurosvfrv\/master-series-strap-on-mask\/","url":"https:\/\/amina.is\/verslun\/blaeti\/grimurosvfrv\/master-series-strap-on-mask\/","name":"Master Series - Strap On Mask &#8211; Amina","isPartOf":{"@id":"https:\/\/amina.is\/#website"},"primaryImageOfPage":{"@id":"https:\/\/amina.is\/verslun\/blaeti\/grimurosvfrv\/master-series-strap-on-mask\/#primaryimage"},"image":{"@id":"https:\/\/amina.is\/verslun\/blaeti\/grimurosvfrv\/master-series-strap-on-mask\/#primaryimage"},"thumbnailUrl":"https:\/\/amina.is\/wp-content\/uploads\/2021\/11\/strap-on-mask.jpg","datePublished":"2021-11-08T19:30:47+00:00","dateModified":"2023-03-01T19:47:41+00:00","breadcrumb":{"@id":"https:\/\/amina.is\/verslun\/blaeti\/grimurosvfrv\/master-series-strap-on-mask\/#breadcrumb"},"inLanguage":"en-US","potentialAction":[{"@type":"ReadAction","target":["https:\/\/amina.is\/verslun\/blaeti\/grimurosvfrv\/master-series-strap-on-mask\/"]}]},{"@type":"ImageObject","inLanguage":"en-US","@id":"https:\/\/amina.is\/verslun\/blaeti\/grimurosvfrv\/master-series-strap-on-mask\/#primaryimage","url":"https:\/\/amina.is\/wp-content\/uploads\/2021\/11\/strap-on-mask.jpg","contentUrl":"https:\/\/amina.is\/wp-content\/uploads\/2021\/11\/strap-on-mask.jpg","width":1000,"height":1000},{"@type":"BreadcrumbList","@id":"https:\/\/amina.is\/verslun\/blaeti\/grimurosvfrv\/master-series-strap-on-mask\/#breadcrumb","itemListElement":[{"@type":"ListItem","position":1,"name":"Home","item":"https:\/\/amina.is\/"},{"@type":"ListItem","position":2,"name":"Verslun","item":"https:\/\/amina.is\/verslun\/"},{"@type":"ListItem","position":3,"name":"Master Series &#8211; Strap On Mask"}]},{"@type":"WebSite","@id":"https:\/\/amina.is\/#website","url":"https:\/\/amina.is\/","name":"Amina","description":"Feeling is everything - Una\u00f0sv\u00f6rur fyrir alla","publisher":{"@id":"https:\/\/amina.is\/#organization"},"potentialAction":[{"@type":"SearchAction","target":{"@type":"EntryPoint","urlTemplate":"https:\/\/amina.is\/?s={search_term_string}"},"query-input":{"@type":"PropertyValueSpecification","valueRequired":true,"valueName":"search_term_string"}}],"inLanguage":"en-US"},{"@type":"Organization","@id":"https:\/\/amina.is\/#organization","name":"Amina","url":"https:\/\/amina.is\/","logo":{"@type":"ImageObject","inLanguage":"en-US","@id":"https:\/\/amina.is\/#\/schema\/logo\/image\/","url":"https:\/\/amina.is\/wp-content\/uploads\/2021\/09\/logo.png","contentUrl":"https:\/\/amina.is\/wp-content\/uploads\/2021\/09\/logo.png","width":1790,"height":464,"caption":"Amina"},"image":{"@id":"https:\/\/amina.is\/#\/schema\/logo\/image\/"},"sameAs":["https:\/\/m.facebook.com\/AMINA-100767148840241\/","https:\/\/www.instagram.com\/aminaverslun\/"]}]}},"_links":{"self":[{"href":"https:\/\/amina.is\/en\/wp-json\/wp\/v2\/product\/10002","targetHints":{"allow":["GET"]}}],"collection":[{"href":"https:\/\/amina.is\/en\/wp-json\/wp\/v2\/product"}],"about":[{"href":"https:\/\/amina.is\/en\/wp-json\/wp\/v2\/types\/product"}],"version-history":[{"count":3,"href":"https:\/\/amina.is\/en\/wp-json\/wp\/v2\/product\/10002\/revisions"}],"predecessor-version":[{"id":10226,"href":"https:\/\/amina.is\/en\/wp-json\/wp\/v2\/product\/10002\/revisions\/10226"}],"wp:featuredmedia":[{"embeddable":true,"href":"https:\/\/amina.is\/en\/wp-json\/wp\/v2\/media\/10225"}],"wp:attachment":[{"href":"https:\/\/amina.is\/en\/wp-json\/wp\/v2\/media?parent=10002"}],"wp:term":[{"taxonomy":"product_brand","embeddable":true,"href":"https:\/\/amina.is\/en\/wp-json\/wp\/v2\/product_brand?post=10002"},{"taxonomy":"product_cat","embeddable":true,"href":"https:\/\/amina.is\/en\/wp-json\/wp\/v2\/product_cat?post=10002"},{"taxonomy":"product_tag","embeddable":true,"href":"https:\/\/amina.is\/en\/wp-json\/wp\/v2\/product_tag?post=10002"}],"curies":[{"name":"wp","href":"https:\/\/api.w.org\/{rel}","templated":true}]}}