{"id":5498,"date":"2021-03-13T18:52:57","date_gmt":"2021-03-13T18:52:57","guid":{"rendered":"http:\/\/amina.web14.vefold.is\/?page_id=5498"},"modified":"2024-01-13T18:37:52","modified_gmt":"2024-01-13T18:37:52","slug":"skilmalar","status":"publish","type":"page","link":"https:\/\/amina.is\/en\/skilmalar\/","title":{"rendered":"Skilm\u00e1lar"},"content":{"rendered":"<div data-elementor-type=\"wp-page\" data-elementor-id=\"5498\" class=\"elementor elementor-5498\" data-elementor-post-type=\"page\">\n\t\t\t\t\t\t<section class=\"elementor-section elementor-top-section elementor-element elementor-element-56b3067 elementor-section-boxed elementor-section-height-default elementor-section-height-default\" data-id=\"56b3067\" data-element_type=\"section\" data-e-type=\"section\">\n\t\t\t\t\t\t<div class=\"elementor-container elementor-column-gap-wide\">\n\t\t\t\t\t<div class=\"elementor-column elementor-col-50 elementor-top-column elementor-element elementor-element-cc3710a\" data-id=\"cc3710a\" data-element_type=\"column\" data-e-type=\"column\">\n\t\t\t<div class=\"elementor-widget-wrap elementor-element-populated\">\n\t\t\t\t\t\t<div class=\"elementor-element elementor-element-7288b18 elementor-widget elementor-widget-heading\" data-id=\"7288b18\" data-element_type=\"widget\" data-e-type=\"widget\" data-widget_type=\"heading.default\">\n\t\t\t\t<div class=\"elementor-widget-container\">\n\t\t\t\t\t<h2 class=\"elementor-heading-title elementor-size-default\">Skilm\u00e1lar<\/h2>\t\t\t\t<\/div>\n\t\t\t\t<\/div>\n\t\t\t\t<div class=\"elementor-element elementor-element-3f96277 elementor-widget elementor-widget-text-editor\" data-id=\"3f96277\" data-element_type=\"widget\" data-e-type=\"widget\" data-widget_type=\"text-editor.default\">\n\t\t\t\t<div class=\"elementor-widget-container\">\n\t\t\t\t\t\t\t\t\t<p>Vaikee ehf sem \u00e1 og rekur <a href=\"https:\/\/amina.is\/en\/\">amina.is<\/a> \u00e1skilur s\u00e9r r\u00e9tt til a\u00f0 h\u00e6tta vi\u00f0 pantanir ef t.d. uppgefi\u00f0 ver\u00f0 \u00ed vefverslun er rangt e\u00f0a r\u00f6ng lagersta\u00f0a skr\u00e1\u00f0 \u00e1 s\u00ed\u00f0u. Vi\u00f0 \u00e1skiljum okkur einnig r\u00e9tt til \u00feess a\u00f0 taka v\u00f6ru fyrirvaralaust \u00far s\u00f6lu og breyta v\u00f6ru\u00farvali eftir hentugleika. Vi\u00f0skiptavinum er \u00f3heimilt a\u00f0 endurselja v\u00f6rur sem keyptar eru hj\u00e1 Vaikee ehf.<\/p>\t\t\t\t\t\t\t\t<\/div>\n\t\t\t\t<\/div>\n\t\t\t\t\t<\/div>\n\t\t<\/div>\n\t\t\t\t<div class=\"elementor-column elementor-col-50 elementor-top-column elementor-element elementor-element-816227d\" data-id=\"816227d\" data-element_type=\"column\" data-e-type=\"column\">\n\t\t\t<div class=\"elementor-widget-wrap elementor-element-populated\">\n\t\t\t\t\t\t<div class=\"elementor-element elementor-element-0b14bfe elementor-widget elementor-widget-heading\" data-id=\"0b14bfe\" data-element_type=\"widget\" data-e-type=\"widget\" data-widget_type=\"heading.default\">\n\t\t\t\t<div class=\"elementor-widget-container\">\n\t\t\t\t\t<h2 class=\"elementor-heading-title elementor-size-default\">Afhending v\u00f6ru<\/h2>\t\t\t\t<\/div>\n\t\t\t\t<\/div>\n\t\t\t\t<div class=\"elementor-element elementor-element-cb309a8 elementor-widget elementor-widget-text-editor\" data-id=\"cb309a8\" data-element_type=\"widget\" data-e-type=\"widget\" data-widget_type=\"text-editor.default\">\n\t\t\t\t<div class=\"elementor-widget-container\">\n\t\t\t\t\t\t\t\t\t<p>Allar v\u00f6rur eru afgreiddar n\u00e6sta virka dag eftir p\u00f6ntun. S\u00e9 varan ekki til \u00e1 lager mun \u00fej\u00f3nustufulltr\u00fai hafa samband og tilkynna um \u00e1\u00e6tla\u00f0an afhendingart\u00edma v\u00f6runnar. \u00d6llum p\u00f6ntunum er dreift af \u00cdslandsp\u00f3sti og gilda afhendingar-, \u00e1byrg\u00f0ar og flutningsskilm\u00e1lar \u00cdslandsp\u00f3sts um afhendingu v\u00f6runnar. Vaikee ehf ber samkv\u00e6mt \u00feessu enga \u00e1byrg\u00f0 \u00e1 tj\u00f3ni sem kann a\u00f0 ver\u00f0a \u00e1 v\u00f6ru \u00ed flutningi. Ver\u00f0i vara fyrir tj\u00f3ni fr\u00e1 \u00fev\u00ed a\u00f0 h\u00fan er send fr\u00e1 Vaikee ehf til kaupanda er tj\u00f3ni\u00f0 \u00e1 \u00e1byrg\u00f0 kaupanda.\u00a0<\/p>\t\t\t\t\t\t\t\t<\/div>\n\t\t\t\t<\/div>\n\t\t\t\t\t<\/div>\n\t\t<\/div>\n\t\t\t\t\t<\/div>\n\t\t<\/section>\n\t\t\t\t<section class=\"elementor-section elementor-top-section elementor-element elementor-element-74fd7d8 elementor-section-boxed elementor-section-height-default elementor-section-height-default\" data-id=\"74fd7d8\" data-element_type=\"section\" data-e-type=\"section\">\n\t\t\t\t\t\t<div class=\"elementor-container elementor-column-gap-wide\">\n\t\t\t\t\t<div class=\"elementor-column elementor-col-50 elementor-top-column elementor-element elementor-element-c548f5e\" data-id=\"c548f5e\" data-element_type=\"column\" data-e-type=\"column\">\n\t\t\t<div class=\"elementor-widget-wrap elementor-element-populated\">\n\t\t\t\t\t\t<div class=\"elementor-element elementor-element-7de1868 elementor-widget elementor-widget-heading\" data-id=\"7de1868\" data-element_type=\"widget\" data-e-type=\"widget\" data-widget_type=\"heading.default\">\n\t\t\t\t<div class=\"elementor-widget-container\">\n\t\t\t\t\t<h2 class=\"elementor-heading-title elementor-size-default\">Sendingarm\u00f6guleikar<\/h2>\t\t\t\t<\/div>\n\t\t\t\t<\/div>\n\t\t\t\t<div class=\"elementor-element elementor-element-15888d5 elementor-widget elementor-widget-text-editor\" data-id=\"15888d5\" data-element_type=\"widget\" data-e-type=\"widget\" data-widget_type=\"text-editor.default\">\n\t\t\t\t<div class=\"elementor-widget-container\">\n\t\t\t\t\t\t\t\t\t<p>Sendingarkostna\u00f0ur b\u00e6tist vi\u00f0 ver\u00f0 v\u00f6ru \u00ed lok kaupferils og \u00e1\u00f0ur en grei\u00f0sla fer fram.<\/p><p><strong>Allar v\u00f6rur eru sendar \u00ed \u00f3merktum umb\u00fa\u00f0um me\u00f0 \u00cdslandsp\u00f3sti. Afhendingart\u00edmi er 2-3 virkir dagar.<\/strong><\/p>\t\t\t\t\t\t\t\t<\/div>\n\t\t\t\t<\/div>\n\t\t\t\t\t<\/div>\n\t\t<\/div>\n\t\t\t\t<div class=\"elementor-column elementor-col-50 elementor-top-column elementor-element elementor-element-58fd92c\" data-id=\"58fd92c\" data-element_type=\"column\" data-e-type=\"column\">\n\t\t\t<div class=\"elementor-widget-wrap elementor-element-populated\">\n\t\t\t\t\t\t<div class=\"elementor-element elementor-element-2d86419 elementor-widget elementor-widget-heading\" data-id=\"2d86419\" data-element_type=\"widget\" data-e-type=\"widget\" data-widget_type=\"heading.default\">\n\t\t\t\t<div class=\"elementor-widget-container\">\n\t\t\t\t\t<h2 class=\"elementor-heading-title elementor-size-default\">Grei\u00f0slum\u00e1ti<\/h2>\t\t\t\t<\/div>\n\t\t\t\t<\/div>\n\t\t\t\t<div class=\"elementor-element elementor-element-1157e0c elementor-widget elementor-widget-text-editor\" data-id=\"1157e0c\" data-element_type=\"widget\" data-e-type=\"widget\" data-widget_type=\"text-editor.default\">\n\t\t\t\t<div class=\"elementor-widget-container\">\n\t\t\t\t\t\t\t\t\t<p>Vefverslun Aminu tekur \u00e1 m\u00f3ti debet og kreditkortum, Netg\u00edr\u00f3 og Pei grei\u00f0slum.<\/p><p>Vi\u00f0skiptavinir f\u00e1 senda sta\u00f0festingu \u00feegar grei\u00f0sla hefur borist og p\u00f6ntun ver\u00f0ur send.<\/p>\t\t\t\t\t\t\t\t<\/div>\n\t\t\t\t<\/div>\n\t\t\t\t\t<\/div>\n\t\t<\/div>\n\t\t\t\t\t<\/div>\n\t\t<\/section>\n\t\t\t\t<section class=\"elementor-section elementor-top-section elementor-element elementor-element-1484d58 elementor-section-boxed elementor-section-height-default elementor-section-height-default\" data-id=\"1484d58\" data-element_type=\"section\" data-e-type=\"section\">\n\t\t\t\t\t\t<div class=\"elementor-container elementor-column-gap-wide\">\n\t\t\t\t\t<div class=\"elementor-column elementor-col-50 elementor-top-column elementor-element elementor-element-79c71d5\" data-id=\"79c71d5\" data-element_type=\"column\" data-e-type=\"column\">\n\t\t\t<div class=\"elementor-widget-wrap elementor-element-populated\">\n\t\t\t\t\t\t<div class=\"elementor-element elementor-element-fc1c792 elementor-widget elementor-widget-heading\" data-id=\"fc1c792\" data-element_type=\"widget\" data-e-type=\"widget\" data-widget_type=\"heading.default\">\n\t\t\t\t<div class=\"elementor-widget-container\">\n\t\t\t\t\t<h2 class=\"elementor-heading-title elementor-size-default\">\u00c1byrg\u00f0 \u00e1 v\u00f6ru<\/h2>\t\t\t\t<\/div>\n\t\t\t\t<\/div>\n\t\t\t\t<div class=\"elementor-element elementor-element-06d0df0 elementor-widget elementor-widget-text-editor\" data-id=\"06d0df0\" data-element_type=\"widget\" data-e-type=\"widget\" data-widget_type=\"text-editor.default\">\n\t\t\t\t<div class=\"elementor-widget-container\">\n\t\t\t\t\t\t\t\t\t<p class=\"p1\"><span class=\"s1\">\u00c1byrg\u00f0 \u00e1 v\u00f6rum sem innihalda rafb\u00fana\u00f0 er \u00ed samr\u00e6mi vi\u00f0 l\u00f6g um neytendakaup og mi\u00f0ast vi\u00f0 dagsetningu kaupa til einstaklinga. \u00c1byrg\u00f0in n\u00e6r ekki til e\u00f0lilegs slits e\u00f0a notkunar \u00e1 v\u00f6ru. <\/span>A\u00f0rar v\u00f6rur eins og fatna\u00f0ur og krem eru me\u00f0 14 daga \u00e1byrg\u00f0.\u00a0<\/p><p class=\"p1\">\u00c1byrg\u00f0 n\u00e6r yfir framlei\u00f0slugalla svo sem rof \u00e1 tengingu vi\u00f0 takka e\u00f0a m\u00f3tor.\u00a0\u00c1byrg\u00f0 n\u00e6r ekki yfir raka skemmdir, h\u00f6gg skemmdir, rafhl\u00f6\u00f0u e\u00f0a \u00fatlits skemmdir.\u00a0<\/p><p class=\"p1\">V\u00f6rur \u00far Outlet hluta verslunarinnar eru seldar \u00e1n \u00e1byrg\u00f0ar. Ef vara reynist g\u00f6llu\u00f0 er v\u00f6runni skipt \u00fat fyrir s\u00f6mu e\u00f0a samb\u00e6rilega v\u00f6ru. Athugi\u00f0 a\u00f0 ekki m\u00e1 nota sil\u00edkon sleipiefni me\u00f0 sil\u00edkon v\u00f6rum nema sl\u00edkt s\u00e9 s\u00e9rstaklega teki\u00f0 fram. S\u00e9 sil\u00edkon sleipiefni nota\u00f0 me\u00f0 sil\u00edkon v\u00f6ru dettur varan \u00far \u00e1byrg\u00f0.<\/p>\t\t\t\t\t\t\t\t<\/div>\n\t\t\t\t<\/div>\n\t\t\t\t\t<\/div>\n\t\t<\/div>\n\t\t\t\t<div class=\"elementor-column elementor-col-50 elementor-top-column elementor-element elementor-element-b41eee9\" data-id=\"b41eee9\" data-element_type=\"column\" data-e-type=\"column\">\n\t\t\t<div class=\"elementor-widget-wrap elementor-element-populated\">\n\t\t\t\t\t\t<div class=\"elementor-element elementor-element-3b994d1 elementor-widget elementor-widget-heading\" data-id=\"3b994d1\" data-element_type=\"widget\" data-e-type=\"widget\" data-widget_type=\"heading.default\">\n\t\t\t\t<div class=\"elementor-widget-container\">\n\t\t\t\t\t<h2 class=\"elementor-heading-title elementor-size-default\">Skilafrestur<\/h2>\t\t\t\t<\/div>\n\t\t\t\t<\/div>\n\t\t\t\t<div class=\"elementor-element elementor-element-3295cd7 elementor-widget elementor-widget-text-editor\" data-id=\"3295cd7\" data-element_type=\"widget\" data-e-type=\"widget\" data-widget_type=\"text-editor.default\">\n\t\t\t\t<div class=\"elementor-widget-container\">\n\t\t\t\t\t\t\t\t\t<p>Kaupandi hefur 14 daga til a\u00f0 h\u00e6tta vi\u00f0 kaupin a\u00f0 \u00fev\u00ed tilskildu a\u00f0 hann hafi ekki nota\u00f0 v\u00f6runa, henni s\u00e9 skila\u00f0 \u00ed g\u00f3\u00f0u lagi og \u00ed \u00f3uppteknum upprunalegum umb\u00fa\u00f0um. Ef vara er innsiglu\u00f0 m\u00e1 ekki rj\u00fafa innsigli\u00f0. Fresturinn byrjar a\u00f0 l\u00ed\u00f0a \u00feegar varan er afhent skr\u00e1\u00f0um vi\u00f0takanda.<\/p><p>Kvittun fyrir v\u00f6rukaupunum \u00fearf a\u00f0 fylgja me\u00f0. Endurgrei\u00f0sla er veitt a\u00f0 fullu e\u00f0a afhending \u00e1 samb\u00e6rilegri v\u00f6ru \u00f3ski kaupandi eftir \u00fev\u00ed innan 14 daga. Kaupandi endursendir v\u00f6ru \u00e1 sinn kostna\u00f0.<\/p>\t\t\t\t\t\t\t\t<\/div>\n\t\t\t\t<\/div>\n\t\t\t\t\t<\/div>\n\t\t<\/div>\n\t\t\t\t\t<\/div>\n\t\t<\/section>\n\t\t\t\t<section class=\"elementor-section elementor-top-section elementor-element elementor-element-6a576f8 elementor-section-boxed elementor-section-height-default elementor-section-height-default\" data-id=\"6a576f8\" data-element_type=\"section\" data-e-type=\"section\">\n\t\t\t\t\t\t<div class=\"elementor-container elementor-column-gap-wide\">\n\t\t\t\t\t<div class=\"elementor-column elementor-col-50 elementor-top-column elementor-element elementor-element-396dd39\" data-id=\"396dd39\" data-element_type=\"column\" data-e-type=\"column\">\n\t\t\t<div class=\"elementor-widget-wrap elementor-element-populated\">\n\t\t\t\t\t\t<div class=\"elementor-element elementor-element-6b67fc7 elementor-widget elementor-widget-heading\" data-id=\"6b67fc7\" data-element_type=\"widget\" data-e-type=\"widget\" data-widget_type=\"heading.default\">\n\t\t\t\t<div class=\"elementor-widget-container\">\n\t\t\t\t\t<h2 class=\"elementor-heading-title elementor-size-default\">Tr\u00fana\u00f0ur<\/h2>\t\t\t\t<\/div>\n\t\t\t\t<\/div>\n\t\t\t\t<div class=\"elementor-element elementor-element-3366a2c elementor-widget elementor-widget-text-editor\" data-id=\"3366a2c\" data-element_type=\"widget\" data-e-type=\"widget\" data-widget_type=\"text-editor.default\">\n\t\t\t\t<div class=\"elementor-widget-container\">\n\t\t\t\t\t\t\t\t\t<p class=\"p1\">Seljandi heitir kaupanda fullum tr\u00fana\u00f0i um allar \u00fe\u00e6r uppl\u00fdsingar sem kaupandi gefur upp \u00ed tengslum vi\u00f0 vi\u00f0skiptin. Vaikee ehf (<a href=\"https:\/\/amina.is\/en\/\"><span class=\"s1\">amina.is)<\/span><\/a>\u00a0deilir ekki undir neinum kringumst\u00e6\u00f0um uppl\u00fdsingum me\u00f0 \u00feri\u00f0ja a\u00f0ila.<\/p>\t\t\t\t\t\t\t\t<\/div>\n\t\t\t\t<\/div>\n\t\t\t\t\t<\/div>\n\t\t<\/div>\n\t\t\t\t<div class=\"elementor-column elementor-col-50 elementor-top-column elementor-element elementor-element-0b3a04a\" data-id=\"0b3a04a\" data-element_type=\"column\" data-e-type=\"column\">\n\t\t\t<div class=\"elementor-widget-wrap elementor-element-populated\">\n\t\t\t\t\t\t<div class=\"elementor-element elementor-element-47c87af elementor-widget elementor-widget-heading\" data-id=\"47c87af\" data-element_type=\"widget\" data-e-type=\"widget\" data-widget_type=\"heading.default\">\n\t\t\t\t<div class=\"elementor-widget-container\">\n\t\t\t\t\t<h2 class=\"elementor-heading-title elementor-size-default\">\u00d6ryggi<\/h2>\t\t\t\t<\/div>\n\t\t\t\t<\/div>\n\t\t\t\t<div class=\"elementor-element elementor-element-9c5d2da elementor-widget elementor-widget-text-editor\" data-id=\"9c5d2da\" data-element_type=\"widget\" data-e-type=\"widget\" data-widget_type=\"text-editor.default\">\n\t\t\t\t<div class=\"elementor-widget-container\">\n\t\t\t\t\t\t\t\t\t<p class=\"p1\">\u00dea\u00f0 er \u00f6ruggt a\u00f0 versla \u00ed vefverslun amina.is.\u00a0Grei\u00f0slur me\u00f0 grei\u00f0slukortum fara \u00ed gegnum \u00f6rugga grei\u00f0slus\u00ed\u00f0u Rapyd. Fari\u00f0 er me\u00f0 \u00f6ll g\u00f6gn og uppl\u00fdsingar sem tr\u00fana\u00f0arm\u00e1l. G\u00f6gn og uppl\u00fdsingar eru ekki afhentar til \u00feri\u00f0ja a\u00f0ila.<\/p>\t\t\t\t\t\t\t\t<\/div>\n\t\t\t\t<\/div>\n\t\t\t\t\t<\/div>\n\t\t<\/div>\n\t\t\t\t\t<\/div>\n\t\t<\/section>\n\t\t\t\t<section class=\"elementor-section elementor-top-section elementor-element elementor-element-7f233a0 elementor-section-boxed elementor-section-height-default elementor-section-height-default\" data-id=\"7f233a0\" data-element_type=\"section\" data-e-type=\"section\">\n\t\t\t\t\t\t<div class=\"elementor-container elementor-column-gap-wide\">\n\t\t\t\t\t<div class=\"elementor-column elementor-col-50 elementor-top-column elementor-element elementor-element-b0701da\" data-id=\"b0701da\" data-element_type=\"column\" data-e-type=\"column\">\n\t\t\t<div class=\"elementor-widget-wrap elementor-element-populated\">\n\t\t\t\t\t\t<div class=\"elementor-element elementor-element-c6fd001 elementor-widget elementor-widget-heading\" data-id=\"c6fd001\" data-element_type=\"widget\" data-e-type=\"widget\" data-widget_type=\"heading.default\">\n\t\t\t\t<div class=\"elementor-widget-container\">\n\t\t\t\t\t<h2 class=\"elementor-heading-title elementor-size-default\">Varnar\u00feing<\/h2>\t\t\t\t<\/div>\n\t\t\t\t<\/div>\n\t\t\t\t<div class=\"elementor-element elementor-element-c832297 elementor-widget elementor-widget-text-editor\" data-id=\"c832297\" data-element_type=\"widget\" data-e-type=\"widget\" data-widget_type=\"text-editor.default\">\n\t\t\t\t<div class=\"elementor-widget-container\">\n\t\t\t\t\t\t\t\t\t<p class=\"p1\">\u00c1kv\u00e6\u00f0i og skilm\u00e1la \u00feessa ber a\u00f0 t\u00falka \u00ed samr\u00e6mi vi\u00f0 \u00edslensk l\u00f6g. Komi upp \u00e1greiningur e\u00f0a telji einhver a\u00f0 hann eigi kr\u00f6fu \u00e1 hendur www.amina.is \u00e1 grundvelli \u00e1kv\u00e6\u00f0a og skilm\u00e1la, ver\u00f0ur sl\u00edkum \u00e1greiningi e\u00f0a kr\u00f6fu v\u00edsa\u00f0 til me\u00f0fer\u00f0ar hj\u00e1 \u00edslenskum d\u00f3mst\u00f3lum.<\/p>\t\t\t\t\t\t\t\t<\/div>\n\t\t\t\t<\/div>\n\t\t\t\t\t<\/div>\n\t\t<\/div>\n\t\t\t\t<div class=\"elementor-column elementor-col-50 elementor-top-column elementor-element elementor-element-ee3026f\" data-id=\"ee3026f\" data-element_type=\"column\" data-e-type=\"column\">\n\t\t\t<div class=\"elementor-widget-wrap elementor-element-populated\">\n\t\t\t\t\t\t<div class=\"elementor-element elementor-element-7c6df11 elementor-widget elementor-widget-heading\" data-id=\"7c6df11\" data-element_type=\"widget\" data-e-type=\"widget\" data-widget_type=\"heading.default\">\n\t\t\t\t<div class=\"elementor-widget-container\">\n\t\t\t\t\t<h2 class=\"elementor-heading-title elementor-size-default\">Notkun \u00e1 v\u00f6rum<\/h2>\t\t\t\t<\/div>\n\t\t\t\t<\/div>\n\t\t\t\t<div class=\"elementor-element elementor-element-d3d35c7 elementor-widget elementor-widget-text-editor\" data-id=\"d3d35c7\" data-element_type=\"widget\" data-e-type=\"widget\" data-widget_type=\"text-editor.default\">\n\t\t\t\t<div class=\"elementor-widget-container\">\n\t\t\t\t\t\t\t\t\t<p>Amina.is ber enga \u00e1byrg\u00f0 \u00e1 slysum e\u00f0a ska\u00f0a sem kann a\u00f0 ver\u00f0a vi\u00f0 notkun \u00e1 seldum v\u00f6rum. Kaupanda ber a\u00f0 nota v\u00f6runa \u00ed samr\u00e6mi vi\u00f0 notkunarlei\u00f0beiningum fr\u00e1 framlei\u00f0anda.<\/p><p>V\u00f6rur sem keyptar eru \u00ed v\u00f6ruflokknum &#8222;Bl\u00e6ti&#8220; skulu \u00e1valt nota\u00f0ar me\u00f0 vark\u00e1rni og almennri skynsemi \u00ed huga. Amina.is getur ekki bori\u00f0 \u00e1byrg\u00f0 \u00e1 rangri notkun \u00e1 v\u00f6rum.<\/p>\t\t\t\t\t\t\t\t<\/div>\n\t\t\t\t<\/div>\n\t\t\t\t\t<\/div>\n\t\t<\/div>\n\t\t\t\t\t<\/div>\n\t\t<\/section>\n\t\t\t\t<\/div>","protected":false},"excerpt":{"rendered":"<p>Skilm\u00e1lar Vaikee ehf sem \u00e1 og rekur amina.is \u00e1skilur s\u00e9r r\u00e9tt til a\u00f0 h\u00e6tta vi\u00f0 pantanir ef t.d. uppgefi\u00f0 ver\u00f0 \u00ed vefverslun er rangt e\u00f0a r\u00f6ng lagersta\u00f0a skr\u00e1\u00f0 \u00e1 s\u00ed\u00f0u. Vi\u00f0 \u00e1skiljum okkur einnig r\u00e9tt til \u00feess a\u00f0 taka v\u00f6ru fyrirvaralaust \u00far s\u00f6lu og breyta v\u00f6ru\u00farvali eftir hentugleika. Vi\u00f0skiptavinum er \u00f3heimilt a\u00f0 endurselja v\u00f6rur sem [&hellip;]<\/p>\n","protected":false},"author":3,"featured_media":0,"parent":0,"menu_order":0,"comment_status":"closed","ping_status":"closed","template":"","meta":{"inline_featured_image":false,"footnotes":""},"class_list":["post-5498","page","type-page","status-publish","hentry"],"yoast_head":"<!-- This site is optimized with the Yoast SEO Premium plugin v21.6 (Yoast SEO v27.4) - https:\/\/yoast.com\/product\/yoast-seo-premium-wordpress\/ -->\n<title>Skilm\u00e1lar &#8211; Amina<\/title>\n<meta name=\"robots\" content=\"index, follow, max-snippet:-1, max-image-preview:large, max-video-preview:-1\" \/>\n<link rel=\"canonical\" href=\"https:\/\/amina.is\/en\/skilmalar\/\" \/>\n<meta property=\"og:locale\" content=\"en_US\" \/>\n<meta property=\"og:type\" content=\"article\" \/>\n<meta property=\"og:title\" content=\"Skilm\u00e1lar\" \/>\n<meta property=\"og:description\" content=\"Skilm\u00e1lar Vaikee ehf sem \u00e1 og rekur amina.is \u00e1skilur s\u00e9r r\u00e9tt til a\u00f0 h\u00e6tta vi\u00f0 pantanir ef t.d. uppgefi\u00f0 ver\u00f0 \u00ed vefverslun er rangt e\u00f0a r\u00f6ng lagersta\u00f0a skr\u00e1\u00f0 \u00e1 s\u00ed\u00f0u. Vi\u00f0 \u00e1skiljum okkur einnig r\u00e9tt til \u00feess a\u00f0 taka v\u00f6ru fyrirvaralaust \u00far s\u00f6lu og breyta v\u00f6ru\u00farvali eftir hentugleika. Vi\u00f0skiptavinum er \u00f3heimilt a\u00f0 endurselja v\u00f6rur sem [&hellip;]\" \/>\n<meta property=\"og:url\" content=\"https:\/\/amina.is\/en\/skilmalar\/\" \/>\n<meta property=\"og:site_name\" content=\"Amina\" \/>\n<meta property=\"article:publisher\" content=\"https:\/\/m.facebook.com\/AMINA-100767148840241\/\" \/>\n<meta property=\"article:modified_time\" content=\"2024-01-13T18:37:52+00:00\" \/>\n<meta name=\"twitter:card\" content=\"summary_large_image\" \/>\n<meta name=\"twitter:label1\" content=\"Est. reading time\" \/>\n\t<meta name=\"twitter:data1\" content=\"3 minutes\" \/>\n<script type=\"application\/ld+json\" class=\"yoast-schema-graph\">{\"@context\":\"https:\\\/\\\/schema.org\",\"@graph\":[{\"@type\":\"WebPage\",\"@id\":\"https:\\\/\\\/amina.is\\\/skilmalar\\\/\",\"url\":\"https:\\\/\\\/amina.is\\\/skilmalar\\\/\",\"name\":\"Skilm\u00e1lar &#8211; Amina\",\"isPartOf\":{\"@id\":\"https:\\\/\\\/amina.is\\\/#website\"},\"datePublished\":\"2021-03-13T18:52:57+00:00\",\"dateModified\":\"2024-01-13T18:37:52+00:00\",\"breadcrumb\":{\"@id\":\"https:\\\/\\\/amina.is\\\/skilmalar\\\/#breadcrumb\"},\"inLanguage\":\"en-US\",\"potentialAction\":[{\"@type\":\"ReadAction\",\"target\":[\"https:\\\/\\\/amina.is\\\/skilmalar\\\/\"]}]},{\"@type\":\"BreadcrumbList\",\"@id\":\"https:\\\/\\\/amina.is\\\/skilmalar\\\/#breadcrumb\",\"itemListElement\":[{\"@type\":\"ListItem\",\"position\":1,\"name\":\"Home\",\"item\":\"https:\\\/\\\/amina.is\\\/\"},{\"@type\":\"ListItem\",\"position\":2,\"name\":\"Skilm\u00e1lar\"}]},{\"@type\":\"WebSite\",\"@id\":\"https:\\\/\\\/amina.is\\\/#website\",\"url\":\"https:\\\/\\\/amina.is\\\/\",\"name\":\"Amina\",\"description\":\"Feeling is everything - Una\u00f0sv\u00f6rur fyrir alla\",\"publisher\":{\"@id\":\"https:\\\/\\\/amina.is\\\/#organization\"},\"potentialAction\":[{\"@type\":\"SearchAction\",\"target\":{\"@type\":\"EntryPoint\",\"urlTemplate\":\"https:\\\/\\\/amina.is\\\/?s={search_term_string}\"},\"query-input\":{\"@type\":\"PropertyValueSpecification\",\"valueRequired\":true,\"valueName\":\"search_term_string\"}}],\"inLanguage\":\"en-US\"},{\"@type\":\"Organization\",\"@id\":\"https:\\\/\\\/amina.is\\\/#organization\",\"name\":\"Amina\",\"url\":\"https:\\\/\\\/amina.is\\\/\",\"logo\":{\"@type\":\"ImageObject\",\"inLanguage\":\"en-US\",\"@id\":\"https:\\\/\\\/amina.is\\\/#\\\/schema\\\/logo\\\/image\\\/\",\"url\":\"https:\\\/\\\/amina.is\\\/wp-content\\\/uploads\\\/2021\\\/09\\\/logo.png\",\"contentUrl\":\"https:\\\/\\\/amina.is\\\/wp-content\\\/uploads\\\/2021\\\/09\\\/logo.png\",\"width\":1790,\"height\":464,\"caption\":\"Amina\"},\"image\":{\"@id\":\"https:\\\/\\\/amina.is\\\/#\\\/schema\\\/logo\\\/image\\\/\"},\"sameAs\":[\"https:\\\/\\\/m.facebook.com\\\/AMINA-100767148840241\\\/\",\"https:\\\/\\\/www.instagram.com\\\/aminaverslun\\\/\"]}]}<\/script>\n<!-- \/ Yoast SEO Premium plugin. -->","yoast_head_json":{"title":"Skilm\u00e1lar &#8211; Amina","robots":{"index":"index","follow":"follow","max-snippet":"max-snippet:-1","max-image-preview":"max-image-preview:large","max-video-preview":"max-video-preview:-1"},"canonical":"https:\/\/amina.is\/en\/skilmalar\/","og_locale":"en_US","og_type":"article","og_title":"Skilm\u00e1lar","og_description":"Skilm\u00e1lar Vaikee ehf sem \u00e1 og rekur amina.is \u00e1skilur s\u00e9r r\u00e9tt til a\u00f0 h\u00e6tta vi\u00f0 pantanir ef t.d. uppgefi\u00f0 ver\u00f0 \u00ed vefverslun er rangt e\u00f0a r\u00f6ng lagersta\u00f0a skr\u00e1\u00f0 \u00e1 s\u00ed\u00f0u. Vi\u00f0 \u00e1skiljum okkur einnig r\u00e9tt til \u00feess a\u00f0 taka v\u00f6ru fyrirvaralaust \u00far s\u00f6lu og breyta v\u00f6ru\u00farvali eftir hentugleika. Vi\u00f0skiptavinum er \u00f3heimilt a\u00f0 endurselja v\u00f6rur sem [&hellip;]","og_url":"https:\/\/amina.is\/en\/skilmalar\/","og_site_name":"Amina","article_publisher":"https:\/\/m.facebook.com\/AMINA-100767148840241\/","article_modified_time":"2024-01-13T18:37:52+00:00","twitter_card":"summary_large_image","twitter_misc":{"Est. reading time":"3 minutes"},"schema":{"@context":"https:\/\/schema.org","@graph":[{"@type":"WebPage","@id":"https:\/\/amina.is\/skilmalar\/","url":"https:\/\/amina.is\/skilmalar\/","name":"Skilm\u00e1lar &#8211; Amina","isPartOf":{"@id":"https:\/\/amina.is\/#website"},"datePublished":"2021-03-13T18:52:57+00:00","dateModified":"2024-01-13T18:37:52+00:00","breadcrumb":{"@id":"https:\/\/amina.is\/skilmalar\/#breadcrumb"},"inLanguage":"en-US","potentialAction":[{"@type":"ReadAction","target":["https:\/\/amina.is\/skilmalar\/"]}]},{"@type":"BreadcrumbList","@id":"https:\/\/amina.is\/skilmalar\/#breadcrumb","itemListElement":[{"@type":"ListItem","position":1,"name":"Home","item":"https:\/\/amina.is\/"},{"@type":"ListItem","position":2,"name":"Skilm\u00e1lar"}]},{"@type":"WebSite","@id":"https:\/\/amina.is\/#website","url":"https:\/\/amina.is\/","name":"Amina","description":"Feeling is everything - Una\u00f0sv\u00f6rur fyrir alla","publisher":{"@id":"https:\/\/amina.is\/#organization"},"potentialAction":[{"@type":"SearchAction","target":{"@type":"EntryPoint","urlTemplate":"https:\/\/amina.is\/?s={search_term_string}"},"query-input":{"@type":"PropertyValueSpecification","valueRequired":true,"valueName":"search_term_string"}}],"inLanguage":"en-US"},{"@type":"Organization","@id":"https:\/\/amina.is\/#organization","name":"Amina","url":"https:\/\/amina.is\/","logo":{"@type":"ImageObject","inLanguage":"en-US","@id":"https:\/\/amina.is\/#\/schema\/logo\/image\/","url":"https:\/\/amina.is\/wp-content\/uploads\/2021\/09\/logo.png","contentUrl":"https:\/\/amina.is\/wp-content\/uploads\/2021\/09\/logo.png","width":1790,"height":464,"caption":"Amina"},"image":{"@id":"https:\/\/amina.is\/#\/schema\/logo\/image\/"},"sameAs":["https:\/\/m.facebook.com\/AMINA-100767148840241\/","https:\/\/www.instagram.com\/aminaverslun\/"]}]}},"_links":{"self":[{"href":"https:\/\/amina.is\/en\/wp-json\/wp\/v2\/pages\/5498","targetHints":{"allow":["GET"]}}],"collection":[{"href":"https:\/\/amina.is\/en\/wp-json\/wp\/v2\/pages"}],"about":[{"href":"https:\/\/amina.is\/en\/wp-json\/wp\/v2\/types\/page"}],"author":[{"embeddable":true,"href":"https:\/\/amina.is\/en\/wp-json\/wp\/v2\/users\/3"}],"replies":[{"embeddable":true,"href":"https:\/\/amina.is\/en\/wp-json\/wp\/v2\/comments?post=5498"}],"version-history":[{"count":100,"href":"https:\/\/amina.is\/en\/wp-json\/wp\/v2\/pages\/5498\/revisions"}],"predecessor-version":[{"id":11790,"href":"https:\/\/amina.is\/en\/wp-json\/wp\/v2\/pages\/5498\/revisions\/11790"}],"wp:attachment":[{"href":"https:\/\/amina.is\/en\/wp-json\/wp\/v2\/media?parent=5498"}],"curies":[{"name":"wp","href":"https:\/\/api.w.org\/{rel}","templated":true}]}}