{"id":3136,"date":"2021-02-16T17:28:43","date_gmt":"2021-02-16T17:28:43","guid":{"rendered":"http:\/\/amina.web14.vefold.is\/?page_id=3136"},"modified":"2022-09-04T16:51:22","modified_gmt":"2022-09-04T16:51:22","slug":"um-okkur","status":"publish","type":"page","link":"https:\/\/amina.is\/en\/um-okkur\/","title":{"rendered":"Um okkur"},"content":{"rendered":"<div data-elementor-type=\"wp-page\" data-elementor-id=\"3136\" class=\"elementor elementor-3136\" data-elementor-post-type=\"page\">\n\t\t\t\t\t\t<section class=\"elementor-section elementor-top-section elementor-element elementor-element-b0c91a1 content-width elementor-section-boxed elementor-section-height-default elementor-section-height-default elementor-invisible\" data-id=\"b0c91a1\" data-element_type=\"section\" data-e-type=\"section\" id=\"backtotop\" data-settings=\"{&quot;animation&quot;:&quot;fadeIn&quot;}\">\n\t\t\t\t\t\t<div class=\"elementor-container elementor-column-gap-default\">\n\t\t\t\t\t<div class=\"elementor-column elementor-col-50 elementor-top-column elementor-element elementor-element-e003f69\" data-id=\"e003f69\" data-element_type=\"column\" data-e-type=\"column\">\n\t\t\t<div class=\"elementor-widget-wrap elementor-element-populated\">\n\t\t\t\t\t\t<div class=\"elementor-element elementor-element-5738e1d elementor-widget elementor-widget-image\" data-id=\"5738e1d\" data-element_type=\"widget\" data-e-type=\"widget\" data-widget_type=\"image.default\">\n\t\t\t\t<div class=\"elementor-widget-container\">\n\t\t\t\t\t\t\t\t\t\t\t\t\t\t\t<img fetchpriority=\"high\" decoding=\"async\" width=\"787\" height=\"1024\" src=\"https:\/\/amina.is\/wp-content\/uploads\/2021\/03\/l12-787x1024.jpg\" class=\"attachment-large size-large wp-image-5180\" alt=\"\" srcset=\"https:\/\/amina.is\/wp-content\/uploads\/2021\/03\/l12-787x1024.jpg 787w, https:\/\/amina.is\/wp-content\/uploads\/2021\/03\/l12-600x781.jpg 600w, https:\/\/amina.is\/wp-content\/uploads\/2021\/03\/l12-230x300.jpg 230w, https:\/\/amina.is\/wp-content\/uploads\/2021\/03\/l12-768x1000.jpg 768w, https:\/\/amina.is\/wp-content\/uploads\/2021\/03\/l12.jpg 1080w\" sizes=\"(max-width: 787px) 100vw, 787px\" \/>\t\t\t\t\t\t\t\t\t\t\t\t\t\t\t<\/div>\n\t\t\t\t<\/div>\n\t\t\t\t\t<\/div>\n\t\t<\/div>\n\t\t\t\t<div class=\"elementor-column elementor-col-50 elementor-top-column elementor-element elementor-element-59f96e1\" data-id=\"59f96e1\" data-element_type=\"column\" data-e-type=\"column\">\n\t\t\t<div class=\"elementor-widget-wrap elementor-element-populated\">\n\t\t\t\t\t\t<div class=\"elementor-element elementor-element-3d1b4d1 elementor-widget elementor-widget-heading\" data-id=\"3d1b4d1\" data-element_type=\"widget\" data-e-type=\"widget\" data-widget_type=\"heading.default\">\n\t\t\t\t<div class=\"elementor-widget-container\">\n\t\t\t\t\t<h2 class=\"elementor-heading-title elementor-size-default\"><br>velkomin til aminu<\/h2>\t\t\t\t<\/div>\n\t\t\t\t<\/div>\n\t\t\t\t<div class=\"elementor-element elementor-element-2aa34c5 elementor-widget elementor-widget-text-editor\" data-id=\"2aa34c5\" data-element_type=\"widget\" data-e-type=\"widget\" data-widget_type=\"text-editor.default\">\n\t\t\t\t<div class=\"elementor-widget-container\">\n\t\t\t\t\t\t\t\t\t<p>Hugmyndin a\u00f0 Aminu kvikna\u00f0i fyrst fyrir r\u00famum fimmt\u00e1n \u00e1rum s\u00ed\u00f0an og hefur fr\u00e1 upphafi veri\u00f0 \u00e6tlunin a\u00f0 opna kynl\u00edfst\u00e6kjaverslun sem h\u00f6f\u00f0ar meira til hinsegin f\u00f3lks en a\u00f0rar verslanir \u00ed sama geira.<\/p><p>Me\u00f0 t\u00edmanum hefur verkefni\u00f0 \u00fer\u00f3ast og er Amina or\u00f0in \u00ed huga okkar a\u00f0 svo miklu meira en bara verslun, \u00ed raun er verslunin ekki lengur a\u00f0alatri\u00f0i\u00f0 heldur er \u00fea\u00f0 upplifunin<\/p><p>Vi\u00f0 viljum veita \u00fe\u00e9r g\u00f3\u00f0a en pers\u00f3nulega \u00fej\u00f3nustu og erum alltaf til \u00ed a\u00f0 lei\u00f0beina \u00fe\u00e9r me\u00f0 notkun \u00e1 t\u00e6kjum, gefa \u00fe\u00e9r hugmyndir e\u00f0a annan fr\u00f3\u00f0leik s\u00e9 \u00feess \u00f3ska\u00f0.<\/p><p>Amina mun vera \u00ed st\u00f6\u00f0ugri \u00fer\u00f3un n\u00e6stu \u00e1rin og eigum vi\u00f0 enn langt \u00ed land a\u00f0 lokas\u00fdninni en \u00fea\u00f0 er okkar heitasta \u00f3sk a\u00f0 \u00fe\u00fa munir fylgja okkur \u00ed \u00feessari vegfer\u00f0 sem vi\u00f0 erum a\u00f0 hefja og hj\u00e1lpa okkur a\u00f0 gera Aminu betri og betri me\u00f0 hverju \u00e1rinu sem l\u00ed\u00f0ur.<\/p><p>\u00a0<\/p>\t\t\t\t\t\t\t\t<\/div>\n\t\t\t\t<\/div>\n\t\t\t\t\t<\/div>\n\t\t<\/div>\n\t\t\t\t\t<\/div>\n\t\t<\/section>\n\t\t\t\t<section class=\"elementor-section elementor-top-section elementor-element elementor-element-5de4cc1 elementor-section-boxed elementor-section-height-default elementor-section-height-default\" data-id=\"5de4cc1\" data-element_type=\"section\" data-e-type=\"section\">\n\t\t\t\t\t\t<div class=\"elementor-container elementor-column-gap-default\">\n\t\t\t\t\t<div class=\"elementor-column elementor-col-100 elementor-top-column elementor-element elementor-element-46f2585\" data-id=\"46f2585\" data-element_type=\"column\" data-e-type=\"column\">\n\t\t\t<div class=\"elementor-widget-wrap elementor-element-populated\">\n\t\t\t\t\t\t<div class=\"elementor-element elementor-element-f7b8b4f elementor-widget elementor-widget-heading\" data-id=\"f7b8b4f\" data-element_type=\"widget\" data-e-type=\"widget\" data-widget_type=\"heading.default\">\n\t\t\t\t<div class=\"elementor-widget-container\">\n\t\t\t\t\t<h2 class=\"elementor-heading-title elementor-size-default\"><br><br>Amina heitir \u00fe\u00e9r 100% tr\u00fana\u00f0i<\/h2>\t\t\t\t<\/div>\n\t\t\t\t<\/div>\n\t\t\t\t\t<\/div>\n\t\t<\/div>\n\t\t\t\t\t<\/div>\n\t\t<\/section>\n\t\t\t\t<\/div>","protected":false},"excerpt":{"rendered":"<p>velkomin til aminu Hugmyndin a\u00f0 Aminu kvikna\u00f0i fyrst fyrir r\u00famum fimmt\u00e1n \u00e1rum s\u00ed\u00f0an og hefur fr\u00e1 upphafi veri\u00f0 \u00e6tlunin a\u00f0 opna kynl\u00edfst\u00e6kjaverslun sem h\u00f6f\u00f0ar meira til hinsegin f\u00f3lks en a\u00f0rar verslanir \u00ed sama geira. Me\u00f0 t\u00edmanum hefur verkefni\u00f0 \u00fer\u00f3ast og er Amina or\u00f0in \u00ed huga okkar a\u00f0 svo miklu meira en bara verslun, \u00ed raun [&hellip;]<\/p>\n","protected":false},"author":3,"featured_media":0,"parent":0,"menu_order":0,"comment_status":"closed","ping_status":"closed","template":"","meta":{"inline_featured_image":false,"footnotes":""},"class_list":["post-3136","page","type-page","status-publish","hentry"],"yoast_head":"<!-- This site is optimized with the Yoast SEO Premium plugin v21.6 (Yoast SEO v27.4) - https:\/\/yoast.com\/product\/yoast-seo-premium-wordpress\/ -->\n<title>Um okkur &#8211; Amina<\/title>\n<meta name=\"robots\" content=\"index, follow, max-snippet:-1, max-image-preview:large, max-video-preview:-1\" \/>\n<link rel=\"canonical\" href=\"https:\/\/amina.is\/en\/um-okkur\/\" \/>\n<meta property=\"og:locale\" content=\"en_US\" \/>\n<meta property=\"og:type\" content=\"article\" \/>\n<meta property=\"og:title\" content=\"Um okkur\" \/>\n<meta property=\"og:description\" content=\"velkomin til aminu Hugmyndin a\u00f0 Aminu kvikna\u00f0i fyrst fyrir r\u00famum fimmt\u00e1n \u00e1rum s\u00ed\u00f0an og hefur fr\u00e1 upphafi veri\u00f0 \u00e6tlunin a\u00f0 opna kynl\u00edfst\u00e6kjaverslun sem h\u00f6f\u00f0ar meira til hinsegin f\u00f3lks en a\u00f0rar verslanir \u00ed sama geira. Me\u00f0 t\u00edmanum hefur verkefni\u00f0 \u00fer\u00f3ast og er Amina or\u00f0in \u00ed huga okkar a\u00f0 svo miklu meira en bara verslun, \u00ed raun [&hellip;]\" \/>\n<meta property=\"og:url\" content=\"https:\/\/amina.is\/en\/um-okkur\/\" \/>\n<meta property=\"og:site_name\" content=\"Amina\" \/>\n<meta property=\"article:publisher\" content=\"https:\/\/m.facebook.com\/AMINA-100767148840241\/\" \/>\n<meta property=\"article:modified_time\" content=\"2022-09-04T16:51:22+00:00\" \/>\n<meta property=\"og:image\" content=\"https:\/\/amina.is\/wp-content\/uploads\/2021\/03\/l12-787x1024.jpg\" \/>\n<meta name=\"twitter:card\" content=\"summary_large_image\" \/>\n<meta name=\"twitter:label1\" content=\"Est. reading time\" \/>\n\t<meta name=\"twitter:data1\" content=\"2 minutes\" \/>\n<script type=\"application\/ld+json\" class=\"yoast-schema-graph\">{\"@context\":\"https:\\\/\\\/schema.org\",\"@graph\":[{\"@type\":\"WebPage\",\"@id\":\"https:\\\/\\\/amina.is\\\/um-okkur\\\/\",\"url\":\"https:\\\/\\\/amina.is\\\/um-okkur\\\/\",\"name\":\"Um okkur &#8211; Amina\",\"isPartOf\":{\"@id\":\"https:\\\/\\\/amina.is\\\/#website\"},\"primaryImageOfPage\":{\"@id\":\"https:\\\/\\\/amina.is\\\/um-okkur\\\/#primaryimage\"},\"image\":{\"@id\":\"https:\\\/\\\/amina.is\\\/um-okkur\\\/#primaryimage\"},\"thumbnailUrl\":\"https:\\\/\\\/amina.is\\\/wp-content\\\/uploads\\\/2021\\\/03\\\/l12-787x1024.jpg\",\"datePublished\":\"2021-02-16T17:28:43+00:00\",\"dateModified\":\"2022-09-04T16:51:22+00:00\",\"breadcrumb\":{\"@id\":\"https:\\\/\\\/amina.is\\\/um-okkur\\\/#breadcrumb\"},\"inLanguage\":\"en-US\",\"potentialAction\":[{\"@type\":\"ReadAction\",\"target\":[\"https:\\\/\\\/amina.is\\\/um-okkur\\\/\"]}]},{\"@type\":\"ImageObject\",\"inLanguage\":\"en-US\",\"@id\":\"https:\\\/\\\/amina.is\\\/um-okkur\\\/#primaryimage\",\"url\":\"https:\\\/\\\/amina.is\\\/wp-content\\\/uploads\\\/2021\\\/03\\\/l12-787x1024.jpg\",\"contentUrl\":\"https:\\\/\\\/amina.is\\\/wp-content\\\/uploads\\\/2021\\\/03\\\/l12-787x1024.jpg\"},{\"@type\":\"BreadcrumbList\",\"@id\":\"https:\\\/\\\/amina.is\\\/um-okkur\\\/#breadcrumb\",\"itemListElement\":[{\"@type\":\"ListItem\",\"position\":1,\"name\":\"Home\",\"item\":\"https:\\\/\\\/amina.is\\\/\"},{\"@type\":\"ListItem\",\"position\":2,\"name\":\"Um okkur\"}]},{\"@type\":\"WebSite\",\"@id\":\"https:\\\/\\\/amina.is\\\/#website\",\"url\":\"https:\\\/\\\/amina.is\\\/\",\"name\":\"Amina\",\"description\":\"Feeling is everything - Una\u00f0sv\u00f6rur fyrir alla\",\"publisher\":{\"@id\":\"https:\\\/\\\/amina.is\\\/#organization\"},\"potentialAction\":[{\"@type\":\"SearchAction\",\"target\":{\"@type\":\"EntryPoint\",\"urlTemplate\":\"https:\\\/\\\/amina.is\\\/?s={search_term_string}\"},\"query-input\":{\"@type\":\"PropertyValueSpecification\",\"valueRequired\":true,\"valueName\":\"search_term_string\"}}],\"inLanguage\":\"en-US\"},{\"@type\":\"Organization\",\"@id\":\"https:\\\/\\\/amina.is\\\/#organization\",\"name\":\"Amina\",\"url\":\"https:\\\/\\\/amina.is\\\/\",\"logo\":{\"@type\":\"ImageObject\",\"inLanguage\":\"en-US\",\"@id\":\"https:\\\/\\\/amina.is\\\/#\\\/schema\\\/logo\\\/image\\\/\",\"url\":\"https:\\\/\\\/amina.is\\\/wp-content\\\/uploads\\\/2021\\\/09\\\/logo.png\",\"contentUrl\":\"https:\\\/\\\/amina.is\\\/wp-content\\\/uploads\\\/2021\\\/09\\\/logo.png\",\"width\":1790,\"height\":464,\"caption\":\"Amina\"},\"image\":{\"@id\":\"https:\\\/\\\/amina.is\\\/#\\\/schema\\\/logo\\\/image\\\/\"},\"sameAs\":[\"https:\\\/\\\/m.facebook.com\\\/AMINA-100767148840241\\\/\",\"https:\\\/\\\/www.instagram.com\\\/aminaverslun\\\/\"]}]}<\/script>\n<!-- \/ Yoast SEO Premium plugin. -->","yoast_head_json":{"title":"Um okkur &#8211; Amina","robots":{"index":"index","follow":"follow","max-snippet":"max-snippet:-1","max-image-preview":"max-image-preview:large","max-video-preview":"max-video-preview:-1"},"canonical":"https:\/\/amina.is\/en\/um-okkur\/","og_locale":"en_US","og_type":"article","og_title":"Um okkur","og_description":"velkomin til aminu Hugmyndin a\u00f0 Aminu kvikna\u00f0i fyrst fyrir r\u00famum fimmt\u00e1n \u00e1rum s\u00ed\u00f0an og hefur fr\u00e1 upphafi veri\u00f0 \u00e6tlunin a\u00f0 opna kynl\u00edfst\u00e6kjaverslun sem h\u00f6f\u00f0ar meira til hinsegin f\u00f3lks en a\u00f0rar verslanir \u00ed sama geira. Me\u00f0 t\u00edmanum hefur verkefni\u00f0 \u00fer\u00f3ast og er Amina or\u00f0in \u00ed huga okkar a\u00f0 svo miklu meira en bara verslun, \u00ed raun [&hellip;]","og_url":"https:\/\/amina.is\/en\/um-okkur\/","og_site_name":"Amina","article_publisher":"https:\/\/m.facebook.com\/AMINA-100767148840241\/","article_modified_time":"2022-09-04T16:51:22+00:00","og_image":[{"url":"https:\/\/amina.is\/wp-content\/uploads\/2021\/03\/l12-787x1024.jpg","type":"","width":"","height":""}],"twitter_card":"summary_large_image","twitter_misc":{"Est. reading time":"2 minutes"},"schema":{"@context":"https:\/\/schema.org","@graph":[{"@type":"WebPage","@id":"https:\/\/amina.is\/um-okkur\/","url":"https:\/\/amina.is\/um-okkur\/","name":"Um okkur &#8211; Amina","isPartOf":{"@id":"https:\/\/amina.is\/#website"},"primaryImageOfPage":{"@id":"https:\/\/amina.is\/um-okkur\/#primaryimage"},"image":{"@id":"https:\/\/amina.is\/um-okkur\/#primaryimage"},"thumbnailUrl":"https:\/\/amina.is\/wp-content\/uploads\/2021\/03\/l12-787x1024.jpg","datePublished":"2021-02-16T17:28:43+00:00","dateModified":"2022-09-04T16:51:22+00:00","breadcrumb":{"@id":"https:\/\/amina.is\/um-okkur\/#breadcrumb"},"inLanguage":"en-US","potentialAction":[{"@type":"ReadAction","target":["https:\/\/amina.is\/um-okkur\/"]}]},{"@type":"ImageObject","inLanguage":"en-US","@id":"https:\/\/amina.is\/um-okkur\/#primaryimage","url":"https:\/\/amina.is\/wp-content\/uploads\/2021\/03\/l12-787x1024.jpg","contentUrl":"https:\/\/amina.is\/wp-content\/uploads\/2021\/03\/l12-787x1024.jpg"},{"@type":"BreadcrumbList","@id":"https:\/\/amina.is\/um-okkur\/#breadcrumb","itemListElement":[{"@type":"ListItem","position":1,"name":"Home","item":"https:\/\/amina.is\/"},{"@type":"ListItem","position":2,"name":"Um okkur"}]},{"@type":"WebSite","@id":"https:\/\/amina.is\/#website","url":"https:\/\/amina.is\/","name":"Amina","description":"Feeling is everything - Una\u00f0sv\u00f6rur fyrir alla","publisher":{"@id":"https:\/\/amina.is\/#organization"},"potentialAction":[{"@type":"SearchAction","target":{"@type":"EntryPoint","urlTemplate":"https:\/\/amina.is\/?s={search_term_string}"},"query-input":{"@type":"PropertyValueSpecification","valueRequired":true,"valueName":"search_term_string"}}],"inLanguage":"en-US"},{"@type":"Organization","@id":"https:\/\/amina.is\/#organization","name":"Amina","url":"https:\/\/amina.is\/","logo":{"@type":"ImageObject","inLanguage":"en-US","@id":"https:\/\/amina.is\/#\/schema\/logo\/image\/","url":"https:\/\/amina.is\/wp-content\/uploads\/2021\/09\/logo.png","contentUrl":"https:\/\/amina.is\/wp-content\/uploads\/2021\/09\/logo.png","width":1790,"height":464,"caption":"Amina"},"image":{"@id":"https:\/\/amina.is\/#\/schema\/logo\/image\/"},"sameAs":["https:\/\/m.facebook.com\/AMINA-100767148840241\/","https:\/\/www.instagram.com\/aminaverslun\/"]}]}},"_links":{"self":[{"href":"https:\/\/amina.is\/en\/wp-json\/wp\/v2\/pages\/3136","targetHints":{"allow":["GET"]}}],"collection":[{"href":"https:\/\/amina.is\/en\/wp-json\/wp\/v2\/pages"}],"about":[{"href":"https:\/\/amina.is\/en\/wp-json\/wp\/v2\/types\/page"}],"author":[{"embeddable":true,"href":"https:\/\/amina.is\/en\/wp-json\/wp\/v2\/users\/3"}],"replies":[{"embeddable":true,"href":"https:\/\/amina.is\/en\/wp-json\/wp\/v2\/comments?post=3136"}],"version-history":[{"count":563,"href":"https:\/\/amina.is\/en\/wp-json\/wp\/v2\/pages\/3136\/revisions"}],"predecessor-version":[{"id":10591,"href":"https:\/\/amina.is\/en\/wp-json\/wp\/v2\/pages\/3136\/revisions\/10591"}],"wp:attachment":[{"href":"https:\/\/amina.is\/en\/wp-json\/wp\/v2\/media?parent=3136"}],"curies":[{"name":"wp","href":"https:\/\/api.w.org\/{rel}","templated":true}]}}